{"id":13011,"date":"2022-04-14T08:14:15","date_gmt":"2022-04-14T08:14:15","guid":{"rendered":"https:\/\/oliviagreencamping.com\/glamping\/"},"modified":"2025-01-27T13:06:09","modified_gmt":"2025-01-27T13:06:09","slug":"glamping","status":"publish","type":"page","link":"https:\/\/oliviagreencamping.com\/de\/glamping\/","title":{"rendered":"Glamping Lodge"},"content":{"rendered":"<section class=\"wpb-content-wrapper\"><p>[vc_row css=&#8221;.vc_custom_1675359691342{padding-top: 50px !important;}&#8221;][vc_column width=&#8221;2\/3&#8243;][vc_gallery type=&#8221;flexslider_slide&#8221; interval=&#8221;10&#8243; images=&#8221;13192,13227,13232,13207,13222,13187,13197,13212,13237,13242&#8243; img_size=&#8221;full&#8221;][\/vc_column][vc_column width=&#8221;1\/3&#8243;][vc_column_text css=&#8221;.vc_custom_1675359756850{border-radius: 3px !important;}&#8221;]<span style=\"font-size: 18px;\"><img decoding=\"async\" class=\"alignnone\" src=\"https:\/\/s.w.org\/images\/core\/emoji\/13.1.0\/svg\/2600.svg\" alt=\"\u2600\" width=\"14\" height=\"14\" \/><span style=\"font-size: 21px;\"> <span style=\"color: #333333;\"><strong>Entdecken<\/strong><\/span> Sie unsere neuen <span style=\"color: #333333;\"><strong>Glamping Lodge <\/strong><\/span>\u00a0Einheiten<\/span><\/span><br \/>\n<span style=\"font-size: 21px;\"> zwischen Olivenb\u00e4umen platziert! <\/span>[\/vc_column_text][vc_column_text css=&#8221;.vc_custom_1654672348738{margin-bottom: 20px !important;}&#8221;]<\/p>\n<h5><\/h5>\n<h5 class=\"section__title section__title--color-mantis section__title--size-m\">Reservierungen &amp; Info<\/h5>\n<p>[\/vc_column_text][vc_column_text]<a href=\"tel:++385916056652\">+385 91 605 6652<\/a><\/p>\n<p><a href=\"mailto:contact@oliviagreencamping.com\">contact@oliviagreencamping.com<\/a>[\/vc_column_text][\/vc_column][\/vc_row][vc_row][vc_column][vc_column_text]<span style=\"font-weight: 400;\">Das ist wahres Glamping! Sie werden den Komfort von zu Hause erkennen und gleichzeitig den Spa\u00df am Camping erleben. Im Olivengarten gelegen, bieten die gro\u00dfen Fenster und die Terrasse einen sch\u00f6nen Blick auf die friedliche Umgebung. <\/span><\/p>\n<p><span style=\"font-weight: 400;\">Die Lodge ist ideal f\u00fcr Familien mit 4 Personen und verf\u00fcgt \u00fcber 2 Schlafzimmer, 1 Badezimmer, ein Wohnzimmer und eine separate K\u00fcchenzeile. Die Terrasse ist komplett mit Gartenm\u00f6beln ausgestattet, darunter Terrassenst\u00fchle, Tisch und Sonnenliegen. <\/span><\/p>\n<p><span style=\"font-weight: 400;\">Der Aufenthalt in unserer Glamping-Lodge bietet Ihnen die M\u00f6glichkeit, mit der Natur zu kommunizieren und gleichzeitig puren Luxus zu genie\u00dfen.<\/span>[\/vc_column_text][vc_column_text css=&#8221;.vc_custom_1583320617710{margin-top: 50px !important;}&#8221;]<\/p>\n<h5>Einzelheiten zur Unterkunft<\/h5>\n<p>[\/vc_column_text][vc_column_text css=&#8221;.vc_custom_1666691620963{margin-bottom: 50px !important;}&#8221;]<\/p>\n<ul>\n<li><span style=\"font-weight: 400;\">Fl\u00e4che 38m\u00b2 (28m\u00b2 Innenraum + 10m\u00b2 Terrasse)<\/span><\/li>\n<li style=\"font-weight: 400;\" aria-level=\"1\"><span style=\"font-weight: 400;\">Kapazit\u00e4t: 4\u00a0<\/span><\/li>\n<li style=\"font-weight: 400;\" aria-level=\"1\"><span style=\"font-weight: 400;\">halb \u00fcberdachte Terrasse 10 m\u00b2 mit Tisch, St\u00fchlen und Liegest\u00fchlen<\/span><\/li>\n<li style=\"font-weight: 400;\" aria-level=\"1\"><span style=\"font-weight: 400;\">voll ausgestattete K\u00fcchenzeile mit Kochfeld (Gas), Geschirr, Tassen, Gl\u00e4sern und Wasserkocher<\/span><\/li>\n<li style=\"font-weight: 400;\" aria-level=\"1\"><span style=\"font-weight: 400;\">K\u00fchlschrank mit Gefrierfach <\/span><\/li>\n<li style=\"font-weight: 400;\" aria-level=\"1\"><span style=\"font-weight: 400;\">Pod-Kaffeemaschine<\/span><\/li>\n<li style=\"font-weight: 400;\" aria-level=\"1\"><span style=\"font-weight: 400;\">Wasserspender f\u00fcr kaltes und hei\u00dfes Wasser<\/span><\/li>\n<li style=\"font-weight: 400;\" aria-level=\"1\"><span style=\"font-weight: 400;\">Klimaanlage<\/span><\/li>\n<li style=\"font-weight: 400;\" aria-level=\"1\"><span style=\"font-weight: 400;\">Bettw\u00e4sche und Handt\u00fccher sind im Preis inbegriffen<\/span><\/li>\n<li style=\"font-weight: 400;\" aria-level=\"1\"><span style=\"font-weight: 400;\">gratis Wifi<\/span><\/li>\n<li style=\"font-weight: 400;\" aria-level=\"1\"><span style=\"font-weight: 400;\">kostenlose Parkpl\u00e4tze<\/span><\/li>\n<li style=\"font-weight: 400;\" aria-level=\"1\"><span style=\"font-weight: 400;\">Haustiere sind erlaubt<\/span><\/li>\n<\/ul>\n<p>[\/vc_column_text][vc_video link=&#8221;https:\/\/www.youtube.com\/watch?v=vmCQ1xjJtQw&#8221;][\/vc_column][\/vc_row]<\/p>\n<\/section>","protected":false},"excerpt":{"rendered":"<p>[vc_row css=&#8221;.vc_custom_1675359691342{padding-top: 50px !important;}&#8221;][vc_column width=&#8221;2\/3&#8243;][vc_gallery type=&#8221;flexslider_slide&#8221; interval=&#8221;10&#8243; images=&#8221;13192,13227,13232,13207,13222,13187,13197,13212,13237,13242&#8243; img_size=&#8221;full&#8221;][\/vc_column][vc_column width=&#8221;1\/3&#8243;][vc_column_text css=&#8221;.vc_custom_1675359756850{border-radius: 3px !important;}&#8221;] Entdecken Sie&#8230;<\/p>\n","protected":false},"author":3,"featured_media":0,"parent":0,"menu_order":0,"comment_status":"closed","ping_status":"closed","template":"","meta":[],"yoast_head":"<!-- This site is optimized with the Yoast SEO plugin v20.3 - https:\/\/yoast.com\/wordpress\/plugins\/seo\/ -->\n<title>Glamping Lodge &ndash; Olivia Green Camping<\/title>\n<meta name=\"description\" content=\"Olivia Green Camping Resort, Tisno, Dalmatia - Eco-friendly accommodation, mobile villas\" \/>\n<meta name=\"robots\" content=\"index, follow, max-snippet:-1, max-image-preview:large, max-video-preview:-1\" \/>\n<link rel=\"canonical\" href=\"https:\/\/oliviagreencamping.com\/de\/glamping\/\" \/>\n<meta property=\"og:locale\" content=\"de_DE\" \/>\n<meta property=\"og:type\" content=\"article\" \/>\n<meta property=\"og:title\" content=\"Glamping Lodge &ndash; Olivia Green Camping\" \/>\n<meta property=\"og:description\" content=\"Olivia Green Camping Resort, Tisno, Dalmatia - Eco-friendly accommodation, mobile villas\" \/>\n<meta property=\"og:url\" content=\"https:\/\/oliviagreencamping.com\/de\/glamping\/\" \/>\n<meta property=\"og:site_name\" content=\"Olivia Green Camping\" \/>\n<meta property=\"article:publisher\" content=\"https:\/\/www.facebook.com\/OliviaGreenCamping\/\" \/>\n<meta property=\"article:modified_time\" content=\"2025-01-27T13:06:09+00:00\" \/>\n<meta property=\"og:image\" content=\"https:\/\/s.w.org\/images\/core\/emoji\/13.1.0\/svg\/2600.svg\" \/>\n<meta name=\"twitter:card\" content=\"summary_large_image\" \/>\n<meta name=\"twitter:label1\" content=\"Gesch\u00e4tzte Lesezeit\" \/>\n\t<meta name=\"twitter:data1\" content=\"2\u00a0Minuten\" \/>\n<script type=\"application\/ld+json\" class=\"yoast-schema-graph\">{\"@context\":\"https:\/\/schema.org\",\"@graph\":[{\"@type\":\"WebPage\",\"@id\":\"https:\/\/oliviagreencamping.com\/de\/glamping\/\",\"url\":\"https:\/\/oliviagreencamping.com\/de\/glamping\/\",\"name\":\"Glamping Lodge &ndash; Olivia Green Camping\",\"isPartOf\":{\"@id\":\"https:\/\/oliviagreencamping.com\/de\/#website\"},\"datePublished\":\"2022-04-14T08:14:15+00:00\",\"dateModified\":\"2025-01-27T13:06:09+00:00\",\"description\":\"Olivia Green Camping Resort, Tisno, Dalmatia - Eco-friendly accommodation, mobile villas\",\"breadcrumb\":{\"@id\":\"https:\/\/oliviagreencamping.com\/de\/glamping\/#breadcrumb\"},\"inLanguage\":\"de\",\"potentialAction\":[{\"@type\":\"ReadAction\",\"target\":[\"https:\/\/oliviagreencamping.com\/de\/glamping\/\"]}]},{\"@type\":\"BreadcrumbList\",\"@id\":\"https:\/\/oliviagreencamping.com\/de\/glamping\/#breadcrumb\",\"itemListElement\":[{\"@type\":\"ListItem\",\"position\":1,\"name\":\"Home\",\"item\":\"https:\/\/oliviagreencamping.com\/de\/\"},{\"@type\":\"ListItem\",\"position\":2,\"name\":\"Glamping Lodge\"}]},{\"@type\":\"WebSite\",\"@id\":\"https:\/\/oliviagreencamping.com\/de\/#website\",\"url\":\"https:\/\/oliviagreencamping.com\/de\/\",\"name\":\"Olivia Green Camping\",\"description\":\"Luxury Camping in Croatia\",\"publisher\":{\"@id\":\"https:\/\/oliviagreencamping.com\/de\/#organization\"},\"potentialAction\":[{\"@type\":\"SearchAction\",\"target\":{\"@type\":\"EntryPoint\",\"urlTemplate\":\"https:\/\/oliviagreencamping.com\/de\/?s={search_term_string}\"},\"query-input\":\"required name=search_term_string\"}],\"inLanguage\":\"de\"},{\"@type\":\"Organization\",\"@id\":\"https:\/\/oliviagreencamping.com\/de\/#organization\",\"name\":\"Zelena Luka d.o.o.\",\"url\":\"https:\/\/oliviagreencamping.com\/de\/\",\"logo\":{\"@type\":\"ImageObject\",\"inLanguage\":\"de\",\"@id\":\"https:\/\/oliviagreencamping.com\/de\/#\/schema\/logo\/image\/\",\"url\":\"https:\/\/oliviagreencamping.com\/wp-content\/uploads\/2019\/08\/olivia_logo-07.png\",\"contentUrl\":\"https:\/\/oliviagreencamping.com\/wp-content\/uploads\/2019\/08\/olivia_logo-07.png\",\"width\":1318,\"height\":1125,\"caption\":\"Zelena Luka d.o.o.\"},\"image\":{\"@id\":\"https:\/\/oliviagreencamping.com\/de\/#\/schema\/logo\/image\/\"},\"sameAs\":[\"https:\/\/www.facebook.com\/OliviaGreenCamping\/\",\"https:\/\/www.instagram.com\/oliviagreencamping\/\"]}]}<\/script>\n<!-- \/ Yoast SEO plugin. -->","yoast_head_json":{"title":"Glamping Lodge &ndash; Olivia Green Camping","description":"Olivia Green Camping Resort, Tisno, Dalmatia - Eco-friendly accommodation, mobile villas","robots":{"index":"index","follow":"follow","max-snippet":"max-snippet:-1","max-image-preview":"max-image-preview:large","max-video-preview":"max-video-preview:-1"},"canonical":"https:\/\/oliviagreencamping.com\/de\/glamping\/","og_locale":"de_DE","og_type":"article","og_title":"Glamping Lodge &ndash; Olivia Green Camping","og_description":"Olivia Green Camping Resort, Tisno, Dalmatia - Eco-friendly accommodation, mobile villas","og_url":"https:\/\/oliviagreencamping.com\/de\/glamping\/","og_site_name":"Olivia Green Camping","article_publisher":"https:\/\/www.facebook.com\/OliviaGreenCamping\/","article_modified_time":"2025-01-27T13:06:09+00:00","og_image":[{"url":"https:\/\/s.w.org\/images\/core\/emoji\/13.1.0\/svg\/2600.svg"}],"twitter_card":"summary_large_image","twitter_misc":{"Gesch\u00e4tzte Lesezeit":"2\u00a0Minuten"},"schema":{"@context":"https:\/\/schema.org","@graph":[{"@type":"WebPage","@id":"https:\/\/oliviagreencamping.com\/de\/glamping\/","url":"https:\/\/oliviagreencamping.com\/de\/glamping\/","name":"Glamping Lodge &ndash; Olivia Green Camping","isPartOf":{"@id":"https:\/\/oliviagreencamping.com\/de\/#website"},"datePublished":"2022-04-14T08:14:15+00:00","dateModified":"2025-01-27T13:06:09+00:00","description":"Olivia Green Camping Resort, Tisno, Dalmatia - Eco-friendly accommodation, mobile villas","breadcrumb":{"@id":"https:\/\/oliviagreencamping.com\/de\/glamping\/#breadcrumb"},"inLanguage":"de","potentialAction":[{"@type":"ReadAction","target":["https:\/\/oliviagreencamping.com\/de\/glamping\/"]}]},{"@type":"BreadcrumbList","@id":"https:\/\/oliviagreencamping.com\/de\/glamping\/#breadcrumb","itemListElement":[{"@type":"ListItem","position":1,"name":"Home","item":"https:\/\/oliviagreencamping.com\/de\/"},{"@type":"ListItem","position":2,"name":"Glamping Lodge"}]},{"@type":"WebSite","@id":"https:\/\/oliviagreencamping.com\/de\/#website","url":"https:\/\/oliviagreencamping.com\/de\/","name":"Olivia Green Camping","description":"Luxury Camping in Croatia","publisher":{"@id":"https:\/\/oliviagreencamping.com\/de\/#organization"},"potentialAction":[{"@type":"SearchAction","target":{"@type":"EntryPoint","urlTemplate":"https:\/\/oliviagreencamping.com\/de\/?s={search_term_string}"},"query-input":"required name=search_term_string"}],"inLanguage":"de"},{"@type":"Organization","@id":"https:\/\/oliviagreencamping.com\/de\/#organization","name":"Zelena Luka d.o.o.","url":"https:\/\/oliviagreencamping.com\/de\/","logo":{"@type":"ImageObject","inLanguage":"de","@id":"https:\/\/oliviagreencamping.com\/de\/#\/schema\/logo\/image\/","url":"https:\/\/oliviagreencamping.com\/wp-content\/uploads\/2019\/08\/olivia_logo-07.png","contentUrl":"https:\/\/oliviagreencamping.com\/wp-content\/uploads\/2019\/08\/olivia_logo-07.png","width":1318,"height":1125,"caption":"Zelena Luka d.o.o."},"image":{"@id":"https:\/\/oliviagreencamping.com\/de\/#\/schema\/logo\/image\/"},"sameAs":["https:\/\/www.facebook.com\/OliviaGreenCamping\/","https:\/\/www.instagram.com\/oliviagreencamping\/"]}]}},"_links":{"self":[{"href":"https:\/\/oliviagreencamping.com\/de\/wp-json\/wp\/v2\/pages\/13011"}],"collection":[{"href":"https:\/\/oliviagreencamping.com\/de\/wp-json\/wp\/v2\/pages"}],"about":[{"href":"https:\/\/oliviagreencamping.com\/de\/wp-json\/wp\/v2\/types\/page"}],"author":[{"embeddable":true,"href":"https:\/\/oliviagreencamping.com\/de\/wp-json\/wp\/v2\/users\/3"}],"replies":[{"embeddable":true,"href":"https:\/\/oliviagreencamping.com\/de\/wp-json\/wp\/v2\/comments?post=13011"}],"version-history":[{"count":2,"href":"https:\/\/oliviagreencamping.com\/de\/wp-json\/wp\/v2\/pages\/13011\/revisions"}],"predecessor-version":[{"id":18466,"href":"https:\/\/oliviagreencamping.com\/de\/wp-json\/wp\/v2\/pages\/13011\/revisions\/18466"}],"wp:attachment":[{"href":"https:\/\/oliviagreencamping.com\/de\/wp-json\/wp\/v2\/media?parent=13011"}],"curies":[{"name":"wp","href":"https:\/\/api.w.org\/{rel}","templated":true}]}}