{"id":6840,"date":"2021-05-03T09:01:11","date_gmt":"2021-05-03T09:01:11","guid":{"rendered":"https:\/\/oliviagreencamping.com\/stellplaetze\/"},"modified":"2024-07-09T15:29:13","modified_gmt":"2024-07-09T15:29:13","slug":"stellplaetze","status":"publish","type":"page","link":"https:\/\/oliviagreencamping.com\/de\/stellplaetze\/","title":{"rendered":"Stellpl\u00e4tze"},"content":{"rendered":"<section class=\"wpb-content-wrapper\"><p>[vc_row gap=&#8221;10&#8243; equal_height=&#8221;yes&#8221; content_placement=&#8221;top&#8221; css=&#8221;.vc_custom_1565725684379{padding-top: 75px !important;padding-bottom: 100px !important;background-color: #f2efea !important;}&#8221;][vc_column][vc_row_inner css=&#8221;.vc_custom_1618222301638{margin-top: 50px !important;margin-bottom: 50px !important;}&#8221;][vc_column_inner width=&#8221;1\/2&#8243;]<div id=\"ld_content_box_69eb9bf34f07c\" class=\"fancy-box text-center scheme-light fancy-box-overlay fancy-box-overlay-alt ld_content_box_69eb9bf34f07c\">\n\t\n\t<div class=\"cb-img-container\">\n\t\t<figure class=\"fancy-box-image border-radius-3\" data-responsive-bg=\"true\" data-liquid-blur=\"true\" data-blur-options='{\"imgSrc\":\"backgroundImage\",\"radius\":8,\"blurHandlerOn\":\"static\"}'><img width=\"1500\" height=\"750\" src=\"data:image\/svg+xml;charset=utf-8,&lt;svg xmlns%3D&#039;http%3A%2F%2Fwww.w3.org%2F2000%2Fsvg&#039; viewBox%3D&#039;0 0 1500 750&#039;%2F&gt;\" class=\"invisible ld-lazyload\" alt=\"Campingzone A\" decoding=\"async\" srcset=\"\" sizes=\"(max-width: 1500px) 100vw, 1500px\" data-src=\"https:\/\/oliviagreencamping.com\/wp-content\/uploads\/2021\/04\/A-ZONE-glavna-fotka.jpg\" data-srcset=\"https:\/\/oliviagreencamping.com\/wp-content\/uploads\/2021\/04\/A-ZONE-glavna-fotka.jpg 1500w, https:\/\/oliviagreencamping.com\/wp-content\/uploads\/2021\/04\/A-ZONE-glavna-fotka-300x150.jpg 300w, https:\/\/oliviagreencamping.com\/wp-content\/uploads\/2021\/04\/A-ZONE-glavna-fotka-1024x512.jpg 1024w\" data-aspect=\"2\" \/><\/figure>\t<\/div><!-- \/.cb-img-container -->\n\n\t<span class=\"cb-overlay\"><\/span><!-- \/.cb-overlay -->\n\n\t<div class=\"fancy-box-contents justify-content-center\">\n\t\t\n\t\t<div class=\"fancy-box-header\">\n\n\t\t\t<h3 class=\"text-uppercase ltr-sp-05 font-weight-bold mb-3\">Campingzone A<\/h3>\t\t\t\n\t\t<\/div><!-- \/.fancy-box-header -->\n\t\t\n\t<\/div><!-- \/.fancy-box-contents -->\n\n\t<a href=\"https:\/\/oliviagreencamping.com\/camping-zone-a\/?lang=de\" title=\"Camping Zone A\" class=\"liquid-overlay-link\"><\/a>\t\n<\/div><!-- \/.fancy-box fancy-box-classes -->[\/vc_column_inner][vc_column_inner width=&#8221;1\/2&#8243;]<div id=\"ld_content_box_69eb9bf3595e2\" class=\"fancy-box text-center scheme-light fancy-box-overlay fancy-box-overlay-alt ld_content_box_69eb9bf3595e2\">\n\t\n\t<div class=\"cb-img-container\">\n\t\t<figure class=\"fancy-box-image border-radius-3\" data-responsive-bg=\"true\" data-liquid-blur=\"true\" data-blur-options='{\"imgSrc\":\"backgroundImage\",\"radius\":8,\"blurHandlerOn\":\"static\"}'><img width=\"1500\" height=\"1001\" src=\"data:image\/svg+xml;charset=utf-8,&lt;svg xmlns%3D&#039;http%3A%2F%2Fwww.w3.org%2F2000%2Fsvg&#039; viewBox%3D&#039;0 0 1500 1001&#039;%2F&gt;\" class=\"invisible ld-lazyload\" alt=\"Campingzone B\" decoding=\"async\" srcset=\"\" sizes=\"(max-width: 1500px) 100vw, 1500px\" data-src=\"https:\/\/oliviagreencamping.com\/wp-content\/uploads\/2021\/04\/B-ZONE-glavna-fotka.jpg\" data-srcset=\"https:\/\/oliviagreencamping.com\/wp-content\/uploads\/2021\/04\/B-ZONE-glavna-fotka.jpg 1500w, https:\/\/oliviagreencamping.com\/wp-content\/uploads\/2021\/04\/B-ZONE-glavna-fotka-300x200.jpg 300w, https:\/\/oliviagreencamping.com\/wp-content\/uploads\/2021\/04\/B-ZONE-glavna-fotka-1024x683.jpg 1024w\" data-aspect=\"1.4985014985015\" \/><\/figure>\t<\/div><!-- \/.cb-img-container -->\n\n\t<span class=\"cb-overlay\"><\/span><!-- \/.cb-overlay -->\n\n\t<div class=\"fancy-box-contents justify-content-center\">\n\t\t\n\t\t<div class=\"fancy-box-header\">\n\n\t\t\t<h3 class=\"text-uppercase ltr-sp-05 font-weight-bold mb-3\">Campingzone B<\/h3>\t\t\t\n\t\t<\/div><!-- \/.fancy-box-header -->\n\t\t\n\t<\/div><!-- \/.fancy-box-contents -->\n\n\t<a href=\"https:\/\/oliviagreencamping.com\/campingzone-b\/?lang=de\" title=\"Camping Zone B\" class=\"liquid-overlay-link\"><\/a>\t\n<\/div><!-- \/.fancy-box fancy-box-classes -->[\/vc_column_inner][\/vc_row_inner][\/vc_column][vc_column width=&#8221;2\/3&#8243; enable_content_animation=&#8221;yes&#8221; ca_init_scale_x=&#8221;1&#8243; ca_init_scale_y=&#8221;1&#8243; ca_init_scale_z=&#8221;1&#8243; ca_init_opacity=&#8221;0&#8243; ca_an_scale_x=&#8221;1&#8243; ca_an_scale_y=&#8221;1&#8243; ca_an_scale_z=&#8221;1&#8243; ca_an_opacity=&#8221;1&#8243; align=&#8221;text-center&#8221; offset=&#8221;vc_col-sm-offset-2&#8243; ca_init_translate_y=&#8221;50&#8243;]<style>.ld_fancy_heading_69eb9bf365068 .lqd-highlight-inner{height:0.275em;bottom:0px;}<\/style><div class=\"ld-fancy-heading ld_fancy_heading_69eb9bf365068\">\n\t<p class=\"lqd-highlight-underline lqd-highlight-grow-left\" ><span class=\"ld-fh-txt\"> Unser Campingplatz beherbergt reiches Bio-Land und eignet sich perfekt f\u00fcr den Anbau von Olivenb\u00e4umen. Wir pflegen unsere B\u00e4ume seit hundert Jahren mit Stolz und sie bieten den perfekten Schatten f\u00fcr jeden Campingplatz. Die breiten und dichten Baumwipfel bieten Schutz vor der Sonne und erm\u00f6glichen einen angenehmen Luftstrom &#8211; die Klimaanlage der Natur vom Feinsten. Einheimische sagen, dass die beste Nachmittags-Siesta unter einem Olivenbaum stattfindet. Finden Sie heraus warum! <\/span><\/p><\/div><style>.ld_fancy_heading_69eb9bf3668ff .lqd-highlight-inner{height:0.275em;bottom:0px;}<\/style><div class=\"ld-fancy-heading ld_fancy_heading_69eb9bf3668ff\">\n\t<p class=\"lqd-highlight-underline lqd-highlight-grow-left\" ><span class=\"ld-fh-txt\"> Im Oktober ernten flei\u00dfige H\u00e4nde die Oliven, die dann zum Kaltpressen zur \u00f6rtlichen M\u00fchle transportiert werden, um natives \u00d6l extra herzustellen. Bitte umarmen und respektieren Sie Ihre Umgebung und lassen Sie die Oliven in Ihrer N\u00e4he wachsen. Wir begr\u00fc\u00dfen G\u00e4ste, die w\u00e4hrend der Erntezeit bei uns bleiben, um gemeinsam mit uns Oliven zu pfl\u00fccken und eine Flasche Ihres eigenen nativen Oliven\u00f6ls mit nach Hause zu nehmen. <\/span><\/p><\/div><style>.ld_fancy_heading_69eb9bf367cc5 .lqd-highlight-inner{height:0.275em;bottom:0px;}<\/style><div class=\"ld-fancy-heading ld_fancy_heading_69eb9bf367cc5\">\n\t<p class=\"lqd-highlight-underline lqd-highlight-grow-left\" ><span class=\"ld-fh-txt\"> <strong>Alle unsere Stellpl\u00e4tze werden mit Strom betrieben und verf\u00fcgen \u00fcber einen Anschluss an Frischwasser, Abwasserableitung, kostenfreies WLAN und SAT-TV.<\/strong><\/span><\/p><\/div><style>.ld_fancy_heading_69eb9bf3689a4 .lqd-highlight-inner{height:0.275em;bottom:0px;}<\/style><div class=\"ld-fancy-heading ld_fancy_heading_69eb9bf3689a4\">\n\t<p class=\"lqd-highlight-underline lqd-highlight-grow-left\" ><span class=\"ld-fh-txt\"> <strong>Eine kaskadierende Anordnung garantiert, dass die meisten Stellpl\u00e4tze Meerblick genie\u00dfen, wobei einige direkt an der Wasserlinie liegen.<\/strong><\/span><\/p><\/div><style>.ld_fancy_heading_69eb9bf369116 .lqd-highlight-inner{height:0.275em;bottom:0px;}<\/style><div class=\"ld-fancy-heading ld_fancy_heading_69eb9bf369116\">\n\t<p class=\"lqd-highlight-underline lqd-highlight-grow-left\" ><span class=\"ld-fh-txt\"> Neben Campingpl\u00e4tzen bieten wir auch Zeltpl\u00e4tze an, die sich auf dem zentralen Campingplatz befinden. Grillen ist nur mit einem Elektrogrill gestattet.<\/span><\/p><\/div>[vc_empty_space height=&#8221;60px&#8221;]<a href=\"https:\/\/tourmkr.com\/F1yK1F4x1E\/38226715p&#038;194.93h&#038;88.92t\" target=\"_blank\" class=\"btn btn-solid btn-lg btn-bordered border-thin ld_button_69eb9bf369799\">\n\t<span>\n\t\t\n\t\t\t\t\t<span class=\"btn-txt\">Virtuelle Tour<\/span>\n\t\t\t\n\t\t\t\t<\/span>\n<\/a>\n[vc_empty_space height=&#8221;60px&#8221;][\/vc_column][vc_column][\/vc_column][\/vc_row][vc_row responsive_css=&#8221;margin_top_medium:-120px&#8221; css=&#8221;.vc_custom_1579810938444{padding-bottom: 10% !important;}&#8221;][vc_column][vc_row_inner][vc_column_inner][vc_raw_html]JTNDaWZyYW1lJTIwJTBBd2lkdGglM0QlMjIxMDAlMjUlMjIlMjAlMEFoZWlnaHQlM0QlMjI2MDBweCUyMiUyMCUwQXN0eWxlJTNEJTIyYm9yZGVyJTNBMCUyMiUyMCUwQWxvYWRpbmclM0QlMjJsYXp5JTIyJTIwJTBBYWxsb3dmdWxsc2NyZWVuJTIwJTBBc3JjJTNEJTIyaHR0cHMlM0ElMkYlMkZjYW1wbWFwLmNvbSUyRmhyb2xpdiUyRiUyMiUzRSUyMCUzQyUyRmlmcmFtZSUzRQ==[\/vc_raw_html][\/vc_column_inner][\/vc_row_inner]<style>.ld_fancy_heading_69eb9bf36a82a .lqd-highlight-inner{height:0.275em;bottom:0px;}<\/style><div class=\"ld-fancy-heading text-center ld_fancy_heading_69eb9bf36a82a\">\n\t<h2 class=\"lqd-highlight-underline lqd-highlight-grow-left\" ><span class=\"ld-fh-txt\"> Our Partners<\/span><\/h2><\/div>[vc_row_inner equal_height=&#8221;yes&#8221; content_placement=&#8221;middle&#8221;][vc_column_inner width=&#8221;1\/6&#8243;][vc_single_image image=&#8221;6886&#8243; img_size=&#8221;full&#8221; alignment=&#8221;center&#8221; onclick=&#8221;custom_link&#8221; img_link_target=&#8221;_blank&#8221; link=&#8221;https:\/\/www.pitchup.com\/campsites\/croatia\/dalmatia\/sibenik-knin\/tisno\/olivia_green_camping\/&#8221;][\/vc_column_inner][vc_column_inner width=&#8221;1\/6&#8243;][vc_single_image image=&#8221;6949&#8243; img_size=&#8221;full&#8221; alignment=&#8221;center&#8221; onclick=&#8221;custom_link&#8221; img_link_target=&#8221;_blank&#8221; link=&#8221;https:\/\/www.nestcampers.com\/en&#8221;][\/vc_column_inner][vc_column_inner width=&#8221;1\/6&#8243; align=&#8221;text-center&#8221;][vc_single_image image=&#8221;6933&#8243; img_size=&#8221;full&#8221; alignment=&#8221;center&#8221; onclick=&#8221;custom_link&#8221; img_link_target=&#8221;_blank&#8221; link=&#8221;https:\/\/www.sloveniacamper.com\/&#8221;][\/vc_column_inner][vc_column_inner width=&#8221;1\/6&#8243; align=&#8221;text-center&#8221;][vc_single_image image=&#8221;6917&#8243; onclick=&#8221;custom_link&#8221; img_link_target=&#8221;_blank&#8221; link=&#8221;https:\/\/campinglovers.eu\/en\/home\/&#8221;][\/vc_column_inner][vc_column_inner width=&#8221;1\/6&#8243;][vc_single_image image=&#8221;6870&#8243; img_size=&#8221;full&#8221; alignment=&#8221;center&#8221; onclick=&#8221;custom_link&#8221; img_link_target=&#8221;_blank&#8221; link=&#8221;https:\/\/yourway.co\/&#8221;][\/vc_column_inner][vc_column_inner width=&#8221;1\/6&#8243;][vc_single_image image=&#8221;11705&#8243; img_size=&#8221;full&#8221; alignment=&#8221;center&#8221; onclick=&#8221;custom_link&#8221; img_link_target=&#8221;_blank&#8221; link=&#8221;https:\/\/www.pincamp.de\/campingplaetze\/olivia-green-camping&#8221;][\/vc_column_inner][\/vc_row_inner][vc_row_inner equal_height=&#8221;yes&#8221; content_placement=&#8221;middle&#8221;][vc_column_inner][vc_single_image image=&#8221;14864&#8243; img_size=&#8221;300&#215;250&#8243; alignment=&#8221;center&#8221;][\/vc_column_inner][\/vc_row_inner][\/vc_column][\/vc_row]<\/p>\n<\/section>","protected":false},"excerpt":{"rendered":"<p>[vc_row gap=&#8221;10&#8243; equal_height=&#8221;yes&#8221; content_placement=&#8221;top&#8221; css=&#8221;.vc_custom_1565725684379{padding-top: 75px !important;padding-bottom: 100px !important;background-color: #f2efea !important;}&#8221;][vc_column][vc_row_inner css=&#8221;.vc_custom_1618222301638{margin-top: 50px !important;margin-bottom: 50px&#8230;<\/p>\n","protected":false},"author":3,"featured_media":6844,"parent":0,"menu_order":0,"comment_status":"closed","ping_status":"closed","template":"","meta":[],"yoast_head":"<!-- This site is optimized with the Yoast SEO plugin v20.3 - https:\/\/yoast.com\/wordpress\/plugins\/seo\/ -->\n<title>Stellpl\u00e4tze &ndash; Olivia Green Camping<\/title>\n<meta name=\"description\" content=\"Home to rich organic land. We have been proudly nurturing our olive trees for a hundred years and they provide the perfect shade for each camping pitch.\" \/>\n<meta name=\"robots\" content=\"index, follow, max-snippet:-1, max-image-preview:large, max-video-preview:-1\" \/>\n<link rel=\"canonical\" href=\"https:\/\/oliviagreencamping.com\/de\/stellplaetze\/\" \/>\n<meta property=\"og:locale\" content=\"de_DE\" \/>\n<meta property=\"og:type\" content=\"article\" \/>\n<meta property=\"og:title\" content=\"Stellpl\u00e4tze &ndash; Olivia Green Camping\" \/>\n<meta property=\"og:description\" content=\"Home to rich organic land. We have been proudly nurturing our olive trees for a hundred years and they provide the perfect shade for each camping pitch.\" \/>\n<meta property=\"og:url\" content=\"https:\/\/oliviagreencamping.com\/de\/stellplaetze\/\" \/>\n<meta property=\"og:site_name\" content=\"Olivia Green Camping\" \/>\n<meta property=\"article:publisher\" content=\"https:\/\/www.facebook.com\/OliviaGreenCamping\/\" \/>\n<meta property=\"article:modified_time\" content=\"2024-07-09T15:29:13+00:00\" \/>\n<meta property=\"og:image\" content=\"https:\/\/oliviagreencamping.com\/wp-content\/uploads\/2020\/11\/Camping-pitches-page-main-photo-na-Camping-pitches-stranici-1-1.jpg\" \/>\n\t<meta property=\"og:image:width\" content=\"1280\" \/>\n\t<meta property=\"og:image:height\" content=\"855\" \/>\n\t<meta property=\"og:image:type\" content=\"image\/jpeg\" \/>\n<meta name=\"twitter:card\" content=\"summary_large_image\" \/>\n<meta name=\"twitter:label1\" content=\"Gesch\u00e4tzte Lesezeit\" \/>\n\t<meta name=\"twitter:data1\" content=\"2\u00a0Minuten\" \/>\n<script type=\"application\/ld+json\" class=\"yoast-schema-graph\">{\"@context\":\"https:\/\/schema.org\",\"@graph\":[{\"@type\":\"WebPage\",\"@id\":\"https:\/\/oliviagreencamping.com\/de\/stellplaetze\/\",\"url\":\"https:\/\/oliviagreencamping.com\/de\/stellplaetze\/\",\"name\":\"Stellpl\u00e4tze &ndash; Olivia Green Camping\",\"isPartOf\":{\"@id\":\"https:\/\/oliviagreencamping.com\/de\/#website\"},\"datePublished\":\"2021-05-03T09:01:11+00:00\",\"dateModified\":\"2024-07-09T15:29:13+00:00\",\"description\":\"Home to rich organic land. We have been proudly nurturing our olive trees for a hundred years and they provide the perfect shade for each camping pitch.\",\"breadcrumb\":{\"@id\":\"https:\/\/oliviagreencamping.com\/de\/stellplaetze\/#breadcrumb\"},\"inLanguage\":\"de\",\"potentialAction\":[{\"@type\":\"ReadAction\",\"target\":[\"https:\/\/oliviagreencamping.com\/de\/stellplaetze\/\"]}]},{\"@type\":\"BreadcrumbList\",\"@id\":\"https:\/\/oliviagreencamping.com\/de\/stellplaetze\/#breadcrumb\",\"itemListElement\":[{\"@type\":\"ListItem\",\"position\":1,\"name\":\"Home\",\"item\":\"https:\/\/oliviagreencamping.com\/de\/\"},{\"@type\":\"ListItem\",\"position\":2,\"name\":\"Stellpl\u00e4tze\"}]},{\"@type\":\"WebSite\",\"@id\":\"https:\/\/oliviagreencamping.com\/de\/#website\",\"url\":\"https:\/\/oliviagreencamping.com\/de\/\",\"name\":\"Olivia Green Camping\",\"description\":\"Luxury Camping in Croatia\",\"publisher\":{\"@id\":\"https:\/\/oliviagreencamping.com\/de\/#organization\"},\"potentialAction\":[{\"@type\":\"SearchAction\",\"target\":{\"@type\":\"EntryPoint\",\"urlTemplate\":\"https:\/\/oliviagreencamping.com\/de\/?s={search_term_string}\"},\"query-input\":\"required name=search_term_string\"}],\"inLanguage\":\"de\"},{\"@type\":\"Organization\",\"@id\":\"https:\/\/oliviagreencamping.com\/de\/#organization\",\"name\":\"Zelena Luka d.o.o.\",\"url\":\"https:\/\/oliviagreencamping.com\/de\/\",\"logo\":{\"@type\":\"ImageObject\",\"inLanguage\":\"de\",\"@id\":\"https:\/\/oliviagreencamping.com\/de\/#\/schema\/logo\/image\/\",\"url\":\"https:\/\/oliviagreencamping.com\/wp-content\/uploads\/2019\/08\/olivia_logo-07.png\",\"contentUrl\":\"https:\/\/oliviagreencamping.com\/wp-content\/uploads\/2019\/08\/olivia_logo-07.png\",\"width\":1318,\"height\":1125,\"caption\":\"Zelena Luka d.o.o.\"},\"image\":{\"@id\":\"https:\/\/oliviagreencamping.com\/de\/#\/schema\/logo\/image\/\"},\"sameAs\":[\"https:\/\/www.facebook.com\/OliviaGreenCamping\/\",\"https:\/\/www.instagram.com\/oliviagreencamping\/\"]}]}<\/script>\n<!-- \/ Yoast SEO plugin. -->","yoast_head_json":{"title":"Stellpl\u00e4tze &ndash; Olivia Green Camping","description":"Home to rich organic land. We have been proudly nurturing our olive trees for a hundred years and they provide the perfect shade for each camping pitch.","robots":{"index":"index","follow":"follow","max-snippet":"max-snippet:-1","max-image-preview":"max-image-preview:large","max-video-preview":"max-video-preview:-1"},"canonical":"https:\/\/oliviagreencamping.com\/de\/stellplaetze\/","og_locale":"de_DE","og_type":"article","og_title":"Stellpl\u00e4tze &ndash; Olivia Green Camping","og_description":"Home to rich organic land. We have been proudly nurturing our olive trees for a hundred years and they provide the perfect shade for each camping pitch.","og_url":"https:\/\/oliviagreencamping.com\/de\/stellplaetze\/","og_site_name":"Olivia Green Camping","article_publisher":"https:\/\/www.facebook.com\/OliviaGreenCamping\/","article_modified_time":"2024-07-09T15:29:13+00:00","og_image":[{"width":1280,"height":855,"url":"https:\/\/oliviagreencamping.com\/wp-content\/uploads\/2020\/11\/Camping-pitches-page-main-photo-na-Camping-pitches-stranici-1-1.jpg","type":"image\/jpeg"}],"twitter_card":"summary_large_image","twitter_misc":{"Gesch\u00e4tzte Lesezeit":"2\u00a0Minuten"},"schema":{"@context":"https:\/\/schema.org","@graph":[{"@type":"WebPage","@id":"https:\/\/oliviagreencamping.com\/de\/stellplaetze\/","url":"https:\/\/oliviagreencamping.com\/de\/stellplaetze\/","name":"Stellpl\u00e4tze &ndash; Olivia Green Camping","isPartOf":{"@id":"https:\/\/oliviagreencamping.com\/de\/#website"},"datePublished":"2021-05-03T09:01:11+00:00","dateModified":"2024-07-09T15:29:13+00:00","description":"Home to rich organic land. We have been proudly nurturing our olive trees for a hundred years and they provide the perfect shade for each camping pitch.","breadcrumb":{"@id":"https:\/\/oliviagreencamping.com\/de\/stellplaetze\/#breadcrumb"},"inLanguage":"de","potentialAction":[{"@type":"ReadAction","target":["https:\/\/oliviagreencamping.com\/de\/stellplaetze\/"]}]},{"@type":"BreadcrumbList","@id":"https:\/\/oliviagreencamping.com\/de\/stellplaetze\/#breadcrumb","itemListElement":[{"@type":"ListItem","position":1,"name":"Home","item":"https:\/\/oliviagreencamping.com\/de\/"},{"@type":"ListItem","position":2,"name":"Stellpl\u00e4tze"}]},{"@type":"WebSite","@id":"https:\/\/oliviagreencamping.com\/de\/#website","url":"https:\/\/oliviagreencamping.com\/de\/","name":"Olivia Green Camping","description":"Luxury Camping in Croatia","publisher":{"@id":"https:\/\/oliviagreencamping.com\/de\/#organization"},"potentialAction":[{"@type":"SearchAction","target":{"@type":"EntryPoint","urlTemplate":"https:\/\/oliviagreencamping.com\/de\/?s={search_term_string}"},"query-input":"required name=search_term_string"}],"inLanguage":"de"},{"@type":"Organization","@id":"https:\/\/oliviagreencamping.com\/de\/#organization","name":"Zelena Luka d.o.o.","url":"https:\/\/oliviagreencamping.com\/de\/","logo":{"@type":"ImageObject","inLanguage":"de","@id":"https:\/\/oliviagreencamping.com\/de\/#\/schema\/logo\/image\/","url":"https:\/\/oliviagreencamping.com\/wp-content\/uploads\/2019\/08\/olivia_logo-07.png","contentUrl":"https:\/\/oliviagreencamping.com\/wp-content\/uploads\/2019\/08\/olivia_logo-07.png","width":1318,"height":1125,"caption":"Zelena Luka d.o.o."},"image":{"@id":"https:\/\/oliviagreencamping.com\/de\/#\/schema\/logo\/image\/"},"sameAs":["https:\/\/www.facebook.com\/OliviaGreenCamping\/","https:\/\/www.instagram.com\/oliviagreencamping\/"]}]}},"_links":{"self":[{"href":"https:\/\/oliviagreencamping.com\/de\/wp-json\/wp\/v2\/pages\/6840"}],"collection":[{"href":"https:\/\/oliviagreencamping.com\/de\/wp-json\/wp\/v2\/pages"}],"about":[{"href":"https:\/\/oliviagreencamping.com\/de\/wp-json\/wp\/v2\/types\/page"}],"author":[{"embeddable":true,"href":"https:\/\/oliviagreencamping.com\/de\/wp-json\/wp\/v2\/users\/3"}],"replies":[{"embeddable":true,"href":"https:\/\/oliviagreencamping.com\/de\/wp-json\/wp\/v2\/comments?post=6840"}],"version-history":[{"count":3,"href":"https:\/\/oliviagreencamping.com\/de\/wp-json\/wp\/v2\/pages\/6840\/revisions"}],"predecessor-version":[{"id":18025,"href":"https:\/\/oliviagreencamping.com\/de\/wp-json\/wp\/v2\/pages\/6840\/revisions\/18025"}],"wp:featuredmedia":[{"embeddable":true,"href":"https:\/\/oliviagreencamping.com\/de\/wp-json\/wp\/v2\/media\/6844"}],"wp:attachment":[{"href":"https:\/\/oliviagreencamping.com\/de\/wp-json\/wp\/v2\/media?parent=6840"}],"curies":[{"name":"wp","href":"https:\/\/api.w.org\/{rel}","templated":true}]}}