{"id":7682,"date":"2021-05-06T12:07:59","date_gmt":"2021-05-06T12:07:59","guid":{"rendered":"https:\/\/oliviagreencamping.com\/umweltfreundlich\/"},"modified":"2023-04-03T11:08:52","modified_gmt":"2023-04-03T11:08:52","slug":"umweltfreundlich","status":"publish","type":"page","link":"https:\/\/oliviagreencamping.com\/de\/umweltfreundlich\/","title":{"rendered":"Umweltfreundlich"},"content":{"rendered":"<section class=\"wpb-content-wrapper\"><p>[vc_row content_placement=&#8221;top&#8221; css=&#8221;.vc_custom_1577985789974{padding-top: 20px !important;padding-bottom: 40px !important;}&#8221; responsive_css=&#8221;padding_top_medium:40px&#8221;][vc_column enable_content_animation=&#8221;yes&#8221; ca_init_scale_x=&#8221;1&#8243; ca_init_scale_y=&#8221;1&#8243; ca_init_scale_z=&#8221;1&#8243; ca_init_opacity=&#8221;0&#8243; ca_an_scale_x=&#8221;1&#8243; ca_an_scale_y=&#8221;1&#8243; ca_an_scale_z=&#8221;1&#8243; ca_an_opacity=&#8221;1&#8243; offset=&#8221;vc_col-md-6&#8243; ca_duration=&#8221;1200&#8243; ca_init_translate_x=&#8221;0&#8243; ca_init_rotate_z=&#8221;1&#8243; ca_init_translate_y=&#8221;45&#8243;]<style>.ld_fancy_heading_69f1244f59410 .lqd-highlight-inner{height:0.275em;bottom:0px;}<\/style><div class=\"ld-fancy-heading ld_fancy_heading_69f1244f59410\">\n\t<h2 class=\"lqd-highlight-underline lqd-highlight-grow-left\" data-fittext=\"true\" data-fittext-options='{\"compressor\":0.65000000000000002220446049250313080847263336181640625,\"maxFontSize\":\"currentFontSize\",\"minFontSize\":\"48\"}' data-split-text=\"true\" data-custom-animations=\"true\" data-ca-options='{\"triggerHandler\":\"inview\",\"animationTarget\":\".lqd-lines .split-inner\",\"duration\":700,\"delay\":100,\"easing\":\"easeOutQuint\",\"direction\":\"forward\",\"initValues\":{\"scale\":1},\"animations\":{\"scale\":1}}' data-split-options='{\"type\":\"lines\"}'><span class=\"ld-fh-txt\"> Olivia Green Camping<\/span><\/h2><\/div>[vc_empty_space height=&#8221;24px&#8221;][vc_column_text]Wirklich umweltfreundlich zu sein bedeutet, einen ganzheitlichen Ansatz zu verfolgen. Olivia Green Camping (fr\u00fcher bekannt als Camp Dalmacija) hat im vergangenen Jahr einige umfassende \u00c4nderungen vorgenommen, um nachhaltigere L\u00f6sungen im Tourismus zu unterst\u00fctzen. F\u00fcr 2021 sind noch aufregendere Updates geplant.<\/p>\n<p><strong>Unsere Strategie<\/strong><\/p>\n<p>Wir verfolgen eine neue umweltfreundliche Entwicklungsstrategie, die auf Nachhaltigkeit und \u00d6kologie basiert. Einige der \u00c4nderungen und Verbesserungen umfassen:<\/p>\n<p><strong>Solarplatten<\/strong><\/p>\n<p>Ein neues Photovoltaik-Kraftwerk wurde installiert, um die Energieeffizienz unseres Camps zu verbessern und uns mit gen\u00fcgend Kapazit\u00e4t zu versorgen, um 25 % unseres Energiebedarfs zu decken.<\/p>\n<p><strong>Wasserreinigung<\/strong><\/p>\n<p>Mit der richtigen Behandlung kann Abwasser sinnvoll genutzt werden. Wir haben ein sehr fortschrittliches Wasserreinigungssystem f\u00fcr alle Arten von Abwasser in unserem Camp implementiert. Das aufbereitete Wasser wird dann zur Aufrechterhaltung des Gartenbaus einschlie\u00dflich unseres mediterranen Gartens und zur Verwendung in unserem Hydrantennetz sowie dem Bew\u00e4sserungssystem verwendet, das unser gesamtes Camp versorgt.<\/p>\n<p><strong>Campingvillen<\/strong><\/p>\n<p>Alle unsere Campingvillen wurden nach den h\u00f6chsten Umweltstandards gebaut und mit den Umweltzertifikaten Bio Gr\u00fcn und Bio Gr\u00fcn + ausgezeichnet.<\/p>\n<p><strong>Essen<\/strong><\/p>\n<p>Um die lokale Gemeinschaft und das Wohlergehen der Menschen vor Ort zu unterst\u00fctzen, verwenden wir in unseren Restaurants regionale Lebensmittel und frische Produkte.<\/p>\n<p><strong>Infrastruktur<\/strong><\/p>\n<p>Alle Campingpl\u00e4tze haben Zugang zu den wichtigsten G\u00fctern \u2013 Strom, Wasser und kostenloses Highspeed-WLAN. Um unsere starke Haltung zur Nachhaltigkeit zu f\u00f6rdern, haben alle unsere Stellpl\u00e4tze auch Zugang zu Grauwasserabfl\u00fcssen. Mit diesen \u00c4nderungen und bevorstehenden Verbesserungen hoffen wir, der Region und unseren Besuchern gleicherma\u00dfen positive soziale und \u00f6kologische Ergebnisse zu liefern..[\/vc_column_text][\/vc_column][vc_column offset=&#8221;vc_col-md-6&#8243;]<style>.ld_spacer_69f1244f59ba5{height:100px;}<\/style>\n<div class=\"ld-empty-space ld_spacer_69f1244f59ba5\"><span class=\"liquid_empty_space_inner\"><\/span><\/div><div id=\"ld_images_group_container_69f1244f59e51\" class=\"liquid-img-group-container ld_images_group_container_69f1244f59e51\"  >\n\t<div class=\"liquid-img-group-inner\">\n\t\t<div id=\"ld_images_group_element_69f1244f5a1ed\" class=\"liquid-img-group-single ld_images_group_element_69f1244f5a1ed\" data-reveal=\"true\" data-reveal-options='{\"direction\":\"lr\",\"bgcolor\":\"rgb(23, 64, 66)\",\"delay\":\"\"}'>\n\t\n\t\t\n\t<div class=\"liquid-img-group-img-container\">\n\t\t\n\t\t\n\t\t\t\t\n\t\t\t\t<div class=\"liquid-img-container-inner\" data-parallax=\"true\" data-parallax-from='{\"translateY\":32}' data-parallax-to='{\"translateY\":-33}' data-parallax-options='{\"overflowHidden\":false,\"easing\":\"linear\"}'>\n\t\t\t<figure ><img width=\"960\" height=\"540\" src=\"data:image\/svg+xml;charset=utf-8,&lt;svg xmlns%3D&#039;http%3A%2F%2Fwww.w3.org%2F2000%2Fsvg&#039; viewBox%3D&#039;0 0 1920 1080&#039;%2F&gt;\" srcset=\"\" class=\" ld-lazyload\" alt=\"\" data-src=\"https:\/\/oliviagreencamping.com\/wp-content\/uploads\/2019\/08\/hiking_olivia.jpg\" data-srcset=\"https:\/\/oliviagreencamping.com\/wp-content\/uploads\/2019\/08\/hiking_olivia-300x169.jpg 300w, https:\/\/oliviagreencamping.com\/wp-content\/uploads\/2019\/08\/hiking_olivia-1024x576.jpg 1024w, https:\/\/oliviagreencamping.com\/wp-content\/uploads\/2019\/08\/hiking_olivia.jpg 1920w\" data-aspect=\"1.7777777777778\" \/><\/figure>\t\t\t\t\t<\/div><!-- \/.liquid-img-container-inner -->\n\t\t\n\t<\/div><!-- \/.liquid-img-group-content -->\n<\/div><!-- \/.liquid-img-group-single --><div id=\"ld_images_group_element_69f1244f675ad\" class=\"liquid-img-group-single ld_images_group_element_69f1244f675ad\" data-reveal=\"true\" data-reveal-options='{\"direction\":\"lr\",\"bgcolor\":\"rgb(23, 64, 66)\",\"delay\":\"\"}'>\n\t\n\t\t\n\t<div class=\"liquid-img-group-img-container\">\n\t\t\n\t\t\n\t\t\t\t\n\t\t\t\t<div class=\"liquid-img-container-inner\" data-parallax=\"true\" data-parallax-from='{\"translateY\":32}' data-parallax-to='{\"translateY\":-33}' data-parallax-options='{\"overflowHidden\":false,\"easing\":\"linear\"}'>\n\t\t\t<figure ><img width=\"720\" height=\"405\" src=\"data:image\/svg+xml;charset=utf-8,&lt;svg xmlns%3D&#039;http%3A%2F%2Fwww.w3.org%2F2000%2Fsvg&#039; viewBox%3D&#039;0 0 1440 810&#039;%2F&gt;\" srcset=\"\" class=\" ld-lazyload\" alt=\"\" data-src=\"https:\/\/oliviagreencamping.com\/wp-content\/uploads\/2019\/08\/family_portrait-copy-2.jpg\" data-srcset=\"https:\/\/oliviagreencamping.com\/wp-content\/uploads\/2019\/08\/family_portrait-copy-2-300x169.jpg 300w, https:\/\/oliviagreencamping.com\/wp-content\/uploads\/2019\/08\/family_portrait-copy-2-1024x576.jpg 1024w, https:\/\/oliviagreencamping.com\/wp-content\/uploads\/2019\/08\/family_portrait-copy-2.jpg 1440w\" data-aspect=\"1.7777777777778\" \/><\/figure>\t\t\t\t\t<\/div><!-- \/.liquid-img-container-inner -->\n\t\t\n\t<\/div><!-- \/.liquid-img-group-content -->\n<\/div><!-- \/.liquid-img-group-single --><div id=\"ld_images_group_element_69f1244f70ac5\" class=\"liquid-img-group-single ld_images_group_element_69f1244f70ac5\" data-reveal=\"true\" data-reveal-options='{\"direction\":\"lr\",\"bgcolor\":\"rgb(23, 64, 66)\",\"delay\":\"\"}'>\n\t\n\t\t\n\t<div class=\"liquid-img-group-img-container\">\n\t\t\n\t\t\n\t\t\t\t\n\t\t\t\t<div class=\"liquid-img-container-inner\" data-parallax=\"true\" data-parallax-from='{\"translateY\":32}' data-parallax-to='{\"translateY\":-33}' data-parallax-options='{\"overflowHidden\":false,\"easing\":\"linear\"}'>\n\t\t\t<figure ><img width=\"960\" height=\"540\" src=\"data:image\/svg+xml;charset=utf-8,&lt;svg xmlns%3D&#039;http%3A%2F%2Fwww.w3.org%2F2000%2Fsvg&#039; viewBox%3D&#039;0 0 1920 1080&#039;%2F&gt;\" srcset=\"\" class=\" ld-lazyload\" alt=\"\" data-src=\"https:\/\/oliviagreencamping.com\/wp-content\/uploads\/2019\/08\/olivia-green-camping-accomodation-001-4_olivia.jpg\" data-srcset=\"https:\/\/oliviagreencamping.com\/wp-content\/uploads\/2019\/08\/olivia-green-camping-accomodation-001-4_olivia-300x169.jpg 300w, https:\/\/oliviagreencamping.com\/wp-content\/uploads\/2019\/08\/olivia-green-camping-accomodation-001-4_olivia-1024x576.jpg 1024w, https:\/\/oliviagreencamping.com\/wp-content\/uploads\/2019\/08\/olivia-green-camping-accomodation-001-4_olivia.jpg 1920w\" data-aspect=\"1.7777777777778\" \/><\/figure>\t\t\t\t\t<\/div><!-- \/.liquid-img-container-inner -->\n\t\t\n\t<\/div><!-- \/.liquid-img-group-content -->\n<\/div><!-- \/.liquid-img-group-single --><\/p>\n\t\n\t<\/div><!-- \/.liquid-img-group-inner -->\n<\/div><!-- \/.liquid-img-group-container --><style>.ld_spacer_69f1244f7e663{height:32px;}<\/style>\n<div class=\"ld-empty-space ld_spacer_69f1244f7e663\"><span class=\"liquid_empty_space_inner\"><\/span><\/div>[\/vc_column][\/vc_row][vc_row][vc_column][vc_empty_space][\/vc_column][\/vc_row]<\/p>\n<\/section>","protected":false},"excerpt":{"rendered":"<p>[vc_row content_placement=&#8221;top&#8221; css=&#8221;.vc_custom_1577985789974{padding-top: 20px !important;padding-bottom: 40px !important;}&#8221; responsive_css=&#8221;padding_top_medium:40px&#8221;][vc_column enable_content_animation=&#8221;yes&#8221; ca_init_scale_x=&#8221;1&#8243; ca_init_scale_y=&#8221;1&#8243; ca_init_scale_z=&#8221;1&#8243; ca_init_opacity=&#8221;0&#8243; ca_an_scale_x=&#8221;1&#8243; ca_an_scale_y=&#8221;1&#8243;&#8230;<\/p>\n","protected":false},"author":3,"featured_media":7685,"parent":0,"menu_order":0,"comment_status":"closed","ping_status":"closed","template":"","meta":[],"yoast_head":"<!-- This site is optimized with the Yoast SEO plugin v20.3 - https:\/\/yoast.com\/wordpress\/plugins\/seo\/ -->\n<title>Umweltfreundlich &ndash; Olivia Green Camping<\/title>\n<meta name=\"description\" content=\"Being truly eco-friendly means taking a holistic approach. To help support more sustainable solutions in tourism, we have undergone some extensive changes.\" \/>\n<meta name=\"robots\" content=\"index, follow, max-snippet:-1, max-image-preview:large, max-video-preview:-1\" \/>\n<link rel=\"canonical\" href=\"https:\/\/oliviagreencamping.com\/de\/umweltfreundlich\/\" \/>\n<meta property=\"og:locale\" content=\"de_DE\" \/>\n<meta property=\"og:type\" content=\"article\" \/>\n<meta property=\"og:title\" content=\"Umweltfreundlich &ndash; Olivia Green Camping\" \/>\n<meta property=\"og:description\" content=\"Being truly eco-friendly means taking a holistic approach. To help support more sustainable solutions in tourism, we have undergone some extensive changes.\" \/>\n<meta property=\"og:url\" content=\"https:\/\/oliviagreencamping.com\/de\/umweltfreundlich\/\" \/>\n<meta property=\"og:site_name\" content=\"Olivia Green Camping\" \/>\n<meta property=\"article:publisher\" content=\"https:\/\/www.facebook.com\/OliviaGreenCamping\/\" \/>\n<meta property=\"article:modified_time\" content=\"2023-04-03T11:08:52+00:00\" \/>\n<meta property=\"og:image\" content=\"https:\/\/oliviagreencamping.com\/wp-content\/uploads\/2020\/05\/Eco-friendly-main-3-1.jpg\" \/>\n\t<meta property=\"og:image:width\" content=\"1920\" \/>\n\t<meta property=\"og:image:height\" content=\"1281\" \/>\n\t<meta property=\"og:image:type\" content=\"image\/jpeg\" \/>\n<meta name=\"twitter:card\" content=\"summary_large_image\" \/>\n<meta name=\"twitter:label1\" content=\"Gesch\u00e4tzte Lesezeit\" \/>\n\t<meta name=\"twitter:data1\" content=\"2\u00a0Minuten\" \/>\n<script type=\"application\/ld+json\" class=\"yoast-schema-graph\">{\"@context\":\"https:\/\/schema.org\",\"@graph\":[{\"@type\":\"WebPage\",\"@id\":\"https:\/\/oliviagreencamping.com\/de\/umweltfreundlich\/\",\"url\":\"https:\/\/oliviagreencamping.com\/de\/umweltfreundlich\/\",\"name\":\"Umweltfreundlich &ndash; Olivia Green Camping\",\"isPartOf\":{\"@id\":\"https:\/\/oliviagreencamping.com\/de\/#website\"},\"datePublished\":\"2021-05-06T12:07:59+00:00\",\"dateModified\":\"2023-04-03T11:08:52+00:00\",\"description\":\"Being truly eco-friendly means taking a holistic approach. To help support more sustainable solutions in tourism, we have undergone some extensive changes.\",\"breadcrumb\":{\"@id\":\"https:\/\/oliviagreencamping.com\/de\/umweltfreundlich\/#breadcrumb\"},\"inLanguage\":\"de\",\"potentialAction\":[{\"@type\":\"ReadAction\",\"target\":[\"https:\/\/oliviagreencamping.com\/de\/umweltfreundlich\/\"]}]},{\"@type\":\"BreadcrumbList\",\"@id\":\"https:\/\/oliviagreencamping.com\/de\/umweltfreundlich\/#breadcrumb\",\"itemListElement\":[{\"@type\":\"ListItem\",\"position\":1,\"name\":\"Home\",\"item\":\"https:\/\/oliviagreencamping.com\/de\/\"},{\"@type\":\"ListItem\",\"position\":2,\"name\":\"Umweltfreundlich\"}]},{\"@type\":\"WebSite\",\"@id\":\"https:\/\/oliviagreencamping.com\/de\/#website\",\"url\":\"https:\/\/oliviagreencamping.com\/de\/\",\"name\":\"Olivia Green Camping\",\"description\":\"Luxury Camping in Croatia\",\"publisher\":{\"@id\":\"https:\/\/oliviagreencamping.com\/de\/#organization\"},\"potentialAction\":[{\"@type\":\"SearchAction\",\"target\":{\"@type\":\"EntryPoint\",\"urlTemplate\":\"https:\/\/oliviagreencamping.com\/de\/?s={search_term_string}\"},\"query-input\":\"required name=search_term_string\"}],\"inLanguage\":\"de\"},{\"@type\":\"Organization\",\"@id\":\"https:\/\/oliviagreencamping.com\/de\/#organization\",\"name\":\"Zelena Luka d.o.o.\",\"url\":\"https:\/\/oliviagreencamping.com\/de\/\",\"logo\":{\"@type\":\"ImageObject\",\"inLanguage\":\"de\",\"@id\":\"https:\/\/oliviagreencamping.com\/de\/#\/schema\/logo\/image\/\",\"url\":\"https:\/\/oliviagreencamping.com\/wp-content\/uploads\/2019\/08\/olivia_logo-07.png\",\"contentUrl\":\"https:\/\/oliviagreencamping.com\/wp-content\/uploads\/2019\/08\/olivia_logo-07.png\",\"width\":1318,\"height\":1125,\"caption\":\"Zelena Luka d.o.o.\"},\"image\":{\"@id\":\"https:\/\/oliviagreencamping.com\/de\/#\/schema\/logo\/image\/\"},\"sameAs\":[\"https:\/\/www.facebook.com\/OliviaGreenCamping\/\",\"https:\/\/www.instagram.com\/oliviagreencamping\/\"]}]}<\/script>\n<!-- \/ Yoast SEO plugin. -->","yoast_head_json":{"title":"Umweltfreundlich &ndash; Olivia Green Camping","description":"Being truly eco-friendly means taking a holistic approach. To help support more sustainable solutions in tourism, we have undergone some extensive changes.","robots":{"index":"index","follow":"follow","max-snippet":"max-snippet:-1","max-image-preview":"max-image-preview:large","max-video-preview":"max-video-preview:-1"},"canonical":"https:\/\/oliviagreencamping.com\/de\/umweltfreundlich\/","og_locale":"de_DE","og_type":"article","og_title":"Umweltfreundlich &ndash; Olivia Green Camping","og_description":"Being truly eco-friendly means taking a holistic approach. To help support more sustainable solutions in tourism, we have undergone some extensive changes.","og_url":"https:\/\/oliviagreencamping.com\/de\/umweltfreundlich\/","og_site_name":"Olivia Green Camping","article_publisher":"https:\/\/www.facebook.com\/OliviaGreenCamping\/","article_modified_time":"2023-04-03T11:08:52+00:00","og_image":[{"width":1920,"height":1281,"url":"https:\/\/oliviagreencamping.com\/wp-content\/uploads\/2020\/05\/Eco-friendly-main-3-1.jpg","type":"image\/jpeg"}],"twitter_card":"summary_large_image","twitter_misc":{"Gesch\u00e4tzte Lesezeit":"2\u00a0Minuten"},"schema":{"@context":"https:\/\/schema.org","@graph":[{"@type":"WebPage","@id":"https:\/\/oliviagreencamping.com\/de\/umweltfreundlich\/","url":"https:\/\/oliviagreencamping.com\/de\/umweltfreundlich\/","name":"Umweltfreundlich &ndash; Olivia Green Camping","isPartOf":{"@id":"https:\/\/oliviagreencamping.com\/de\/#website"},"datePublished":"2021-05-06T12:07:59+00:00","dateModified":"2023-04-03T11:08:52+00:00","description":"Being truly eco-friendly means taking a holistic approach. To help support more sustainable solutions in tourism, we have undergone some extensive changes.","breadcrumb":{"@id":"https:\/\/oliviagreencamping.com\/de\/umweltfreundlich\/#breadcrumb"},"inLanguage":"de","potentialAction":[{"@type":"ReadAction","target":["https:\/\/oliviagreencamping.com\/de\/umweltfreundlich\/"]}]},{"@type":"BreadcrumbList","@id":"https:\/\/oliviagreencamping.com\/de\/umweltfreundlich\/#breadcrumb","itemListElement":[{"@type":"ListItem","position":1,"name":"Home","item":"https:\/\/oliviagreencamping.com\/de\/"},{"@type":"ListItem","position":2,"name":"Umweltfreundlich"}]},{"@type":"WebSite","@id":"https:\/\/oliviagreencamping.com\/de\/#website","url":"https:\/\/oliviagreencamping.com\/de\/","name":"Olivia Green Camping","description":"Luxury Camping in Croatia","publisher":{"@id":"https:\/\/oliviagreencamping.com\/de\/#organization"},"potentialAction":[{"@type":"SearchAction","target":{"@type":"EntryPoint","urlTemplate":"https:\/\/oliviagreencamping.com\/de\/?s={search_term_string}"},"query-input":"required name=search_term_string"}],"inLanguage":"de"},{"@type":"Organization","@id":"https:\/\/oliviagreencamping.com\/de\/#organization","name":"Zelena Luka d.o.o.","url":"https:\/\/oliviagreencamping.com\/de\/","logo":{"@type":"ImageObject","inLanguage":"de","@id":"https:\/\/oliviagreencamping.com\/de\/#\/schema\/logo\/image\/","url":"https:\/\/oliviagreencamping.com\/wp-content\/uploads\/2019\/08\/olivia_logo-07.png","contentUrl":"https:\/\/oliviagreencamping.com\/wp-content\/uploads\/2019\/08\/olivia_logo-07.png","width":1318,"height":1125,"caption":"Zelena Luka d.o.o."},"image":{"@id":"https:\/\/oliviagreencamping.com\/de\/#\/schema\/logo\/image\/"},"sameAs":["https:\/\/www.facebook.com\/OliviaGreenCamping\/","https:\/\/www.instagram.com\/oliviagreencamping\/"]}]}},"_links":{"self":[{"href":"https:\/\/oliviagreencamping.com\/de\/wp-json\/wp\/v2\/pages\/7682"}],"collection":[{"href":"https:\/\/oliviagreencamping.com\/de\/wp-json\/wp\/v2\/pages"}],"about":[{"href":"https:\/\/oliviagreencamping.com\/de\/wp-json\/wp\/v2\/types\/page"}],"author":[{"embeddable":true,"href":"https:\/\/oliviagreencamping.com\/de\/wp-json\/wp\/v2\/users\/3"}],"replies":[{"embeddable":true,"href":"https:\/\/oliviagreencamping.com\/de\/wp-json\/wp\/v2\/comments?post=7682"}],"version-history":[{"count":1,"href":"https:\/\/oliviagreencamping.com\/de\/wp-json\/wp\/v2\/pages\/7682\/revisions"}],"predecessor-version":[{"id":14754,"href":"https:\/\/oliviagreencamping.com\/de\/wp-json\/wp\/v2\/pages\/7682\/revisions\/14754"}],"wp:featuredmedia":[{"embeddable":true,"href":"https:\/\/oliviagreencamping.com\/de\/wp-json\/wp\/v2\/media\/7685"}],"wp:attachment":[{"href":"https:\/\/oliviagreencamping.com\/de\/wp-json\/wp\/v2\/media?parent=7682"}],"curies":[{"name":"wp","href":"https:\/\/api.w.org\/{rel}","templated":true}]}}