{"id":7953,"date":"2021-05-06T12:47:50","date_gmt":"2021-05-06T12:47:50","guid":{"rendered":"https:\/\/oliviagreencamping.com\/musikfestivals\/"},"modified":"2024-05-28T06:48:39","modified_gmt":"2024-05-28T06:48:39","slug":"musikfestivals","status":"publish","type":"page","link":"https:\/\/oliviagreencamping.com\/de\/musikfestivals\/","title":{"rendered":"Musikfestivals"},"content":{"rendered":"<section class=\"wpb-content-wrapper\"><p>[vc_row content_placement=&#8221;top&#8221; css=&#8221;.vc_custom_1577985789974{padding-top: 20px !important;padding-bottom: 40px !important;}&#8221; responsive_css=&#8221;padding_top_medium:40px&#8221;][vc_column enable_content_animation=&#8221;yes&#8221; ca_init_scale_x=&#8221;1&#8243; ca_init_scale_y=&#8221;1&#8243; ca_init_scale_z=&#8221;1&#8243; ca_init_opacity=&#8221;0&#8243; ca_an_scale_x=&#8221;1&#8243; ca_an_scale_y=&#8221;1&#8243; ca_an_scale_z=&#8221;1&#8243; ca_an_opacity=&#8221;1&#8243; offset=&#8221;vc_col-md-6&#8243; ca_duration=&#8221;1200&#8243; ca_init_translate_x=&#8221;0&#8243; ca_init_rotate_z=&#8221;1&#8243; ca_init_translate_y=&#8221;45&#8243;]<style>.ld_fancy_heading_6a03a39164273 .lqd-highlight-inner{height:0.275em;bottom:0px;}<\/style><div class=\"ld-fancy-heading ld_fancy_heading_6a03a39164273\">\n\t<h2 class=\"lqd-highlight-underline lqd-highlight-grow-left\" ><span class=\"ld-fh-txt\"> Lassen Sie uns Sie tanzen sehen!<\/span><\/h2><\/div>[vc_empty_space height=&#8221;24px&#8221;][vc_column_text]Wenn Sie nach einer Party suchen, suchen Sie nicht weiter! Wenn es um Sommermusikfestivals geht, ist Tisno der richtige Ort. Jedes von ihnen beherbergt eine Reihe von Musikfestivals und bietet eine breite Palette von Genres an einem atemberaubenden Ort und in einer intimen Umgebung, die jeden Sommer eine weltweite Menge von Musikliebhabern und Abenteuersuchenden willkommen hei\u00dft.<\/p>\n<p>Die weltber\u00fchmten Festivals Outlook Origins, Dimensions, Defected und Love International sind nur einige namhafte Veranstaltungen in Tisno. [\/vc_column_text][\/vc_column][vc_column offset=&#8221;vc_col-md-6&#8243;][vc_empty_space height=&#8221;100px&#8221;]<div id=\"ld_images_group_container_6a03a3916494e\" class=\"liquid-img-group-container ld_images_group_container_6a03a3916494e\"  >\n\t<div class=\"liquid-img-group-inner\">\n\t\t<div id=\"ld_images_group_element_6a03a39164c40\" class=\"liquid-img-group-single ld_images_group_element_6a03a39164c40\" data-reveal=\"true\" data-reveal-options='{\"direction\":\"lr\",\"bgcolor\":\"rgb(23, 64, 66)\",\"delay\":\"\"}'>\n\t\n\t\t\n\t<div class=\"liquid-img-group-img-container\">\n\t\t\n\t\t\n\t\t\t\t\n\t\t\t\t<div class=\"liquid-img-container-inner\" data-parallax=\"true\" data-parallax-from='{\"translateY\":32}' data-parallax-to='{\"translateY\":-33}' data-parallax-options='{\"overflowHidden\":false,\"easing\":\"linear\"}'>\n\t\t\t<figure ><img width=\"960\" height=\"640\" src=\"data:image\/svg+xml;charset=utf-8,&lt;svg xmlns%3D&#039;http%3A%2F%2Fwww.w3.org%2F2000%2Fsvg&#039; viewBox%3D&#039;0 0 960 640&#039;%2F&gt;\" srcset=\"\" class=\" ld-lazyload\" alt=\"\" data-src=\"https:\/\/oliviagreencamping.com\/wp-content\/uploads\/2020\/04\/Music-festivals-2.jpg\" data-srcset=\"https:\/\/oliviagreencamping.com\/wp-content\/uploads\/2020\/04\/Music-festivals-2-300x200.jpg 300w, https:\/\/oliviagreencamping.com\/wp-content\/uploads\/2020\/04\/Music-festivals-2.jpg 960w\" data-aspect=\"1.5\" \/><\/figure>\t\t\t\t\t<\/div><!-- \/.liquid-img-container-inner -->\n\t\t\n\t<\/div><!-- \/.liquid-img-group-content -->\n<\/div><!-- \/.liquid-img-group-single --><div id=\"ld_images_group_element_6a03a3916d704\" class=\"liquid-img-group-single ld_images_group_element_6a03a3916d704\" data-reveal=\"true\" data-reveal-options='{\"direction\":\"lr\",\"bgcolor\":\"rgb(23, 64, 66)\",\"delay\":\"\"}'>\n\t\n\t\t\n\t<div class=\"liquid-img-group-img-container\">\n\t\t\n\t\t\n\t\t\t\t\n\t\t\t\t<div class=\"liquid-img-container-inner\" data-parallax=\"true\" data-parallax-from='{\"translateY\":32}' data-parallax-to='{\"translateY\":-33}' data-parallax-options='{\"overflowHidden\":false,\"easing\":\"linear\"}'>\n\t\t\t<figure ><img width=\"960\" height=\"640\" src=\"data:image\/svg+xml;charset=utf-8,&lt;svg xmlns%3D&#039;http%3A%2F%2Fwww.w3.org%2F2000%2Fsvg&#039; viewBox%3D&#039;0 0 960 640&#039;%2F&gt;\" srcset=\"\" class=\" ld-lazyload\" alt=\"\" data-src=\"https:\/\/oliviagreencamping.com\/wp-content\/uploads\/2020\/05\/Music-festivals-2-1.jpg\" data-srcset=\"https:\/\/oliviagreencamping.com\/wp-content\/uploads\/2020\/05\/Music-festivals-2-1-300x200.jpg 300w, https:\/\/oliviagreencamping.com\/wp-content\/uploads\/2020\/05\/Music-festivals-2-1.jpg 960w\" data-aspect=\"1.5\" \/><\/figure>\t\t\t\t\t<\/div><!-- \/.liquid-img-container-inner -->\n\t\t\n\t<\/div><!-- \/.liquid-img-group-content -->\n<\/div><!-- \/.liquid-img-group-single --><\/p>\n\t\n\t<\/div><!-- \/.liquid-img-group-inner -->\n<\/div><!-- \/.liquid-img-group-container --><style>.ld_spacer_6a03a39175b49{height:32px;}<\/style>\n<div class=\"ld-empty-space ld_spacer_6a03a39175b49\"><span class=\"liquid_empty_space_inner\"><\/span><\/div>[\/vc_column][\/vc_row][vc_row][vc_column][vc_empty_space][\/vc_column][\/vc_row]<\/p>\n<p>[vc_column]<header class=\"fancy-title text-center ld_section_title_6a03a39175d5e\">\n\t<h2>Unsere Aktivit\u00e4ten<\/h2>\t\t<\/header>[\/vc_column][vc_row css=&#8221;.vc_custom_1715946512754{margin-bottom: 40px !important;}&#8221;][vc_column width=&#8221;1\/4&#8243;][vc_hoverbox image=&#8221;16927&#8243; primary_title=&#8221;Pool Bar&#8221; primary_title_font_container=&#8221;font_size:30|color:%23ffffff&#8221; hover_title=&#8221;Pool Bar&#8221; hover_title_font_container=&#8221;font_size:30|color:%23f7f7f7&#8243; hover_background_color=&#8221;custom&#8221; hover_btn_title=&#8221;Mehr erfahren&#8221; hover_btn_color=&#8221;white&#8221; use_custom_fonts_primary_title=&#8221;true&#8221; use_custom_fonts_hover_title=&#8221;true&#8221; hover_add_button=&#8221;true&#8221; hover_custom_background=&#8221;#69806a&#8221; primary_title_link=&#8221;url:https%3A%2F%2Foliviagreencamping.com%2Fde%2Fpool-bar%2F&#8221; hover_title_link=&#8221;url:https%3A%2F%2Foliviagreencamping.com%2Fde%2Fpool-bar%2F&#8221; hover_btn_link=&#8221;url:https%3A%2F%2Foliviagreencamping.com%2Fde%2Fpool-bar%2F&#8221;][\/vc_hoverbox][\/vc_column][vc_column width=&#8221;1\/4&#8243;][vc_hoverbox image=&#8221;16917&#8243; primary_title=&#8221;Ausfl\u00fcge &amp; Aktivit\u00e4ten&#8221; primary_title_font_container=&#8221;font_size:30|color:%23ffffff&#8221; hover_title=&#8221;Ausfl\u00fcge &amp; Aktivit\u00e4ten&#8221; hover_title_font_container=&#8221;font_size:30|color:%23f7f7f7&#8243; hover_background_color=&#8221;custom&#8221; hover_btn_title=&#8221;Mehr erfahren&#8221; hover_btn_color=&#8221;white&#8221; use_custom_fonts_primary_title=&#8221;true&#8221; use_custom_fonts_hover_title=&#8221;true&#8221; hover_add_button=&#8221;true&#8221; hover_custom_background=&#8221;#69806a&#8221; primary_title_link=&#8221;url:https%3A%2F%2Foliviagreencamping.com%2Fde%2Fausfluege-aktivitaeten%2F&#8221; hover_title_link=&#8221;url:https%3A%2F%2Foliviagreencamping.com%2Fde%2Fausfluege-aktivitaeten%2F&#8221; hover_btn_link=&#8221;url:https%3A%2F%2Foliviagreencamping.com%2Fhr%2Fizleti-i-aktivnosti%2F&#8221;][\/vc_hoverbox][\/vc_column][vc_column width=&#8221;1\/4&#8243;][vc_hoverbox image=&#8221;17584&#8243; primary_title=&#8221;Animation&#8221; primary_title_font_container=&#8221;font_size:30|color:%23ffffff&#8221; hover_title=&#8221;Animation&#8221; hover_title_font_container=&#8221;font_size:30|color:%23f7f7f7&#8243; hover_background_color=&#8221;custom&#8221; hover_btn_title=&#8221;Mehr erfahren&#8221; hover_btn_color=&#8221;white&#8221; use_custom_fonts_primary_title=&#8221;true&#8221; use_custom_fonts_hover_title=&#8221;true&#8221; hover_add_button=&#8221;true&#8221; hover_custom_background=&#8221;#69806a&#8221; primary_title_link=&#8221;url:https%3A%2F%2Foliviagreencamping.com%2Fde%2Fanimation%2F&#8221; hover_title_link=&#8221;url:https%3A%2F%2Foliviagreencamping.com%2Fde%2Fanimation%2F&#8221; hover_btn_link=&#8221;url:https%3A%2F%2Foliviagreencamping.com%2Fde%2Fanimation%2F&#8221;][\/vc_hoverbox][\/vc_column][vc_column width=&#8221;1\/4&#8243;][vc_hoverbox image=&#8221;17590&#8243; primary_title=&#8221;Str\u00e4nde&#8221; primary_title_font_container=&#8221;font_size:30|color:%23ffffff&#8221; hover_title=&#8221;Str\u00e4nde&#8221; hover_title_font_container=&#8221;font_size:30|color:%23f7f7f7&#8243; hover_background_color=&#8221;custom&#8221; hover_btn_title=&#8221;Mehr erfahren&#8221; hover_btn_color=&#8221;white&#8221; use_custom_fonts_primary_title=&#8221;true&#8221; use_custom_fonts_hover_title=&#8221;true&#8221; hover_add_button=&#8221;true&#8221; hover_custom_background=&#8221;#69806a&#8221; primary_title_link=&#8221;url:https%3A%2F%2Foliviagreencamping.com%2Fde%2Fstraende%2F&#8221; hover_title_link=&#8221;url:https%3A%2F%2Foliviagreencamping.com%2Fde%2Fstraende%2F&#8221; hover_btn_link=&#8221;url:https%3A%2F%2Foliviagreencamping.com%2Fde%2Fstraende%2F&#8221;][\/vc_hoverbox][\/vc_column][\/vc_row][vc_row css=&#8221;.vc_custom_1715946512754{margin-bottom: 40px !important;}&#8221;][vc_column width=&#8221;1\/4&#8243;][vc_hoverbox image=&#8221;16907&#8243; primary_title=&#8221;Orte der Natur&#8221; primary_title_font_container=&#8221;font_size:30|color:%23ffffff&#8221; hover_title=&#8221;Orte der Natur&#8221; hover_title_font_container=&#8221;font_size:30|color:%23f7f7f7&#8243; hover_background_color=&#8221;custom&#8221; hover_btn_title=&#8221;Mehr erfahren&#8221; hover_btn_color=&#8221;white&#8221; use_custom_fonts_primary_title=&#8221;true&#8221; use_custom_fonts_hover_title=&#8221;true&#8221; hover_add_button=&#8221;true&#8221; hover_custom_background=&#8221;#69806a&#8221; primary_title_link=&#8221;url:https%3A%2F%2Foliviagreencamping.com%2Fde%2Forte-der-natur%2F&#8221; hover_title_link=&#8221;url:https%3A%2F%2Foliviagreencamping.com%2Fde%2Forte-der-natur%2F&#8221; hover_btn_link=&#8221;url:https%3A%2F%2Foliviagreencamping.com%2Fde%2Forte-der-natur%2F&#8221;][\/vc_hoverbox][\/vc_column][vc_column width=&#8221;1\/4&#8243;][vc_hoverbox image=&#8221;16912&#8243; primary_title=&#8221;St\u00e4dte in der N\u00e4he&#8221; primary_title_font_container=&#8221;font_size:30|color:%23ffffff&#8221; hover_title=&#8221;St\u00e4dte in der N\u00e4he&#8221; hover_title_font_container=&#8221;font_size:30|color:%23f7f7f7&#8243; hover_background_color=&#8221;custom&#8221; hover_btn_title=&#8221;Mehr erfahren&#8221; hover_btn_color=&#8221;white&#8221; use_custom_fonts_primary_title=&#8221;true&#8221; use_custom_fonts_hover_title=&#8221;true&#8221; hover_add_button=&#8221;true&#8221; hover_custom_background=&#8221;#69806a&#8221; primary_title_link=&#8221;url:https%3A%2F%2Foliviagreencamping.com%2Fde%2Fstaedte-in-der-naehe%2F&#8221; hover_title_link=&#8221;url:https%3A%2F%2Foliviagreencamping.com%2Fde%2Fstaedte-in-der-naehe%2F&#8221; hover_btn_link=&#8221;url:https%3A%2F%2Foliviagreencamping.com%2Fde%2Fstaedte-in-der-naehe%2F&#8221;][\/vc_hoverbox][\/vc_column][vc_column width=&#8221;1\/4&#8243;][vc_hoverbox image=&#8221;17595&#8243; primary_title=&#8221;Musikfestivals&#8221; primary_title_font_container=&#8221;font_size:30|color:%23ffffff&#8221; hover_title=&#8221;Musikfestivals&#8221; hover_title_font_container=&#8221;font_size:30|color:%23f7f7f7&#8243; hover_background_color=&#8221;custom&#8221; hover_btn_title=&#8221;Mehr erfahren&#8221; hover_btn_color=&#8221;white&#8221; use_custom_fonts_primary_title=&#8221;true&#8221; use_custom_fonts_hover_title=&#8221;true&#8221; hover_add_button=&#8221;true&#8221; hover_custom_background=&#8221;#69806a&#8221; primary_title_link=&#8221;url:https%3A%2F%2Foliviagreencamping.com%2Fde%2Fmusikfestivals%2F&#8221; hover_title_link=&#8221;url:https%3A%2F%2Foliviagreencamping.com%2Fde%2Fmusikfestivals%2F&#8221; hover_btn_link=&#8221;url:https%3A%2F%2Foliviagreencamping.com%2Fde%2Fmusikfestivals%2F&#8221;][\/vc_hoverbox][\/vc_column][vc_column width=&#8221;1\/4&#8243;][\/vc_column][\/vc_row]<\/p>\n<\/section>","protected":false},"excerpt":{"rendered":"<p>[vc_row content_placement=&#8221;top&#8221; css=&#8221;.vc_custom_1577985789974{padding-top: 20px !important;padding-bottom: 40px !important;}&#8221; responsive_css=&#8221;padding_top_medium:40px&#8221;][vc_column enable_content_animation=&#8221;yes&#8221; ca_init_scale_x=&#8221;1&#8243; ca_init_scale_y=&#8221;1&#8243; ca_init_scale_z=&#8221;1&#8243; ca_init_opacity=&#8221;0&#8243; ca_an_scale_x=&#8221;1&#8243; ca_an_scale_y=&#8221;1&#8243;&#8230;<\/p>\n","protected":false},"author":3,"featured_media":7956,"parent":0,"menu_order":0,"comment_status":"closed","ping_status":"closed","template":"","meta":[],"yoast_head":"<!-- This site is optimized with the Yoast SEO plugin v20.3 - https:\/\/yoast.com\/wordpress\/plugins\/seo\/ -->\n<title>Musikfestivals &ndash; Olivia Green Camping<\/title>\n<meta name=\"description\" content=\"If you are looking for a party, look no further! When it comes to summer music festivals, Tisno is the place to be. Dimension, Outlook, and many more.\" \/>\n<meta name=\"robots\" content=\"index, follow, max-snippet:-1, max-image-preview:large, max-video-preview:-1\" \/>\n<link rel=\"canonical\" href=\"https:\/\/oliviagreencamping.com\/de\/musikfestivals\/\" \/>\n<meta property=\"og:locale\" content=\"de_DE\" \/>\n<meta property=\"og:type\" content=\"article\" \/>\n<meta property=\"og:title\" content=\"Musikfestivals &ndash; Olivia Green Camping\" \/>\n<meta property=\"og:description\" content=\"If you are looking for a party, look no further! When it comes to summer music festivals, Tisno is the place to be. Dimension, Outlook, and many more.\" \/>\n<meta property=\"og:url\" content=\"https:\/\/oliviagreencamping.com\/de\/musikfestivals\/\" \/>\n<meta property=\"og:site_name\" content=\"Olivia Green Camping\" \/>\n<meta property=\"article:publisher\" content=\"https:\/\/www.facebook.com\/OliviaGreenCamping\/\" \/>\n<meta property=\"article:modified_time\" content=\"2024-05-28T06:48:39+00:00\" \/>\n<meta property=\"og:image\" content=\"https:\/\/oliviagreencamping.com\/wp-content\/uploads\/2020\/04\/Music-festivals-main.jpg\" \/>\n\t<meta property=\"og:image:width\" content=\"1920\" \/>\n\t<meta property=\"og:image:height\" content=\"908\" \/>\n\t<meta property=\"og:image:type\" content=\"image\/jpeg\" \/>\n<meta name=\"twitter:card\" content=\"summary_large_image\" \/>\n<meta name=\"twitter:label1\" content=\"Gesch\u00e4tzte Lesezeit\" \/>\n\t<meta name=\"twitter:data1\" content=\"2\u00a0Minuten\" \/>\n<script type=\"application\/ld+json\" class=\"yoast-schema-graph\">{\"@context\":\"https:\/\/schema.org\",\"@graph\":[{\"@type\":\"WebPage\",\"@id\":\"https:\/\/oliviagreencamping.com\/de\/musikfestivals\/\",\"url\":\"https:\/\/oliviagreencamping.com\/de\/musikfestivals\/\",\"name\":\"Musikfestivals &ndash; Olivia Green Camping\",\"isPartOf\":{\"@id\":\"https:\/\/oliviagreencamping.com\/de\/#website\"},\"datePublished\":\"2021-05-06T12:47:50+00:00\",\"dateModified\":\"2024-05-28T06:48:39+00:00\",\"description\":\"If you are looking for a party, look no further! When it comes to summer music festivals, Tisno is the place to be. Dimension, Outlook, and many more.\",\"breadcrumb\":{\"@id\":\"https:\/\/oliviagreencamping.com\/de\/musikfestivals\/#breadcrumb\"},\"inLanguage\":\"de\",\"potentialAction\":[{\"@type\":\"ReadAction\",\"target\":[\"https:\/\/oliviagreencamping.com\/de\/musikfestivals\/\"]}]},{\"@type\":\"BreadcrumbList\",\"@id\":\"https:\/\/oliviagreencamping.com\/de\/musikfestivals\/#breadcrumb\",\"itemListElement\":[{\"@type\":\"ListItem\",\"position\":1,\"name\":\"Home\",\"item\":\"https:\/\/oliviagreencamping.com\/de\/\"},{\"@type\":\"ListItem\",\"position\":2,\"name\":\"Musikfestivals\"}]},{\"@type\":\"WebSite\",\"@id\":\"https:\/\/oliviagreencamping.com\/de\/#website\",\"url\":\"https:\/\/oliviagreencamping.com\/de\/\",\"name\":\"Olivia Green Camping\",\"description\":\"Luxury Camping in Croatia\",\"publisher\":{\"@id\":\"https:\/\/oliviagreencamping.com\/de\/#organization\"},\"potentialAction\":[{\"@type\":\"SearchAction\",\"target\":{\"@type\":\"EntryPoint\",\"urlTemplate\":\"https:\/\/oliviagreencamping.com\/de\/?s={search_term_string}\"},\"query-input\":\"required name=search_term_string\"}],\"inLanguage\":\"de\"},{\"@type\":\"Organization\",\"@id\":\"https:\/\/oliviagreencamping.com\/de\/#organization\",\"name\":\"Zelena Luka d.o.o.\",\"url\":\"https:\/\/oliviagreencamping.com\/de\/\",\"logo\":{\"@type\":\"ImageObject\",\"inLanguage\":\"de\",\"@id\":\"https:\/\/oliviagreencamping.com\/de\/#\/schema\/logo\/image\/\",\"url\":\"https:\/\/oliviagreencamping.com\/wp-content\/uploads\/2019\/08\/olivia_logo-07.png\",\"contentUrl\":\"https:\/\/oliviagreencamping.com\/wp-content\/uploads\/2019\/08\/olivia_logo-07.png\",\"width\":1318,\"height\":1125,\"caption\":\"Zelena Luka d.o.o.\"},\"image\":{\"@id\":\"https:\/\/oliviagreencamping.com\/de\/#\/schema\/logo\/image\/\"},\"sameAs\":[\"https:\/\/www.facebook.com\/OliviaGreenCamping\/\",\"https:\/\/www.instagram.com\/oliviagreencamping\/\"]}]}<\/script>\n<!-- \/ Yoast SEO plugin. -->","yoast_head_json":{"title":"Musikfestivals &ndash; Olivia Green Camping","description":"If you are looking for a party, look no further! When it comes to summer music festivals, Tisno is the place to be. Dimension, Outlook, and many more.","robots":{"index":"index","follow":"follow","max-snippet":"max-snippet:-1","max-image-preview":"max-image-preview:large","max-video-preview":"max-video-preview:-1"},"canonical":"https:\/\/oliviagreencamping.com\/de\/musikfestivals\/","og_locale":"de_DE","og_type":"article","og_title":"Musikfestivals &ndash; Olivia Green Camping","og_description":"If you are looking for a party, look no further! When it comes to summer music festivals, Tisno is the place to be. Dimension, Outlook, and many more.","og_url":"https:\/\/oliviagreencamping.com\/de\/musikfestivals\/","og_site_name":"Olivia Green Camping","article_publisher":"https:\/\/www.facebook.com\/OliviaGreenCamping\/","article_modified_time":"2024-05-28T06:48:39+00:00","og_image":[{"width":1920,"height":908,"url":"https:\/\/oliviagreencamping.com\/wp-content\/uploads\/2020\/04\/Music-festivals-main.jpg","type":"image\/jpeg"}],"twitter_card":"summary_large_image","twitter_misc":{"Gesch\u00e4tzte Lesezeit":"2\u00a0Minuten"},"schema":{"@context":"https:\/\/schema.org","@graph":[{"@type":"WebPage","@id":"https:\/\/oliviagreencamping.com\/de\/musikfestivals\/","url":"https:\/\/oliviagreencamping.com\/de\/musikfestivals\/","name":"Musikfestivals &ndash; Olivia Green Camping","isPartOf":{"@id":"https:\/\/oliviagreencamping.com\/de\/#website"},"datePublished":"2021-05-06T12:47:50+00:00","dateModified":"2024-05-28T06:48:39+00:00","description":"If you are looking for a party, look no further! When it comes to summer music festivals, Tisno is the place to be. Dimension, Outlook, and many more.","breadcrumb":{"@id":"https:\/\/oliviagreencamping.com\/de\/musikfestivals\/#breadcrumb"},"inLanguage":"de","potentialAction":[{"@type":"ReadAction","target":["https:\/\/oliviagreencamping.com\/de\/musikfestivals\/"]}]},{"@type":"BreadcrumbList","@id":"https:\/\/oliviagreencamping.com\/de\/musikfestivals\/#breadcrumb","itemListElement":[{"@type":"ListItem","position":1,"name":"Home","item":"https:\/\/oliviagreencamping.com\/de\/"},{"@type":"ListItem","position":2,"name":"Musikfestivals"}]},{"@type":"WebSite","@id":"https:\/\/oliviagreencamping.com\/de\/#website","url":"https:\/\/oliviagreencamping.com\/de\/","name":"Olivia Green Camping","description":"Luxury Camping in Croatia","publisher":{"@id":"https:\/\/oliviagreencamping.com\/de\/#organization"},"potentialAction":[{"@type":"SearchAction","target":{"@type":"EntryPoint","urlTemplate":"https:\/\/oliviagreencamping.com\/de\/?s={search_term_string}"},"query-input":"required name=search_term_string"}],"inLanguage":"de"},{"@type":"Organization","@id":"https:\/\/oliviagreencamping.com\/de\/#organization","name":"Zelena Luka d.o.o.","url":"https:\/\/oliviagreencamping.com\/de\/","logo":{"@type":"ImageObject","inLanguage":"de","@id":"https:\/\/oliviagreencamping.com\/de\/#\/schema\/logo\/image\/","url":"https:\/\/oliviagreencamping.com\/wp-content\/uploads\/2019\/08\/olivia_logo-07.png","contentUrl":"https:\/\/oliviagreencamping.com\/wp-content\/uploads\/2019\/08\/olivia_logo-07.png","width":1318,"height":1125,"caption":"Zelena Luka d.o.o."},"image":{"@id":"https:\/\/oliviagreencamping.com\/de\/#\/schema\/logo\/image\/"},"sameAs":["https:\/\/www.facebook.com\/OliviaGreenCamping\/","https:\/\/www.instagram.com\/oliviagreencamping\/"]}]}},"_links":{"self":[{"href":"https:\/\/oliviagreencamping.com\/de\/wp-json\/wp\/v2\/pages\/7953"}],"collection":[{"href":"https:\/\/oliviagreencamping.com\/de\/wp-json\/wp\/v2\/pages"}],"about":[{"href":"https:\/\/oliviagreencamping.com\/de\/wp-json\/wp\/v2\/types\/page"}],"author":[{"embeddable":true,"href":"https:\/\/oliviagreencamping.com\/de\/wp-json\/wp\/v2\/users\/3"}],"replies":[{"embeddable":true,"href":"https:\/\/oliviagreencamping.com\/de\/wp-json\/wp\/v2\/comments?post=7953"}],"version-history":[{"count":3,"href":"https:\/\/oliviagreencamping.com\/de\/wp-json\/wp\/v2\/pages\/7953\/revisions"}],"predecessor-version":[{"id":17677,"href":"https:\/\/oliviagreencamping.com\/de\/wp-json\/wp\/v2\/pages\/7953\/revisions\/17677"}],"wp:featuredmedia":[{"embeddable":true,"href":"https:\/\/oliviagreencamping.com\/de\/wp-json\/wp\/v2\/media\/7956"}],"wp:attachment":[{"href":"https:\/\/oliviagreencamping.com\/de\/wp-json\/wp\/v2\/media?parent=7953"}],"curies":[{"name":"wp","href":"https:\/\/api.w.org\/{rel}","templated":true}]}}