{"id":8087,"date":"2021-05-06T13:03:24","date_gmt":"2021-05-06T13:03:24","guid":{"rendered":"https:\/\/oliviagreencamping.com\/kontakt\/"},"modified":"2024-04-16T13:10:36","modified_gmt":"2024-04-16T13:10:36","slug":"kontakt","status":"publish","type":"page","link":"https:\/\/oliviagreencamping.com\/de\/kontakt\/","title":{"rendered":"Kontakt"},"content":{"rendered":"<section class=\"wpb-content-wrapper\"><p>[vc_row css=&#8221;.vc_custom_1578068044866{padding-top: 130px !important;padding-bottom: 130px !important;background-color: #ffffff !important;}&#8221;][vc_column offset=&#8221;vc_col-md-4&#8243; responsive_css=&#8221;margin_bottom_medium:0px|padding_left_medium:7%25&#8243; css=&#8221;.vc_custom_1578068027373{margin-bottom: 30px !important;}&#8221;]<style>.ld_fancy_heading_69e8effd10705 h2{font-weight:300;color:rgb(26, 28, 38);}.ld_fancy_heading_69e8effd10705 .lqd-highlight-inner{height:0.275em;bottom:0px;}<\/style><div class=\"ld-fancy-heading ld_fancy_heading_69e8effd10705\">\n\t<h2 class=\"lqd-highlight-underline lqd-highlight-grow-left h3\" ><span class=\"ld-fh-txt\"> Kontaktiere uns<\/span><\/h2><\/div>[vc_separator color=&#8221;custom&#8221; accent_color=&#8221;#748c74&#8243;][vc_row_inner][vc_column_inner][vc_column_text css=&#8221;.vc_custom_1713273029349{margin-bottom: 40px !important;}&#8221;]Ein freundliches L\u00e4cheln begr\u00fc\u00dft Sie an der Rezeption. Nach dem Einchecken werden Sie von unseren Mitarbeitern zu Ihrer Campingvilla oder Ihrem Campingplatz geleitet.<\/p>\n<p>Sobald Sie sich eingelebt haben, laden wir Sie ein, die Rezeption zur Orientierung zu besuchen. Unsere Mitarbeiter helfen Ihnen gerne bei Fragen und W\u00fcnschen, einschlie\u00dflich der Organisation von Ausfl\u00fcgen oder Aktivit\u00e4ten, und geben Ihnen Informationen zur Umgebung.<\/p>\n<p><strong>Rezeption<\/strong><\/p>\n<p><a href=\"tel:++385916056652\">+385 91 605 6652<\/a><\/p>\n<p><a href=\"mailto:contact@oliviagreencamping.com\">contact@oliviagreencamping.com<\/a><\/p>\n<p>Arbeitszeit: 0:00h \u2013 24:00h<\/p>\n<p><strong>Informationen zur Restaurantreservierung<\/strong><\/p>\n<p>+385 99 227 6672<\/p>\n<p><a href=\"mailto:contact@oliviagreencamping.com\">contact@oliviagreencamping.com<\/a><\/p>\n<p>Arbeitszeit: 8:00h \u2013 23:00h[\/vc_column_text][vc_column_text css=&#8221;.vc_custom_1565552817579{margin-bottom: 40px !important;}&#8221;]ZELENA LUKA d.o.o.<br \/>\nPut Jazine 328<br \/>\n22240 Tisno<br \/>\nDalmatia, Croatia<\/p>\n<p>OIB: 74477491818<br \/>\nMB: 02888629[\/vc_column_text]<a href=\"https:\/\/tourmkr.com\/F1yK1F4x1E\/38226715p&#038;194.93h&#038;88.92t\" target=\"_blank\" class=\"btn btn-solid btn-lg btn-bordered border-thin ld_button_69e8effd10ef3\">\n\t<span>\n\t\t\n\t\t\t\t\t<span class=\"btn-txt\">Virtuelle Tour<\/span>\n\t\t\t\n\t\t\t\t<\/span>\n<\/a>\n[\/vc_column_inner][\/vc_row_inner][\/vc_column][vc_column enable_column_shadowbox=&#8221;yes&#8221; align=&#8221;text-center&#8221; offset=&#8221;vc_col-md-offset-1 vc_col-md-7&#8243; css=&#8221;.vc_custom_1565552175859{border-top-width: 1px !important;border-right-width: 1px !important;border-bottom-width: 1px !important;border-left-width: 1px !important;padding-top: 40px !important;padding-right: 12% !important;padding-left: 12% !important;background-color: #f2efea !important;background-position: center !important;background-repeat: no-repeat !important;background-size: cover !important;}&#8221; column_box_shadow=&#8221;%5B%7B%22shadow_color%22%3A%22rgb(0%2C%200%2C%200)%22%7D%5D&#8221;]<style>.ld_fancy_heading_69e8effd1248c h2{font-weight:300;color:rgb(26, 28, 38);}.ld_fancy_heading_69e8effd1248c h2 {margin-bottom:10px !important;  } .ld_fancy_heading_69e8effd1248c .lqd-highlight-inner{height:0.275em;bottom:0px;}.ld_fancy_heading_69e8effd1248c h2 {margin-bottom:10px !important;  } <\/style><div class=\"ld-fancy-heading ld_fancy_heading_69e8effd1248c\">\n\t<h2 class=\"lqd-highlight-underline lqd-highlight-grow-left h3\" ><span class=\"ld-fh-txt\"> <span style=\"font-weight: 400\">Eine Nachricht schicken<\/span><\/span><\/h2><\/div><style>.ld_spacer_69e8effd13899{height:10px;}<\/style>\n<div class=\"ld-empty-space ld_spacer_69e8effd13899\"><span class=\"liquid_empty_space_inner\"><\/span><\/div>[vc_column_text]<span style=\"color: #73747f; font-size: 15px; line-height: 26px;\">Bei Fragen stehen wir Ihnen gerne zur Verf\u00fcgung.<\/span>[\/vc_column_text]<style>.ld_spacer_69e8effd13af3{height:35px;}<\/style>\n<div class=\"ld-empty-space ld_spacer_69e8effd13af3\"><span class=\"liquid_empty_space_inner\"><\/span><\/div><style>.ld_cf7_69e8effd13ccc input[type=\"submit\"], .ld_cf7_69e8effd13ccc button[type=\"submit\"]{border-color:rgba(255, 255, 255, 0);}.ld_cf7_69e8effd13ccc input, .ld_cf7_69e8effd13ccc select, .ld_cf7_69e8effd13ccc textarea, .ld_cf7_69e8effd13ccc .ui-selectmenu-button{color:rgb(167, 169, 184);}.ld_cf7_69e8effd13ccc input:focus, .ld_cf7_69e8effd13ccc select:focus, .ld_cf7_69e8effd13ccc textarea:focus, .ld_cf7_69e8effd13ccc .ui-selectmenu-button:hover{color:rgb(24, 27, 49);}<\/style><div id=\"ld_cf7_69e8effd13ccc\" class=\"lqd-contact-form lqd-contact-form-inputs-md lqd-contact-form-inputs-underlined ld_cf7_69e8effd13ccc\">\n\t\n<div class=\"wpcf7 no-js\" id=\"wpcf7-f11449-o1\" lang=\"de-DE\" dir=\"ltr\">\n<div class=\"screen-reader-response\"><p role=\"status\" aria-live=\"polite\" aria-atomic=\"true\"><\/p> <ul><\/ul><\/div>\n<form action=\"\/de\/wp-json\/wp\/v2\/pages\/8087#wpcf7-f11449-o1\" method=\"post\" class=\"wpcf7-form init\" aria-label=\"Kontaktformular\" novalidate=\"novalidate\" data-status=\"init\">\n<div style=\"display: none;\">\n<input type=\"hidden\" name=\"_wpcf7\" value=\"11449\" \/>\n<input type=\"hidden\" name=\"_wpcf7_version\" value=\"5.7.5.1\" \/>\n<input type=\"hidden\" name=\"_wpcf7_locale\" value=\"de_DE\" \/>\n<input type=\"hidden\" name=\"_wpcf7_unit_tag\" value=\"wpcf7-f11449-o1\" \/>\n<input type=\"hidden\" name=\"_wpcf7_container_post\" value=\"0\" \/>\n<input type=\"hidden\" name=\"_wpcf7_posted_data_hash\" value=\"\" \/>\n<input type=\"hidden\" name=\"_wpcf7_recaptcha_response\" value=\"\" \/>\n<\/div>\n<p><label> Ihr Name (erforderlich)<br \/>\n<span class=\"wpcf7-form-control-wrap\" data-name=\"your-name\"><input size=\"40\" class=\"wpcf7-form-control wpcf7-text wpcf7-validates-as-required\" aria-required=\"true\" aria-invalid=\"false\" value=\"\" type=\"text\" name=\"your-name\" \/><\/span> <\/label>\n<\/p>\n<p><label> Ihre E-Mail (erforderlich)<br \/>\n<span class=\"wpcf7-form-control-wrap\" data-name=\"your-email\"><input size=\"40\" class=\"wpcf7-form-control wpcf7-text wpcf7-email wpcf7-validates-as-required wpcf7-validates-as-email\" aria-required=\"true\" aria-invalid=\"false\" value=\"\" type=\"email\" name=\"your-email\" \/><\/span> <\/label>\n<\/p>\n<p><label> Gegenstand<br \/>\n<span class=\"wpcf7-form-control-wrap\" data-name=\"your-subject\"><input size=\"40\" class=\"wpcf7-form-control wpcf7-text\" aria-invalid=\"false\" value=\"\" type=\"text\" name=\"your-subject\" \/><\/span> <\/label>\n<\/p>\n<p><label> Ihre Nachricht<br \/>\n<span class=\"wpcf7-form-control-wrap\" data-name=\"your-message\"><textarea cols=\"40\" rows=\"3\" class=\"wpcf7-form-control wpcf7-textarea\" aria-invalid=\"false\" name=\"your-message\"><\/textarea><\/span> <\/label>\n<\/p>\n<p><span id=\"wpcf7-69e8effd16a22-wrapper\" class=\"wpcf7-form-control-wrap email-wrap\" ><input id=\"wpcf7-69e8effd16a22-field\"  class=\"wpcf7-form-control wpcf7-text\" type=\"text\" name=\"email\" value=\"\" size=\"40\" tabindex=\"-1\" autocomplete=\"new-password\" \/><\/span>\n<\/p>\n<p><input class=\"wpcf7-form-control has-spinner wpcf7-submit\" type=\"submit\" value=\"Send\" \/>\n<\/p><div class=\"wpcf7-response-output\" aria-hidden=\"true\"><\/div>\n<\/form>\n<\/div>\n<\/div>[vc_gmaps link=&#8221;#E-8_JTNDaWZyYW1lJTIwc3JjJTNEJTIyaHR0cHMlM0ElMkYlMkZ3d3cuZ29vZ2xlLmNvbSUyRm1hcHMlMkZlbWJlZCUzRnBiJTNEJTIxMW0xNCUyMTFtOCUyMTFtMyUyMTFkMTE1MTYuMzg4MjIyMDQ1NTQ5JTIxMmQxNS42MjMxMTM3JTIxM2Q0My44MTIzNDYyJTIxM20yJTIxMWkxMDI0JTIxMmk3NjglMjE0ZjEzLjElMjEzbTMlMjExbTIlMjExczB4MCUyNTNBMHgzN2ZlMGQzZTA5MjA1NzNiJTIxMnNPbGl2aWElMjUyMEdyZWVuJTI1MjBDYW1waW5nJTIxNWUwJTIxM20yJTIxMXNlbiUyMTJzaHIlMjE0djE1ODc1NDQ1NDk0ODAlMjE1bTIlMjExc2VuJTIxMnNociUyMiUyMHdpZHRoJTNEJTIyNjAwJTIyJTIwaGVpZ2h0JTNEJTIyNDUwJTIyJTIwZnJhbWVib3JkZXIlM0QlMjIwJTIyJTIwc3R5bGUlM0QlMjJib3JkZXIlM0EwJTNCJTIyJTIwYWxsb3dmdWxsc2NyZWVuJTNEJTIyJTIyJTIwYXJpYS1oaWRkZW4lM0QlMjJmYWxzZSUyMiUyMHRhYmluZGV4JTNEJTIyMCUyMiUzRSUzQyUyRmlmcmFtZSUzRQ==&#8221;][\/vc_column][\/vc_row]<\/p>\n<\/section>","protected":false},"excerpt":{"rendered":"<p>[vc_row css=&#8221;.vc_custom_1578068044866{padding-top: 130px !important;padding-bottom: 130px !important;background-color: #ffffff !important;}&#8221;][vc_column offset=&#8221;vc_col-md-4&#8243; responsive_css=&#8221;margin_bottom_medium:0px|padding_left_medium:7%25&#8243; css=&#8221;.vc_custom_1578068027373{margin-bottom: 30px !important;}&#8221;][vc_separator color=&#8221;custom&#8221; accent_color=&#8221;#748c74&#8243;][vc_row_inner][vc_column_inner][vc_column_text&#8230;<\/p>\n","protected":false},"author":3,"featured_media":8090,"parent":0,"menu_order":0,"comment_status":"closed","ping_status":"closed","template":"","meta":[],"yoast_head":"<!-- This site is optimized with the Yoast SEO plugin v20.3 - https:\/\/yoast.com\/wordpress\/plugins\/seo\/ -->\n<title>Kontakt &ndash; Olivia Green Camping<\/title>\n<meta name=\"description\" content=\"Ein freundliches L\u00e4cheln begr\u00fc\u00dft Sie an der Rezeption. Nach dem Einchecken werden Sie von unseren Mitarbeitern zu Ihrer Campingvilla oder Ihrem Campingplatz geleitet.\" \/>\n<meta name=\"robots\" content=\"index, follow, max-snippet:-1, max-image-preview:large, max-video-preview:-1\" \/>\n<link rel=\"canonical\" href=\"https:\/\/oliviagreencamping.com\/de\/kontakt\/\" \/>\n<meta property=\"og:locale\" content=\"de_DE\" \/>\n<meta property=\"og:type\" content=\"article\" \/>\n<meta property=\"og:title\" content=\"Kontakt &ndash; Olivia Green Camping\" \/>\n<meta property=\"og:description\" content=\"Ein freundliches L\u00e4cheln begr\u00fc\u00dft Sie an der Rezeption. Nach dem Einchecken werden Sie von unseren Mitarbeitern zu Ihrer Campingvilla oder Ihrem Campingplatz geleitet.\" \/>\n<meta property=\"og:url\" content=\"https:\/\/oliviagreencamping.com\/de\/kontakt\/\" \/>\n<meta property=\"og:site_name\" content=\"Olivia Green Camping\" \/>\n<meta property=\"article:publisher\" content=\"https:\/\/www.facebook.com\/OliviaGreenCamping\/\" \/>\n<meta property=\"article:modified_time\" content=\"2024-04-16T13:10:36+00:00\" \/>\n<meta property=\"og:image\" content=\"https:\/\/oliviagreencamping.com\/wp-content\/uploads\/2020\/11\/DSC1164.jpg\" \/>\n\t<meta property=\"og:image:width\" content=\"2447\" \/>\n\t<meta property=\"og:image:height\" content=\"1634\" \/>\n\t<meta property=\"og:image:type\" content=\"image\/jpeg\" \/>\n<meta name=\"twitter:card\" content=\"summary_large_image\" \/>\n<meta name=\"twitter:label1\" content=\"Gesch\u00e4tzte Lesezeit\" \/>\n\t<meta name=\"twitter:data1\" content=\"1\u00a0Minute\" \/>\n<script type=\"application\/ld+json\" class=\"yoast-schema-graph\">{\"@context\":\"https:\/\/schema.org\",\"@graph\":[{\"@type\":\"WebPage\",\"@id\":\"https:\/\/oliviagreencamping.com\/de\/kontakt\/\",\"url\":\"https:\/\/oliviagreencamping.com\/de\/kontakt\/\",\"name\":\"Kontakt &ndash; Olivia Green Camping\",\"isPartOf\":{\"@id\":\"https:\/\/oliviagreencamping.com\/de\/#website\"},\"datePublished\":\"2021-05-06T13:03:24+00:00\",\"dateModified\":\"2024-04-16T13:10:36+00:00\",\"description\":\"Ein freundliches L\u00e4cheln begr\u00fc\u00dft Sie an der Rezeption. Nach dem Einchecken werden Sie von unseren Mitarbeitern zu Ihrer Campingvilla oder Ihrem Campingplatz geleitet.\",\"breadcrumb\":{\"@id\":\"https:\/\/oliviagreencamping.com\/de\/kontakt\/#breadcrumb\"},\"inLanguage\":\"de\",\"potentialAction\":[{\"@type\":\"ReadAction\",\"target\":[\"https:\/\/oliviagreencamping.com\/de\/kontakt\/\"]}]},{\"@type\":\"BreadcrumbList\",\"@id\":\"https:\/\/oliviagreencamping.com\/de\/kontakt\/#breadcrumb\",\"itemListElement\":[{\"@type\":\"ListItem\",\"position\":1,\"name\":\"Home\",\"item\":\"https:\/\/oliviagreencamping.com\/de\/\"},{\"@type\":\"ListItem\",\"position\":2,\"name\":\"Kontakt\"}]},{\"@type\":\"WebSite\",\"@id\":\"https:\/\/oliviagreencamping.com\/de\/#website\",\"url\":\"https:\/\/oliviagreencamping.com\/de\/\",\"name\":\"Olivia Green Camping\",\"description\":\"Luxury Camping in Croatia\",\"publisher\":{\"@id\":\"https:\/\/oliviagreencamping.com\/de\/#organization\"},\"potentialAction\":[{\"@type\":\"SearchAction\",\"target\":{\"@type\":\"EntryPoint\",\"urlTemplate\":\"https:\/\/oliviagreencamping.com\/de\/?s={search_term_string}\"},\"query-input\":\"required name=search_term_string\"}],\"inLanguage\":\"de\"},{\"@type\":\"Organization\",\"@id\":\"https:\/\/oliviagreencamping.com\/de\/#organization\",\"name\":\"Zelena Luka d.o.o.\",\"url\":\"https:\/\/oliviagreencamping.com\/de\/\",\"logo\":{\"@type\":\"ImageObject\",\"inLanguage\":\"de\",\"@id\":\"https:\/\/oliviagreencamping.com\/de\/#\/schema\/logo\/image\/\",\"url\":\"https:\/\/oliviagreencamping.com\/wp-content\/uploads\/2019\/08\/olivia_logo-07.png\",\"contentUrl\":\"https:\/\/oliviagreencamping.com\/wp-content\/uploads\/2019\/08\/olivia_logo-07.png\",\"width\":1318,\"height\":1125,\"caption\":\"Zelena Luka d.o.o.\"},\"image\":{\"@id\":\"https:\/\/oliviagreencamping.com\/de\/#\/schema\/logo\/image\/\"},\"sameAs\":[\"https:\/\/www.facebook.com\/OliviaGreenCamping\/\",\"https:\/\/www.instagram.com\/oliviagreencamping\/\"]}]}<\/script>\n<!-- \/ Yoast SEO plugin. -->","yoast_head_json":{"title":"Kontakt &ndash; Olivia Green Camping","description":"Ein freundliches L\u00e4cheln begr\u00fc\u00dft Sie an der Rezeption. Nach dem Einchecken werden Sie von unseren Mitarbeitern zu Ihrer Campingvilla oder Ihrem Campingplatz geleitet.","robots":{"index":"index","follow":"follow","max-snippet":"max-snippet:-1","max-image-preview":"max-image-preview:large","max-video-preview":"max-video-preview:-1"},"canonical":"https:\/\/oliviagreencamping.com\/de\/kontakt\/","og_locale":"de_DE","og_type":"article","og_title":"Kontakt &ndash; Olivia Green Camping","og_description":"Ein freundliches L\u00e4cheln begr\u00fc\u00dft Sie an der Rezeption. Nach dem Einchecken werden Sie von unseren Mitarbeitern zu Ihrer Campingvilla oder Ihrem Campingplatz geleitet.","og_url":"https:\/\/oliviagreencamping.com\/de\/kontakt\/","og_site_name":"Olivia Green Camping","article_publisher":"https:\/\/www.facebook.com\/OliviaGreenCamping\/","article_modified_time":"2024-04-16T13:10:36+00:00","og_image":[{"width":2447,"height":1634,"url":"https:\/\/oliviagreencamping.com\/wp-content\/uploads\/2020\/11\/DSC1164.jpg","type":"image\/jpeg"}],"twitter_card":"summary_large_image","twitter_misc":{"Gesch\u00e4tzte Lesezeit":"1\u00a0Minute"},"schema":{"@context":"https:\/\/schema.org","@graph":[{"@type":"WebPage","@id":"https:\/\/oliviagreencamping.com\/de\/kontakt\/","url":"https:\/\/oliviagreencamping.com\/de\/kontakt\/","name":"Kontakt &ndash; Olivia Green Camping","isPartOf":{"@id":"https:\/\/oliviagreencamping.com\/de\/#website"},"datePublished":"2021-05-06T13:03:24+00:00","dateModified":"2024-04-16T13:10:36+00:00","description":"Ein freundliches L\u00e4cheln begr\u00fc\u00dft Sie an der Rezeption. Nach dem Einchecken werden Sie von unseren Mitarbeitern zu Ihrer Campingvilla oder Ihrem Campingplatz geleitet.","breadcrumb":{"@id":"https:\/\/oliviagreencamping.com\/de\/kontakt\/#breadcrumb"},"inLanguage":"de","potentialAction":[{"@type":"ReadAction","target":["https:\/\/oliviagreencamping.com\/de\/kontakt\/"]}]},{"@type":"BreadcrumbList","@id":"https:\/\/oliviagreencamping.com\/de\/kontakt\/#breadcrumb","itemListElement":[{"@type":"ListItem","position":1,"name":"Home","item":"https:\/\/oliviagreencamping.com\/de\/"},{"@type":"ListItem","position":2,"name":"Kontakt"}]},{"@type":"WebSite","@id":"https:\/\/oliviagreencamping.com\/de\/#website","url":"https:\/\/oliviagreencamping.com\/de\/","name":"Olivia Green Camping","description":"Luxury Camping in Croatia","publisher":{"@id":"https:\/\/oliviagreencamping.com\/de\/#organization"},"potentialAction":[{"@type":"SearchAction","target":{"@type":"EntryPoint","urlTemplate":"https:\/\/oliviagreencamping.com\/de\/?s={search_term_string}"},"query-input":"required name=search_term_string"}],"inLanguage":"de"},{"@type":"Organization","@id":"https:\/\/oliviagreencamping.com\/de\/#organization","name":"Zelena Luka d.o.o.","url":"https:\/\/oliviagreencamping.com\/de\/","logo":{"@type":"ImageObject","inLanguage":"de","@id":"https:\/\/oliviagreencamping.com\/de\/#\/schema\/logo\/image\/","url":"https:\/\/oliviagreencamping.com\/wp-content\/uploads\/2019\/08\/olivia_logo-07.png","contentUrl":"https:\/\/oliviagreencamping.com\/wp-content\/uploads\/2019\/08\/olivia_logo-07.png","width":1318,"height":1125,"caption":"Zelena Luka d.o.o."},"image":{"@id":"https:\/\/oliviagreencamping.com\/de\/#\/schema\/logo\/image\/"},"sameAs":["https:\/\/www.facebook.com\/OliviaGreenCamping\/","https:\/\/www.instagram.com\/oliviagreencamping\/"]}]}},"_links":{"self":[{"href":"https:\/\/oliviagreencamping.com\/de\/wp-json\/wp\/v2\/pages\/8087"}],"collection":[{"href":"https:\/\/oliviagreencamping.com\/de\/wp-json\/wp\/v2\/pages"}],"about":[{"href":"https:\/\/oliviagreencamping.com\/de\/wp-json\/wp\/v2\/types\/page"}],"author":[{"embeddable":true,"href":"https:\/\/oliviagreencamping.com\/de\/wp-json\/wp\/v2\/users\/3"}],"replies":[{"embeddable":true,"href":"https:\/\/oliviagreencamping.com\/de\/wp-json\/wp\/v2\/comments?post=8087"}],"version-history":[{"count":2,"href":"https:\/\/oliviagreencamping.com\/de\/wp-json\/wp\/v2\/pages\/8087\/revisions"}],"predecessor-version":[{"id":16278,"href":"https:\/\/oliviagreencamping.com\/de\/wp-json\/wp\/v2\/pages\/8087\/revisions\/16278"}],"wp:featuredmedia":[{"embeddable":true,"href":"https:\/\/oliviagreencamping.com\/de\/wp-json\/wp\/v2\/media\/8090"}],"wp:attachment":[{"href":"https:\/\/oliviagreencamping.com\/de\/wp-json\/wp\/v2\/media?parent=8087"}],"curies":[{"name":"wp","href":"https:\/\/api.w.org\/{rel}","templated":true}]}}