{"id":8186,"date":"2021-05-07T08:30:05","date_gmt":"2021-05-07T08:30:05","guid":{"rendered":"https:\/\/oliviagreencamping.com\/campingvillen\/"},"modified":"2024-04-12T10:32:24","modified_gmt":"2024-04-12T10:32:24","slug":"campingvillen","status":"publish","type":"page","link":"https:\/\/oliviagreencamping.com\/de\/campingvillen\/","title":{"rendered":"Campingvillen"},"content":{"rendered":"<section class=\"wpb-content-wrapper\"><p>[vc_row responsive_css=&#8221;margin_top_medium:&#8221; css=&#8221;.vc_custom_1679494797682{padding-top: 60px !important;padding-bottom: 5% !important;background-color: #f2efea !important;}&#8221;][vc_column][vc_basic_grid post_type=&#8221;accommodation&#8221; max_items=&#8221;12&#8243; element_width=&#8221;12&#8243; order=&#8221;ASC&#8221; item=&#8221;5806&#8243; grid_id=&#8221;vc_gid:1712917935194-ec1d5477-fbf5-5&#8243; taxonomies=&#8221;18&#8243;][\/vc_column][\/vc_row][vc_row css=&#8221;.vc_custom_1580135847993{padding-top: 10% !important;padding-bottom: 10% !important;}&#8221;][vc_column width=&#8221;1\/2&#8243;]<style>.ld_fancy_heading_69f33349761c9 .lqd-highlight-inner{height:0.275em;bottom:0px;}<\/style><div class=\"ld-fancy-heading ld_fancy_heading_69f33349761c9\">\n\t<p class=\"lqd-highlight-underline lqd-highlight-grow-left\" ><span class=\"ld-fh-txt\"> Wir haben 9 verschiedene Arten von Campingvillen im Angebot. Egal, ob Sie als Paar, Familie oder Gruppe von Freunden kommen, Sie werden w\u00e4hrend Ihres Aufenthalts in unseren luxuri\u00f6sen und zeitgem\u00e4\u00df gestalteten Campingvillen eine 5-Sterne-Behandlung erhalten. Alle Villen sind direkt am Meer ausgerichtet, sodass Sie jeden Tag mit atemberaubendem Meerblick aufwachen k\u00f6nnen. Jede Villa verf\u00fcgt \u00fcber eine gro\u00dfe schattige Terrasse mit Meerblick, auf der Sie sich jeden Tag entspannen k\u00f6nnen, w\u00e4hrend Sie ein Glas kroatischen Wein genie\u00dfen, dessen Geschichte bis zu den antiken griechischen Siedlern zur\u00fcckreicht. Einige Villen verf\u00fcgen \u00fcber einen halbprivaten Pool, der von zwei Villen geteilt wird. Die Option zur Buchung einer privaten Nutzung eines Pools ist gegen Aufpreis m\u00f6glich.<\/span><\/p><\/div><style>.ld_fancy_heading_69f3334976b13 .lqd-highlight-inner{height:0.275em;bottom:0px;}<\/style><div class=\"ld-fancy-heading ld_fancy_heading_69f3334976b13\">\n\t<p class=\"lqd-highlight-underline lqd-highlight-grow-left\" ><span class=\"ld-fh-txt\"> Unsere Villen sind au\u00dferdem bio-gr\u00fcn zertifiziert und bestehen aus nat\u00fcrlichen und recycelbaren Materialien und Stoffen, die Ihnen eine reine, elegante und gem\u00fctliche Unterkunft bieten. Die Umweltvertr\u00e4glichkeit der Campingvilla wird in verschiedenen Formen und in verschiedenen Bereichen artikuliert, von der Materialauswahl bis zum Lebenszyklus des fertigen Produkts.<\/span><\/p><\/div><style>.ld_spacer_69f333497714d{height:32px;}<\/style>\n<div class=\"ld-empty-space ld_spacer_69f333497714d\"><span class=\"liquid_empty_space_inner\"><\/span><\/div>[\/vc_column][vc_column width=&#8221;1\/2&#8243;]<style>.ld_fancy_heading_69f333497746f .lqd-highlight-inner{height:0.275em;bottom:0px;}<\/style><div class=\"ld-fancy-heading ld_fancy_heading_69f333497746f\">\n\t<p class=\"lqd-highlight-underline lqd-highlight-grow-left\" ><span class=\"ld-fh-txt\"> Bio Green and Bio Green+ certificate elements:<\/p>\n<ul>\n<li>Supported galvanized steel frame, entirely recyclable<\/li>\n<li>Floor made of recycled material<\/li>\n<li>Exterior wall stratigraphy that improves the natural comfort of environments<\/li>\n<li>Insulated floor<\/li>\n<li>Exterior walls with cork insulation<\/li>\n<li>Eco-friendly wood or ecological fiber coating<\/li>\n<li>Natural fabrics<\/li>\n<\/ul>\n<p><\/span><\/p><\/div><style>.ld_spacer_69f3334977b2c{height:32px;}<\/style>\n<div class=\"ld-empty-space ld_spacer_69f3334977b2c\"><span class=\"liquid_empty_space_inner\"><\/span><\/div><a href=\"https:\/\/tourmkr.com\/F1yK1F4x1E\/38226715p&#038;194.93h&#038;88.92t\" target=\"_blank\" class=\"btn btn-solid btn-lg btn-bordered border-thin ld_button_69f3334977dfa\">\n\t<span>\n\t\t\n\t\t\t\t\t<span class=\"btn-txt\">Virtuelle Tour<\/span>\n\t\t\t\n\t\t\t\t<\/span>\n<\/a>\n<style>.ld_spacer_69f333497d268{height:32px;}<\/style>\n<div class=\"ld-empty-space ld_spacer_69f333497d268\"><span class=\"liquid_empty_space_inner\"><\/span><\/div>[\/vc_column][\/vc_row]<\/p>\n<\/section>","protected":false},"excerpt":{"rendered":"<p>[vc_row responsive_css=&#8221;margin_top_medium:&#8221; css=&#8221;.vc_custom_1679494797682{padding-top: 60px !important;padding-bottom: 5% !important;background-color: #f2efea !important;}&#8221;][vc_column][vc_basic_grid post_type=&#8221;accommodation&#8221; max_items=&#8221;12&#8243; element_width=&#8221;12&#8243; order=&#8221;ASC&#8221; item=&#8221;5806&#8243; grid_id=&#8221;vc_gid:1712917935194-ec1d5477-fbf5-5&#8243;&#8230;<\/p>\n","protected":false},"author":3,"featured_media":7066,"parent":0,"menu_order":0,"comment_status":"closed","ping_status":"closed","template":"","meta":[],"yoast_head":"<!-- This site is optimized with the Yoast SEO plugin v20.3 - https:\/\/yoast.com\/wordpress\/plugins\/seo\/ -->\n<title>Campingvillen &ndash; Olivia Green Camping<\/title>\n<meta name=\"description\" content=\"All of our Camping Villas have been created following the highest eco standards and have been granted the Bio Green and Bio Green + eco certificates.\" \/>\n<meta name=\"robots\" content=\"index, follow, max-snippet:-1, max-image-preview:large, max-video-preview:-1\" \/>\n<link rel=\"canonical\" href=\"https:\/\/oliviagreencamping.com\/de\/campingvillen\/\" \/>\n<meta property=\"og:locale\" content=\"de_DE\" \/>\n<meta property=\"og:type\" content=\"article\" \/>\n<meta property=\"og:title\" content=\"Campingvillen &ndash; Olivia Green Camping\" \/>\n<meta property=\"og:description\" content=\"All of our Camping Villas have been created following the highest eco standards and have been granted the Bio Green and Bio Green + eco certificates.\" \/>\n<meta property=\"og:url\" content=\"https:\/\/oliviagreencamping.com\/de\/campingvillen\/\" \/>\n<meta property=\"og:site_name\" content=\"Olivia Green Camping\" \/>\n<meta property=\"article:publisher\" content=\"https:\/\/www.facebook.com\/OliviaGreenCamping\/\" \/>\n<meta property=\"article:modified_time\" content=\"2024-04-12T10:32:24+00:00\" \/>\n<meta property=\"og:image\" content=\"https:\/\/oliviagreencamping.com\/wp-content\/uploads\/2019\/08\/accomodation_olivia.jpg\" \/>\n\t<meta property=\"og:image:width\" content=\"1920\" \/>\n\t<meta property=\"og:image:height\" content=\"1080\" \/>\n\t<meta property=\"og:image:type\" content=\"image\/jpeg\" \/>\n<meta name=\"twitter:card\" content=\"summary_large_image\" \/>\n<meta name=\"twitter:label1\" content=\"Gesch\u00e4tzte Lesezeit\" \/>\n\t<meta name=\"twitter:data1\" content=\"1\u00a0Minute\" \/>\n<script type=\"application\/ld+json\" class=\"yoast-schema-graph\">{\"@context\":\"https:\/\/schema.org\",\"@graph\":[{\"@type\":\"WebPage\",\"@id\":\"https:\/\/oliviagreencamping.com\/de\/campingvillen\/\",\"url\":\"https:\/\/oliviagreencamping.com\/de\/campingvillen\/\",\"name\":\"Campingvillen &ndash; Olivia Green Camping\",\"isPartOf\":{\"@id\":\"https:\/\/oliviagreencamping.com\/de\/#website\"},\"datePublished\":\"2021-05-07T08:30:05+00:00\",\"dateModified\":\"2024-04-12T10:32:24+00:00\",\"description\":\"All of our Camping Villas have been created following the highest eco standards and have been granted the Bio Green and Bio Green + eco certificates.\",\"breadcrumb\":{\"@id\":\"https:\/\/oliviagreencamping.com\/de\/campingvillen\/#breadcrumb\"},\"inLanguage\":\"de\",\"potentialAction\":[{\"@type\":\"ReadAction\",\"target\":[\"https:\/\/oliviagreencamping.com\/de\/campingvillen\/\"]}]},{\"@type\":\"BreadcrumbList\",\"@id\":\"https:\/\/oliviagreencamping.com\/de\/campingvillen\/#breadcrumb\",\"itemListElement\":[{\"@type\":\"ListItem\",\"position\":1,\"name\":\"Home\",\"item\":\"https:\/\/oliviagreencamping.com\/de\/\"},{\"@type\":\"ListItem\",\"position\":2,\"name\":\"Campingvillen\"}]},{\"@type\":\"WebSite\",\"@id\":\"https:\/\/oliviagreencamping.com\/de\/#website\",\"url\":\"https:\/\/oliviagreencamping.com\/de\/\",\"name\":\"Olivia Green Camping\",\"description\":\"Luxury Camping in Croatia\",\"publisher\":{\"@id\":\"https:\/\/oliviagreencamping.com\/de\/#organization\"},\"potentialAction\":[{\"@type\":\"SearchAction\",\"target\":{\"@type\":\"EntryPoint\",\"urlTemplate\":\"https:\/\/oliviagreencamping.com\/de\/?s={search_term_string}\"},\"query-input\":\"required name=search_term_string\"}],\"inLanguage\":\"de\"},{\"@type\":\"Organization\",\"@id\":\"https:\/\/oliviagreencamping.com\/de\/#organization\",\"name\":\"Zelena Luka d.o.o.\",\"url\":\"https:\/\/oliviagreencamping.com\/de\/\",\"logo\":{\"@type\":\"ImageObject\",\"inLanguage\":\"de\",\"@id\":\"https:\/\/oliviagreencamping.com\/de\/#\/schema\/logo\/image\/\",\"url\":\"https:\/\/oliviagreencamping.com\/wp-content\/uploads\/2019\/08\/olivia_logo-07.png\",\"contentUrl\":\"https:\/\/oliviagreencamping.com\/wp-content\/uploads\/2019\/08\/olivia_logo-07.png\",\"width\":1318,\"height\":1125,\"caption\":\"Zelena Luka d.o.o.\"},\"image\":{\"@id\":\"https:\/\/oliviagreencamping.com\/de\/#\/schema\/logo\/image\/\"},\"sameAs\":[\"https:\/\/www.facebook.com\/OliviaGreenCamping\/\",\"https:\/\/www.instagram.com\/oliviagreencamping\/\"]}]}<\/script>\n<!-- \/ Yoast SEO plugin. -->","yoast_head_json":{"title":"Campingvillen &ndash; Olivia Green Camping","description":"All of our Camping Villas have been created following the highest eco standards and have been granted the Bio Green and Bio Green + eco certificates.","robots":{"index":"index","follow":"follow","max-snippet":"max-snippet:-1","max-image-preview":"max-image-preview:large","max-video-preview":"max-video-preview:-1"},"canonical":"https:\/\/oliviagreencamping.com\/de\/campingvillen\/","og_locale":"de_DE","og_type":"article","og_title":"Campingvillen &ndash; Olivia Green Camping","og_description":"All of our Camping Villas have been created following the highest eco standards and have been granted the Bio Green and Bio Green + eco certificates.","og_url":"https:\/\/oliviagreencamping.com\/de\/campingvillen\/","og_site_name":"Olivia Green Camping","article_publisher":"https:\/\/www.facebook.com\/OliviaGreenCamping\/","article_modified_time":"2024-04-12T10:32:24+00:00","og_image":[{"width":1920,"height":1080,"url":"https:\/\/oliviagreencamping.com\/wp-content\/uploads\/2019\/08\/accomodation_olivia.jpg","type":"image\/jpeg"}],"twitter_card":"summary_large_image","twitter_misc":{"Gesch\u00e4tzte Lesezeit":"1\u00a0Minute"},"schema":{"@context":"https:\/\/schema.org","@graph":[{"@type":"WebPage","@id":"https:\/\/oliviagreencamping.com\/de\/campingvillen\/","url":"https:\/\/oliviagreencamping.com\/de\/campingvillen\/","name":"Campingvillen &ndash; Olivia Green Camping","isPartOf":{"@id":"https:\/\/oliviagreencamping.com\/de\/#website"},"datePublished":"2021-05-07T08:30:05+00:00","dateModified":"2024-04-12T10:32:24+00:00","description":"All of our Camping Villas have been created following the highest eco standards and have been granted the Bio Green and Bio Green + eco certificates.","breadcrumb":{"@id":"https:\/\/oliviagreencamping.com\/de\/campingvillen\/#breadcrumb"},"inLanguage":"de","potentialAction":[{"@type":"ReadAction","target":["https:\/\/oliviagreencamping.com\/de\/campingvillen\/"]}]},{"@type":"BreadcrumbList","@id":"https:\/\/oliviagreencamping.com\/de\/campingvillen\/#breadcrumb","itemListElement":[{"@type":"ListItem","position":1,"name":"Home","item":"https:\/\/oliviagreencamping.com\/de\/"},{"@type":"ListItem","position":2,"name":"Campingvillen"}]},{"@type":"WebSite","@id":"https:\/\/oliviagreencamping.com\/de\/#website","url":"https:\/\/oliviagreencamping.com\/de\/","name":"Olivia Green Camping","description":"Luxury Camping in Croatia","publisher":{"@id":"https:\/\/oliviagreencamping.com\/de\/#organization"},"potentialAction":[{"@type":"SearchAction","target":{"@type":"EntryPoint","urlTemplate":"https:\/\/oliviagreencamping.com\/de\/?s={search_term_string}"},"query-input":"required name=search_term_string"}],"inLanguage":"de"},{"@type":"Organization","@id":"https:\/\/oliviagreencamping.com\/de\/#organization","name":"Zelena Luka d.o.o.","url":"https:\/\/oliviagreencamping.com\/de\/","logo":{"@type":"ImageObject","inLanguage":"de","@id":"https:\/\/oliviagreencamping.com\/de\/#\/schema\/logo\/image\/","url":"https:\/\/oliviagreencamping.com\/wp-content\/uploads\/2019\/08\/olivia_logo-07.png","contentUrl":"https:\/\/oliviagreencamping.com\/wp-content\/uploads\/2019\/08\/olivia_logo-07.png","width":1318,"height":1125,"caption":"Zelena Luka d.o.o."},"image":{"@id":"https:\/\/oliviagreencamping.com\/de\/#\/schema\/logo\/image\/"},"sameAs":["https:\/\/www.facebook.com\/OliviaGreenCamping\/","https:\/\/www.instagram.com\/oliviagreencamping\/"]}]}},"_links":{"self":[{"href":"https:\/\/oliviagreencamping.com\/de\/wp-json\/wp\/v2\/pages\/8186"}],"collection":[{"href":"https:\/\/oliviagreencamping.com\/de\/wp-json\/wp\/v2\/pages"}],"about":[{"href":"https:\/\/oliviagreencamping.com\/de\/wp-json\/wp\/v2\/types\/page"}],"author":[{"embeddable":true,"href":"https:\/\/oliviagreencamping.com\/de\/wp-json\/wp\/v2\/users\/3"}],"replies":[{"embeddable":true,"href":"https:\/\/oliviagreencamping.com\/de\/wp-json\/wp\/v2\/comments?post=8186"}],"version-history":[{"count":3,"href":"https:\/\/oliviagreencamping.com\/de\/wp-json\/wp\/v2\/pages\/8186\/revisions"}],"predecessor-version":[{"id":16189,"href":"https:\/\/oliviagreencamping.com\/de\/wp-json\/wp\/v2\/pages\/8186\/revisions\/16189"}],"wp:featuredmedia":[{"embeddable":true,"href":"https:\/\/oliviagreencamping.com\/de\/wp-json\/wp\/v2\/media\/7066"}],"wp:attachment":[{"href":"https:\/\/oliviagreencamping.com\/de\/wp-json\/wp\/v2\/media?parent=8186"}],"curies":[{"name":"wp","href":"https:\/\/api.w.org\/{rel}","templated":true}]}}