{"id":10030,"date":"2021-05-14T09:21:46","date_gmt":"2021-05-14T09:21:46","guid":{"rendered":"https:\/\/oliviagreencamping.com\/kontakt\/"},"modified":"2024-04-16T13:07:19","modified_gmt":"2024-04-16T13:07:19","slug":"kontakt","status":"publish","type":"page","link":"https:\/\/oliviagreencamping.com\/hr\/kontakt\/","title":{"rendered":"Kontakt"},"content":{"rendered":"<section class=\"wpb-content-wrapper\"><p>[vc_row css=&#8221;.vc_custom_1578068044866{padding-top: 130px !important;padding-bottom: 130px !important;background-color: #ffffff !important;}&#8221;][vc_column offset=&#8221;vc_col-md-4&#8243; responsive_css=&#8221;margin_bottom_medium:0px|padding_left_medium:7%25&#8243; css=&#8221;.vc_custom_1578068027373{margin-bottom: 30px !important;}&#8221;]<style>.ld_fancy_heading_69f0e98764370 h2{font-weight:300;color:rgb(26, 28, 38);}.ld_fancy_heading_69f0e98764370 .lqd-highlight-inner{height:0.275em;bottom:0px;}<\/style><div class=\"ld-fancy-heading ld_fancy_heading_69f0e98764370\">\n\t<h2 class=\"lqd-highlight-underline lqd-highlight-grow-left h3\" ><span class=\"ld-fh-txt\"> Kontaktirajte nas<\/span><\/h2><\/div>[vc_separator color=&#8221;custom&#8221; accent_color=&#8221;#748c74&#8243;][vc_row_inner][vc_column_inner][vc_column_text css=&#8221;.vc_custom_1713272827103{margin-bottom: 40px !important;}&#8221;]Prijateljski osmijeh do\u010dekuje vas na recepciji. Nakon prijave, na\u0161e osoblje uputit \u0107e vas u va\u0161u kamping vilu ili kamp parcelu.<\/p>\n<p>Nakon \u0161to se smjestite, pozivamo vas da posjetite recepciju radi orijentacije. Na\u0161e osoblje rado \u0107e vam pomo\u0107i s bilo kakvim pitanjima i zahtjevima, uklju\u010duju\u0107i organizaciju izleta ili aktivnosti te vam pru\u017eiti lokalne informacije.<\/p>\n<p><strong>Recepcija<\/strong><\/p>\n<p><a href=\"tel:++385916056652\">+385 91 605 6652<\/a><\/p>\n<p><a href=\"mailto:contact@oliviagreencamping.com\">contact@oliviagreencamping.com<\/a><\/p>\n<p>Radno vrijeme: 0 \u2013 24 h<\/p>\n<p><strong>Informacije o rezervaciji restorana<\/strong><\/p>\n<p>+385 99 227 6672<\/p>\n<p><a href=\"mailto:contact@oliviagreencamping.com\">contact@oliviagreencamping.com<\/a><\/p>\n<p>Radno vrijeme: 8 \u2013 23 h[\/vc_column_text][vc_column_text css=&#8221;.vc_custom_1565552817579{margin-bottom: 40px !important;}&#8221;]ZELENA LUKA d.o.o.<br \/>\nPut Jazine 328<br \/>\n22240 Tisno<br \/>\nDalmatia, Croatia<\/p>\n<p>OIB: 74477491818<br \/>\nMB: 02888629[\/vc_column_text]<a href=\"https:\/\/tourmkr.com\/F1yK1F4x1E\/38226715p&#038;194.93h&#038;88.92t\" target=\"_blank\" class=\"btn btn-solid btn-lg btn-bordered border-thin ld_button_69f0e98764988\">\n\t<span>\n\t\t\n\t\t\t\t\t<span class=\"btn-txt\">Virtualna \u0161etnja<\/span>\n\t\t\t\n\t\t\t\t<\/span>\n<\/a>\n[\/vc_column_inner][\/vc_row_inner][\/vc_column][vc_column enable_column_shadowbox=&#8221;yes&#8221; align=&#8221;text-center&#8221; offset=&#8221;vc_col-md-offset-1 vc_col-md-7&#8243; css=&#8221;.vc_custom_1565552175859{border-top-width: 1px !important;border-right-width: 1px !important;border-bottom-width: 1px !important;border-left-width: 1px !important;padding-top: 40px !important;padding-right: 12% !important;padding-left: 12% !important;background-color: #f2efea !important;background-position: center !important;background-repeat: no-repeat !important;background-size: cover !important;}&#8221; column_box_shadow=&#8221;%5B%7B%22shadow_color%22%3A%22rgb(0%2C%200%2C%200)%22%7D%5D&#8221;]<style>.ld_fancy_heading_69f0e98766595 h2{font-weight:300;color:rgb(26, 28, 38);}.ld_fancy_heading_69f0e98766595 h2 {margin-bottom:10px !important;  } .ld_fancy_heading_69f0e98766595 .lqd-highlight-inner{height:0.275em;bottom:0px;}.ld_fancy_heading_69f0e98766595 h2 {margin-bottom:10px !important;  } <\/style><div class=\"ld-fancy-heading ld_fancy_heading_69f0e98766595\">\n\t<h2 class=\"lqd-highlight-underline lqd-highlight-grow-left h3\" ><span class=\"ld-fh-txt\"> <span style=\"font-weight: 400\">Po\u0161aljite poruku<\/span><\/span><\/h2><\/div><style>.ld_spacer_69f0e98768122{height:10px;}<\/style>\n<div class=\"ld-empty-space ld_spacer_69f0e98768122\"><span class=\"liquid_empty_space_inner\"><\/span><\/div>[vc_column_text]Na raspolaganju smo za sva Va\u0161a pitanja.[\/vc_column_text]<style>.ld_spacer_69f0e98768417{height:35px;}<\/style>\n<div class=\"ld-empty-space ld_spacer_69f0e98768417\"><span class=\"liquid_empty_space_inner\"><\/span><\/div><style>.ld_cf7_69f0e98768644 input[type=\"submit\"], .ld_cf7_69f0e98768644 button[type=\"submit\"]{border-color:rgba(255, 255, 255, 0);}.ld_cf7_69f0e98768644 input, .ld_cf7_69f0e98768644 select, .ld_cf7_69f0e98768644 textarea, .ld_cf7_69f0e98768644 .ui-selectmenu-button{color:rgb(167, 169, 184);}.ld_cf7_69f0e98768644 input:focus, .ld_cf7_69f0e98768644 select:focus, .ld_cf7_69f0e98768644 textarea:focus, .ld_cf7_69f0e98768644 .ui-selectmenu-button:hover{color:rgb(24, 27, 49);}<\/style><div id=\"ld_cf7_69f0e98768644\" class=\"lqd-contact-form lqd-contact-form-inputs-md lqd-contact-form-inputs-underlined ld_cf7_69f0e98768644\">\n\t\n<div class=\"wpcf7 no-js\" id=\"wpcf7-f11448-o1\" lang=\"hr\" dir=\"ltr\">\n<div class=\"screen-reader-response\"><p role=\"status\" aria-live=\"polite\" aria-atomic=\"true\"><\/p> <ul><\/ul><\/div>\n<form action=\"\/hr\/wp-json\/wp\/v2\/pages\/10030#wpcf7-f11448-o1\" method=\"post\" class=\"wpcf7-form init\" aria-label=\"Kontakt obrazac\" novalidate=\"novalidate\" data-status=\"init\">\n<div style=\"display: none;\">\n<input type=\"hidden\" name=\"_wpcf7\" value=\"11448\" \/>\n<input type=\"hidden\" name=\"_wpcf7_version\" value=\"5.7.5.1\" \/>\n<input type=\"hidden\" name=\"_wpcf7_locale\" value=\"hr\" \/>\n<input type=\"hidden\" name=\"_wpcf7_unit_tag\" value=\"wpcf7-f11448-o1\" \/>\n<input type=\"hidden\" name=\"_wpcf7_container_post\" value=\"0\" \/>\n<input type=\"hidden\" name=\"_wpcf7_posted_data_hash\" value=\"\" \/>\n<input type=\"hidden\" name=\"_wpcf7_recaptcha_response\" value=\"\" \/>\n<\/div>\n<p><label> Va\u0161e ime (obavezno)<br \/>\n<span class=\"wpcf7-form-control-wrap\" data-name=\"your-name\"><input size=\"40\" class=\"wpcf7-form-control wpcf7-text wpcf7-validates-as-required\" aria-required=\"true\" aria-invalid=\"false\" value=\"\" type=\"text\" name=\"your-name\" \/><\/span> <\/label>\n<\/p>\n<p><label> Va\u0161 e-mail (obavezno)<br \/>\n<span class=\"wpcf7-form-control-wrap\" data-name=\"your-email\"><input size=\"40\" class=\"wpcf7-form-control wpcf7-text wpcf7-email wpcf7-validates-as-required wpcf7-validates-as-email\" aria-required=\"true\" aria-invalid=\"false\" value=\"\" type=\"email\" name=\"your-email\" \/><\/span> <\/label>\n<\/p>\n<p><label> Predmet<br \/>\n<span class=\"wpcf7-form-control-wrap\" data-name=\"your-subject\"><input size=\"40\" class=\"wpcf7-form-control wpcf7-text\" aria-invalid=\"false\" value=\"\" type=\"text\" name=\"your-subject\" \/><\/span> <\/label>\n<\/p>\n<p><label> Va\u0161a poruka<br \/>\n<span class=\"wpcf7-form-control-wrap\" data-name=\"your-message\"><textarea cols=\"40\" rows=\"3\" class=\"wpcf7-form-control wpcf7-textarea\" aria-invalid=\"false\" name=\"your-message\"><\/textarea><\/span> <\/label>\n<\/p>\n<p><span id=\"wpcf7-69f0e9876b1b0-wrapper\" class=\"wpcf7-form-control-wrap email-wrap\" ><input id=\"wpcf7-69f0e9876b1b0-field\"  class=\"wpcf7-form-control wpcf7-text\" type=\"text\" name=\"email\" value=\"\" size=\"40\" tabindex=\"-1\" autocomplete=\"new-password\" \/><\/span>\n<\/p>\n<p><input class=\"wpcf7-form-control has-spinner wpcf7-submit\" type=\"submit\" value=\"Send\" \/>\n<\/p><div class=\"wpcf7-response-output\" aria-hidden=\"true\"><\/div>\n<\/form>\n<\/div>\n<\/div>[vc_gmaps link=&#8221;#E-8_JTNDaWZyYW1lJTIwc3JjJTNEJTIyaHR0cHMlM0ElMkYlMkZ3d3cuZ29vZ2xlLmNvbSUyRm1hcHMlMkZlbWJlZCUzRnBiJTNEJTIxMW0xNCUyMTFtOCUyMTFtMyUyMTFkMTE1MTYuMzg4MjIyMDQ1NTQ5JTIxMmQxNS42MjMxMTM3JTIxM2Q0My44MTIzNDYyJTIxM20yJTIxMWkxMDI0JTIxMmk3NjglMjE0ZjEzLjElMjEzbTMlMjExbTIlMjExczB4MCUyNTNBMHgzN2ZlMGQzZTA5MjA1NzNiJTIxMnNPbGl2aWElMjUyMEdyZWVuJTI1MjBDYW1waW5nJTIxNWUwJTIxM20yJTIxMXNlbiUyMTJzaHIlMjE0djE1ODc1NDQ1NDk0ODAlMjE1bTIlMjExc2VuJTIxMnNociUyMiUyMHdpZHRoJTNEJTIyNjAwJTIyJTIwaGVpZ2h0JTNEJTIyNDUwJTIyJTIwZnJhbWVib3JkZXIlM0QlMjIwJTIyJTIwc3R5bGUlM0QlMjJib3JkZXIlM0EwJTNCJTIyJTIwYWxsb3dmdWxsc2NyZWVuJTNEJTIyJTIyJTIwYXJpYS1oaWRkZW4lM0QlMjJmYWxzZSUyMiUyMHRhYmluZGV4JTNEJTIyMCUyMiUzRSUzQyUyRmlmcmFtZSUzRQ==&#8221;][\/vc_column][\/vc_row]<\/p>\n<\/section>","protected":false},"excerpt":{"rendered":"<p>[vc_row css=&#8221;.vc_custom_1578068044866{padding-top: 130px !important;padding-bottom: 130px !important;background-color: #ffffff !important;}&#8221;][vc_column offset=&#8221;vc_col-md-4&#8243; responsive_css=&#8221;margin_bottom_medium:0px|padding_left_medium:7%25&#8243; css=&#8221;.vc_custom_1578068027373{margin-bottom: 30px !important;}&#8221;][vc_separator color=&#8221;custom&#8221; accent_color=&#8221;#748c74&#8243;][vc_row_inner][vc_column_inner][vc_column_text&#8230;<\/p>\n","protected":false},"author":3,"featured_media":10031,"parent":0,"menu_order":0,"comment_status":"closed","ping_status":"closed","template":"","meta":[],"yoast_head":"<!-- This site is optimized with the Yoast SEO plugin v20.3 - https:\/\/yoast.com\/wordpress\/plugins\/seo\/ -->\n<title>Kontakt &ndash; Olivia Green Camping<\/title>\n<meta name=\"description\" content=\"Prijateljski osmijeh do\u010dekuje vas na recepciji. Nakon prijave, na\u0161e osoblje uputit \u0107e vas u va\u0161u kamping vilu ili kamp parcelu.\" \/>\n<meta name=\"robots\" content=\"index, follow, max-snippet:-1, max-image-preview:large, max-video-preview:-1\" \/>\n<link rel=\"canonical\" href=\"https:\/\/oliviagreencamping.com\/hr\/kontakt\/\" \/>\n<meta property=\"og:locale\" content=\"hr_HR\" \/>\n<meta property=\"og:type\" content=\"article\" \/>\n<meta property=\"og:title\" content=\"Kontakt &ndash; Olivia Green Camping\" \/>\n<meta property=\"og:description\" content=\"Prijateljski osmijeh do\u010dekuje vas na recepciji. Nakon prijave, na\u0161e osoblje uputit \u0107e vas u va\u0161u kamping vilu ili kamp parcelu.\" \/>\n<meta property=\"og:url\" content=\"https:\/\/oliviagreencamping.com\/hr\/kontakt\/\" \/>\n<meta property=\"og:site_name\" content=\"Olivia Green Camping\" \/>\n<meta property=\"article:publisher\" content=\"https:\/\/www.facebook.com\/OliviaGreenCamping\/\" \/>\n<meta property=\"article:modified_time\" content=\"2024-04-16T13:07:19+00:00\" \/>\n<meta property=\"og:image\" content=\"https:\/\/oliviagreencamping.com\/wp-content\/uploads\/2020\/11\/DSC1164.jpg\" \/>\n\t<meta property=\"og:image:width\" content=\"2048\" \/>\n\t<meta property=\"og:image:height\" content=\"1368\" \/>\n\t<meta property=\"og:image:type\" content=\"image\/jpeg\" \/>\n<meta name=\"twitter:card\" content=\"summary_large_image\" \/>\n<meta name=\"twitter:label1\" content=\"Procijenjeno vrijeme \u010ditanja\" \/>\n\t<meta name=\"twitter:data1\" content=\"1 minuta\" \/>\n<script type=\"application\/ld+json\" class=\"yoast-schema-graph\">{\"@context\":\"https:\/\/schema.org\",\"@graph\":[{\"@type\":\"WebPage\",\"@id\":\"https:\/\/oliviagreencamping.com\/hr\/kontakt\/\",\"url\":\"https:\/\/oliviagreencamping.com\/hr\/kontakt\/\",\"name\":\"Kontakt &ndash; Olivia Green Camping\",\"isPartOf\":{\"@id\":\"https:\/\/oliviagreencamping.com\/hr\/#website\"},\"datePublished\":\"2021-05-14T09:21:46+00:00\",\"dateModified\":\"2024-04-16T13:07:19+00:00\",\"description\":\"Prijateljski osmijeh do\u010dekuje vas na recepciji. Nakon prijave, na\u0161e osoblje uputit \u0107e vas u va\u0161u kamping vilu ili kamp parcelu.\",\"breadcrumb\":{\"@id\":\"https:\/\/oliviagreencamping.com\/hr\/kontakt\/#breadcrumb\"},\"inLanguage\":\"hr\",\"potentialAction\":[{\"@type\":\"ReadAction\",\"target\":[\"https:\/\/oliviagreencamping.com\/hr\/kontakt\/\"]}]},{\"@type\":\"BreadcrumbList\",\"@id\":\"https:\/\/oliviagreencamping.com\/hr\/kontakt\/#breadcrumb\",\"itemListElement\":[{\"@type\":\"ListItem\",\"position\":1,\"name\":\"Home\",\"item\":\"https:\/\/oliviagreencamping.com\/hr\/\"},{\"@type\":\"ListItem\",\"position\":2,\"name\":\"Kontakt\"}]},{\"@type\":\"WebSite\",\"@id\":\"https:\/\/oliviagreencamping.com\/hr\/#website\",\"url\":\"https:\/\/oliviagreencamping.com\/hr\/\",\"name\":\"Olivia Green Camping\",\"description\":\"Luxury Camping in Croatia\",\"publisher\":{\"@id\":\"https:\/\/oliviagreencamping.com\/hr\/#organization\"},\"potentialAction\":[{\"@type\":\"SearchAction\",\"target\":{\"@type\":\"EntryPoint\",\"urlTemplate\":\"https:\/\/oliviagreencamping.com\/hr\/?s={search_term_string}\"},\"query-input\":\"required name=search_term_string\"}],\"inLanguage\":\"hr\"},{\"@type\":\"Organization\",\"@id\":\"https:\/\/oliviagreencamping.com\/hr\/#organization\",\"name\":\"Zelena Luka d.o.o.\",\"url\":\"https:\/\/oliviagreencamping.com\/hr\/\",\"logo\":{\"@type\":\"ImageObject\",\"inLanguage\":\"hr\",\"@id\":\"https:\/\/oliviagreencamping.com\/hr\/#\/schema\/logo\/image\/\",\"url\":\"https:\/\/oliviagreencamping.com\/wp-content\/uploads\/2019\/08\/olivia_logo-07.png\",\"contentUrl\":\"https:\/\/oliviagreencamping.com\/wp-content\/uploads\/2019\/08\/olivia_logo-07.png\",\"width\":1318,\"height\":1125,\"caption\":\"Zelena Luka d.o.o.\"},\"image\":{\"@id\":\"https:\/\/oliviagreencamping.com\/hr\/#\/schema\/logo\/image\/\"},\"sameAs\":[\"https:\/\/www.facebook.com\/OliviaGreenCamping\/\",\"https:\/\/www.instagram.com\/oliviagreencamping\/\"]}]}<\/script>\n<!-- \/ Yoast SEO plugin. -->","yoast_head_json":{"title":"Kontakt &ndash; Olivia Green Camping","description":"Prijateljski osmijeh do\u010dekuje vas na recepciji. Nakon prijave, na\u0161e osoblje uputit \u0107e vas u va\u0161u kamping vilu ili kamp parcelu.","robots":{"index":"index","follow":"follow","max-snippet":"max-snippet:-1","max-image-preview":"max-image-preview:large","max-video-preview":"max-video-preview:-1"},"canonical":"https:\/\/oliviagreencamping.com\/hr\/kontakt\/","og_locale":"hr_HR","og_type":"article","og_title":"Kontakt &ndash; Olivia Green Camping","og_description":"Prijateljski osmijeh do\u010dekuje vas na recepciji. Nakon prijave, na\u0161e osoblje uputit \u0107e vas u va\u0161u kamping vilu ili kamp parcelu.","og_url":"https:\/\/oliviagreencamping.com\/hr\/kontakt\/","og_site_name":"Olivia Green Camping","article_publisher":"https:\/\/www.facebook.com\/OliviaGreenCamping\/","article_modified_time":"2024-04-16T13:07:19+00:00","og_image":[{"width":2048,"height":1368,"url":"https:\/\/oliviagreencamping.com\/wp-content\/uploads\/2020\/11\/DSC1164.jpg","type":"image\/jpeg"}],"twitter_card":"summary_large_image","twitter_misc":{"Procijenjeno vrijeme \u010ditanja":"1 minuta"},"schema":{"@context":"https:\/\/schema.org","@graph":[{"@type":"WebPage","@id":"https:\/\/oliviagreencamping.com\/hr\/kontakt\/","url":"https:\/\/oliviagreencamping.com\/hr\/kontakt\/","name":"Kontakt &ndash; Olivia Green Camping","isPartOf":{"@id":"https:\/\/oliviagreencamping.com\/hr\/#website"},"datePublished":"2021-05-14T09:21:46+00:00","dateModified":"2024-04-16T13:07:19+00:00","description":"Prijateljski osmijeh do\u010dekuje vas na recepciji. Nakon prijave, na\u0161e osoblje uputit \u0107e vas u va\u0161u kamping vilu ili kamp parcelu.","breadcrumb":{"@id":"https:\/\/oliviagreencamping.com\/hr\/kontakt\/#breadcrumb"},"inLanguage":"hr","potentialAction":[{"@type":"ReadAction","target":["https:\/\/oliviagreencamping.com\/hr\/kontakt\/"]}]},{"@type":"BreadcrumbList","@id":"https:\/\/oliviagreencamping.com\/hr\/kontakt\/#breadcrumb","itemListElement":[{"@type":"ListItem","position":1,"name":"Home","item":"https:\/\/oliviagreencamping.com\/hr\/"},{"@type":"ListItem","position":2,"name":"Kontakt"}]},{"@type":"WebSite","@id":"https:\/\/oliviagreencamping.com\/hr\/#website","url":"https:\/\/oliviagreencamping.com\/hr\/","name":"Olivia Green Camping","description":"Luxury Camping in Croatia","publisher":{"@id":"https:\/\/oliviagreencamping.com\/hr\/#organization"},"potentialAction":[{"@type":"SearchAction","target":{"@type":"EntryPoint","urlTemplate":"https:\/\/oliviagreencamping.com\/hr\/?s={search_term_string}"},"query-input":"required name=search_term_string"}],"inLanguage":"hr"},{"@type":"Organization","@id":"https:\/\/oliviagreencamping.com\/hr\/#organization","name":"Zelena Luka d.o.o.","url":"https:\/\/oliviagreencamping.com\/hr\/","logo":{"@type":"ImageObject","inLanguage":"hr","@id":"https:\/\/oliviagreencamping.com\/hr\/#\/schema\/logo\/image\/","url":"https:\/\/oliviagreencamping.com\/wp-content\/uploads\/2019\/08\/olivia_logo-07.png","contentUrl":"https:\/\/oliviagreencamping.com\/wp-content\/uploads\/2019\/08\/olivia_logo-07.png","width":1318,"height":1125,"caption":"Zelena Luka d.o.o."},"image":{"@id":"https:\/\/oliviagreencamping.com\/hr\/#\/schema\/logo\/image\/"},"sameAs":["https:\/\/www.facebook.com\/OliviaGreenCamping\/","https:\/\/www.instagram.com\/oliviagreencamping\/"]}]}},"_links":{"self":[{"href":"https:\/\/oliviagreencamping.com\/hr\/wp-json\/wp\/v2\/pages\/10030"}],"collection":[{"href":"https:\/\/oliviagreencamping.com\/hr\/wp-json\/wp\/v2\/pages"}],"about":[{"href":"https:\/\/oliviagreencamping.com\/hr\/wp-json\/wp\/v2\/types\/page"}],"author":[{"embeddable":true,"href":"https:\/\/oliviagreencamping.com\/hr\/wp-json\/wp\/v2\/users\/3"}],"replies":[{"embeddable":true,"href":"https:\/\/oliviagreencamping.com\/hr\/wp-json\/wp\/v2\/comments?post=10030"}],"version-history":[{"count":3,"href":"https:\/\/oliviagreencamping.com\/hr\/wp-json\/wp\/v2\/pages\/10030\/revisions"}],"predecessor-version":[{"id":16276,"href":"https:\/\/oliviagreencamping.com\/hr\/wp-json\/wp\/v2\/pages\/10030\/revisions\/16276"}],"wp:featuredmedia":[{"embeddable":true,"href":"https:\/\/oliviagreencamping.com\/hr\/wp-json\/wp\/v2\/media\/10031"}],"wp:attachment":[{"href":"https:\/\/oliviagreencamping.com\/hr\/wp-json\/wp\/v2\/media?parent=10030"}],"curies":[{"name":"wp","href":"https:\/\/api.w.org\/{rel}","templated":true}]}}