{"id":10045,"date":"2021-05-14T11:37:13","date_gmt":"2021-05-14T11:37:13","guid":{"rendered":"https:\/\/oliviagreencamping.com\/uvjeti-i-odredbe\/"},"modified":"2023-05-22T12:24:57","modified_gmt":"2023-05-22T12:24:57","slug":"uvjeti-i-odredbe","status":"publish","type":"page","link":"https:\/\/oliviagreencamping.com\/hr\/uvjeti-i-odredbe\/","title":{"rendered":"Uvjeti i odredbe"},"content":{"rendered":"\n<h3>1. Op\u0107enito<\/h3>\n\n\n\n<p>1.1 U ovim uvjetima i odredbama &#8220;Smje\u0161taj&#8221; zna\u010di \u0161ator i\/ili kamp prikolica i\/ili kamper i\/ili vozilo za stanovanje i\/ili kamp ku\u0107ica i\/ili glamping jedinica i\/ili mobilna ku\u0107ica. \u201eMjesto\u201c zna\u010di mjesto za kampiranje i\/ili kamp prikolica i\/ili mjesto za glamping. \u201ePravila specifi\u010dna za Mjesto\u201c ozna\u010davaju pravila koja su na snazi na odgovaraju\u0107em Mjestu. &#8220;Vi&#8221;, \u201evas\u201c ili &#8220;va\u0161a&#8221; zna\u010di osoba navedena na ra\u010dunu za potvrdu. &#8220;Mi&#8221;, \u201enas\u201c ili &#8220;na\u0161e&#8221; zna\u010di Zelena Luka d.o.o., tvrtka koja upravlja robnom markom Olivia Green Camping.<\/p>\n\n\n\n<p>&nbsp;<\/p>\n\n\n\n<h3>2. Va\u0161a rezervacija<\/h3>\n\n\n\n<p>2.1 Zadr\u017eavamo pravo prihva\u0107anja ili odbijanja rezervacija u potpunosti prema vlastitom naho\u0111enju.<\/p>\n\n\n\n<p>2.2 Va\u0161 ugovor s nama zapo\u010dinje kada vam izdamo ra\u010dun za potvrdu. On se provodi prema uvjetima navedenima u ovim uvjetima i odredbama.<\/p>\n\n\n\n<p>2.3 Sve rezervacije slu\u017ebeno su potvr\u0111ene kada vam izdamo ra\u010dun za potvrdu. Na ra\u010dunu za potvrdu navodi se smje\u0161taj koji ste rezervirali, datumi rezervacije te ukupan iznos pla\u0107en za rezervaciju. Ra\u010dun za potvrdu poslat \u0107emo vam putem e-po\u0161te.<\/p>\n\n\n\n<p>2.4 Kao osoba koja vr\u0161i rezervaciju, odgovorni ste za sve \u010dlanove svoje skupine. Kao osoba odgovorna za \u010dlanove svoje skupine, u trenutku rezervacije morate imati najmanje 18 godina.<\/p>\n\n\n\n<p>2.5 Djeca mla\u0111a od 18 godina moraju biti u pratnji odrasle osobe.<\/p>\n\n\n\n<p>&nbsp;<\/p>\n\n\n\n<h3>3. Pla\u0107anje Smje\u0161taja<\/h3>\n\n\n\n<p>3.1 U trenutku rezervacije du\u017eni ste platiti ukupan iznos tro\u0161kova va\u0161e rezervacije.<\/p>\n\n\n\n<p>3.2 Zadr\u017eavamo pravo izmjene ili povla\u010denja promotivne ponude u bilo kojem trenutku izmjenom ili uklanjanjem pojedinosti o ponudama iz dijela na\u0161e web-stranice koji se odnosi na to Mjesto. Ako \u017eelite rezervirati putem promotivne ponude koja je ve\u0107 povu\u010dena, kontaktirat \u0107emo vas kako bismo vas obavijestili da promotivna ponuda vi\u0161e nije dostupna te \u0107emo vas pitati \u017eelite li otkazati rezervaciju ili nastaviti s njom bez pogodnosti relevantne promotivne ponude.<\/p>\n\n\n\n<p>&nbsp;<\/p>\n\n\n\n<h3>4. Cijene Smje\u0161taja<\/h3>\n\n\n\n<p>4.1 Povremeno preispitujemo i mijenjamo cijene Smje\u0161taja, a one su transparentno prikazane na na\u0161oj web-stranici putem na\u0161eg kalendara rezervacija.<\/p>\n\n\n\n<p>4.2 Sve cijene navedene na na\u0161oj web-stranici, u letcima koji se odnose na web-stranicu ili putem telefona uklju\u010duju PDV. Ako se stope PDV-a promijene, zadr\u017eavamo pravo promijeniti cijene sukladno tome. Ra\u010duni s iskazanim obra\u010dunatim PDV-om mogu se izdati na zahtjev.<\/p>\n\n\n\n<p>&nbsp;<\/p>\n\n\n\n<h3>5. Ukoliko \u017eelite otkazati rezervaciju<\/h3>\n\n\n\n<p>5.1 Va\u0161a rezervacija Smje\u0161taja ugovor je o pru\u017eanju usluga za slobodno vrijeme za odre\u0111eni datum ili datume, \u0161to zna\u010di da nemate zakonsko pravo predomisliti se i otkazati ugovor. Me\u0111utim, nudimo vam pravo otkazivanja ugovora u skladu s odredbama ovog \u010dlanka. Ni\u0161ta u ovom \u010dlanku ne utje\u010de na va\u0161a zakonska prava.<\/p>\n\n\n\n<p>5.2 Ako \u017eelite otkazati potvr\u0111enu rezervaciju, du\u017eni ste obavijestiti nas putem e-po\u0161te ili u pisanom obliku \u0161to je prije mogu\u0107e, a u svakom slu\u010daju prije prvog dana rezervacije. Va\u0161a rezervacija otkazuje se na dan primitka va\u0161e e-po\u0161te ili pisane obavijesti, za \u0161to napla\u0107ujemo tro\u0161kove otkazivanja, kako je navedeno u \u010dlanku 5.3 dolje.<\/p>\n\n\n\n<p>5.3 Tro\u0161kovi otkazivanja izra\u010dunavaju se prema vremenu izme\u0111u slanja obavijesti da \u017eelite otkazati rezervaciju i po\u010detka rezervacije. Tro\u0161kovi otkazivanja utvr\u0111eni su kako slijedi: <br>Svi tro\u0161kovi rezervacije vra\u0107aju se u potpunosti u slu\u010daju otkazivanja do tri tjedna (21 dan) prije Va\u0161eg dolaska, osim ako niste odlu\u010dili rezervirati nepovratnu cijenu.<\/p>\n\n\n\n<p>5.4 Ako otka\u017eete rezervaciju unutar 21 dan prije dolaska, ne izvr\u0161avamo povrat novca. S ciljem izbjegavanja dvojbi, ovo uklju\u010duje i otkazivanje rezervacije iz bilo kojeg razloga izvan va\u0161e kontrole, uklju\u010duju\u0107i, ali ne ograni\u010deno na, lo\u0161e vremenske uvjete i bolesti. Mo\u017eda biste trebali razmisliti o kupovini osiguranja za godi\u0161nje odmore, \u010dime biste nadoknadili \u0161tetu u takvim okolnostima.<\/p>\n\n\n\n<p>&nbsp;<\/p>\n\n\n\n<h3>6. Ako \u017eelite promijeniti rezervaciju<\/h3>\n\n\n\n<p>6.1 Ako \u017eelite promijeniti bilo koji detalj potvr\u0111ene rezervacije, du\u017eni ste nas \u0161to prije obavijestiti telefonom, e-po\u0161tom ili pisanim putem. To uklju\u010duje detalje kao \u0161to su broj parcela, broj gostiju i veli\u010dinu va\u0161eg smje\u0161taja. Iako \u0107emo se potruditi ispuniti va\u0161e zahtjeve, ne mo\u017eemo jam\u010diti da \u0107emo mo\u0107i udovoljiti svim zahtjevima za promjenama.<\/p>\n\n\n\n<p>6.2 O promjenama rezervacija mo\u017eemo razgovarati samo s vama, a ne mo\u017eemo razgovarati o tome s drugim \u010dlanom va\u0161e skupine osim ako ne date izri\u010ditu suglasnost da to u\u010dinimo.<\/p>\n\n\n\n<p>6.3 Ako ipak promijenimo va\u0161u rezervaciju, ne napla\u0107uje vam se administrativna naknada, ali ste du\u017eni platiti sve dodatne tro\u0161kove smje\u0161taja proiza\u0161le iz promjene. Potvrdit \u0107emo iznos svih dodatnih tro\u0161kova smje\u0161taja kada promijenimo va\u0161u rezervaciju. Ako su va\u0161i tro\u0161kovi smje\u0161taja ni\u017ei kao rezultat promjene, vratit \u0107emo vam razliku u trenutku kada promijenimo rezervaciju.<\/p>\n\n\n\n<p>&nbsp;<\/p>\n\n\n\n<h3>7. Ako trebamo promijeniti ili otkazati va\u0161u rezervaciju<\/h3>\n\n\n\n<p>7.1 Ne o\u010dekujemo da \u0107emo morati mijenjati va\u0161u rezervaciju, no ponekad se dogode problemi i rezervacije moraju biti promijenjene ili otkazane. Izmijenit \u0107emo ili otkazati va\u0161u rezervaciju samo ako je to nu\u017eno kako bismo izvr\u0161ili ili dovr\u0161ili bitne radove popravka ili adaptacije, ako moramo zatvoriti Mjesto zbog upozorenja meteorolo\u0161kog ureda, zbog drugih ekstremnih vremenskih uvjeta ili iz drugih razloga nepredvi\u0111enih u vrijeme izvr\u0161avanja rezervacije, a koji su izvan na\u0161e kontrole.<\/p>\n\n\n\n<p>7.2 Ako budemo morali izmijeniti ili otkazati va\u0161u rezervaciju, vratit \u0107emo vam cjelokupni upla\u0107eni iznos.<\/p>\n\n\n\n<p>7.3 Ako budemo morali izmijeniti ili otkazati va\u0161u rezervaciju u skladu s \u010dlankom 7., odgovorni smo samo za predvidive gubitke koje pretrpite kao posljedicu te promjene ili otkazivanja te nismo odgovorni za bilo koji nepredvidivi gubitak koji pretrpite zbog te promjene ili otkazivanja. Gubitak je predvidiv ako je on o\u010dita posljedica na\u0161e promjene ili otkazivanja va\u0161e rezervacije ili ako smo to mi i vi razmatrali u vrijeme sklapanja ovoga ugovora.<\/p>\n\n\n\n<p>&nbsp;<\/p>\n\n\n\n<h3>8. Posebni zahtjevi<\/h3>\n\n\n\n<p>Posebni zahtjevi, uklju\u010duju\u0107i zahtjeve za susjedne jedinice Smje\u0161taja, moraju se zatra\u017eiti prilikom rezervacije. Iako \u0107emo se potruditi ispuniti va\u0161e zahtjeve, ne mo\u017eemo jam\u010diti da \u0107emo mo\u0107i udovoljiti svim zahtjevima za promjenama.<\/p>\n\n\n\n<p>&nbsp;<\/p>\n\n\n\n<h2>9. Grupne rezervacije<\/h2>\n\n\n\n<p>9.1 Grupne rezervacije mogu se prihvatiti samo od organiziranih grupa. Informacije o na\u0161im grupnim pravilima za svako Mjesto potra\u017eite u dokumentu Pravila specifi\u010dna za Mjesto. Prilikom rezervacije du\u017eni ste obavijestiti nas o rezervacijama za sve grupe, uklju\u010duju\u0107i velike obitelji ili grupe prijatelja. Na\u0161a Mjesta nisu prikladne za djevoja\u010dke, moma\u010dke ili ro\u0111endanske zabave i prije rezervacije du\u017eni ste nas obavijestiti da namjeravate koristiti Mjesto u takve svrhe te pribaviti na\u0161 prethodni pristanak za takvu upotrebu.<\/p>\n\n\n\n<p>9.2 Grupne rezervacije mogu se izvr\u0161iti samo putem telefonskog poziva Mjesta koje \u017eelite rezervirati i ne mogu se izvr\u0161iti putem interneta.<\/p>\n\n\n\n<p>9.3 Na\u0161a Mjesta imaju razli\u010dita pravila i prakti\u010dne zahtjeve za grupne rezervacije, koji mogu biti dostupni na na\u0161oj web-stranici ili vam se mogu prenijeti na druge na\u010dine. Prije bilo kakve grupne rezervacije provjerite razumijete li ta pravila i prakti\u010dne zahtjeve.<\/p>\n\n\n\n<p>9.4 Imajte na umu da \u0107emo, ako se ne budete pridr\u017eavali na\u0161ih pravila o grupnim rezervacijama, koja su navedena u ovom \u010dlanku, mo\u017eda \u0107emo morati koristiti svoja prava iz \u010dlanka 13. (\u201eNa\u0161e pravo na delo\u017eaciju\u201c).<\/p>\n\n\n\n<p>&nbsp;<\/p>\n\n\n\n<h2>10. Standardi i pona\u0161anje posjetitelja<\/h2>\n\n\n\n<p>10.1 Pravila specifi\u010dna za Mjesto dostupna su u odjeljku na\u0161e web-stranice koji se odnosi na Mjesto te ih dostavljamo s potvrdom rezervacije. Tako\u0111er \u0107ete dobiti Pravila specifi\u010dna za Mjesto po dolasku na Mjesto. Pravila specifi\u010dna za Mjesto sadr\u017ee va\u017ene informacije o va\u0161em boravku s nama. Molimo da se pobrinete da vi i va\u0161a skupina pa\u017eljivo pro\u010ditate Pravila specifi\u010dna za Mjesto prije rezervacije te po dolasku.<\/p>\n\n\n\n<p>10.2 Svaki Smje\u0161taj mora biti udaljen najmanje 6 metara od bilo kojeg drugog Smje\u0161taja. U izuzetnim okolnostima, kada je na parceli dozvoljeno vi\u0161e od jednog Smje\u0161taja, oni moraju biti udaljeni najmanje 3 metra od bilo kojeg drugog Smje\u0161taja.<\/p>\n\n\n\n<p>10.3 Smje\u0161taj smijete koristiti samo za potrebe va\u0161eg odmora. Smje\u0161taj ne smijete koristiti u bilo koje druge svrhe, uklju\u010duju\u0107i bez ograni\u010denja poslovne svrhe, bez na\u0161eg prethodnog pisanog pristanka.<\/p>\n\n\n\n<p>10.4 Smje\u0161taj i sav sadr\u017eaj du\u017eni ste odr\u017eavati \u010distim i urednim te ih ostaviti u istom stanju u kojem ste ih zatekli.<\/p>\n\n\n\n<p>10.5 Ne smijete koristiti Smje\u0161taj niti dopustiti da se on koristi za bilo kakve opasne, uvredljive, bu\u010dne, ilegalne ili nemoralne aktivnosti. Tijekom svog boravka ne smijete smetati niti uznemirivati \u200b\u200bbilo koga od susjeda ili bilo koga drugoga.<\/p>\n\n\n\n<p>10.6 Vi i va\u0161a skupina ne smijete pu\u0161iti u bilo kojem Smje\u0161taju. Informacije o pu\u0161enju na drugim Mjestima potra\u017eite u dokumentu Pravila specifi\u010dna za Mjesto. <br>10.7 Ako po dolasku u smje\u0161taj otkrijete da ne\u0161to nedostaje ili je o\u0161te\u0107eno, du\u017eni ste nas odmah obavijestiti u uredu Mjesta ili izravno nazvati Mjesto. Ako nas ne obavijestite, smatramo da ste vi uzrokovali nastalu \u0161tetu ili gubitak.<\/p>\n\n\n\n<p>10.8 Ako vi ili va\u0161a skupina o\u0161tetite Smje\u0161taj tijekom boravka, imamo pravo na naknadu \u0161tete od vas, uklju\u010duju\u0107i sve dodatne tro\u0161kove \u010di\u0161\u0107enja.<\/p>\n\n\n\n<p>10.9 Vi i va\u0161a skupina smijete koristiti ro\u0161tilj na Mjestu samo ako je on postavljen vani i podignut sa zemlje. Vi i va\u0161a skupina ne smijete koristiti ro\u0161tilje, plinske pe\u0107i ili druge otvorene plamenove i opremu za kuhanje unutar bilo kojeg \u0161atora ili smje\u0161taja za glamping, osim ako to nije dio ponude smje\u0161taja.<\/p>\n\n\n\n<p>10.10 Imajte na umu da \u0107emo, ako se ne pridr\u017eavate standarda i pona\u0161anja utvr\u0111enih u ovom \u010dlanku, mo\u017eda \u0107emo morati koristiti svoja prava iz \u010dlanka 13. (\u201eNa\u0161e pravo na delo\u017eaciju\u201c).<\/p>\n\n\n\n<p>&nbsp;<\/p>\n\n\n\n<h2>11. Maksimalna popunjenost<\/h2>\n\n\n\n<p>11.1 Du\u017eni ste osigurati da maksimalan broj osoba u Smje\u0161taju ne prelazi maksimalno ograni\u010denje popunjenosti utvr\u0111eno u dokumentu Pravila specifi\u010dna za Mjesto.<\/p>\n\n\n\n<p>11.2 Postavili smo maksimalna ograni\u010denja popunjenosti u skladu s objektima i opremom dostupnima na odgovaraju\u0107em Mjestu i kako bismo udovoljili mjerodavnim zdravstvenim, sigurnosnim i regulatornim zahtjevima. Sukladno tome, zadr\u017eavamo pravo zahtijevati od vas da napustite Mjesto (bez ikakve naknade) ako prema\u0161ite maksimalno ograni\u010denje popunjenosti opisano u ovom \u010dlanku.<\/p>\n\n\n\n<h2>12. Ako imate problem ili \u017ealbu<\/h2>\n\n\n\n<p>12.1 Vodimo ra\u010duna da na\u0161 Smje\u0161taj i Mjesta budu visokog standarda. Me\u0111utim, ako imate bilo kakav problem sa svojim Smje\u0161tajem ili Mjestom, odmah se obratite uredu Mjesta i pru\u017eite nam priliku da isti rije\u0161imo.<\/p>\n\n\n\n<p>12.2 Ako na kraju svog boravka imate nerije\u0161enu \u017ealbu, kontaktirajte upravitelja Mjesta, \u010diji su podaci za kontakt dostupni u dokumentu Pravila specifi\u010dna za Mjesto. Prilikom razmatranja \u017ealbe uzimamo u obzir je li nam pru\u017eena prilika da istu istra\u017eimo i ispravimo.<\/p>\n\n\n\n<p>12.3 Imajte na umu da ne\u0107emo tolerirati bilo kakvo pisano, usmeno ili fizi\u010dko zlostavljanje bilo kojeg \u010dlana na\u0161eg osoblja ili na\u0161eg predstavnika.<\/p>\n\n\n\n<p>&nbsp;<\/p>\n\n\n\n<h3>13. Na\u0161e pravo na delo\u017eaciju<\/h3>\n\n\n\n<p>Mo\u017eemo raskinuti ugovor s vama i zatra\u017eiti da odmah napustite Smje\u0161taj i Mjesto (bez prava na naknadu) ako: (a) smatramo da ste vi ili va\u0161a skupina ozbiljno prekr\u0161ili ove uvjete i odredbe; (b) smatramo da pona\u0161anje vas ili va\u0161e skupine ugro\u017eava sigurnost na\u0161ih posjetitelja ili osoblja; (c) su protiv vas ili va\u0161e skupine podnesene bilo kakve pritu\u017ebe na antisocijalno ili neprihvatljivo pona\u0161anje; (d) vi ili va\u0161a skupina nanesete nerazumnu \u0161tetu imovini ili njezinim sadr\u017eajima; ili (e) prema\u0161ite maksimalno ograni\u010denje popunjenosti va\u0161eg Smje\u0161taja.<\/p>\n\n\n\n<p>&nbsp;<\/p>\n\n\n\n<h3>14. Na\u0161a odgovornost prema vama<\/h3>\n\n\n\n<p>14.1 Ako se ne pridr\u017eavamo ovih uvjeta, odgovorni smo za gubitak ili \u0161tetu koju pretrpite i koja je predvidiva kao rezultat na\u0161eg kr\u0161enja ovih uvjeta ili na\u0161eg nemara, ali nismo odgovorni za bilo kakav gubitak ili \u0161tetu koji nisu predvidljivi. Gubitak ili \u0161teta predvidljivi su ako su o\u010dita posljedica na\u0161eg kr\u0161enja ili ako smo ih mi i vi razmatrali u vrijeme sklapanja ovoga ugovora.<\/p>\n\n\n\n<p>14.2 Ni\u0161ta u ovim uvjetima i odredbama nije namijenjeno ograni\u010denju na\u0161e odgovornosti za: (a) smrt ili osobnu ozljedu uzrokovanu na\u0161im nemarom; (b) prijevaru ili la\u017eno predstavljanje s na\u0161e strane; ili (c) bilo koje kr\u0161enje uvjeta predvi\u0111enih \u010dlancima 2., 3., 4. i 5.<\/p>\n\n\n\n<p>&nbsp;<\/p>\n\n\n\n<h3>15. Doga\u0111aji izvan na\u0161e kontrole<\/h3>\n\n\n\n<p>15.1 Nismo odgovorni za bilo kakav neuspjeh u izvr\u0161avanju na\u0161ih obveza prema ovim uvjetima i odredbama koji je uzrokovan doga\u0111ajem izvan na\u0161e kontrole.<\/p>\n\n\n\n<p>15.2 Doga\u0111aj izvan na\u0161e kontrole odnosi se na bilo koji \u010din ili doga\u0111aj koji je izvan na\u0161e razumne kontrole, uklju\u010duju\u0107i, ali ne ograni\u010davaju\u0107i se na, po\u017ear, eksploziju, oluju, poplavu, potres, klizanje tla, epidemiju ili drugu prirodnu katastrofu, \u0161trajkove ili industrijska djelovanja tre\u0107ih strana, teroristi\u010dki napad i prijetnju teroristi\u010dkim napadom, rat i prijetnju ratom, javne nerede, nerede, invaziju ili prestanak rada javnih ili privatnih telekomunikacijskih mre\u017ea.<\/p>\n\n\n\n<p>&nbsp;<\/p>\n\n\n\n<h3>16. Neke prakti\u010dne informacije za va\u0161 boravak<\/h3>\n\n\n\n<p>16.1 Vrijeme prijave i odjave navodi se na ra\u010dunu za potvrdu \/ u dokumentu Pravila specifi\u010dna za Mjesto. Ako ne napustite smje\u0161taj do vremena predvi\u0111enog za odjavu, zadr\u017eavamo pravo naplatiti vam naknadu za kasnu odjavu u svrhu nadoknade nastalih tro\u0161kova.<\/p>\n\n\n\n<p>16.2 Ako u svom Smje\u0161taju ostavite neke od svojih stvari, kontaktirajte nas \u0161to je prije mogu\u0107e. Zadr\u017eavamo pravo naplatiti vam tro\u0161kove skladi\u0161tenja i dostave va\u0161e izgubljene imovine. Svu izgubljenu imovinu \u010duvamo tjedan dana, nakon \u010dega se ona baca.<\/p>\n\n\n\n<p>16.3 Mnoga na\u0161a Mjesta nalaze se u ruralnim podru\u010djima i va\u017eno je da vi i va\u0161a skupina ne ometate ili ugro\u017eavate egzistenciju onih koji rade u na\u0161im objektima ili na okolnom zemlji\u0161tu.<\/p>\n\n\n\n<p>16.4 Psi su dopu\u0161teni na odre\u0111enim na\u0161im Mjestima, kao \u0161to je nazna\u010deno u odjeljku na\u0161e web-stranice koji se odnosi na svako Mjesto i u dokumentu Pravila specifi\u010dna za Mjesto. U vrijeme rezervacije du\u017eni ste nas obavijestiti \u017eelite li dovesti psa na neko od na\u0161ih Mjesta na kojima je dopu\u0161ten boravak pasa. Na\u017ealost, drugi ku\u0107ni ljubimci nisu dopu\u0161teni. Psi vodi\u010di dopu\u0161teni su, ali du\u017eni ste nas obavijestiti prilikom rezervacije ako \u017eelite sa sobom povesti psa vodi\u010da.<\/p>\n\n\n\n<p>&nbsp;<\/p>\n\n\n\n<h3>17. Cijeli ugovor<\/h3>\n\n\n\n<p>17.1 Ovaj ugovor predstavlja cijeli ugovor izme\u0111u vas i nas te zamjenjuje i poni\u0161tava sva prethodna obe\u0107anja, izjave i obveze.<\/p>\n\n\n\n<p>17.2 Nitko osim stranaka ovog ugovora nema pravo provoditi bilo koji od njegovih uvjeta.<\/p>\n\n\n\n<p>&nbsp;<\/p>\n\n\n\n<h3>18. Za\u0161tita podataka<\/h3>\n\n\n\n<p>18.1 Ovi uvjeti trebaju se \u010ditati zajedno s na\u0161om politikom privatnosti koja je dostupna na www.oliviagreencamping\/privacypolicy i koja odre\u0111uje uvjete pod kojima obra\u0111ujemo sve osobne podatke koje prikupljamo od vas ili koje nam dajete. Rezervacijom pristajete na takvu obradu podataka te jam\u010dite da su svi podaci koje ste naveli to\u010dni.<\/p>\n\n\n\n<p>18.2 Povremeno mo\u017eemo s vama komunicirati o na\u0161em radu. O tome \u0107emo vas izvijestiti na na\u0161oj web-stranici.<\/p>\n\n\n\n<p>&nbsp;<\/p>\n\n\n\n<h3>19. Mjerodavno pravo<\/h3>\n\n\n\n<p>Za ove uvjete i odredbe mjerodavni su zakoni Republike Hrvatske. Obje stranke pristaju podvrgnuti se neisklju\u010divoj nadle\u017enosti sudova Republike Hrvatske.<\/p>\n\n\n\n<div class=\"wp-block-spacer\" style=\"height: 100px;\" aria-hidden=\"true\">\u00a0<\/div>\n\n\n\n<p>&nbsp;<\/p>\n\n\n\n<p>&nbsp;<\/p>\n","protected":false},"excerpt":{"rendered":"<p>1. Op\u0107enito 1.1 U ovim uvjetima i odredbama &#8220;Smje\u0161taj&#8221; zna\u010di \u0161ator i\/ili kamp prikolica i\/ili&#8230;<\/p>\n","protected":false},"author":3,"featured_media":10046,"parent":0,"menu_order":0,"comment_status":"closed","ping_status":"closed","template":"","meta":[],"yoast_head":"<!-- This site is optimized with the Yoast SEO plugin v20.3 - https:\/\/yoast.com\/wordpress\/plugins\/seo\/ -->\n<title>Uvjeti i odredbe &ndash; Olivia Green Camping<\/title>\n<meta name=\"description\" content=\"Terms and conditions for Olivia Green Camping Resort, Tisno, Dalmatia\" \/>\n<meta name=\"robots\" content=\"index, follow, max-snippet:-1, max-image-preview:large, max-video-preview:-1\" \/>\n<link rel=\"canonical\" href=\"https:\/\/oliviagreencamping.com\/hr\/uvjeti-i-odredbe\/\" \/>\n<meta property=\"og:locale\" content=\"hr_HR\" \/>\n<meta property=\"og:type\" content=\"article\" \/>\n<meta property=\"og:title\" content=\"Uvjeti i odredbe &ndash; Olivia Green Camping\" \/>\n<meta property=\"og:description\" content=\"Terms and conditions for Olivia Green Camping Resort, Tisno, Dalmatia\" \/>\n<meta property=\"og:url\" content=\"https:\/\/oliviagreencamping.com\/hr\/uvjeti-i-odredbe\/\" \/>\n<meta property=\"og:site_name\" content=\"Olivia Green Camping\" \/>\n<meta property=\"article:publisher\" content=\"https:\/\/www.facebook.com\/OliviaGreenCamping\/\" \/>\n<meta property=\"article:modified_time\" content=\"2023-05-22T12:24:57+00:00\" \/>\n<meta property=\"og:image\" content=\"https:\/\/oliviagreencamping.com\/wp-content\/uploads\/2019\/07\/Olivia-Green-Camping-Head-Olive.jpg\" \/>\n\t<meta property=\"og:image:width\" content=\"1920\" \/>\n\t<meta property=\"og:image:height\" content=\"960\" \/>\n\t<meta property=\"og:image:type\" content=\"image\/jpeg\" \/>\n<meta name=\"twitter:card\" content=\"summary_large_image\" \/>\n<meta name=\"twitter:label1\" content=\"Procijenjeno vrijeme \u010ditanja\" \/>\n\t<meta name=\"twitter:data1\" content=\"10 minuta\" \/>\n<script type=\"application\/ld+json\" class=\"yoast-schema-graph\">{\"@context\":\"https:\/\/schema.org\",\"@graph\":[{\"@type\":\"WebPage\",\"@id\":\"https:\/\/oliviagreencamping.com\/hr\/uvjeti-i-odredbe\/\",\"url\":\"https:\/\/oliviagreencamping.com\/hr\/uvjeti-i-odredbe\/\",\"name\":\"Uvjeti i odredbe &ndash; Olivia Green Camping\",\"isPartOf\":{\"@id\":\"https:\/\/oliviagreencamping.com\/hr\/#website\"},\"datePublished\":\"2021-05-14T11:37:13+00:00\",\"dateModified\":\"2023-05-22T12:24:57+00:00\",\"description\":\"Terms and conditions for Olivia Green Camping Resort, Tisno, Dalmatia\",\"breadcrumb\":{\"@id\":\"https:\/\/oliviagreencamping.com\/hr\/uvjeti-i-odredbe\/#breadcrumb\"},\"inLanguage\":\"hr\",\"potentialAction\":[{\"@type\":\"ReadAction\",\"target\":[\"https:\/\/oliviagreencamping.com\/hr\/uvjeti-i-odredbe\/\"]}]},{\"@type\":\"BreadcrumbList\",\"@id\":\"https:\/\/oliviagreencamping.com\/hr\/uvjeti-i-odredbe\/#breadcrumb\",\"itemListElement\":[{\"@type\":\"ListItem\",\"position\":1,\"name\":\"Home\",\"item\":\"https:\/\/oliviagreencamping.com\/hr\/\"},{\"@type\":\"ListItem\",\"position\":2,\"name\":\"Uvjeti i odredbe\"}]},{\"@type\":\"WebSite\",\"@id\":\"https:\/\/oliviagreencamping.com\/hr\/#website\",\"url\":\"https:\/\/oliviagreencamping.com\/hr\/\",\"name\":\"Olivia Green Camping\",\"description\":\"Luxury Camping in Croatia\",\"publisher\":{\"@id\":\"https:\/\/oliviagreencamping.com\/hr\/#organization\"},\"potentialAction\":[{\"@type\":\"SearchAction\",\"target\":{\"@type\":\"EntryPoint\",\"urlTemplate\":\"https:\/\/oliviagreencamping.com\/hr\/?s={search_term_string}\"},\"query-input\":\"required name=search_term_string\"}],\"inLanguage\":\"hr\"},{\"@type\":\"Organization\",\"@id\":\"https:\/\/oliviagreencamping.com\/hr\/#organization\",\"name\":\"Zelena Luka d.o.o.\",\"url\":\"https:\/\/oliviagreencamping.com\/hr\/\",\"logo\":{\"@type\":\"ImageObject\",\"inLanguage\":\"hr\",\"@id\":\"https:\/\/oliviagreencamping.com\/hr\/#\/schema\/logo\/image\/\",\"url\":\"https:\/\/oliviagreencamping.com\/wp-content\/uploads\/2019\/08\/olivia_logo-07.png\",\"contentUrl\":\"https:\/\/oliviagreencamping.com\/wp-content\/uploads\/2019\/08\/olivia_logo-07.png\",\"width\":1318,\"height\":1125,\"caption\":\"Zelena Luka d.o.o.\"},\"image\":{\"@id\":\"https:\/\/oliviagreencamping.com\/hr\/#\/schema\/logo\/image\/\"},\"sameAs\":[\"https:\/\/www.facebook.com\/OliviaGreenCamping\/\",\"https:\/\/www.instagram.com\/oliviagreencamping\/\"]}]}<\/script>\n<!-- \/ Yoast SEO plugin. -->","yoast_head_json":{"title":"Uvjeti i odredbe &ndash; Olivia Green Camping","description":"Terms and conditions for Olivia Green Camping Resort, Tisno, Dalmatia","robots":{"index":"index","follow":"follow","max-snippet":"max-snippet:-1","max-image-preview":"max-image-preview:large","max-video-preview":"max-video-preview:-1"},"canonical":"https:\/\/oliviagreencamping.com\/hr\/uvjeti-i-odredbe\/","og_locale":"hr_HR","og_type":"article","og_title":"Uvjeti i odredbe &ndash; Olivia Green Camping","og_description":"Terms and conditions for Olivia Green Camping Resort, Tisno, Dalmatia","og_url":"https:\/\/oliviagreencamping.com\/hr\/uvjeti-i-odredbe\/","og_site_name":"Olivia Green Camping","article_publisher":"https:\/\/www.facebook.com\/OliviaGreenCamping\/","article_modified_time":"2023-05-22T12:24:57+00:00","og_image":[{"width":1920,"height":960,"url":"https:\/\/oliviagreencamping.com\/wp-content\/uploads\/2019\/07\/Olivia-Green-Camping-Head-Olive.jpg","type":"image\/jpeg"}],"twitter_card":"summary_large_image","twitter_misc":{"Procijenjeno vrijeme \u010ditanja":"10 minuta"},"schema":{"@context":"https:\/\/schema.org","@graph":[{"@type":"WebPage","@id":"https:\/\/oliviagreencamping.com\/hr\/uvjeti-i-odredbe\/","url":"https:\/\/oliviagreencamping.com\/hr\/uvjeti-i-odredbe\/","name":"Uvjeti i odredbe &ndash; Olivia Green Camping","isPartOf":{"@id":"https:\/\/oliviagreencamping.com\/hr\/#website"},"datePublished":"2021-05-14T11:37:13+00:00","dateModified":"2023-05-22T12:24:57+00:00","description":"Terms and conditions for Olivia Green Camping Resort, Tisno, Dalmatia","breadcrumb":{"@id":"https:\/\/oliviagreencamping.com\/hr\/uvjeti-i-odredbe\/#breadcrumb"},"inLanguage":"hr","potentialAction":[{"@type":"ReadAction","target":["https:\/\/oliviagreencamping.com\/hr\/uvjeti-i-odredbe\/"]}]},{"@type":"BreadcrumbList","@id":"https:\/\/oliviagreencamping.com\/hr\/uvjeti-i-odredbe\/#breadcrumb","itemListElement":[{"@type":"ListItem","position":1,"name":"Home","item":"https:\/\/oliviagreencamping.com\/hr\/"},{"@type":"ListItem","position":2,"name":"Uvjeti i odredbe"}]},{"@type":"WebSite","@id":"https:\/\/oliviagreencamping.com\/hr\/#website","url":"https:\/\/oliviagreencamping.com\/hr\/","name":"Olivia Green Camping","description":"Luxury Camping in Croatia","publisher":{"@id":"https:\/\/oliviagreencamping.com\/hr\/#organization"},"potentialAction":[{"@type":"SearchAction","target":{"@type":"EntryPoint","urlTemplate":"https:\/\/oliviagreencamping.com\/hr\/?s={search_term_string}"},"query-input":"required name=search_term_string"}],"inLanguage":"hr"},{"@type":"Organization","@id":"https:\/\/oliviagreencamping.com\/hr\/#organization","name":"Zelena Luka d.o.o.","url":"https:\/\/oliviagreencamping.com\/hr\/","logo":{"@type":"ImageObject","inLanguage":"hr","@id":"https:\/\/oliviagreencamping.com\/hr\/#\/schema\/logo\/image\/","url":"https:\/\/oliviagreencamping.com\/wp-content\/uploads\/2019\/08\/olivia_logo-07.png","contentUrl":"https:\/\/oliviagreencamping.com\/wp-content\/uploads\/2019\/08\/olivia_logo-07.png","width":1318,"height":1125,"caption":"Zelena Luka d.o.o."},"image":{"@id":"https:\/\/oliviagreencamping.com\/hr\/#\/schema\/logo\/image\/"},"sameAs":["https:\/\/www.facebook.com\/OliviaGreenCamping\/","https:\/\/www.instagram.com\/oliviagreencamping\/"]}]}},"_links":{"self":[{"href":"https:\/\/oliviagreencamping.com\/hr\/wp-json\/wp\/v2\/pages\/10045"}],"collection":[{"href":"https:\/\/oliviagreencamping.com\/hr\/wp-json\/wp\/v2\/pages"}],"about":[{"href":"https:\/\/oliviagreencamping.com\/hr\/wp-json\/wp\/v2\/types\/page"}],"author":[{"embeddable":true,"href":"https:\/\/oliviagreencamping.com\/hr\/wp-json\/wp\/v2\/users\/3"}],"replies":[{"embeddable":true,"href":"https:\/\/oliviagreencamping.com\/hr\/wp-json\/wp\/v2\/comments?post=10045"}],"version-history":[{"count":1,"href":"https:\/\/oliviagreencamping.com\/hr\/wp-json\/wp\/v2\/pages\/10045\/revisions"}],"predecessor-version":[{"id":15009,"href":"https:\/\/oliviagreencamping.com\/hr\/wp-json\/wp\/v2\/pages\/10045\/revisions\/15009"}],"wp:featuredmedia":[{"embeddable":true,"href":"https:\/\/oliviagreencamping.com\/hr\/wp-json\/wp\/v2\/media\/10046"}],"wp:attachment":[{"href":"https:\/\/oliviagreencamping.com\/hr\/wp-json\/wp\/v2\/media?parent=10045"}],"curies":[{"name":"wp","href":"https:\/\/api.w.org\/{rel}","templated":true}]}}