{"id":11607,"date":"2021-07-12T12:52:13","date_gmt":"2021-07-12T12:52:13","guid":{"rendered":"https:\/\/oliviagreencamping.com\/?page_id=11607"},"modified":"2021-07-13T10:28:36","modified_gmt":"2021-07-13T10:28:36","slug":"eu","status":"publish","type":"page","link":"https:\/\/oliviagreencamping.com\/hr\/eu\/","title":{"rendered":"EU"},"content":{"rendered":"<section class=\"wpb-content-wrapper\"><p>[vc_row equal_height=&#8221;yes&#8221; content_placement=&#8221;middle&#8221;][vc_column width=&#8221;1\/2&#8243;][vc_single_image image=&#8221;11614&#8243; img_size=&#8221;medium&#8221; alignment=&#8221;center&#8221; onclick=&#8221;custom_link&#8221; img_link_target=&#8221;_blank&#8221; link=&#8221;https:\/\/europa.eu\/european-union\/index_hr&#8221;][\/vc_column][vc_column width=&#8221;1\/2&#8243; align=&#8221;text-center&#8221;][vc_single_image image=&#8221;11619&#8243; img_size=&#8221;medium&#8221; alignment=&#8221;center&#8221; onclick=&#8221;custom_link&#8221; img_link_target=&#8221;_blank&#8221; link=&#8221;https:\/\/strukturnifondovi.hr\/&#8221;][\/vc_column][\/vc_row][vc_row][vc_column][vc_column_text]<\/p>\n<p style=\"text-align: center;\"><b>Krajnji primatelj \ufb01nancijskog instrumenta su\ufb01nanciranog iz Europskog fonda za regionalni razvoj u sklopu Operativnog programa \u201eKonkurentnost i kohezija\u201c.<\/b><\/p>\n<p><b>Naziv projekta: <\/b><span style=\"font-weight: 400;\">Ugradnja fotonaponske elektrane u Kamp Dalmacija \u2013 Tisno<\/span><\/p>\n<p><b>Naziv korisnika:<\/b><span style=\"font-weight: 400;\"> Zelena luka d.o.o. za ugostiteljstvo i turizam<\/span><\/p>\n<p><b>Ukupna vrijednost projekta: <\/b><span style=\"font-weight: 400;\">503.760,00 kn<\/span><\/p>\n<p><b>EU sufinanciranje projekta: <\/b><span style=\"font-weight: 400;\">412.908,00 kn<\/span><\/p>\n<p><b>Razdoblje provedbe projekta: <\/b><span style=\"font-weight: 400;\">26.02.2019. &#8211; 30.06.2021.<\/span><\/p>\n<p><b>Kontakt osoba za vi\u0161e informacija: <\/b><span style=\"font-weight: 400;\">Petar Gran\u010di\u0107<\/span><\/p>\n<p><b>Projekt je sufinancirala Europska unija iz Europskog fonda za regionalni razvoj.<\/b><\/p>\n<p><a href=\"https:\/\/strukturnifondovi.hr\/eu-fondovi\/esi-fondovi-2014-2020\/op-konkurentnost-i-kohezija\/\" target=\"_blank\" rel=\"noopener\"><span style=\"font-weight: 400;\">Operativni program \u201eKonkurentnost i kohezija\u201c<\/span><\/a><\/p>\n<p><a href=\"https:\/\/strukturnifondovi.hr\/\" target=\"_blank\" rel=\"noopener\"><span style=\"font-weight: 400;\">Europski strukturni i investicijski fondovi<\/span><\/a><\/p>\n<p>&nbsp;<\/p>\n<p><b>Sa\u017eetak projekta<\/b><\/p>\n<p><span style=\"font-weight: 400;\">Poduze\u0107e Zelena luka d.o.o. ovim projektom provodi mjere pove\u0107anja energetske u\u010dinkovitosti i kori\u0161tenja OIE na na\u010din da smanjuje potro\u0161nju elekti\u010dne energije postavljanjem fotonaponske elektrane te uvo\u0111enjem suvremenog centralnog nadzorno upravlja\u010dkog sustava.<\/span><\/p>\n<p><span style=\"font-weight: 400;\">Provedbom planiranih aktivnosti, postotni iznos ostvarenih u\u0161teda isporu\u010dene energije iznositi \u0107e 39,09%, ukupno ostvarene u\u0161tede isporu\u010dene energije iznositi \u0107e 27950 kWh, a smanjenje emisija CO2 iznositi \u0107e 6,56294 t\/god.<\/span><\/p>\n<p><span style=\"font-weight: 400;\">Ukupna vrijednost projekta iznosi 629.700,00 kn, od \u010dega prihvatljivi tro\u0161kovi 503.760,00 kn, a potpora iznosi 412.908,00 kn.<\/span><\/p>\n<p>&nbsp;<\/p>\n<p><b>Opis projekta<\/b><\/p>\n<p><span style=\"font-weight: 400;\">Prijavitelj projekta je poduze\u0107e ZELENA LUKA d.o.o, a lokacija provedbe ovog projekta je Olivia Green Camping (biv\u0161i Autokamp Dalmacija), Put Jazine 328, Tisno.\u00a0<\/span><\/p>\n<p><span style=\"font-weight: 400;\">Olivia Green Camping smje\u0161ten je 2 km od mjesta Tisno te svojim gostima nudi raznolik turisti\u010dki sadr\u017eaj. Kamp je opremljen kamping vilama i parcelama za kampiranje. Restoran je smje\u0161ten na samoj obali uz more, a bar uz glavni bazen kampa.<\/span><\/p>\n<p><span style=\"font-weight: 400;\">Izgradnja kampa zapo\u010deta je 1998. godine i od tada pa do danas se kamp pro\u0161irivao, gra\u0111eni su dodatni objekti te su postoje\u0107i preure\u0111ivani. U prostoru kampa nalaze se objekti restorana, recepcije, sanitarni \u010dvorovi te kamping vile i parcele.<\/span><\/p>\n<p><span style=\"font-weight: 400;\">Prostori objekata griju se i hlade preko split sustava. U najve\u0107em dijelu rasvjeta je rije\u0161ena fluorescentnim cijevima i LED rasvjetnim tijelima. Energent je elektri\u010dna energija, a sustav grijanja i hla\u0111enja odvija se preko dizalica topline- multi split jedinica. Sustav vodoopskrbe i vodovodnih instalacija u zgradi je spojen na vodovodnu mre\u017eu.\u00a0<\/span><\/p>\n<p><span style=\"font-weight: 400;\">Ventilacija u zgradi odvija se prirodno i putem odsisnih ventilatora. Grijanje objekata odvija se preko vanjskih split jedinice. Zagrijavanje potro\u0161ne tople vode (PTV) je preko\u00a0 elektri\u010dnog bojlera.<\/span><\/p>\n<p><span style=\"font-weight: 400;\">Godi\u0161nja potro\u0161nja elektri\u010dne energije u kampu za 2017. godinu iznosila je 71.494,00 kWh koju je isporu\u010divao HEP po cijeni od 0,76 kn\/kWh. Godi\u0161nja potro\u0161nja vode za referentnu godinu iznosi 783,00 m3, a isporu\u010duje je Vodovod i odvodnja d.o.o. po jedini\u010dnoj cijeni od 10,48 km\/m3.\u00a0<\/span><\/p>\n<p><span style=\"font-weight: 400;\">\u017delja je postaviti solarnu elektranu snage 20 kWp, a proizvedena energija \u0107e se direktno koristiti za napajanje tro\u0161ila, dok \u0107e vi\u0161ak se pohranjivati u baterijama (akumulatorima). Za vrijeme slabe Sun\u010deve ozra\u010denosti, koristit \u0107e se elektri\u010dna energija iz baterija koja \u0107e preuzeti ulogu napajanja tro\u0161ila.<\/span><\/p>\n<p><span style=\"font-weight: 400;\">Fotonaponska elektrana je instalirane snage 20,00 kW, a sastoji se od 80 polikristalnih modula, snage 250W, 2 pretvara\u010da DC\/AC, regulatora punjenja, kabelske instalacije i za\u0161tite od udara munje. Pretvara\u010d DC\/AC je trofazni, radi trofaznog priklju\u010denja i simetri\u010dnog rada po fazama. Povr\u0161ina potrebna za instalaciju PV modula iznosi cca. 160m\u00b2, a moduli \u0107e biti smje\u0161teni na krovu gra\u0111evina.\u00a0<\/span><\/p>\n<p><span style=\"font-weight: 400;\">Izvje\u0161\u0107e o energetskom pregledu velikog poduze\u0107a pokazuje da se mogu ostvariti znatne u\u0161tede u energentskom segmentu te time pove\u0107ati prihode poduze\u0107a i pozitivno utjecati na za\u0161titu okoli\u0161a.<\/span><\/p>\n<p>&nbsp;<\/p>\n<p><b>Cilj i o\u010dekivani rezultati<\/b><\/p>\n<p><span style=\"font-weight: 400;\">Projekt Ugradnja fotonaponske elektrane u kamp Olivia Green Camping kojeg prijavljuje poduze\u0107e Zelena luka d.o.o. ima za cilj pove\u0107ati udio obnovljive energije u bruto kona\u010dnoj potro\u0161nji poduze\u0107a koje se bavi turizmom te dovesti do u\u0161tede energije. Projekt je u skladu sa svim relevantnim dokumentima iz strate\u0161kog i zakonodavnog okvira, onog iz EU-a i nacionalnog.\u00a0<\/span><\/p>\n<p><span style=\"font-weight: 400;\">U prvom redu, projekt je u skladu s Sporazumom o partnerstvu izme\u0111u RH i EU koji definira zajedni\u010dke ciljeve strategije Europa 2020. Projekt je u skladu s Tematskim ciljem 4. ovog Sporazuma koji glasi: &#8220;Podr\u017eavanje prelaska na niskouglji\u010dno gospodarstvo u svim sektorima&#8221;.<\/span><\/p>\n<p><span style=\"font-weight: 400;\">Na taj na\u010din doprinosi i pobolj\u0161anju konkurentnosti u RH, na regionalnoj i nacionalnoj razini \u0161to je osnovno usmjerenje Operativnog programa Konkurentnost i kohezija.\u00a0<\/span><\/p>\n<p><span style=\"font-weight: 400;\">Projekt je u potpunosti u skladu s prioritetnom osi 4 &#8220;Promicanje energetske u\u010dinkovitosti i obnovljivih izvora energije&#8221;, specifi\u010dnim ciljem 4b2 &#8220;Pove\u0107anje energetske u\u010dinkovitosti i kori\u0161tenja obnovljivih izvora energije u uslu\u017enom sektoru. Svojim aktivnostima projekt doprinosi \u010cetvrtom nacionalnom akcijskom planu energetske u\u010dinkovitosti (2017.-2019.).\u00a0<\/span><\/p>\n<p><span style=\"font-weight: 400;\">Ovim projektom se podupire ostvarenje energetskih u\u0161teda kroz pove\u0107anje u\u010dinkovitosti kori\u0161tenja energije u privatnom uslu\u017enom sektoru, omogu\u0107uju\u0107i jednake koli\u010dine rezultata (usluga) kori\u0161tenjem manje koli\u010dine isporu\u010dene energije i smanjenjem udjela konvencionalnih (fosilnih) goriva u ukupnoj potro\u0161nj energije uvo\u0111enjem solarnog sustava koji koristi obnovljive izvore energije.\u00a0<\/span><\/p>\n<p><span style=\"font-weight: 400;\">Projekt ispunjava svrhu javnog poziva koja definira da smanjenje potro\u0161nje isporu\u010dene energije mora iznositi min. 20% u odnosu na referentnu isporu\u010denu energiju odnosno u odnosu na potro\u0161nju isporu\u010dene energije prije provedbe ovog projekta i mjera opisanih u njemu.\u00a0<\/span><\/p>\n<p><span style=\"font-weight: 400;\">Za odr\u017eivost projekta nakon njegovog zavr\u0161etka biti \u0107e izravno odgovorna osoba poduze\u0107a, a osoba imenovana za poslove energetske u\u010dinkovitosti i kori\u0161tenja OIE za Zelenu luku d.o.o. je Petar Gran\u010di\u0107, koji je i kontakt osoba za vi\u0161e informacija o projektu.<\/span><\/p>\n<p><span style=\"font-weight: 400;\">Provedbom planiranih aktivnosti, postotni iznos ostvarenih u\u0161teda isporu\u010dene energije iznositi \u0107e 39,09%, ukupno ostvarene u\u0161tede isporu\u010dene energije iznositi \u0107e 27950 kWh, a smanjenje emisija CO2 iznositi \u0107e 6,56294 t\/god.<\/span>[\/vc_column_text][vc_single_image image=&#8221;11625&#8243; img_size=&#8221;full&#8221; alignment=&#8221;center&#8221;][\/vc_column][\/vc_row]<\/p>\n<\/section>","protected":false},"excerpt":{"rendered":"<p>[vc_row equal_height=&#8221;yes&#8221; content_placement=&#8221;middle&#8221;][vc_column width=&#8221;1\/2&#8243;][vc_single_image image=&#8221;11614&#8243; img_size=&#8221;medium&#8221; alignment=&#8221;center&#8221; onclick=&#8221;custom_link&#8221; img_link_target=&#8221;_blank&#8221; link=&#8221;https:\/\/europa.eu\/european-union\/index_hr&#8221;][\/vc_column][vc_column width=&#8221;1\/2&#8243; align=&#8221;text-center&#8221;][vc_single_image image=&#8221;11619&#8243; img_size=&#8221;medium&#8221; alignment=&#8221;center&#8221;&#8230;<\/p>\n","protected":false},"author":3,"featured_media":0,"parent":0,"menu_order":0,"comment_status":"closed","ping_status":"closed","template":"","meta":[],"yoast_head":"<!-- This site is optimized with the Yoast SEO plugin v20.3 - https:\/\/yoast.com\/wordpress\/plugins\/seo\/ -->\n<title>EU &ndash; Olivia Green Camping<\/title>\n<meta name=\"description\" content=\"Olivia Green Camping Resort, Tisno, Dalmatia - Eco-friendly accommodation, mobile villas\" \/>\n<meta name=\"robots\" content=\"index, follow, max-snippet:-1, max-image-preview:large, max-video-preview:-1\" \/>\n<link rel=\"canonical\" href=\"https:\/\/oliviagreencamping.com\/hr\/eu\/\" \/>\n<meta property=\"og:locale\" content=\"hr_HR\" \/>\n<meta property=\"og:type\" content=\"article\" \/>\n<meta property=\"og:title\" content=\"EU &ndash; Olivia Green Camping\" \/>\n<meta property=\"og:description\" content=\"Olivia Green Camping Resort, Tisno, Dalmatia - Eco-friendly accommodation, mobile villas\" \/>\n<meta property=\"og:url\" content=\"https:\/\/oliviagreencamping.com\/hr\/eu\/\" \/>\n<meta property=\"og:site_name\" content=\"Olivia Green Camping\" \/>\n<meta property=\"article:publisher\" content=\"https:\/\/www.facebook.com\/OliviaGreenCamping\/\" \/>\n<meta property=\"article:modified_time\" content=\"2021-07-13T10:28:36+00:00\" \/>\n<meta name=\"twitter:card\" content=\"summary_large_image\" \/>\n<meta name=\"twitter:label1\" content=\"Procijenjeno vrijeme \u010ditanja\" \/>\n\t<meta name=\"twitter:data1\" content=\"4 minute\" \/>\n<script type=\"application\/ld+json\" class=\"yoast-schema-graph\">{\"@context\":\"https:\/\/schema.org\",\"@graph\":[{\"@type\":\"WebPage\",\"@id\":\"https:\/\/oliviagreencamping.com\/hr\/eu\/\",\"url\":\"https:\/\/oliviagreencamping.com\/hr\/eu\/\",\"name\":\"EU &ndash; Olivia Green Camping\",\"isPartOf\":{\"@id\":\"https:\/\/oliviagreencamping.com\/hr\/#website\"},\"datePublished\":\"2021-07-12T12:52:13+00:00\",\"dateModified\":\"2021-07-13T10:28:36+00:00\",\"description\":\"Olivia Green Camping Resort, Tisno, Dalmatia - Eco-friendly accommodation, mobile villas\",\"breadcrumb\":{\"@id\":\"https:\/\/oliviagreencamping.com\/hr\/eu\/#breadcrumb\"},\"inLanguage\":\"hr\",\"potentialAction\":[{\"@type\":\"ReadAction\",\"target\":[\"https:\/\/oliviagreencamping.com\/hr\/eu\/\"]}]},{\"@type\":\"BreadcrumbList\",\"@id\":\"https:\/\/oliviagreencamping.com\/hr\/eu\/#breadcrumb\",\"itemListElement\":[{\"@type\":\"ListItem\",\"position\":1,\"name\":\"Home\",\"item\":\"https:\/\/oliviagreencamping.com\/hr\/\"},{\"@type\":\"ListItem\",\"position\":2,\"name\":\"EU\"}]},{\"@type\":\"WebSite\",\"@id\":\"https:\/\/oliviagreencamping.com\/hr\/#website\",\"url\":\"https:\/\/oliviagreencamping.com\/hr\/\",\"name\":\"Olivia Green Camping\",\"description\":\"Luxury Camping in Croatia\",\"publisher\":{\"@id\":\"https:\/\/oliviagreencamping.com\/hr\/#organization\"},\"potentialAction\":[{\"@type\":\"SearchAction\",\"target\":{\"@type\":\"EntryPoint\",\"urlTemplate\":\"https:\/\/oliviagreencamping.com\/hr\/?s={search_term_string}\"},\"query-input\":\"required name=search_term_string\"}],\"inLanguage\":\"hr\"},{\"@type\":\"Organization\",\"@id\":\"https:\/\/oliviagreencamping.com\/hr\/#organization\",\"name\":\"Zelena Luka d.o.o.\",\"url\":\"https:\/\/oliviagreencamping.com\/hr\/\",\"logo\":{\"@type\":\"ImageObject\",\"inLanguage\":\"hr\",\"@id\":\"https:\/\/oliviagreencamping.com\/hr\/#\/schema\/logo\/image\/\",\"url\":\"https:\/\/oliviagreencamping.com\/wp-content\/uploads\/2019\/08\/olivia_logo-07.png\",\"contentUrl\":\"https:\/\/oliviagreencamping.com\/wp-content\/uploads\/2019\/08\/olivia_logo-07.png\",\"width\":1318,\"height\":1125,\"caption\":\"Zelena Luka d.o.o.\"},\"image\":{\"@id\":\"https:\/\/oliviagreencamping.com\/hr\/#\/schema\/logo\/image\/\"},\"sameAs\":[\"https:\/\/www.facebook.com\/OliviaGreenCamping\/\",\"https:\/\/www.instagram.com\/oliviagreencamping\/\"]}]}<\/script>\n<!-- \/ Yoast SEO plugin. -->","yoast_head_json":{"title":"EU &ndash; Olivia Green Camping","description":"Olivia Green Camping Resort, Tisno, Dalmatia - Eco-friendly accommodation, mobile villas","robots":{"index":"index","follow":"follow","max-snippet":"max-snippet:-1","max-image-preview":"max-image-preview:large","max-video-preview":"max-video-preview:-1"},"canonical":"https:\/\/oliviagreencamping.com\/hr\/eu\/","og_locale":"hr_HR","og_type":"article","og_title":"EU &ndash; Olivia Green Camping","og_description":"Olivia Green Camping Resort, Tisno, Dalmatia - Eco-friendly accommodation, mobile villas","og_url":"https:\/\/oliviagreencamping.com\/hr\/eu\/","og_site_name":"Olivia Green Camping","article_publisher":"https:\/\/www.facebook.com\/OliviaGreenCamping\/","article_modified_time":"2021-07-13T10:28:36+00:00","twitter_card":"summary_large_image","twitter_misc":{"Procijenjeno vrijeme \u010ditanja":"4 minute"},"schema":{"@context":"https:\/\/schema.org","@graph":[{"@type":"WebPage","@id":"https:\/\/oliviagreencamping.com\/hr\/eu\/","url":"https:\/\/oliviagreencamping.com\/hr\/eu\/","name":"EU &ndash; Olivia Green Camping","isPartOf":{"@id":"https:\/\/oliviagreencamping.com\/hr\/#website"},"datePublished":"2021-07-12T12:52:13+00:00","dateModified":"2021-07-13T10:28:36+00:00","description":"Olivia Green Camping Resort, Tisno, Dalmatia - Eco-friendly accommodation, mobile villas","breadcrumb":{"@id":"https:\/\/oliviagreencamping.com\/hr\/eu\/#breadcrumb"},"inLanguage":"hr","potentialAction":[{"@type":"ReadAction","target":["https:\/\/oliviagreencamping.com\/hr\/eu\/"]}]},{"@type":"BreadcrumbList","@id":"https:\/\/oliviagreencamping.com\/hr\/eu\/#breadcrumb","itemListElement":[{"@type":"ListItem","position":1,"name":"Home","item":"https:\/\/oliviagreencamping.com\/hr\/"},{"@type":"ListItem","position":2,"name":"EU"}]},{"@type":"WebSite","@id":"https:\/\/oliviagreencamping.com\/hr\/#website","url":"https:\/\/oliviagreencamping.com\/hr\/","name":"Olivia Green Camping","description":"Luxury Camping in Croatia","publisher":{"@id":"https:\/\/oliviagreencamping.com\/hr\/#organization"},"potentialAction":[{"@type":"SearchAction","target":{"@type":"EntryPoint","urlTemplate":"https:\/\/oliviagreencamping.com\/hr\/?s={search_term_string}"},"query-input":"required name=search_term_string"}],"inLanguage":"hr"},{"@type":"Organization","@id":"https:\/\/oliviagreencamping.com\/hr\/#organization","name":"Zelena Luka d.o.o.","url":"https:\/\/oliviagreencamping.com\/hr\/","logo":{"@type":"ImageObject","inLanguage":"hr","@id":"https:\/\/oliviagreencamping.com\/hr\/#\/schema\/logo\/image\/","url":"https:\/\/oliviagreencamping.com\/wp-content\/uploads\/2019\/08\/olivia_logo-07.png","contentUrl":"https:\/\/oliviagreencamping.com\/wp-content\/uploads\/2019\/08\/olivia_logo-07.png","width":1318,"height":1125,"caption":"Zelena Luka d.o.o."},"image":{"@id":"https:\/\/oliviagreencamping.com\/hr\/#\/schema\/logo\/image\/"},"sameAs":["https:\/\/www.facebook.com\/OliviaGreenCamping\/","https:\/\/www.instagram.com\/oliviagreencamping\/"]}]}},"_links":{"self":[{"href":"https:\/\/oliviagreencamping.com\/hr\/wp-json\/wp\/v2\/pages\/11607"}],"collection":[{"href":"https:\/\/oliviagreencamping.com\/hr\/wp-json\/wp\/v2\/pages"}],"about":[{"href":"https:\/\/oliviagreencamping.com\/hr\/wp-json\/wp\/v2\/types\/page"}],"author":[{"embeddable":true,"href":"https:\/\/oliviagreencamping.com\/hr\/wp-json\/wp\/v2\/users\/3"}],"replies":[{"embeddable":true,"href":"https:\/\/oliviagreencamping.com\/hr\/wp-json\/wp\/v2\/comments?post=11607"}],"version-history":[{"count":0,"href":"https:\/\/oliviagreencamping.com\/hr\/wp-json\/wp\/v2\/pages\/11607\/revisions"}],"wp:attachment":[{"href":"https:\/\/oliviagreencamping.com\/hr\/wp-json\/wp\/v2\/media?parent=11607"}],"curies":[{"name":"wp","href":"https:\/\/api.w.org\/{rel}","templated":true}]}}