{"id":18232,"date":"2024-08-01T07:40:56","date_gmt":"2024-08-01T07:40:56","guid":{"rendered":"https:\/\/oliviagreencamping.com\/special-offers\/"},"modified":"2024-08-30T16:06:29","modified_gmt":"2024-08-30T16:06:29","slug":"posebne-ponude","status":"publish","type":"page","link":"https:\/\/oliviagreencamping.com\/hr\/posebne-ponude\/","title":{"rendered":"Posebne ponude"},"content":{"rendered":"<section class=\"wpb-content-wrapper\"><p>[vc_row][vc_column][vc_empty_space height=&#8221;30px&#8221;][vc_custom_heading text=&#8221;Prona\u0111ite savr\u0161enu ponudu za va\u0161 sljede\u0107i odmor&#8221; font_container=&#8221;tag:h2|text_align:center&#8221;][vc_column_text]<\/p>\n<div class=\"wpb_text_column wpb_content_element vc_custom_1722409376273\">\n<div class=\"wpb_wrapper\">\n<p style=\"text-align: center;\"><strong>Rezervirajte izravno na na\u0161oj web stranici i iskusite dodatne pogodnosti uz jamstvo najbolje cijene!<\/strong><\/p>\n<\/div>\n<\/div>\n<p>[\/vc_column_text][vc_empty_space height=&#8221;50px&#8221;][\/vc_column][\/vc_row][vc_row gap=&#8221;0&#8243; el_class=&#8221;offers_row&#8221;][vc_column][vc_row_inner][vc_column_inner width=&#8221;1\/2&#8243;][vc_single_image image=&#8221;18013&#8243; img_size=&#8221;large&#8221;][\/vc_column_inner][vc_column_inner width=&#8221;1\/2&#8243;][vc_custom_heading text=&#8221;Ljetna ponuda&#8221; font_container=&#8221;tag:h3|text_align:left&#8221;][vc_column_text]<\/p>\n<div class=\"wpb_text_column wpb_content_element vc_custom_1722409376273\">\n<div class=\"wpb_wrapper\">\n<p>Ne propustite priliku u\u017eivati u Va\u0161em odmoru po odli\u010dnim uvjetima.<\/p>\n<\/div>\n<\/div>\n<ul>\n<li aria-level=\"1\">10% popusta<\/li>\n<li aria-level=\"1\">Uklju\u010deni svi tipovi vila i glamping lodge<\/li>\n<li aria-level=\"1\">Animacijski program za djecu i odrasle<\/li>\n<li aria-level=\"1\">Rezervirajte sada i platite kasnije. Nije potrebno pla\u0107anje unaprijed<\/li>\n<\/ul>\n<p>Ova ponuda vrijedi za rezervacije u razdoblju od 5. srpnja do 14. listopada 2024.<\/p>\n<p>Ponuda se odnosi na minimalno trajanje boravka od 2 no\u0107enja.<\/p>\n<p>Rezervirajte danas, a ako se va\u0161i planovi promijene, jo\u0161 uvijek mo\u017eete besplatno otkazati rezervaciju do 14 dana prije dolaska![\/vc_column_text][vc_empty_space height=&#8221;30px&#8221;]<a href=\"https:\/\/book.oliviagreencamping.com\/book.php?page=availability&#038;companyid=1112&#038;hotelid=6092&#038;checkin=2024-09-12&#038;checkout=2024-09-14&#038;ibelang=hr&#038;ibecurrency=EUR&#038;crcid=e690d872294e08b2047c3b74df789b3c&#038;_gl=1%2A4ri8ru%2A_gcl_au%2AMTYzNzc2NDUyMC4xNzIyMjY1Njc4%2A_ga%2AMTE2NTc3NTUxOS4xNjczMzQ2MTIz%2A_ga_FZZJ0T67BN%2AMTcyNTAyMjAzMC43MjYuMC4xNzI1MDIyMDMwLjYwLjAuMA..\" target=\"_blank\" class=\"btn btn-solid btn-bordered border-thin ld_button_69d8bdc9c5a68\">\n\t<span>\n\t\t\n\t\t\t\t\t<span class=\"btn-txt\">REZERVIRAJ SADA<\/span>\n\t\t\t\n\t\t\t\t<\/span>\n<\/a>\n[\/vc_column_inner][\/vc_row_inner][\/vc_column][\/vc_row][vc_row gap=&#8221;0&#8243; el_class=&#8221;offers_row&#8221;][vc_column][vc_row_inner][vc_column_inner width=&#8221;1\/2&#8243;][vc_single_image image=&#8221;18264&#8243; img_size=&#8221;large&#8221;][\/vc_column_inner][vc_column_inner width=&#8221;1\/2&#8243;][vc_custom_heading text=&#8221;Last Minute Ponuda&#8221; font_container=&#8221;tag:h3|text_align:left&#8221;][vc_column_text]<\/p>\n<div class=\"wpb_text_column wpb_content_element vc_custom_1722412762501\">\n<div class=\"wpb_wrapper\">\n<p>Jeste li nas odlu\u010dili posjetiti u zadnji \u010das? Onda vas \u010deka posebna ponuda!<\/p>\n<\/div>\n<\/div>\n<p>Ne propustite priliku u\u017eivati u Va\u0161em odmoru po odli\u010dnim uvjetima.<\/p>\n<ul>\n<li aria-level=\"1\"><strong>Do 20% popusta<\/strong><\/li>\n<li aria-level=\"1\">Uklju\u010dene su odabrane vrste vila i glamping lodge<\/li>\n<li aria-level=\"1\">Animacijski program za djecu i odrasle<\/li>\n<li aria-level=\"1\">Povrat 30% depozita<\/li>\n<\/ul>\n<p>Ponuda se odnosi na minimalno trajanje boravka od 2 no\u0107enja.<\/p>\n<p>Rezervirajte danas, a ako se va\u0161i planovi promijene, jo\u0161 uvijek mo\u017eete besplatno otkazati rezervaciju do 14 dana prije dolaska! Vratit \u0107emo vam uplatu za rezervaciju.[\/vc_column_text][vc_empty_space height=&#8221;30px&#8221;]<a href=\"https:\/\/book.oliviagreencamping.com\/book.php?page=availability&#038;companyid=1112&#038;hotelid=6092&#038;checkin=2024-09-12&#038;checkout=2024-09-14&#038;ibelang=hr&#038;ibecurrency=EUR&#038;crcid=e690d872294e08b2047c3b74df789b3c&#038;_gl=1%2A4ri8ru%2A_gcl_au%2AMTYzNzc2NDUyMC4xNzIyMjY1Njc4%2A_ga%2AMTE2NTc3NTUxOS4xNjczMzQ2MTIz%2A_ga_FZZJ0T67BN%2AMTcyNTAyMjAzMC43MjYuMC4xNzI1MDIyMDMwLjYwLjAuMA..\" target=\"_blank\" class=\"btn btn-solid btn-bordered border-thin ld_button_69d8bdc9c6962\">\n\t<span>\n\t\t\n\t\t\t\t\t<span class=\"btn-txt\">REZERVIRAJ SADA<\/span>\n\t\t\t\n\t\t\t\t<\/span>\n<\/a>\n[\/vc_column_inner][\/vc_row_inner][\/vc_column][\/vc_row]<\/p>\n<\/section>","protected":false},"excerpt":{"rendered":"<p>[vc_row][vc_column][vc_empty_space height=&#8221;30px&#8221;][vc_custom_heading text=&#8221;Prona\u0111ite savr\u0161enu ponudu za va\u0161 sljede\u0107i odmor&#8221; font_container=&#8221;tag:h2|text_align:center&#8221;][vc_column_text] Rezervirajte izravno na na\u0161oj web&#8230;<\/p>\n","protected":false},"author":7,"featured_media":0,"parent":0,"menu_order":0,"comment_status":"closed","ping_status":"closed","template":"","meta":[],"yoast_head":"<!-- This site is optimized with the Yoast SEO plugin v20.3 - https:\/\/yoast.com\/wordpress\/plugins\/seo\/ -->\n<title>Posebne ponude &ndash; Olivia Green Camping<\/title>\n<meta name=\"description\" content=\"Olivia Green Camping Resort, Tisno, Dalmatia - Eco-friendly accommodation, mobile villas\" \/>\n<meta name=\"robots\" content=\"index, follow, max-snippet:-1, max-image-preview:large, max-video-preview:-1\" \/>\n<link rel=\"canonical\" href=\"https:\/\/oliviagreencamping.com\/hr\/posebne-ponude\/\" \/>\n<meta property=\"og:locale\" content=\"hr_HR\" \/>\n<meta property=\"og:type\" content=\"article\" \/>\n<meta property=\"og:title\" content=\"Posebne ponude &ndash; Olivia Green Camping\" \/>\n<meta property=\"og:description\" content=\"Olivia Green Camping Resort, Tisno, Dalmatia - Eco-friendly accommodation, mobile villas\" \/>\n<meta property=\"og:url\" content=\"https:\/\/oliviagreencamping.com\/hr\/posebne-ponude\/\" \/>\n<meta property=\"og:site_name\" content=\"Olivia Green Camping\" \/>\n<meta property=\"article:publisher\" content=\"https:\/\/www.facebook.com\/OliviaGreenCamping\/\" \/>\n<meta property=\"article:modified_time\" content=\"2024-08-30T16:06:29+00:00\" \/>\n<meta name=\"twitter:card\" content=\"summary_large_image\" \/>\n<meta name=\"twitter:label1\" content=\"Procijenjeno vrijeme \u010ditanja\" \/>\n\t<meta name=\"twitter:data1\" content=\"1 minuta\" \/>\n<script type=\"application\/ld+json\" class=\"yoast-schema-graph\">{\"@context\":\"https:\/\/schema.org\",\"@graph\":[{\"@type\":\"WebPage\",\"@id\":\"https:\/\/oliviagreencamping.com\/hr\/posebne-ponude\/\",\"url\":\"https:\/\/oliviagreencamping.com\/hr\/posebne-ponude\/\",\"name\":\"Posebne ponude &ndash; Olivia Green Camping\",\"isPartOf\":{\"@id\":\"https:\/\/oliviagreencamping.com\/hr\/#website\"},\"datePublished\":\"2024-08-01T07:40:56+00:00\",\"dateModified\":\"2024-08-30T16:06:29+00:00\",\"description\":\"Olivia Green Camping Resort, Tisno, Dalmatia - Eco-friendly accommodation, mobile villas\",\"breadcrumb\":{\"@id\":\"https:\/\/oliviagreencamping.com\/hr\/posebne-ponude\/#breadcrumb\"},\"inLanguage\":\"hr\",\"potentialAction\":[{\"@type\":\"ReadAction\",\"target\":[\"https:\/\/oliviagreencamping.com\/hr\/posebne-ponude\/\"]}]},{\"@type\":\"BreadcrumbList\",\"@id\":\"https:\/\/oliviagreencamping.com\/hr\/posebne-ponude\/#breadcrumb\",\"itemListElement\":[{\"@type\":\"ListItem\",\"position\":1,\"name\":\"Home\",\"item\":\"https:\/\/oliviagreencamping.com\/hr\/\"},{\"@type\":\"ListItem\",\"position\":2,\"name\":\"Posebne ponude\"}]},{\"@type\":\"WebSite\",\"@id\":\"https:\/\/oliviagreencamping.com\/hr\/#website\",\"url\":\"https:\/\/oliviagreencamping.com\/hr\/\",\"name\":\"Olivia Green Camping\",\"description\":\"Luxury Camping in Croatia\",\"publisher\":{\"@id\":\"https:\/\/oliviagreencamping.com\/hr\/#organization\"},\"potentialAction\":[{\"@type\":\"SearchAction\",\"target\":{\"@type\":\"EntryPoint\",\"urlTemplate\":\"https:\/\/oliviagreencamping.com\/hr\/?s={search_term_string}\"},\"query-input\":\"required name=search_term_string\"}],\"inLanguage\":\"hr\"},{\"@type\":\"Organization\",\"@id\":\"https:\/\/oliviagreencamping.com\/hr\/#organization\",\"name\":\"Zelena Luka d.o.o.\",\"url\":\"https:\/\/oliviagreencamping.com\/hr\/\",\"logo\":{\"@type\":\"ImageObject\",\"inLanguage\":\"hr\",\"@id\":\"https:\/\/oliviagreencamping.com\/hr\/#\/schema\/logo\/image\/\",\"url\":\"https:\/\/oliviagreencamping.com\/wp-content\/uploads\/2019\/08\/olivia_logo-07.png\",\"contentUrl\":\"https:\/\/oliviagreencamping.com\/wp-content\/uploads\/2019\/08\/olivia_logo-07.png\",\"width\":1318,\"height\":1125,\"caption\":\"Zelena Luka d.o.o.\"},\"image\":{\"@id\":\"https:\/\/oliviagreencamping.com\/hr\/#\/schema\/logo\/image\/\"},\"sameAs\":[\"https:\/\/www.facebook.com\/OliviaGreenCamping\/\",\"https:\/\/www.instagram.com\/oliviagreencamping\/\"]}]}<\/script>\n<!-- \/ Yoast SEO plugin. -->","yoast_head_json":{"title":"Posebne ponude &ndash; Olivia Green Camping","description":"Olivia Green Camping Resort, Tisno, Dalmatia - Eco-friendly accommodation, mobile villas","robots":{"index":"index","follow":"follow","max-snippet":"max-snippet:-1","max-image-preview":"max-image-preview:large","max-video-preview":"max-video-preview:-1"},"canonical":"https:\/\/oliviagreencamping.com\/hr\/posebne-ponude\/","og_locale":"hr_HR","og_type":"article","og_title":"Posebne ponude &ndash; Olivia Green Camping","og_description":"Olivia Green Camping Resort, Tisno, Dalmatia - Eco-friendly accommodation, mobile villas","og_url":"https:\/\/oliviagreencamping.com\/hr\/posebne-ponude\/","og_site_name":"Olivia Green Camping","article_publisher":"https:\/\/www.facebook.com\/OliviaGreenCamping\/","article_modified_time":"2024-08-30T16:06:29+00:00","twitter_card":"summary_large_image","twitter_misc":{"Procijenjeno vrijeme \u010ditanja":"1 minuta"},"schema":{"@context":"https:\/\/schema.org","@graph":[{"@type":"WebPage","@id":"https:\/\/oliviagreencamping.com\/hr\/posebne-ponude\/","url":"https:\/\/oliviagreencamping.com\/hr\/posebne-ponude\/","name":"Posebne ponude &ndash; Olivia Green Camping","isPartOf":{"@id":"https:\/\/oliviagreencamping.com\/hr\/#website"},"datePublished":"2024-08-01T07:40:56+00:00","dateModified":"2024-08-30T16:06:29+00:00","description":"Olivia Green Camping Resort, Tisno, Dalmatia - Eco-friendly accommodation, mobile villas","breadcrumb":{"@id":"https:\/\/oliviagreencamping.com\/hr\/posebne-ponude\/#breadcrumb"},"inLanguage":"hr","potentialAction":[{"@type":"ReadAction","target":["https:\/\/oliviagreencamping.com\/hr\/posebne-ponude\/"]}]},{"@type":"BreadcrumbList","@id":"https:\/\/oliviagreencamping.com\/hr\/posebne-ponude\/#breadcrumb","itemListElement":[{"@type":"ListItem","position":1,"name":"Home","item":"https:\/\/oliviagreencamping.com\/hr\/"},{"@type":"ListItem","position":2,"name":"Posebne ponude"}]},{"@type":"WebSite","@id":"https:\/\/oliviagreencamping.com\/hr\/#website","url":"https:\/\/oliviagreencamping.com\/hr\/","name":"Olivia Green Camping","description":"Luxury Camping in Croatia","publisher":{"@id":"https:\/\/oliviagreencamping.com\/hr\/#organization"},"potentialAction":[{"@type":"SearchAction","target":{"@type":"EntryPoint","urlTemplate":"https:\/\/oliviagreencamping.com\/hr\/?s={search_term_string}"},"query-input":"required name=search_term_string"}],"inLanguage":"hr"},{"@type":"Organization","@id":"https:\/\/oliviagreencamping.com\/hr\/#organization","name":"Zelena Luka d.o.o.","url":"https:\/\/oliviagreencamping.com\/hr\/","logo":{"@type":"ImageObject","inLanguage":"hr","@id":"https:\/\/oliviagreencamping.com\/hr\/#\/schema\/logo\/image\/","url":"https:\/\/oliviagreencamping.com\/wp-content\/uploads\/2019\/08\/olivia_logo-07.png","contentUrl":"https:\/\/oliviagreencamping.com\/wp-content\/uploads\/2019\/08\/olivia_logo-07.png","width":1318,"height":1125,"caption":"Zelena Luka d.o.o."},"image":{"@id":"https:\/\/oliviagreencamping.com\/hr\/#\/schema\/logo\/image\/"},"sameAs":["https:\/\/www.facebook.com\/OliviaGreenCamping\/","https:\/\/www.instagram.com\/oliviagreencamping\/"]}]}},"_links":{"self":[{"href":"https:\/\/oliviagreencamping.com\/hr\/wp-json\/wp\/v2\/pages\/18232"}],"collection":[{"href":"https:\/\/oliviagreencamping.com\/hr\/wp-json\/wp\/v2\/pages"}],"about":[{"href":"https:\/\/oliviagreencamping.com\/hr\/wp-json\/wp\/v2\/types\/page"}],"author":[{"embeddable":true,"href":"https:\/\/oliviagreencamping.com\/hr\/wp-json\/wp\/v2\/users\/7"}],"replies":[{"embeddable":true,"href":"https:\/\/oliviagreencamping.com\/hr\/wp-json\/wp\/v2\/comments?post=18232"}],"version-history":[{"count":3,"href":"https:\/\/oliviagreencamping.com\/hr\/wp-json\/wp\/v2\/pages\/18232\/revisions"}],"predecessor-version":[{"id":18419,"href":"https:\/\/oliviagreencamping.com\/hr\/wp-json\/wp\/v2\/pages\/18232\/revisions\/18419"}],"wp:attachment":[{"href":"https:\/\/oliviagreencamping.com\/hr\/wp-json\/wp\/v2\/media?parent=18232"}],"curies":[{"name":"wp","href":"https:\/\/api.w.org\/{rel}","templated":true}]}}