{"id":9958,"date":"2021-05-14T08:59:50","date_gmt":"2021-05-14T08:59:50","guid":{"rendered":"https:\/\/oliviagreencamping.com\/kamping-vile\/"},"modified":"2024-04-12T10:15:49","modified_gmt":"2024-04-12T10:15:49","slug":"kamping-vile","status":"publish","type":"page","link":"https:\/\/oliviagreencamping.com\/hr\/kamping-vile\/","title":{"rendered":"Kamping vile"},"content":{"rendered":"<section class=\"wpb-content-wrapper\"><p>[vc_row responsive_css=&#8221;margin_top_medium:&#8221; css=&#8221;.vc_custom_1679494693028{padding-top: 60px !important;padding-bottom: 5% !important;background-color: #f2efea !important;}&#8221;][vc_column][vc_basic_grid post_type=&#8221;accommodation&#8221; max_items=&#8221;12&#8243; element_width=&#8221;12&#8243; order=&#8221;ASC&#8221; item=&#8221;5806&#8243; grid_id=&#8221;vc_gid:1712916927339-02ecbd6d-ed39-10&#8243; taxonomies=&#8221;18&#8243;][\/vc_column][\/vc_row][vc_row css=&#8221;.vc_custom_1580135847993{padding-top: 10% !important;padding-bottom: 10% !important;}&#8221;][vc_column width=&#8221;1\/2&#8243;]<style>.ld_fancy_heading_69f340c388e7a .lqd-highlight-inner{height:0.275em;bottom:0px;}<\/style><div class=\"ld-fancy-heading ld_fancy_heading_69f340c388e7a\">\n\t<p class=\"lqd-highlight-underline lqd-highlight-grow-left\" ><span class=\"ld-fh-txt\"> U ponudi imamo devet razli\u010ditih vrsta kamping vila. Bilo da dolazite u paru, s obitelji ili kao grupa prijatelja, tijekom boravka u na\u0161im luksuznim i suvremeno dizajniranim kamping vilama do\u017eivjet \u0107ete tretman s pet zvjezdica. Sve vile orijentirane su prema obali mora pa je bu\u0111enje uz prekrasan pogled na more zajam\u010deno svakoga dana. Svaka vila ima veliku zasjenjenu terasu s pogledom na more, na kojoj mo\u017eete provoditi dane opu\u0161taju\u0107i se i u\u017eivaju\u0107i u \u010da\u0161i hrvatskog vina, koje se mo\u017ee pohvaliti povije\u0161\u0107u koja se\u017ee sve do starih gr\u010dkih naseljenika. Neke vile imaju poluprivatni bazen koji dijele po dvije vile. Mogu\u0107nost rezervacije privatne upotrebe bazena dostupna je uz nadoplatu.<\/span><\/p><\/div><style>.ld_fancy_heading_69f340c389776 .lqd-highlight-inner{height:0.275em;bottom:0px;}<\/style><div class=\"ld-fancy-heading ld_fancy_heading_69f340c389776\">\n\t<p class=\"lqd-highlight-underline lqd-highlight-grow-left\" ><span class=\"ld-fh-txt\"> Na\u0161e vile tako\u0111er imaju bio-zeleni certifikat te su izra\u0111ene od prirodnih materijala i tkanina koje se mogu reciklirati, pru\u017eaju\u0107i Vam \u010dist, elegantan i ugodan smje\u0161taj. Ekolo\u0161ka kompatibilnost kamping vila izra\u017eena je u razli\u010ditim oblicima i na razli\u010ditim podru\u010djima, od izbora materijala do \u017eivotnog ciklusa gotovog proizvoda.<\/span><\/p><\/div><style>.ld_spacer_69f340c389e0a{height:32px;}<\/style>\n<div class=\"ld-empty-space ld_spacer_69f340c389e0a\"><span class=\"liquid_empty_space_inner\"><\/span><\/div>[\/vc_column][vc_column width=&#8221;1\/2&#8243;]<style>.ld_fancy_heading_69f340c38a17c .lqd-highlight-inner{height:0.275em;bottom:0px;}<\/style><div class=\"ld-fancy-heading ld_fancy_heading_69f340c38a17c\">\n\t<p class=\"lqd-highlight-underline lqd-highlight-grow-left\" ><span class=\"ld-fh-txt\"> Standardni, bio zeleni i bio zeleni+ elementi:<\/p>\n<ul>\n<li>podr\u017eani okvir od pocin\u010danog \u010delika, potpuno recikliran<\/li>\n<li>pod izra\u0111en od recikliranog materijala<\/li>\n<li>stratigrafija vanjskog zida koja pobolj\u0161ava prirodnu udobnost okru\u017eenja<\/li>\n<li>izolirani pod<\/li>\n<li>vanjski zidovi s izolacijom od pluta<\/li>\n<li>ekolo\u0161ki prihvatljivo drvo ili premaz od ekolo\u0161kih vlakana<\/li>\n<li>prirodne tkanine<\/li>\n<\/ul>\n<p><\/span><\/p><\/div><style>.ld_spacer_69f340c38a8a0{height:32px;}<\/style>\n<div class=\"ld-empty-space ld_spacer_69f340c38a8a0\"><span class=\"liquid_empty_space_inner\"><\/span><\/div><a href=\"https:\/\/tourmkr.com\/F1yK1F4x1E\/38226715p&#038;194.93h&#038;88.92t\" target=\"_blank\" class=\"btn btn-solid btn-lg btn-bordered border-thin ld_button_69f340c38abb0\">\n\t<span>\n\t\t\n\t\t\t\t\t<span class=\"btn-txt\">Virtualna \u0161etnja<\/span>\n\t\t\t\n\t\t\t\t<\/span>\n<\/a>\n<style>.ld_spacer_69f340c38d6bf{height:32px;}<\/style>\n<div class=\"ld-empty-space ld_spacer_69f340c38d6bf\"><span class=\"liquid_empty_space_inner\"><\/span><\/div>[\/vc_column][\/vc_row]<\/p>\n<\/section>","protected":false},"excerpt":{"rendered":"<p>[vc_row responsive_css=&#8221;margin_top_medium:&#8221; css=&#8221;.vc_custom_1679494693028{padding-top: 60px !important;padding-bottom: 5% !important;background-color: #f2efea !important;}&#8221;][vc_column][vc_basic_grid post_type=&#8221;accommodation&#8221; max_items=&#8221;12&#8243; element_width=&#8221;12&#8243; order=&#8221;ASC&#8221; item=&#8221;5806&#8243; grid_id=&#8221;vc_gid:1712916927339-02ecbd6d-ed39-10&#8243;&#8230;<\/p>\n","protected":false},"author":3,"featured_media":9125,"parent":0,"menu_order":0,"comment_status":"closed","ping_status":"closed","template":"","meta":[],"yoast_head":"<!-- This site is optimized with the Yoast SEO plugin v20.3 - https:\/\/yoast.com\/wordpress\/plugins\/seo\/ -->\n<title>Kamping vile &ndash; Olivia Green Camping<\/title>\n<meta name=\"description\" content=\"Sve na\u0161e kamping vile izgra\u0111ene su u skladu s najvi\u0161im ekolo\u0161kim standardima te su im dodijeljeni ekolo\u0161ki certifikati Bio Green i Bio Green +.\" \/>\n<meta name=\"robots\" content=\"index, follow, max-snippet:-1, max-image-preview:large, max-video-preview:-1\" \/>\n<link rel=\"canonical\" href=\"https:\/\/oliviagreencamping.com\/hr\/kamping-vile\/\" \/>\n<meta property=\"og:locale\" content=\"hr_HR\" \/>\n<meta property=\"og:type\" content=\"article\" \/>\n<meta property=\"og:title\" content=\"Kamping vile &ndash; Olivia Green Camping\" \/>\n<meta property=\"og:description\" content=\"Sve na\u0161e kamping vile izgra\u0111ene su u skladu s najvi\u0161im ekolo\u0161kim standardima te su im dodijeljeni ekolo\u0161ki certifikati Bio Green i Bio Green +.\" \/>\n<meta property=\"og:url\" content=\"https:\/\/oliviagreencamping.com\/hr\/kamping-vile\/\" \/>\n<meta property=\"og:site_name\" content=\"Olivia Green Camping\" \/>\n<meta property=\"article:publisher\" content=\"https:\/\/www.facebook.com\/OliviaGreenCamping\/\" \/>\n<meta property=\"article:modified_time\" content=\"2024-04-12T10:15:49+00:00\" \/>\n<meta property=\"og:image\" content=\"https:\/\/oliviagreencamping.com\/wp-content\/uploads\/2019\/08\/accomodation_olivia.jpg\" \/>\n\t<meta property=\"og:image:width\" content=\"1920\" \/>\n\t<meta property=\"og:image:height\" content=\"1080\" \/>\n\t<meta property=\"og:image:type\" content=\"image\/jpeg\" \/>\n<meta name=\"twitter:card\" content=\"summary_large_image\" \/>\n<meta name=\"twitter:label1\" content=\"Procijenjeno vrijeme \u010ditanja\" \/>\n\t<meta name=\"twitter:data1\" content=\"1 minuta\" \/>\n<script type=\"application\/ld+json\" class=\"yoast-schema-graph\">{\"@context\":\"https:\/\/schema.org\",\"@graph\":[{\"@type\":\"WebPage\",\"@id\":\"https:\/\/oliviagreencamping.com\/hr\/kamping-vile\/\",\"url\":\"https:\/\/oliviagreencamping.com\/hr\/kamping-vile\/\",\"name\":\"Kamping vile &ndash; Olivia Green Camping\",\"isPartOf\":{\"@id\":\"https:\/\/oliviagreencamping.com\/hr\/#website\"},\"datePublished\":\"2021-05-14T08:59:50+00:00\",\"dateModified\":\"2024-04-12T10:15:49+00:00\",\"description\":\"Sve na\u0161e kamping vile izgra\u0111ene su u skladu s najvi\u0161im ekolo\u0161kim standardima te su im dodijeljeni ekolo\u0161ki certifikati Bio Green i Bio Green +.\",\"breadcrumb\":{\"@id\":\"https:\/\/oliviagreencamping.com\/hr\/kamping-vile\/#breadcrumb\"},\"inLanguage\":\"hr\",\"potentialAction\":[{\"@type\":\"ReadAction\",\"target\":[\"https:\/\/oliviagreencamping.com\/hr\/kamping-vile\/\"]}]},{\"@type\":\"BreadcrumbList\",\"@id\":\"https:\/\/oliviagreencamping.com\/hr\/kamping-vile\/#breadcrumb\",\"itemListElement\":[{\"@type\":\"ListItem\",\"position\":1,\"name\":\"Home\",\"item\":\"https:\/\/oliviagreencamping.com\/hr\/\"},{\"@type\":\"ListItem\",\"position\":2,\"name\":\"Kamping vile\"}]},{\"@type\":\"WebSite\",\"@id\":\"https:\/\/oliviagreencamping.com\/hr\/#website\",\"url\":\"https:\/\/oliviagreencamping.com\/hr\/\",\"name\":\"Olivia Green Camping\",\"description\":\"Luxury Camping in Croatia\",\"publisher\":{\"@id\":\"https:\/\/oliviagreencamping.com\/hr\/#organization\"},\"potentialAction\":[{\"@type\":\"SearchAction\",\"target\":{\"@type\":\"EntryPoint\",\"urlTemplate\":\"https:\/\/oliviagreencamping.com\/hr\/?s={search_term_string}\"},\"query-input\":\"required name=search_term_string\"}],\"inLanguage\":\"hr\"},{\"@type\":\"Organization\",\"@id\":\"https:\/\/oliviagreencamping.com\/hr\/#organization\",\"name\":\"Zelena Luka d.o.o.\",\"url\":\"https:\/\/oliviagreencamping.com\/hr\/\",\"logo\":{\"@type\":\"ImageObject\",\"inLanguage\":\"hr\",\"@id\":\"https:\/\/oliviagreencamping.com\/hr\/#\/schema\/logo\/image\/\",\"url\":\"https:\/\/oliviagreencamping.com\/wp-content\/uploads\/2019\/08\/olivia_logo-07.png\",\"contentUrl\":\"https:\/\/oliviagreencamping.com\/wp-content\/uploads\/2019\/08\/olivia_logo-07.png\",\"width\":1318,\"height\":1125,\"caption\":\"Zelena Luka d.o.o.\"},\"image\":{\"@id\":\"https:\/\/oliviagreencamping.com\/hr\/#\/schema\/logo\/image\/\"},\"sameAs\":[\"https:\/\/www.facebook.com\/OliviaGreenCamping\/\",\"https:\/\/www.instagram.com\/oliviagreencamping\/\"]}]}<\/script>\n<!-- \/ Yoast SEO plugin. -->","yoast_head_json":{"title":"Kamping vile &ndash; Olivia Green Camping","description":"Sve na\u0161e kamping vile izgra\u0111ene su u skladu s najvi\u0161im ekolo\u0161kim standardima te su im dodijeljeni ekolo\u0161ki certifikati Bio Green i Bio Green +.","robots":{"index":"index","follow":"follow","max-snippet":"max-snippet:-1","max-image-preview":"max-image-preview:large","max-video-preview":"max-video-preview:-1"},"canonical":"https:\/\/oliviagreencamping.com\/hr\/kamping-vile\/","og_locale":"hr_HR","og_type":"article","og_title":"Kamping vile &ndash; Olivia Green Camping","og_description":"Sve na\u0161e kamping vile izgra\u0111ene su u skladu s najvi\u0161im ekolo\u0161kim standardima te su im dodijeljeni ekolo\u0161ki certifikati Bio Green i Bio Green +.","og_url":"https:\/\/oliviagreencamping.com\/hr\/kamping-vile\/","og_site_name":"Olivia Green Camping","article_publisher":"https:\/\/www.facebook.com\/OliviaGreenCamping\/","article_modified_time":"2024-04-12T10:15:49+00:00","og_image":[{"width":1920,"height":1080,"url":"https:\/\/oliviagreencamping.com\/wp-content\/uploads\/2019\/08\/accomodation_olivia.jpg","type":"image\/jpeg"}],"twitter_card":"summary_large_image","twitter_misc":{"Procijenjeno vrijeme \u010ditanja":"1 minuta"},"schema":{"@context":"https:\/\/schema.org","@graph":[{"@type":"WebPage","@id":"https:\/\/oliviagreencamping.com\/hr\/kamping-vile\/","url":"https:\/\/oliviagreencamping.com\/hr\/kamping-vile\/","name":"Kamping vile &ndash; Olivia Green Camping","isPartOf":{"@id":"https:\/\/oliviagreencamping.com\/hr\/#website"},"datePublished":"2021-05-14T08:59:50+00:00","dateModified":"2024-04-12T10:15:49+00:00","description":"Sve na\u0161e kamping vile izgra\u0111ene su u skladu s najvi\u0161im ekolo\u0161kim standardima te su im dodijeljeni ekolo\u0161ki certifikati Bio Green i Bio Green +.","breadcrumb":{"@id":"https:\/\/oliviagreencamping.com\/hr\/kamping-vile\/#breadcrumb"},"inLanguage":"hr","potentialAction":[{"@type":"ReadAction","target":["https:\/\/oliviagreencamping.com\/hr\/kamping-vile\/"]}]},{"@type":"BreadcrumbList","@id":"https:\/\/oliviagreencamping.com\/hr\/kamping-vile\/#breadcrumb","itemListElement":[{"@type":"ListItem","position":1,"name":"Home","item":"https:\/\/oliviagreencamping.com\/hr\/"},{"@type":"ListItem","position":2,"name":"Kamping vile"}]},{"@type":"WebSite","@id":"https:\/\/oliviagreencamping.com\/hr\/#website","url":"https:\/\/oliviagreencamping.com\/hr\/","name":"Olivia Green Camping","description":"Luxury Camping in Croatia","publisher":{"@id":"https:\/\/oliviagreencamping.com\/hr\/#organization"},"potentialAction":[{"@type":"SearchAction","target":{"@type":"EntryPoint","urlTemplate":"https:\/\/oliviagreencamping.com\/hr\/?s={search_term_string}"},"query-input":"required name=search_term_string"}],"inLanguage":"hr"},{"@type":"Organization","@id":"https:\/\/oliviagreencamping.com\/hr\/#organization","name":"Zelena Luka d.o.o.","url":"https:\/\/oliviagreencamping.com\/hr\/","logo":{"@type":"ImageObject","inLanguage":"hr","@id":"https:\/\/oliviagreencamping.com\/hr\/#\/schema\/logo\/image\/","url":"https:\/\/oliviagreencamping.com\/wp-content\/uploads\/2019\/08\/olivia_logo-07.png","contentUrl":"https:\/\/oliviagreencamping.com\/wp-content\/uploads\/2019\/08\/olivia_logo-07.png","width":1318,"height":1125,"caption":"Zelena Luka d.o.o."},"image":{"@id":"https:\/\/oliviagreencamping.com\/hr\/#\/schema\/logo\/image\/"},"sameAs":["https:\/\/www.facebook.com\/OliviaGreenCamping\/","https:\/\/www.instagram.com\/oliviagreencamping\/"]}]}},"_links":{"self":[{"href":"https:\/\/oliviagreencamping.com\/hr\/wp-json\/wp\/v2\/pages\/9958"}],"collection":[{"href":"https:\/\/oliviagreencamping.com\/hr\/wp-json\/wp\/v2\/pages"}],"about":[{"href":"https:\/\/oliviagreencamping.com\/hr\/wp-json\/wp\/v2\/types\/page"}],"author":[{"embeddable":true,"href":"https:\/\/oliviagreencamping.com\/hr\/wp-json\/wp\/v2\/users\/3"}],"replies":[{"embeddable":true,"href":"https:\/\/oliviagreencamping.com\/hr\/wp-json\/wp\/v2\/comments?post=9958"}],"version-history":[{"count":3,"href":"https:\/\/oliviagreencamping.com\/hr\/wp-json\/wp\/v2\/pages\/9958\/revisions"}],"predecessor-version":[{"id":16174,"href":"https:\/\/oliviagreencamping.com\/hr\/wp-json\/wp\/v2\/pages\/9958\/revisions\/16174"}],"wp:featuredmedia":[{"embeddable":true,"href":"https:\/\/oliviagreencamping.com\/hr\/wp-json\/wp\/v2\/media\/9125"}],"wp:attachment":[{"href":"https:\/\/oliviagreencamping.com\/hr\/wp-json\/wp\/v2\/media?parent=9958"}],"curies":[{"name":"wp","href":"https:\/\/api.w.org\/{rel}","templated":true}]}}