{"id":9964,"date":"2021-05-14T09:01:42","date_gmt":"2021-05-14T09:01:42","guid":{"rendered":"https:\/\/oliviagreencamping.com\/kamp-parcele\/"},"modified":"2024-07-09T15:24:40","modified_gmt":"2024-07-09T15:24:40","slug":"kamp-parcele","status":"publish","type":"page","link":"https:\/\/oliviagreencamping.com\/hr\/kamp-parcele\/","title":{"rendered":"Kamp parcele"},"content":{"rendered":"<section class=\"wpb-content-wrapper\"><p>[vc_row gap=&#8221;10&#8243; equal_height=&#8221;yes&#8221; content_placement=&#8221;top&#8221; css=&#8221;.vc_custom_1565725684379{padding-top: 75px !important;padding-bottom: 100px !important;background-color: #f2efea !important;}&#8221;][vc_column][vc_row_inner css=&#8221;.vc_custom_1618222301638{margin-top: 50px !important;margin-bottom: 50px !important;}&#8221;][vc_column_inner width=&#8221;1\/2&#8243;]<div id=\"ld_content_box_69f0eb6e53716\" class=\"fancy-box text-center scheme-light fancy-box-overlay fancy-box-overlay-alt ld_content_box_69f0eb6e53716\">\n\t\n\t<div class=\"cb-img-container\">\n\t\t<figure class=\"fancy-box-image border-radius-3\" data-responsive-bg=\"true\" data-liquid-blur=\"true\" data-blur-options='{\"imgSrc\":\"backgroundImage\",\"radius\":8,\"blurHandlerOn\":\"static\"}'><img width=\"1500\" height=\"750\" src=\"data:image\/svg+xml;charset=utf-8,&lt;svg xmlns%3D&#039;http%3A%2F%2Fwww.w3.org%2F2000%2Fsvg&#039; viewBox%3D&#039;0 0 1500 750&#039;%2F&gt;\" class=\"invisible ld-lazyload\" alt=\"Kamping zona A\" decoding=\"async\" srcset=\"\" sizes=\"(max-width: 1500px) 100vw, 1500px\" data-src=\"https:\/\/oliviagreencamping.com\/wp-content\/uploads\/2021\/04\/A-ZONE-glavna-fotka.jpg\" data-srcset=\"https:\/\/oliviagreencamping.com\/wp-content\/uploads\/2021\/04\/A-ZONE-glavna-fotka.jpg 1500w, https:\/\/oliviagreencamping.com\/wp-content\/uploads\/2021\/04\/A-ZONE-glavna-fotka-300x150.jpg 300w, https:\/\/oliviagreencamping.com\/wp-content\/uploads\/2021\/04\/A-ZONE-glavna-fotka-1024x512.jpg 1024w\" data-aspect=\"2\" \/><\/figure>\t<\/div><!-- \/.cb-img-container -->\n\n\t<span class=\"cb-overlay\"><\/span><!-- \/.cb-overlay -->\n\n\t<div class=\"fancy-box-contents justify-content-center\">\n\t\t\n\t\t<div class=\"fancy-box-header\">\n\n\t\t\t<h3 class=\"text-uppercase ltr-sp-05 font-weight-bold mb-3\">Kamping zona A<\/h3>\t\t\t\n\t\t<\/div><!-- \/.fancy-box-header -->\n\t\t\n\t<\/div><!-- \/.fancy-box-contents -->\n\n\t<a href=\"https:\/\/oliviagreencamping.com\/kamping-zona-a\/?lang=hr\" title=\"Camping Zone A\" class=\"liquid-overlay-link\"><\/a>\t\n<\/div><!-- \/.fancy-box fancy-box-classes -->[\/vc_column_inner][vc_column_inner width=&#8221;1\/2&#8243;]<div id=\"ld_content_box_69f0eb6e5ed07\" class=\"fancy-box text-center scheme-light fancy-box-overlay fancy-box-overlay-alt ld_content_box_69f0eb6e5ed07\">\n\t\n\t<div class=\"cb-img-container\">\n\t\t<figure class=\"fancy-box-image border-radius-3\" data-responsive-bg=\"true\" data-liquid-blur=\"true\" data-blur-options='{\"imgSrc\":\"backgroundImage\",\"radius\":8,\"blurHandlerOn\":\"static\"}'><img width=\"1500\" height=\"1001\" src=\"data:image\/svg+xml;charset=utf-8,&lt;svg xmlns%3D&#039;http%3A%2F%2Fwww.w3.org%2F2000%2Fsvg&#039; viewBox%3D&#039;0 0 1500 1001&#039;%2F&gt;\" class=\"invisible ld-lazyload\" alt=\"Kamping zona B\" decoding=\"async\" srcset=\"\" sizes=\"(max-width: 1500px) 100vw, 1500px\" data-src=\"https:\/\/oliviagreencamping.com\/wp-content\/uploads\/2021\/04\/B-ZONE-glavna-fotka.jpg\" data-srcset=\"https:\/\/oliviagreencamping.com\/wp-content\/uploads\/2021\/04\/B-ZONE-glavna-fotka.jpg 1500w, https:\/\/oliviagreencamping.com\/wp-content\/uploads\/2021\/04\/B-ZONE-glavna-fotka-300x200.jpg 300w, https:\/\/oliviagreencamping.com\/wp-content\/uploads\/2021\/04\/B-ZONE-glavna-fotka-1024x683.jpg 1024w\" data-aspect=\"1.4985014985015\" \/><\/figure>\t<\/div><!-- \/.cb-img-container -->\n\n\t<span class=\"cb-overlay\"><\/span><!-- \/.cb-overlay -->\n\n\t<div class=\"fancy-box-contents justify-content-center\">\n\t\t\n\t\t<div class=\"fancy-box-header\">\n\n\t\t\t<h3 class=\"text-uppercase ltr-sp-05 font-weight-bold mb-3\">Kamping zona B<\/h3>\t\t\t\n\t\t<\/div><!-- \/.fancy-box-header -->\n\t\t\n\t<\/div><!-- \/.fancy-box-contents -->\n\n\t<a href=\"https:\/\/oliviagreencamping.com\/kamping-zona-b\/?lang=hr\" title=\"Camping Zone A\" class=\"liquid-overlay-link\"><\/a>\t\n<\/div><!-- \/.fancy-box fancy-box-classes -->[\/vc_column_inner][\/vc_row_inner][\/vc_column][vc_column width=&#8221;2\/3&#8243; enable_content_animation=&#8221;yes&#8221; ca_init_scale_x=&#8221;1&#8243; ca_init_scale_y=&#8221;1&#8243; ca_init_scale_z=&#8221;1&#8243; ca_init_opacity=&#8221;0&#8243; ca_an_scale_x=&#8221;1&#8243; ca_an_scale_y=&#8221;1&#8243; ca_an_scale_z=&#8221;1&#8243; ca_an_opacity=&#8221;1&#8243; align=&#8221;text-center&#8221; offset=&#8221;vc_col-sm-offset-2&#8243; ca_init_translate_y=&#8221;50&#8243;]<style>.ld_fancy_heading_69f0eb6e6a87b .lqd-highlight-inner{height:0.275em;bottom:0px;}<\/style><div class=\"ld-fancy-heading ld_fancy_heading_69f0eb6e6a87b\">\n\t<p class=\"lqd-highlight-underline lqd-highlight-grow-left\" ><span class=\"ld-fh-txt\"> Na\u0161 kamp savr\u0161en je za uzgoj maslina te ponosno njegujemo svoje drve\u0107e ve\u0107 stotinu godina. \u0160iroke i guste kro\u0161nje drve\u0107a pru\u017eaju za\u0161titu od sunca, a istovremeno omogu\u0107uju ugodan protok zraka \u2013 poput prirodnog klima-ure\u0111aja. Mje\u0161tani ka\u017eu da je najbolji popodnevni odmor onaj pod maslinom. Otkrijte za\u0161to!<\/span><\/p><\/div><style>.ld_fancy_heading_69f0eb6e6c2ae .lqd-highlight-inner{height:0.275em;bottom:0px;}<\/style><div class=\"ld-fancy-heading ld_fancy_heading_69f0eb6e6c2ae\">\n\t<p class=\"lqd-highlight-underline lqd-highlight-grow-left\" ><span class=\"ld-fh-txt\"> U listopadu marljive ruke beru masline, koje se potom prevoze u lokalni mlin na hladno pre\u0161anje kako bi se dobilo ekstra djevi\u010dansko ulje. Prigrlite i po\u0161tujte okoli\u0161 i omogu\u0107ite maslinama da rastu u va\u0161oj blizini. Pozivamo goste koji borave s nama tijekom sezone berbe da nam se pridru\u017ee u branju maslina i ponesu ku\u0107i bocu vlastitog ekstra djevi\u010danskog maslinovog ulja.<\/span><\/p><\/div><style>.ld_fancy_heading_69f0eb6e6e24a .lqd-highlight-inner{height:0.275em;bottom:0px;}<\/style><div class=\"ld-fancy-heading ld_fancy_heading_69f0eb6e6e24a\">\n\t<p class=\"lqd-highlight-underline lqd-highlight-grow-left\" ><span class=\"ld-fh-txt\"> <strong>Sve na\u0161e parcele napajaju se elektri\u010dnom energijom i posjeduju priklju\u010dak za vodu, odvodnju otpadnih voda, besplatni Wi-Fi i SAT TV.<\/strong><\/span><\/p><\/div><style>.ld_fancy_heading_69f0eb6e6f084 .lqd-highlight-inner{height:0.275em;bottom:0px;}<\/style><div class=\"ld-fancy-heading ld_fancy_heading_69f0eb6e6f084\">\n\t<p class=\"lqd-highlight-underline lqd-highlight-grow-left\" ><span class=\"ld-fh-txt\"> <strong>Stepenasti raspored parcela omogu\u0107uje pogled na more s ve\u0107ine parcela.<\/strong><\/span><\/p><\/div><style>.ld_fancy_heading_69f0eb6e6f8b6 .lqd-highlight-inner{height:0.275em;bottom:0px;}<\/style><div class=\"ld-fancy-heading ld_fancy_heading_69f0eb6e6f8b6\">\n\t<p class=\"lqd-highlight-underline lqd-highlight-grow-left\" ><span class=\"ld-fh-txt\"> Uz kamp parcele, nudimo i parcele za \u0161atore, koje se nalaze u sredi\u0161njem dijelu kampa. Ro\u0161tiljanje je dozvoljeno samo na elektri\u010dnom ro\u0161tilju.<\/span><\/p><\/div>[vc_empty_space height=&#8221;60px&#8221;]<a href=\"https:\/\/tourmkr.com\/F1yK1F4x1E\/38226715p&#038;194.93h&#038;88.92t\" target=\"_blank\" class=\"btn btn-solid btn-lg btn-bordered border-thin ld_button_69f0eb6e6ff96\">\n\t<span>\n\t\t\n\t\t\t\t\t<span class=\"btn-txt\">Virtualna \u0161etnja<\/span>\n\t\t\t\n\t\t\t\t<\/span>\n<\/a>\n[vc_empty_space height=&#8221;60px&#8221;][\/vc_column][vc_column][\/vc_column][\/vc_row][vc_row responsive_css=&#8221;margin_top_medium:-120px&#8221; css=&#8221;.vc_custom_1579810938444{padding-bottom: 10% !important;}&#8221;][vc_column][vc_row_inner][vc_column_inner][vc_raw_html]JTNDaWZyYW1lJTIwJTBBd2lkdGglM0QlMjIxMDAlMjUlMjIlMjAlMEFoZWlnaHQlM0QlMjI2MDBweCUyMiUyMCUwQXN0eWxlJTNEJTIyYm9yZGVyJTNBMCUyMiUyMCUwQWxvYWRpbmclM0QlMjJsYXp5JTIyJTIwJTBBYWxsb3dmdWxsc2NyZWVuJTIwJTBBYWxsb3clM0QlMjJnZW9sb2NhdGlvbiUyMiUwQXNyYyUzRCUyMmh0dHBzJTNBJTJGJTJGY2FtcG1hcC5jb20lMkZocm9saXYlMkYlMjIlM0UlMjAlM0MlMkZpZnJhbWUlM0U=[\/vc_raw_html][\/vc_column_inner][\/vc_row_inner]<style>.ld_fancy_heading_69f0eb6e718ed .lqd-highlight-inner{height:0.275em;bottom:0px;}<\/style><div class=\"ld-fancy-heading text-center ld_fancy_heading_69f0eb6e718ed\">\n\t<h2 class=\"lqd-highlight-underline lqd-highlight-grow-left\" ><span class=\"ld-fh-txt\"> Our Partners<\/span><\/h2><\/div>[vc_row_inner equal_height=&#8221;yes&#8221; content_placement=&#8221;middle&#8221;][vc_column_inner width=&#8221;1\/6&#8243;][vc_single_image image=&#8221;9456&#8243; img_size=&#8221;full&#8221; alignment=&#8221;center&#8221; onclick=&#8221;custom_link&#8221; img_link_target=&#8221;_blank&#8221; link=&#8221;https:\/\/www.pitchup.com\/campsites\/croatia\/dalmatia\/sibenik-knin\/tisno\/olivia_green_camping\/&#8221;][\/vc_column_inner][vc_column_inner width=&#8221;1\/6&#8243;][vc_single_image image=&#8221;9452&#8243; img_size=&#8221;full&#8221; alignment=&#8221;center&#8221; onclick=&#8221;custom_link&#8221; img_link_target=&#8221;_blank&#8221; link=&#8221;https:\/\/www.nestcampers.com\/en&#8221;][\/vc_column_inner][vc_column_inner width=&#8221;1\/6&#8243; align=&#8221;text-center&#8221;][vc_single_image image=&#8221;9453&#8243; img_size=&#8221;full&#8221; alignment=&#8221;center&#8221; onclick=&#8221;custom_link&#8221; img_link_target=&#8221;_blank&#8221; link=&#8221;https:\/\/www.sloveniacamper.com\/&#8221;][\/vc_column_inner][vc_column_inner width=&#8221;1\/6&#8243; align=&#8221;text-center&#8221;][vc_single_image image=&#8221;9454&#8243; onclick=&#8221;custom_link&#8221; img_link_target=&#8221;_blank&#8221; link=&#8221;https:\/\/campinglovers.eu\/en\/home\/&#8221;][\/vc_column_inner][vc_column_inner width=&#8221;1\/6&#8243;][vc_single_image image=&#8221;9457&#8243; img_size=&#8221;full&#8221; alignment=&#8221;center&#8221; onclick=&#8221;custom_link&#8221; img_link_target=&#8221;_blank&#8221; link=&#8221;https:\/\/yourway.co\/&#8221;][\/vc_column_inner][vc_column_inner width=&#8221;1\/6&#8243;][vc_single_image image=&#8221;11704&#8243; img_size=&#8221;full&#8221; alignment=&#8221;center&#8221; onclick=&#8221;custom_link&#8221; img_link_target=&#8221;_blank&#8221; link=&#8221;https:\/\/www.pincamp.de\/campingplaetze\/olivia-green-camping&#8221;][\/vc_column_inner][\/vc_row_inner][vc_row_inner equal_height=&#8221;yes&#8221; content_placement=&#8221;middle&#8221;][vc_column_inner][vc_single_image image=&#8221;14850&#8243; img_size=&#8221;300&#215;250&#8243; alignment=&#8221;center&#8221;][\/vc_column_inner][\/vc_row_inner][\/vc_column][\/vc_row]<\/p>\n<\/section>","protected":false},"excerpt":{"rendered":"<p>[vc_row gap=&#8221;10&#8243; equal_height=&#8221;yes&#8221; content_placement=&#8221;top&#8221; css=&#8221;.vc_custom_1565725684379{padding-top: 75px !important;padding-bottom: 100px !important;background-color: #f2efea !important;}&#8221;][vc_column][vc_row_inner css=&#8221;.vc_custom_1618222301638{margin-top: 50px !important;margin-bottom: 50px&#8230;<\/p>\n","protected":false},"author":3,"featured_media":9458,"parent":0,"menu_order":0,"comment_status":"closed","ping_status":"closed","template":"","meta":[],"yoast_head":"<!-- This site is optimized with the Yoast SEO plugin v20.3 - https:\/\/yoast.com\/wordpress\/plugins\/seo\/ -->\n<title>Kamp parcele &ndash; Olivia Green Camping<\/title>\n<meta name=\"description\" content=\"Home to rich organic land. We have been proudly nurturing our olive trees for a hundred years and they provide the perfect shade for each camping pitch.\" \/>\n<meta name=\"robots\" content=\"index, follow, max-snippet:-1, max-image-preview:large, max-video-preview:-1\" \/>\n<link rel=\"canonical\" href=\"https:\/\/oliviagreencamping.com\/hr\/kamp-parcele\/\" \/>\n<meta property=\"og:locale\" content=\"hr_HR\" \/>\n<meta property=\"og:type\" content=\"article\" \/>\n<meta property=\"og:title\" content=\"Kamp parcele &ndash; Olivia Green Camping\" \/>\n<meta property=\"og:description\" content=\"Home to rich organic land. We have been proudly nurturing our olive trees for a hundred years and they provide the perfect shade for each camping pitch.\" \/>\n<meta property=\"og:url\" content=\"https:\/\/oliviagreencamping.com\/hr\/kamp-parcele\/\" \/>\n<meta property=\"og:site_name\" content=\"Olivia Green Camping\" \/>\n<meta property=\"article:publisher\" content=\"https:\/\/www.facebook.com\/OliviaGreenCamping\/\" \/>\n<meta property=\"article:modified_time\" content=\"2024-07-09T15:24:40+00:00\" \/>\n<meta property=\"og:image\" content=\"https:\/\/oliviagreencamping.com\/wp-content\/uploads\/2020\/11\/Camping-pitches-page-main-photo-na-Camping-pitches-stranici-1-1.jpg\" \/>\n\t<meta property=\"og:image:width\" content=\"1280\" \/>\n\t<meta property=\"og:image:height\" content=\"855\" \/>\n\t<meta property=\"og:image:type\" content=\"image\/jpeg\" \/>\n<meta name=\"twitter:card\" content=\"summary_large_image\" \/>\n<meta name=\"twitter:label1\" content=\"Procijenjeno vrijeme \u010ditanja\" \/>\n\t<meta name=\"twitter:data1\" content=\"2 minute\" \/>\n<script type=\"application\/ld+json\" class=\"yoast-schema-graph\">{\"@context\":\"https:\/\/schema.org\",\"@graph\":[{\"@type\":\"WebPage\",\"@id\":\"https:\/\/oliviagreencamping.com\/hr\/kamp-parcele\/\",\"url\":\"https:\/\/oliviagreencamping.com\/hr\/kamp-parcele\/\",\"name\":\"Kamp parcele &ndash; Olivia Green Camping\",\"isPartOf\":{\"@id\":\"https:\/\/oliviagreencamping.com\/hr\/#website\"},\"datePublished\":\"2021-05-14T09:01:42+00:00\",\"dateModified\":\"2024-07-09T15:24:40+00:00\",\"description\":\"Home to rich organic land. We have been proudly nurturing our olive trees for a hundred years and they provide the perfect shade for each camping pitch.\",\"breadcrumb\":{\"@id\":\"https:\/\/oliviagreencamping.com\/hr\/kamp-parcele\/#breadcrumb\"},\"inLanguage\":\"hr\",\"potentialAction\":[{\"@type\":\"ReadAction\",\"target\":[\"https:\/\/oliviagreencamping.com\/hr\/kamp-parcele\/\"]}]},{\"@type\":\"BreadcrumbList\",\"@id\":\"https:\/\/oliviagreencamping.com\/hr\/kamp-parcele\/#breadcrumb\",\"itemListElement\":[{\"@type\":\"ListItem\",\"position\":1,\"name\":\"Home\",\"item\":\"https:\/\/oliviagreencamping.com\/hr\/\"},{\"@type\":\"ListItem\",\"position\":2,\"name\":\"Kamp parcele\"}]},{\"@type\":\"WebSite\",\"@id\":\"https:\/\/oliviagreencamping.com\/hr\/#website\",\"url\":\"https:\/\/oliviagreencamping.com\/hr\/\",\"name\":\"Olivia Green Camping\",\"description\":\"Luxury Camping in Croatia\",\"publisher\":{\"@id\":\"https:\/\/oliviagreencamping.com\/hr\/#organization\"},\"potentialAction\":[{\"@type\":\"SearchAction\",\"target\":{\"@type\":\"EntryPoint\",\"urlTemplate\":\"https:\/\/oliviagreencamping.com\/hr\/?s={search_term_string}\"},\"query-input\":\"required name=search_term_string\"}],\"inLanguage\":\"hr\"},{\"@type\":\"Organization\",\"@id\":\"https:\/\/oliviagreencamping.com\/hr\/#organization\",\"name\":\"Zelena Luka d.o.o.\",\"url\":\"https:\/\/oliviagreencamping.com\/hr\/\",\"logo\":{\"@type\":\"ImageObject\",\"inLanguage\":\"hr\",\"@id\":\"https:\/\/oliviagreencamping.com\/hr\/#\/schema\/logo\/image\/\",\"url\":\"https:\/\/oliviagreencamping.com\/wp-content\/uploads\/2019\/08\/olivia_logo-07.png\",\"contentUrl\":\"https:\/\/oliviagreencamping.com\/wp-content\/uploads\/2019\/08\/olivia_logo-07.png\",\"width\":1318,\"height\":1125,\"caption\":\"Zelena Luka d.o.o.\"},\"image\":{\"@id\":\"https:\/\/oliviagreencamping.com\/hr\/#\/schema\/logo\/image\/\"},\"sameAs\":[\"https:\/\/www.facebook.com\/OliviaGreenCamping\/\",\"https:\/\/www.instagram.com\/oliviagreencamping\/\"]}]}<\/script>\n<!-- \/ Yoast SEO plugin. -->","yoast_head_json":{"title":"Kamp parcele &ndash; Olivia Green Camping","description":"Home to rich organic land. We have been proudly nurturing our olive trees for a hundred years and they provide the perfect shade for each camping pitch.","robots":{"index":"index","follow":"follow","max-snippet":"max-snippet:-1","max-image-preview":"max-image-preview:large","max-video-preview":"max-video-preview:-1"},"canonical":"https:\/\/oliviagreencamping.com\/hr\/kamp-parcele\/","og_locale":"hr_HR","og_type":"article","og_title":"Kamp parcele &ndash; Olivia Green Camping","og_description":"Home to rich organic land. We have been proudly nurturing our olive trees for a hundred years and they provide the perfect shade for each camping pitch.","og_url":"https:\/\/oliviagreencamping.com\/hr\/kamp-parcele\/","og_site_name":"Olivia Green Camping","article_publisher":"https:\/\/www.facebook.com\/OliviaGreenCamping\/","article_modified_time":"2024-07-09T15:24:40+00:00","og_image":[{"width":1280,"height":855,"url":"https:\/\/oliviagreencamping.com\/wp-content\/uploads\/2020\/11\/Camping-pitches-page-main-photo-na-Camping-pitches-stranici-1-1.jpg","type":"image\/jpeg"}],"twitter_card":"summary_large_image","twitter_misc":{"Procijenjeno vrijeme \u010ditanja":"2 minute"},"schema":{"@context":"https:\/\/schema.org","@graph":[{"@type":"WebPage","@id":"https:\/\/oliviagreencamping.com\/hr\/kamp-parcele\/","url":"https:\/\/oliviagreencamping.com\/hr\/kamp-parcele\/","name":"Kamp parcele &ndash; Olivia Green Camping","isPartOf":{"@id":"https:\/\/oliviagreencamping.com\/hr\/#website"},"datePublished":"2021-05-14T09:01:42+00:00","dateModified":"2024-07-09T15:24:40+00:00","description":"Home to rich organic land. We have been proudly nurturing our olive trees for a hundred years and they provide the perfect shade for each camping pitch.","breadcrumb":{"@id":"https:\/\/oliviagreencamping.com\/hr\/kamp-parcele\/#breadcrumb"},"inLanguage":"hr","potentialAction":[{"@type":"ReadAction","target":["https:\/\/oliviagreencamping.com\/hr\/kamp-parcele\/"]}]},{"@type":"BreadcrumbList","@id":"https:\/\/oliviagreencamping.com\/hr\/kamp-parcele\/#breadcrumb","itemListElement":[{"@type":"ListItem","position":1,"name":"Home","item":"https:\/\/oliviagreencamping.com\/hr\/"},{"@type":"ListItem","position":2,"name":"Kamp parcele"}]},{"@type":"WebSite","@id":"https:\/\/oliviagreencamping.com\/hr\/#website","url":"https:\/\/oliviagreencamping.com\/hr\/","name":"Olivia Green Camping","description":"Luxury Camping in Croatia","publisher":{"@id":"https:\/\/oliviagreencamping.com\/hr\/#organization"},"potentialAction":[{"@type":"SearchAction","target":{"@type":"EntryPoint","urlTemplate":"https:\/\/oliviagreencamping.com\/hr\/?s={search_term_string}"},"query-input":"required name=search_term_string"}],"inLanguage":"hr"},{"@type":"Organization","@id":"https:\/\/oliviagreencamping.com\/hr\/#organization","name":"Zelena Luka d.o.o.","url":"https:\/\/oliviagreencamping.com\/hr\/","logo":{"@type":"ImageObject","inLanguage":"hr","@id":"https:\/\/oliviagreencamping.com\/hr\/#\/schema\/logo\/image\/","url":"https:\/\/oliviagreencamping.com\/wp-content\/uploads\/2019\/08\/olivia_logo-07.png","contentUrl":"https:\/\/oliviagreencamping.com\/wp-content\/uploads\/2019\/08\/olivia_logo-07.png","width":1318,"height":1125,"caption":"Zelena Luka d.o.o."},"image":{"@id":"https:\/\/oliviagreencamping.com\/hr\/#\/schema\/logo\/image\/"},"sameAs":["https:\/\/www.facebook.com\/OliviaGreenCamping\/","https:\/\/www.instagram.com\/oliviagreencamping\/"]}]}},"_links":{"self":[{"href":"https:\/\/oliviagreencamping.com\/hr\/wp-json\/wp\/v2\/pages\/9964"}],"collection":[{"href":"https:\/\/oliviagreencamping.com\/hr\/wp-json\/wp\/v2\/pages"}],"about":[{"href":"https:\/\/oliviagreencamping.com\/hr\/wp-json\/wp\/v2\/types\/page"}],"author":[{"embeddable":true,"href":"https:\/\/oliviagreencamping.com\/hr\/wp-json\/wp\/v2\/users\/3"}],"replies":[{"embeddable":true,"href":"https:\/\/oliviagreencamping.com\/hr\/wp-json\/wp\/v2\/comments?post=9964"}],"version-history":[{"count":3,"href":"https:\/\/oliviagreencamping.com\/hr\/wp-json\/wp\/v2\/pages\/9964\/revisions"}],"predecessor-version":[{"id":18023,"href":"https:\/\/oliviagreencamping.com\/hr\/wp-json\/wp\/v2\/pages\/9964\/revisions\/18023"}],"wp:featuredmedia":[{"embeddable":true,"href":"https:\/\/oliviagreencamping.com\/hr\/wp-json\/wp\/v2\/media\/9458"}],"wp:attachment":[{"href":"https:\/\/oliviagreencamping.com\/hr\/wp-json\/wp\/v2\/media?parent=9964"}],"curies":[{"name":"wp","href":"https:\/\/api.w.org\/{rel}","templated":true}]}}