{"id":9971,"date":"2021-05-14T09:07:21","date_gmt":"2021-05-14T09:07:21","guid":{"rendered":"https:\/\/oliviagreencamping.com\/ekoloski-prihvatljivo\/"},"modified":"2023-04-03T11:27:55","modified_gmt":"2023-04-03T11:27:55","slug":"ekoloski-prihvatljivo","status":"publish","type":"page","link":"https:\/\/oliviagreencamping.com\/hr\/ekoloski-prihvatljivo\/","title":{"rendered":"Ekolo\u0161ki prihvatljivo"},"content":{"rendered":"<section class=\"wpb-content-wrapper\"><p>[vc_row content_placement=&#8221;top&#8221; css=&#8221;.vc_custom_1577985789974{padding-top: 20px !important;padding-bottom: 40px !important;}&#8221; responsive_css=&#8221;padding_top_medium:40px&#8221;][vc_column enable_content_animation=&#8221;yes&#8221; ca_init_scale_x=&#8221;1&#8243; ca_init_scale_y=&#8221;1&#8243; ca_init_scale_z=&#8221;1&#8243; ca_init_opacity=&#8221;0&#8243; ca_an_scale_x=&#8221;1&#8243; ca_an_scale_y=&#8221;1&#8243; ca_an_scale_z=&#8221;1&#8243; ca_an_opacity=&#8221;1&#8243; offset=&#8221;vc_col-md-6&#8243; ca_duration=&#8221;1200&#8243; ca_init_translate_x=&#8221;0&#8243; ca_init_rotate_z=&#8221;1&#8243; ca_init_translate_y=&#8221;45&#8243;]<style>.ld_fancy_heading_69f0eb67b2e46 .lqd-highlight-inner{height:0.275em;bottom:0px;}<\/style><div class=\"ld-fancy-heading ld_fancy_heading_69f0eb67b2e46\">\n\t<h2 class=\"lqd-highlight-underline lqd-highlight-grow-left\" data-fittext=\"true\" data-fittext-options='{\"compressor\":0.65000000000000002220446049250313080847263336181640625,\"maxFontSize\":\"currentFontSize\",\"minFontSize\":\"48\"}' data-split-text=\"true\" data-custom-animations=\"true\" data-ca-options='{\"triggerHandler\":\"inview\",\"animationTarget\":\".lqd-lines .split-inner\",\"duration\":700,\"delay\":100,\"easing\":\"easeOutQuint\",\"direction\":\"forward\",\"initValues\":{\"scale\":1},\"animations\":{\"scale\":1}}' data-split-options='{\"type\":\"lines\"}'><span class=\"ld-fh-txt\"> Olivia Green Camping<\/span><\/h2><\/div>[vc_empty_space height=&#8221;24px&#8221;][vc_column_text]Biti istinski ekolo\u0161ki zna\u010di imati sveobuhvatni pristup. Kako bi pomogli podr\u017eati odr\u017eivija rje\u0161enja u turizmu, kamp Olivia Green Camping (ranije poznat pod nazivom Kamp Dalmacija) do\u017eivio je opse\u017ene promjene u protekle dvije godine, a jo\u0161 uzbudljivije dopune sadr\u017eaja planirane su za nadolaze\u0107e godine.<\/p>\n<p><strong>Na\u0161a strategija<\/strong><\/p>\n<p>Zapo\u010deli smo novu ekolo\u0161ku strategiju razvoja koja se temelji na odr\u017eivosti i ekologiji. Neke od promjena i pobolj\u0161anja uklju\u010duju:<\/p>\n<p><strong>Solarni paneli<\/strong><\/p>\n<p>Instalirana je nova fotonaponska elektrana koja \u0107e pobolj\u0161ati energetsku u\u010dinkovitost na\u0161eg kampa te nam osigurati dovoljne kapacitete za zadovoljenje 25 % na\u0161ih energetskih potreba.<\/p>\n<p><strong>Pro\u010di\u0161\u0107avanje vode<\/strong><\/p>\n<p>Uz pravilnu obradu, otpadne vode koristimo u razne svrhe. U na\u0161em kampu uveli smo vrlo napredan sustav za pro\u010di\u0161\u0107avanje vode za sve vrste otpadnih voda. Pro\u010di\u0161\u0107ena voda zatim se koristi za odr\u017eavanje hortikulture, uklju\u010duju\u0107i na\u0161 mediteranski vrt, te za upotrebu u na\u0161oj mre\u017ei vatrogasnih hidranata, kao i za sustav navodnjavanja koji opskrbljuje cijeli na\u0161 kamp.<\/p>\n<p><strong>Kamping vile<\/strong><\/p>\n<p>Sve na\u0161e kamping vile izgra\u0111ene su prema najvi\u0161im ekolo\u0161kim standardima i dobile su ekolo\u0161ke certifikate Bio Green i Bio Green +.<\/p>\n<p><strong>Hrana<\/strong><\/p>\n<p>Zbog na\u0161eg nastojanja da pomognemo lokalnoj zajednici i doprinesemo blagostanju lokalnog stanovni\u0161tva, u na\u0161im restoranima koristimo hranu i svje\u017ee proizvode iz lokalnih izvora.<\/p>\n<p><strong>Infrastruktura<\/strong><\/p>\n<p>Sve kamp parcele imaju pristup osnovnim sadr\u017eajima \u2013 elektri\u010dnoj energiji, vodi i besplatnom brzom Wi-Fi internetu. S ciljem unaprje\u0111ivanja na\u0161eg \u010dvrstog stava o odr\u017eivosti, sve premium parcele posjeduju pristup odvodima otpadnih voda.<\/p>\n<p>Ovim promjenama i nadolaze\u0107im pobolj\u0161anjima pru\u017eamo pozitivne dru\u0161tvene i ekolo\u0161ke ishode lokalnoj regiji i na\u0161im posjetiteljima.[\/vc_column_text][\/vc_column][vc_column offset=&#8221;vc_col-md-6&#8243;]<style>.ld_spacer_69f0eb67b32e7{height:100px;}<\/style>\n<div class=\"ld-empty-space ld_spacer_69f0eb67b32e7\"><span class=\"liquid_empty_space_inner\"><\/span><\/div><div id=\"ld_images_group_container_69f0eb67b3465\" class=\"liquid-img-group-container ld_images_group_container_69f0eb67b3465\"  >\n\t<div class=\"liquid-img-group-inner\">\n\t\t<div id=\"ld_images_group_element_69f0eb67b36c2\" class=\"liquid-img-group-single ld_images_group_element_69f0eb67b36c2\" data-reveal=\"true\" data-reveal-options='{\"direction\":\"lr\",\"bgcolor\":\"rgb(23, 64, 66)\",\"delay\":\"\"}'>\n\t\n\t\t\n\t<div class=\"liquid-img-group-img-container\">\n\t\t\n\t\t\n\t\t\t\t\n\t\t\t\t<div class=\"liquid-img-container-inner\" data-parallax=\"true\" data-parallax-from='{\"translateY\":32}' data-parallax-to='{\"translateY\":-33}' data-parallax-options='{\"overflowHidden\":false,\"easing\":\"linear\"}'>\n\t\t\t<figure ><img width=\"960\" height=\"540\" src=\"data:image\/svg+xml;charset=utf-8,&lt;svg xmlns%3D&#039;http%3A%2F%2Fwww.w3.org%2F2000%2Fsvg&#039; viewBox%3D&#039;0 0 1920 1080&#039;%2F&gt;\" srcset=\"\" class=\" ld-lazyload\" alt=\"\" data-src=\"https:\/\/oliviagreencamping.com\/wp-content\/uploads\/2019\/08\/hiking_olivia.jpg\" data-srcset=\"https:\/\/oliviagreencamping.com\/wp-content\/uploads\/2019\/08\/hiking_olivia-300x169.jpg 300w, https:\/\/oliviagreencamping.com\/wp-content\/uploads\/2019\/08\/hiking_olivia-1024x576.jpg 1024w, https:\/\/oliviagreencamping.com\/wp-content\/uploads\/2019\/08\/hiking_olivia.jpg 1920w\" data-aspect=\"1.7777777777778\" \/><\/figure>\t\t\t\t\t<\/div><!-- \/.liquid-img-container-inner -->\n\t\t\n\t<\/div><!-- \/.liquid-img-group-content -->\n<\/div><!-- \/.liquid-img-group-single --><div id=\"ld_images_group_element_69f0eb67bb289\" class=\"liquid-img-group-single ld_images_group_element_69f0eb67bb289\" data-reveal=\"true\" data-reveal-options='{\"direction\":\"lr\",\"bgcolor\":\"rgb(23, 64, 66)\",\"delay\":\"\"}'>\n\t\n\t\t\n\t<div class=\"liquid-img-group-img-container\">\n\t\t\n\t\t\n\t\t\t\t\n\t\t\t\t<div class=\"liquid-img-container-inner\" data-parallax=\"true\" data-parallax-from='{\"translateY\":32}' data-parallax-to='{\"translateY\":-33}' data-parallax-options='{\"overflowHidden\":false,\"easing\":\"linear\"}'>\n\t\t\t<figure ><img width=\"720\" height=\"405\" src=\"data:image\/svg+xml;charset=utf-8,&lt;svg xmlns%3D&#039;http%3A%2F%2Fwww.w3.org%2F2000%2Fsvg&#039; viewBox%3D&#039;0 0 1440 810&#039;%2F&gt;\" srcset=\"\" class=\" ld-lazyload\" alt=\"\" data-src=\"https:\/\/oliviagreencamping.com\/wp-content\/uploads\/2019\/08\/family_portrait-copy-2.jpg\" data-srcset=\"https:\/\/oliviagreencamping.com\/wp-content\/uploads\/2019\/08\/family_portrait-copy-2-300x169.jpg 300w, https:\/\/oliviagreencamping.com\/wp-content\/uploads\/2019\/08\/family_portrait-copy-2-1024x576.jpg 1024w, https:\/\/oliviagreencamping.com\/wp-content\/uploads\/2019\/08\/family_portrait-copy-2.jpg 1440w\" data-aspect=\"1.7777777777778\" \/><\/figure>\t\t\t\t\t<\/div><!-- \/.liquid-img-container-inner -->\n\t\t\n\t<\/div><!-- \/.liquid-img-group-content -->\n<\/div><!-- \/.liquid-img-group-single --><div id=\"ld_images_group_element_69f0eb67c2f40\" class=\"liquid-img-group-single ld_images_group_element_69f0eb67c2f40\" data-reveal=\"true\" data-reveal-options='{\"direction\":\"lr\",\"bgcolor\":\"rgb(23, 64, 66)\",\"delay\":\"\"}'>\n\t\n\t\t\n\t<div class=\"liquid-img-group-img-container\">\n\t\t\n\t\t\n\t\t\t\t\n\t\t\t\t<div class=\"liquid-img-container-inner\" data-parallax=\"true\" data-parallax-from='{\"translateY\":32}' data-parallax-to='{\"translateY\":-33}' data-parallax-options='{\"overflowHidden\":false,\"easing\":\"linear\"}'>\n\t\t\t<figure ><img width=\"960\" height=\"540\" src=\"data:image\/svg+xml;charset=utf-8,&lt;svg xmlns%3D&#039;http%3A%2F%2Fwww.w3.org%2F2000%2Fsvg&#039; viewBox%3D&#039;0 0 1920 1080&#039;%2F&gt;\" srcset=\"\" class=\" ld-lazyload\" alt=\"\" data-src=\"https:\/\/oliviagreencamping.com\/wp-content\/uploads\/2019\/08\/olivia-green-camping-accomodation-001-4_olivia.jpg\" data-srcset=\"https:\/\/oliviagreencamping.com\/wp-content\/uploads\/2019\/08\/olivia-green-camping-accomodation-001-4_olivia-300x169.jpg 300w, https:\/\/oliviagreencamping.com\/wp-content\/uploads\/2019\/08\/olivia-green-camping-accomodation-001-4_olivia-1024x576.jpg 1024w, https:\/\/oliviagreencamping.com\/wp-content\/uploads\/2019\/08\/olivia-green-camping-accomodation-001-4_olivia.jpg 1920w\" data-aspect=\"1.7777777777778\" \/><\/figure>\t\t\t\t\t<\/div><!-- \/.liquid-img-container-inner -->\n\t\t\n\t<\/div><!-- \/.liquid-img-group-content -->\n<\/div><!-- \/.liquid-img-group-single --><\/p>\n\t\n\t<\/div><!-- \/.liquid-img-group-inner -->\n<\/div><!-- \/.liquid-img-group-container --><style>.ld_spacer_69f0eb67cb43c{height:32px;}<\/style>\n<div class=\"ld-empty-space ld_spacer_69f0eb67cb43c\"><span class=\"liquid_empty_space_inner\"><\/span><\/div>[\/vc_column][\/vc_row][vc_row][vc_column][vc_empty_space][\/vc_column][\/vc_row]<\/p>\n<\/section>","protected":false},"excerpt":{"rendered":"<p>[vc_row content_placement=&#8221;top&#8221; css=&#8221;.vc_custom_1577985789974{padding-top: 20px !important;padding-bottom: 40px !important;}&#8221; responsive_css=&#8221;padding_top_medium:40px&#8221;][vc_column enable_content_animation=&#8221;yes&#8221; ca_init_scale_x=&#8221;1&#8243; ca_init_scale_y=&#8221;1&#8243; ca_init_scale_z=&#8221;1&#8243; ca_init_opacity=&#8221;0&#8243; ca_an_scale_x=&#8221;1&#8243; ca_an_scale_y=&#8221;1&#8243;&#8230;<\/p>\n","protected":false},"author":3,"featured_media":9466,"parent":0,"menu_order":0,"comment_status":"closed","ping_status":"closed","template":"","meta":[],"yoast_head":"<!-- This site is optimized with the Yoast SEO plugin v20.3 - https:\/\/yoast.com\/wordpress\/plugins\/seo\/ -->\n<title>Ekolo\u0161ki prihvatljivo &ndash; Olivia Green Camping<\/title>\n<meta name=\"description\" content=\"Being truly eco-friendly means taking a holistic approach. To help support more sustainable solutions in tourism, we have undergone some extensive changes.\" \/>\n<meta name=\"robots\" content=\"index, follow, max-snippet:-1, max-image-preview:large, max-video-preview:-1\" \/>\n<link rel=\"canonical\" href=\"https:\/\/oliviagreencamping.com\/hr\/ekoloski-prihvatljivo\/\" \/>\n<meta property=\"og:locale\" content=\"hr_HR\" \/>\n<meta property=\"og:type\" content=\"article\" \/>\n<meta property=\"og:title\" content=\"Ekolo\u0161ki prihvatljivo &ndash; Olivia Green Camping\" \/>\n<meta property=\"og:description\" content=\"Being truly eco-friendly means taking a holistic approach. To help support more sustainable solutions in tourism, we have undergone some extensive changes.\" \/>\n<meta property=\"og:url\" content=\"https:\/\/oliviagreencamping.com\/hr\/ekoloski-prihvatljivo\/\" \/>\n<meta property=\"og:site_name\" content=\"Olivia Green Camping\" \/>\n<meta property=\"article:publisher\" content=\"https:\/\/www.facebook.com\/OliviaGreenCamping\/\" \/>\n<meta property=\"article:modified_time\" content=\"2023-04-03T11:27:55+00:00\" \/>\n<meta property=\"og:image\" content=\"https:\/\/oliviagreencamping.com\/wp-content\/uploads\/2020\/05\/Eco-friendly-main-3-1.jpg\" \/>\n\t<meta property=\"og:image:width\" content=\"1920\" \/>\n\t<meta property=\"og:image:height\" content=\"1281\" \/>\n\t<meta property=\"og:image:type\" content=\"image\/jpeg\" \/>\n<meta name=\"twitter:card\" content=\"summary_large_image\" \/>\n<meta name=\"twitter:label1\" content=\"Procijenjeno vrijeme \u010ditanja\" \/>\n\t<meta name=\"twitter:data1\" content=\"2 minute\" \/>\n<script type=\"application\/ld+json\" class=\"yoast-schema-graph\">{\"@context\":\"https:\/\/schema.org\",\"@graph\":[{\"@type\":\"WebPage\",\"@id\":\"https:\/\/oliviagreencamping.com\/hr\/ekoloski-prihvatljivo\/\",\"url\":\"https:\/\/oliviagreencamping.com\/hr\/ekoloski-prihvatljivo\/\",\"name\":\"Ekolo\u0161ki prihvatljivo &ndash; Olivia Green Camping\",\"isPartOf\":{\"@id\":\"https:\/\/oliviagreencamping.com\/hr\/#website\"},\"datePublished\":\"2021-05-14T09:07:21+00:00\",\"dateModified\":\"2023-04-03T11:27:55+00:00\",\"description\":\"Being truly eco-friendly means taking a holistic approach. To help support more sustainable solutions in tourism, we have undergone some extensive changes.\",\"breadcrumb\":{\"@id\":\"https:\/\/oliviagreencamping.com\/hr\/ekoloski-prihvatljivo\/#breadcrumb\"},\"inLanguage\":\"hr\",\"potentialAction\":[{\"@type\":\"ReadAction\",\"target\":[\"https:\/\/oliviagreencamping.com\/hr\/ekoloski-prihvatljivo\/\"]}]},{\"@type\":\"BreadcrumbList\",\"@id\":\"https:\/\/oliviagreencamping.com\/hr\/ekoloski-prihvatljivo\/#breadcrumb\",\"itemListElement\":[{\"@type\":\"ListItem\",\"position\":1,\"name\":\"Home\",\"item\":\"https:\/\/oliviagreencamping.com\/hr\/\"},{\"@type\":\"ListItem\",\"position\":2,\"name\":\"Ekolo\u0161ki prihvatljivo\"}]},{\"@type\":\"WebSite\",\"@id\":\"https:\/\/oliviagreencamping.com\/hr\/#website\",\"url\":\"https:\/\/oliviagreencamping.com\/hr\/\",\"name\":\"Olivia Green Camping\",\"description\":\"Luxury Camping in Croatia\",\"publisher\":{\"@id\":\"https:\/\/oliviagreencamping.com\/hr\/#organization\"},\"potentialAction\":[{\"@type\":\"SearchAction\",\"target\":{\"@type\":\"EntryPoint\",\"urlTemplate\":\"https:\/\/oliviagreencamping.com\/hr\/?s={search_term_string}\"},\"query-input\":\"required name=search_term_string\"}],\"inLanguage\":\"hr\"},{\"@type\":\"Organization\",\"@id\":\"https:\/\/oliviagreencamping.com\/hr\/#organization\",\"name\":\"Zelena Luka d.o.o.\",\"url\":\"https:\/\/oliviagreencamping.com\/hr\/\",\"logo\":{\"@type\":\"ImageObject\",\"inLanguage\":\"hr\",\"@id\":\"https:\/\/oliviagreencamping.com\/hr\/#\/schema\/logo\/image\/\",\"url\":\"https:\/\/oliviagreencamping.com\/wp-content\/uploads\/2019\/08\/olivia_logo-07.png\",\"contentUrl\":\"https:\/\/oliviagreencamping.com\/wp-content\/uploads\/2019\/08\/olivia_logo-07.png\",\"width\":1318,\"height\":1125,\"caption\":\"Zelena Luka d.o.o.\"},\"image\":{\"@id\":\"https:\/\/oliviagreencamping.com\/hr\/#\/schema\/logo\/image\/\"},\"sameAs\":[\"https:\/\/www.facebook.com\/OliviaGreenCamping\/\",\"https:\/\/www.instagram.com\/oliviagreencamping\/\"]}]}<\/script>\n<!-- \/ Yoast SEO plugin. -->","yoast_head_json":{"title":"Ekolo\u0161ki prihvatljivo &ndash; Olivia Green Camping","description":"Being truly eco-friendly means taking a holistic approach. To help support more sustainable solutions in tourism, we have undergone some extensive changes.","robots":{"index":"index","follow":"follow","max-snippet":"max-snippet:-1","max-image-preview":"max-image-preview:large","max-video-preview":"max-video-preview:-1"},"canonical":"https:\/\/oliviagreencamping.com\/hr\/ekoloski-prihvatljivo\/","og_locale":"hr_HR","og_type":"article","og_title":"Ekolo\u0161ki prihvatljivo &ndash; Olivia Green Camping","og_description":"Being truly eco-friendly means taking a holistic approach. To help support more sustainable solutions in tourism, we have undergone some extensive changes.","og_url":"https:\/\/oliviagreencamping.com\/hr\/ekoloski-prihvatljivo\/","og_site_name":"Olivia Green Camping","article_publisher":"https:\/\/www.facebook.com\/OliviaGreenCamping\/","article_modified_time":"2023-04-03T11:27:55+00:00","og_image":[{"width":1920,"height":1281,"url":"https:\/\/oliviagreencamping.com\/wp-content\/uploads\/2020\/05\/Eco-friendly-main-3-1.jpg","type":"image\/jpeg"}],"twitter_card":"summary_large_image","twitter_misc":{"Procijenjeno vrijeme \u010ditanja":"2 minute"},"schema":{"@context":"https:\/\/schema.org","@graph":[{"@type":"WebPage","@id":"https:\/\/oliviagreencamping.com\/hr\/ekoloski-prihvatljivo\/","url":"https:\/\/oliviagreencamping.com\/hr\/ekoloski-prihvatljivo\/","name":"Ekolo\u0161ki prihvatljivo &ndash; Olivia Green Camping","isPartOf":{"@id":"https:\/\/oliviagreencamping.com\/hr\/#website"},"datePublished":"2021-05-14T09:07:21+00:00","dateModified":"2023-04-03T11:27:55+00:00","description":"Being truly eco-friendly means taking a holistic approach. To help support more sustainable solutions in tourism, we have undergone some extensive changes.","breadcrumb":{"@id":"https:\/\/oliviagreencamping.com\/hr\/ekoloski-prihvatljivo\/#breadcrumb"},"inLanguage":"hr","potentialAction":[{"@type":"ReadAction","target":["https:\/\/oliviagreencamping.com\/hr\/ekoloski-prihvatljivo\/"]}]},{"@type":"BreadcrumbList","@id":"https:\/\/oliviagreencamping.com\/hr\/ekoloski-prihvatljivo\/#breadcrumb","itemListElement":[{"@type":"ListItem","position":1,"name":"Home","item":"https:\/\/oliviagreencamping.com\/hr\/"},{"@type":"ListItem","position":2,"name":"Ekolo\u0161ki prihvatljivo"}]},{"@type":"WebSite","@id":"https:\/\/oliviagreencamping.com\/hr\/#website","url":"https:\/\/oliviagreencamping.com\/hr\/","name":"Olivia Green Camping","description":"Luxury Camping in Croatia","publisher":{"@id":"https:\/\/oliviagreencamping.com\/hr\/#organization"},"potentialAction":[{"@type":"SearchAction","target":{"@type":"EntryPoint","urlTemplate":"https:\/\/oliviagreencamping.com\/hr\/?s={search_term_string}"},"query-input":"required name=search_term_string"}],"inLanguage":"hr"},{"@type":"Organization","@id":"https:\/\/oliviagreencamping.com\/hr\/#organization","name":"Zelena Luka d.o.o.","url":"https:\/\/oliviagreencamping.com\/hr\/","logo":{"@type":"ImageObject","inLanguage":"hr","@id":"https:\/\/oliviagreencamping.com\/hr\/#\/schema\/logo\/image\/","url":"https:\/\/oliviagreencamping.com\/wp-content\/uploads\/2019\/08\/olivia_logo-07.png","contentUrl":"https:\/\/oliviagreencamping.com\/wp-content\/uploads\/2019\/08\/olivia_logo-07.png","width":1318,"height":1125,"caption":"Zelena Luka d.o.o."},"image":{"@id":"https:\/\/oliviagreencamping.com\/hr\/#\/schema\/logo\/image\/"},"sameAs":["https:\/\/www.facebook.com\/OliviaGreenCamping\/","https:\/\/www.instagram.com\/oliviagreencamping\/"]}]}},"_links":{"self":[{"href":"https:\/\/oliviagreencamping.com\/hr\/wp-json\/wp\/v2\/pages\/9971"}],"collection":[{"href":"https:\/\/oliviagreencamping.com\/hr\/wp-json\/wp\/v2\/pages"}],"about":[{"href":"https:\/\/oliviagreencamping.com\/hr\/wp-json\/wp\/v2\/types\/page"}],"author":[{"embeddable":true,"href":"https:\/\/oliviagreencamping.com\/hr\/wp-json\/wp\/v2\/users\/3"}],"replies":[{"embeddable":true,"href":"https:\/\/oliviagreencamping.com\/hr\/wp-json\/wp\/v2\/comments?post=9971"}],"version-history":[{"count":1,"href":"https:\/\/oliviagreencamping.com\/hr\/wp-json\/wp\/v2\/pages\/9971\/revisions"}],"predecessor-version":[{"id":14755,"href":"https:\/\/oliviagreencamping.com\/hr\/wp-json\/wp\/v2\/pages\/9971\/revisions\/14755"}],"wp:featuredmedia":[{"embeddable":true,"href":"https:\/\/oliviagreencamping.com\/hr\/wp-json\/wp\/v2\/media\/9466"}],"wp:attachment":[{"href":"https:\/\/oliviagreencamping.com\/hr\/wp-json\/wp\/v2\/media?parent=9971"}],"curies":[{"name":"wp","href":"https:\/\/api.w.org\/{rel}","templated":true}]}}