{"id":9977,"date":"2021-05-14T09:11:39","date_gmt":"2021-05-14T09:11:39","guid":{"rendered":"https:\/\/oliviagreencamping.com\/sto-ocekivati\/"},"modified":"2021-05-14T11:58:52","modified_gmt":"2021-05-14T11:58:52","slug":"sto-ocekivati","status":"publish","type":"page","link":"https:\/\/oliviagreencamping.com\/hr\/sto-ocekivati\/","title":{"rendered":"\u0160to o\u010dekivati"},"content":{"rendered":"<section class=\"wpb-content-wrapper\"><p>[vc_row equal_height=&#8221;yes&#8221; css=&#8221;.vc_custom_1565609857095{margin-top: 0px !important;margin-bottom: 0px !important;padding-top: 5% !important;padding-bottom: 5% !important;}&#8221;][vc_column align=&#8221;text-center&#8221; offset=&#8221;vc_col-md-offset-2 vc_col-md-8&#8243;]<style>.ld_fancy_heading_69f0eb6bdafbc h3{font-size:25px;line-height:1.3em;color:rgb(23, 64, 66);}.ld_fancy_heading_69f0eb6bdafbc .lqd-highlight-inner{height:0.275em;bottom:0px;}<\/style><div class=\"ld-fancy-heading mask-text ld_fancy_heading_69f0eb6bdafbc\">\n\t<h3 class=\"lqd-highlight-underline lqd-highlight-grow-left\" data-split-text=\"true\" data-custom-animations=\"true\" data-ca-options='{\"triggerHandler\":\"inview\",\"animationTarget\":\".lqd-lines .split-inner\",\"duration\":700,\"delay\":100,\"easing\":\"easeOutQuint\",\"direction\":\"forward\",\"initValues\":{\"scale\":1},\"animations\":{\"scale\":1}}' data-split-options='{\"type\":\"lines\"}'><span class=\"ld-fh-txt\"> Pridru\u017eite se autenti\u010dnom i ispunjenom, ekolo\u0161kom odmoru, okru\u017eeni drevnim maslinama te s pla\u017eom pred vratima.<\/span><\/h3><\/div><style>.ld_spacer_69f0eb6bdb7ce{height:50px;}<\/style>\n<div class=\"ld-empty-space ld_spacer_69f0eb6bdb7ce\"><span class=\"liquid_empty_space_inner\"><\/span><\/div>[\/vc_column][\/vc_row][vc_row content_placement=&#8221;middle&#8221; css=&#8221;.vc_custom_1565609878418{padding-top: 80px !important;padding-bottom: 80px !important;background-color: #f2efea !important;}&#8221;][vc_column parallax=&#8221;yes&#8221; scale_from_x=&#8221;1&#8243; scale_from_y=&#8221;1&#8243; scale_from_z=&#8221;1&#8243; from_opacity=&#8221;1&#8243; scale_to_x=&#8221;1&#8243; scale_to_y=&#8221;1&#8243; scale_to_z=&#8221;1&#8243; to_opacity=&#8221;1&#8243; enable_content_animation=&#8221;yes&#8221; ca_init_scale_x=&#8221;1&#8243; ca_init_scale_y=&#8221;1&#8243; ca_init_scale_z=&#8221;1&#8243; ca_init_opacity=&#8221;0&#8243; ca_an_scale_x=&#8221;1&#8243; ca_an_scale_y=&#8221;1&#8243; ca_an_scale_z=&#8221;1&#8243; ca_an_opacity=&#8221;1&#8243; offset=&#8221;vc_col-md-5&#8243; ca_init_translate_y=&#8221;42&#8243; translate_from_y=&#8221;73&#8243; translate_to_y=&#8221;-80&#8243;]<style>.ld_icon_box_69f0eb6bdbb1a .iconbox-icon-container{color:#174042;border-radius:px;}.ld_icon_box_69f0eb6bdbb1a h3{margin-bottom:px;}<\/style>\n<div class=\"iconbox iconbox-icon-image ld_icon_box_69f0eb6bdbb1a\" id=\"ld_icon_box_69f0eb6bdbb1a\"  data-plugin-options='{\"color\":\"#174042\"}'  >\n\t\n\t\t<div class=\"iconbox-icon-wrap\"><span class=\"iconbox-icon-container\"><img src=\"https:\/\/oliviagreencamping.com\/wp-content\/uploads\/2019\/07\/sustainability_ikone-03.png\" class=\"liquid-image-icon\" \/><\/span><\/div><!-- \/.iconbox-icon-wrap -->\t\n\t\t\n\t\t\n\t\t\t\t\n\t\t\n\t\n<\/div>\n[\/vc_column][vc_column offset=&#8221;vc_col-md-offset-1 vc_col-md-6&#8243;]<style>.ld_fancy_heading_69f0eb6bddf30 h4 {margin-bottom:0px !important;  } .ld_fancy_heading_69f0eb6bddf30 .lqd-highlight-inner{height:0.275em;bottom:0px;}.ld_fancy_heading_69f0eb6bddf30 h4 {margin-bottom:0px !important;  } <\/style><div class=\"ld-fancy-heading ld_fancy_heading_69f0eb6bddf30\">\n\t<h4 class=\"lqd-highlight-underline lqd-highlight-grow-left\" data-fittext=\"true\" data-fittext-options='{\"compressor\":0.5,\"maxFontSize\":\"currentFontSize\",\"minFontSize\":\"\"}'><span class=\"ld-fh-txt\"> Ekolo\u0161ki smje\u0161taj i minimalan utjecaj na okoli\u0161<br \/>\n<\/span><\/h4><\/div><style>.ld_spacer_69f0eb6bdf72e{height:28px;}<\/style>\n<div class=\"ld-empty-space ld_spacer_69f0eb6bdf72e\"><span class=\"liquid_empty_space_inner\"><\/span><\/div><style>.ld_fancy_heading_69f0eb6bdfa33 .lqd-highlight-inner{height:0.275em;bottom:0px;}<\/style><div class=\"ld-fancy-heading ld_fancy_heading_69f0eb6bdfa33\">\n\t<p class=\"lqd-highlight-underline lqd-highlight-grow-left\" ><span class=\"ld-fh-txt\"> Va\u0161a privatnost sigurna je u na\u0161im suvremeno dizajniranim kamping vilama koje nude udobnost od pet zvjezdica. Okoli\u0161 kampa savr\u0161eno je stopljen s netaknutom prirodom. Sve vile orijentirane su prema moru pa \u0107ete se buditi s prekrasnim pogledom na more.<br \/>\n<\/span><\/p><\/div><style>.ld_spacer_69f0eb6be0f00{height:20px;}<\/style>\n<div class=\"ld-empty-space ld_spacer_69f0eb6be0f00\"><span class=\"liquid_empty_space_inner\"><\/span><\/div>[\/vc_column][\/vc_row][vc_row content_placement=&#8221;middle&#8221; css=&#8221;.vc_custom_1565609902087{padding-top: 80px !important;padding-bottom: 80px !important;background-color: #c4cec4 !important;}&#8221;][vc_column parallax=&#8221;yes&#8221; scale_from_x=&#8221;1&#8243; scale_from_y=&#8221;1&#8243; scale_from_z=&#8221;1&#8243; from_opacity=&#8221;1&#8243; scale_to_x=&#8221;1&#8243; scale_to_y=&#8221;1&#8243; scale_to_z=&#8221;1&#8243; to_opacity=&#8221;1&#8243; enable_content_animation=&#8221;yes&#8221; ca_init_scale_x=&#8221;1&#8243; ca_init_scale_y=&#8221;1&#8243; ca_init_scale_z=&#8221;1&#8243; ca_init_opacity=&#8221;0&#8243; ca_an_scale_x=&#8221;1&#8243; ca_an_scale_y=&#8221;1&#8243; ca_an_scale_z=&#8221;1&#8243; ca_an_opacity=&#8221;1&#8243; offset=&#8221;vc_col-md-5&#8243; ca_init_translate_y=&#8221;42&#8243; translate_from_y=&#8221;73&#8243; translate_to_y=&#8221;-80&#8243;]<style>.ld_icon_box_69f0eb6be11c3 h3{margin-bottom:px;}.ld_icon_box_69f0eb6be11c3 .iconbox-icon-container{border-radius:px;}<\/style>\n<div class=\"iconbox iconbox-icon-image ld_icon_box_69f0eb6be11c3\" id=\"ld_icon_box_69f0eb6be11c3\"   >\n\t\n\t\t<div class=\"iconbox-icon-wrap\"><span class=\"iconbox-icon-container\"><img src=\"https:\/\/oliviagreencamping.com\/wp-content\/uploads\/2019\/07\/sustainability_ikone-02.png\" class=\"liquid-image-icon\" \/><\/span><\/div><!-- \/.iconbox-icon-wrap -->\t\n\t\t\n\t\t\n\t\t\t\t\n\t\t\n\t\n<\/div>\n[\/vc_column][vc_column offset=&#8221;vc_col-md-offset-1 vc_col-md-6&#8243;]<style>.ld_fancy_heading_69f0eb6be35f6 h4 {margin-bottom:0px !important;  } .ld_fancy_heading_69f0eb6be35f6 .lqd-highlight-inner{height:0.275em;bottom:0px;}.ld_fancy_heading_69f0eb6be35f6 h4 {margin-bottom:0px !important;  } <\/style><div class=\"ld-fancy-heading ld_fancy_heading_69f0eb6be35f6\">\n\t<h4 class=\"lqd-highlight-underline lqd-highlight-grow-left\" data-fittext=\"true\" data-fittext-options='{\"compressor\":0.5,\"maxFontSize\":\"currentFontSize\",\"minFontSize\":\"\"}'><span class=\"ld-fh-txt\"> \u010cista i pametna energija <\/span><\/h4><\/div><style>.ld_spacer_69f0eb6be4e38{height:28px;}<\/style>\n<div class=\"ld-empty-space ld_spacer_69f0eb6be4e38\"><span class=\"liquid_empty_space_inner\"><\/span><\/div><style>.ld_fancy_heading_69f0eb6be51d9 .lqd-highlight-inner{height:0.275em;bottom:0px;}<\/style><div class=\"ld-fancy-heading ld_fancy_heading_69f0eb6be51d9\">\n\t<p class=\"lqd-highlight-underline lqd-highlight-grow-left\" ><span class=\"ld-fh-txt\"> \u010cistu energiju iz solarnih panela koristimo za napajanje na\u0161eg kampa i koristimo najnapredniji odr\u017eivi sustav pro\u010di\u0161\u0107avanja voda koji u cijelom kampu isporu\u010duje vodu potrebnu za navodnjavanje..<br \/>\n<\/span><\/p><\/div><style>.ld_spacer_69f0eb6be6ea5{height:20px;}<\/style>\n<div class=\"ld-empty-space ld_spacer_69f0eb6be6ea5\"><span class=\"liquid_empty_space_inner\"><\/span><\/div>[\/vc_column][\/vc_row][vc_row content_placement=&#8221;middle&#8221; css=&#8221;.vc_custom_1565610239646{padding-top: 80px !important;padding-bottom: 80px !important;background-color: #f2efea !important;}&#8221;][vc_column parallax=&#8221;yes&#8221; scale_from_x=&#8221;1&#8243; scale_from_y=&#8221;1&#8243; scale_from_z=&#8221;1&#8243; from_opacity=&#8221;1&#8243; scale_to_x=&#8221;1&#8243; scale_to_y=&#8221;1&#8243; scale_to_z=&#8221;1&#8243; to_opacity=&#8221;1&#8243; enable_content_animation=&#8221;yes&#8221; ca_init_scale_x=&#8221;1&#8243; ca_init_scale_y=&#8221;1&#8243; ca_init_scale_z=&#8221;1&#8243; ca_init_opacity=&#8221;0&#8243; ca_an_scale_x=&#8221;1&#8243; ca_an_scale_y=&#8221;1&#8243; ca_an_scale_z=&#8221;1&#8243; ca_an_opacity=&#8221;1&#8243; offset=&#8221;vc_col-md-5&#8243; ca_init_translate_y=&#8221;42&#8243; translate_from_y=&#8221;73&#8243; translate_to_y=&#8221;-80&#8243;]<style>.ld_icon_box_69f0eb6be7161 h3{margin-bottom:px;}.ld_icon_box_69f0eb6be7161 .iconbox-icon-container{border-radius:px;}<\/style>\n<div class=\"iconbox iconbox-icon-image ld_icon_box_69f0eb6be7161\" id=\"ld_icon_box_69f0eb6be7161\"   >\n\t\n\t\t<div class=\"iconbox-icon-wrap\"><span class=\"iconbox-icon-container\"><img src=\"https:\/\/oliviagreencamping.com\/wp-content\/uploads\/2019\/07\/sustainability_ikone-04.png\" class=\"liquid-image-icon\" \/><\/span><\/div><!-- \/.iconbox-icon-wrap -->\t\n\t\t\n\t\t\n\t\t\t\t\n\t\t\n\t\n<\/div>\n[\/vc_column][vc_column offset=&#8221;vc_col-md-offset-1 vc_col-md-6&#8243;]<style>.ld_fancy_heading_69f0eb6be8b97 h4 {margin-bottom:0px !important;  } .ld_fancy_heading_69f0eb6be8b97 .lqd-highlight-inner{height:0.275em;bottom:0px;}.ld_fancy_heading_69f0eb6be8b97 h4 {margin-bottom:0px !important;  } <\/style><div class=\"ld-fancy-heading ld_fancy_heading_69f0eb6be8b97\">\n\t<h4 class=\"lqd-highlight-underline lqd-highlight-grow-left\" data-fittext=\"true\" data-fittext-options='{\"compressor\":0.5,\"maxFontSize\":\"currentFontSize\",\"minFontSize\":\"\"}'><span class=\"ld-fh-txt\"> Podr\u0161ka lokalnim zajednicama<br \/>\n<\/span><\/h4><\/div><style>.ld_spacer_69f0eb6be9efe{height:28px;}<\/style>\n<div class=\"ld-empty-space ld_spacer_69f0eb6be9efe\"><span class=\"liquid_empty_space_inner\"><\/span><\/div><style>.ld_fancy_heading_69f0eb6bea164 .lqd-highlight-inner{height:0.275em;bottom:0px;}<\/style><div class=\"ld-fancy-heading ld_fancy_heading_69f0eb6bea164\">\n\t<p class=\"lqd-highlight-underline lqd-highlight-grow-left\" ><span class=\"ld-fh-txt\"> Proizvodi i hrana iz lokalnih izvora ubla\u017eiti \u0107e va\u0161 uglji\u010dni otisak i podr\u017eati mala lokalna poduze\u0107a. Bez obzira \u017eelite li povesti svoju obitelj u istra\u017eivanje zadivljuju\u0107e raznolikosti regije, sudjelovati u radionicama temeljenima na prirodi i aktivnostima na otvorenom poput umjetni\u010dkih radionica koje se temelje na recikliranju i ponovnoj upotrebi, promatrati dupine, \u0161etati netaknutom prirodom ili upoznati se s lokalnom kulturom, malo mjesto Tisno nudi razli\u010dite usluge u neposrednoj blizini kampa. Tijekom va\u0161eg obiteljskog odmora animatori se bri\u017eno brinu o mla\u0111im gostima i organiziraju uzbudljive igre na otvorenom. U\u017eivajte u lijepom, okrepljuju\u0107em odmoru u srcu Dalmacije.<\/p>\n<p><\/span><\/p><\/div><style>.ld_spacer_69f0eb6beb5f7{height:20px;}<\/style>\n<div class=\"ld-empty-space ld_spacer_69f0eb6beb5f7\"><span class=\"liquid_empty_space_inner\"><\/span><\/div>[\/vc_column][\/vc_row]<\/p>\n<\/section>","protected":false},"excerpt":{"rendered":"<p>[vc_row equal_height=&#8221;yes&#8221; css=&#8221;.vc_custom_1565609857095{margin-top: 0px !important;margin-bottom: 0px !important;padding-top: 5% !important;padding-bottom: 5% !important;}&#8221;][vc_column align=&#8221;text-center&#8221; offset=&#8221;vc_col-md-offset-2 vc_col-md-8&#8243;][\/vc_column][\/vc_row][vc_row content_placement=&#8221;middle&#8221;&#8230;<\/p>\n","protected":false},"author":3,"featured_media":9467,"parent":0,"menu_order":0,"comment_status":"closed","ping_status":"closed","template":"","meta":[],"yoast_head":"<!-- This site is optimized with the Yoast SEO plugin v20.3 - https:\/\/yoast.com\/wordpress\/plugins\/seo\/ -->\n<title>\u0160to o\u010dekivati &ndash; Olivia Green Camping<\/title>\n<meta name=\"description\" content=\"Pridru\u017eite se autenti\u010dnom i ispunjenom, ekolo\u0161kom odmoru, okru\u017eeni drevnim maslinama te s pla\u017eom pred vratima.\" \/>\n<meta name=\"robots\" content=\"index, follow, max-snippet:-1, max-image-preview:large, max-video-preview:-1\" \/>\n<link rel=\"canonical\" href=\"https:\/\/oliviagreencamping.com\/hr\/sto-ocekivati\/\" \/>\n<meta property=\"og:locale\" content=\"hr_HR\" \/>\n<meta property=\"og:type\" content=\"article\" \/>\n<meta property=\"og:title\" content=\"\u0160to o\u010dekivati &ndash; Olivia Green Camping\" \/>\n<meta property=\"og:description\" content=\"Pridru\u017eite se autenti\u010dnom i ispunjenom, ekolo\u0161kom odmoru, okru\u017eeni drevnim maslinama te s pla\u017eom pred vratima.\" \/>\n<meta property=\"og:url\" content=\"https:\/\/oliviagreencamping.com\/hr\/sto-ocekivati\/\" \/>\n<meta property=\"og:site_name\" content=\"Olivia Green Camping\" \/>\n<meta property=\"article:publisher\" content=\"https:\/\/www.facebook.com\/OliviaGreenCamping\/\" \/>\n<meta property=\"article:modified_time\" content=\"2021-05-14T11:58:52+00:00\" \/>\n<meta property=\"og:image\" content=\"https:\/\/oliviagreencamping.com\/wp-content\/uploads\/2020\/05\/What-to-expect-main-2-1.jpg\" \/>\n\t<meta property=\"og:image:width\" content=\"1920\" \/>\n\t<meta property=\"og:image:height\" content=\"1285\" \/>\n\t<meta property=\"og:image:type\" content=\"image\/jpeg\" \/>\n<meta name=\"twitter:card\" content=\"summary_large_image\" \/>\n<meta name=\"twitter:label1\" content=\"Procijenjeno vrijeme \u010ditanja\" \/>\n\t<meta name=\"twitter:data1\" content=\"5 minuta\" \/>\n<script type=\"application\/ld+json\" class=\"yoast-schema-graph\">{\"@context\":\"https:\/\/schema.org\",\"@graph\":[{\"@type\":\"WebPage\",\"@id\":\"https:\/\/oliviagreencamping.com\/hr\/sto-ocekivati\/\",\"url\":\"https:\/\/oliviagreencamping.com\/hr\/sto-ocekivati\/\",\"name\":\"\u0160to o\u010dekivati &ndash; Olivia Green Camping\",\"isPartOf\":{\"@id\":\"https:\/\/oliviagreencamping.com\/hr\/#website\"},\"datePublished\":\"2021-05-14T09:11:39+00:00\",\"dateModified\":\"2021-05-14T11:58:52+00:00\",\"description\":\"Pridru\u017eite se autenti\u010dnom i ispunjenom, ekolo\u0161kom odmoru, okru\u017eeni drevnim maslinama te s pla\u017eom pred vratima.\",\"breadcrumb\":{\"@id\":\"https:\/\/oliviagreencamping.com\/hr\/sto-ocekivati\/#breadcrumb\"},\"inLanguage\":\"hr\",\"potentialAction\":[{\"@type\":\"ReadAction\",\"target\":[\"https:\/\/oliviagreencamping.com\/hr\/sto-ocekivati\/\"]}]},{\"@type\":\"BreadcrumbList\",\"@id\":\"https:\/\/oliviagreencamping.com\/hr\/sto-ocekivati\/#breadcrumb\",\"itemListElement\":[{\"@type\":\"ListItem\",\"position\":1,\"name\":\"Home\",\"item\":\"https:\/\/oliviagreencamping.com\/hr\/\"},{\"@type\":\"ListItem\",\"position\":2,\"name\":\"\u0160to o\u010dekivati\"}]},{\"@type\":\"WebSite\",\"@id\":\"https:\/\/oliviagreencamping.com\/hr\/#website\",\"url\":\"https:\/\/oliviagreencamping.com\/hr\/\",\"name\":\"Olivia Green Camping\",\"description\":\"Luxury Camping in Croatia\",\"publisher\":{\"@id\":\"https:\/\/oliviagreencamping.com\/hr\/#organization\"},\"potentialAction\":[{\"@type\":\"SearchAction\",\"target\":{\"@type\":\"EntryPoint\",\"urlTemplate\":\"https:\/\/oliviagreencamping.com\/hr\/?s={search_term_string}\"},\"query-input\":\"required name=search_term_string\"}],\"inLanguage\":\"hr\"},{\"@type\":\"Organization\",\"@id\":\"https:\/\/oliviagreencamping.com\/hr\/#organization\",\"name\":\"Zelena Luka d.o.o.\",\"url\":\"https:\/\/oliviagreencamping.com\/hr\/\",\"logo\":{\"@type\":\"ImageObject\",\"inLanguage\":\"hr\",\"@id\":\"https:\/\/oliviagreencamping.com\/hr\/#\/schema\/logo\/image\/\",\"url\":\"https:\/\/oliviagreencamping.com\/wp-content\/uploads\/2019\/08\/olivia_logo-07.png\",\"contentUrl\":\"https:\/\/oliviagreencamping.com\/wp-content\/uploads\/2019\/08\/olivia_logo-07.png\",\"width\":1318,\"height\":1125,\"caption\":\"Zelena Luka d.o.o.\"},\"image\":{\"@id\":\"https:\/\/oliviagreencamping.com\/hr\/#\/schema\/logo\/image\/\"},\"sameAs\":[\"https:\/\/www.facebook.com\/OliviaGreenCamping\/\",\"https:\/\/www.instagram.com\/oliviagreencamping\/\"]}]}<\/script>\n<!-- \/ Yoast SEO plugin. -->","yoast_head_json":{"title":"\u0160to o\u010dekivati &ndash; Olivia Green Camping","description":"Pridru\u017eite se autenti\u010dnom i ispunjenom, ekolo\u0161kom odmoru, okru\u017eeni drevnim maslinama te s pla\u017eom pred vratima.","robots":{"index":"index","follow":"follow","max-snippet":"max-snippet:-1","max-image-preview":"max-image-preview:large","max-video-preview":"max-video-preview:-1"},"canonical":"https:\/\/oliviagreencamping.com\/hr\/sto-ocekivati\/","og_locale":"hr_HR","og_type":"article","og_title":"\u0160to o\u010dekivati &ndash; Olivia Green Camping","og_description":"Pridru\u017eite se autenti\u010dnom i ispunjenom, ekolo\u0161kom odmoru, okru\u017eeni drevnim maslinama te s pla\u017eom pred vratima.","og_url":"https:\/\/oliviagreencamping.com\/hr\/sto-ocekivati\/","og_site_name":"Olivia Green Camping","article_publisher":"https:\/\/www.facebook.com\/OliviaGreenCamping\/","article_modified_time":"2021-05-14T11:58:52+00:00","og_image":[{"width":1920,"height":1285,"url":"https:\/\/oliviagreencamping.com\/wp-content\/uploads\/2020\/05\/What-to-expect-main-2-1.jpg","type":"image\/jpeg"}],"twitter_card":"summary_large_image","twitter_misc":{"Procijenjeno vrijeme \u010ditanja":"5 minuta"},"schema":{"@context":"https:\/\/schema.org","@graph":[{"@type":"WebPage","@id":"https:\/\/oliviagreencamping.com\/hr\/sto-ocekivati\/","url":"https:\/\/oliviagreencamping.com\/hr\/sto-ocekivati\/","name":"\u0160to o\u010dekivati &ndash; Olivia Green Camping","isPartOf":{"@id":"https:\/\/oliviagreencamping.com\/hr\/#website"},"datePublished":"2021-05-14T09:11:39+00:00","dateModified":"2021-05-14T11:58:52+00:00","description":"Pridru\u017eite se autenti\u010dnom i ispunjenom, ekolo\u0161kom odmoru, okru\u017eeni drevnim maslinama te s pla\u017eom pred vratima.","breadcrumb":{"@id":"https:\/\/oliviagreencamping.com\/hr\/sto-ocekivati\/#breadcrumb"},"inLanguage":"hr","potentialAction":[{"@type":"ReadAction","target":["https:\/\/oliviagreencamping.com\/hr\/sto-ocekivati\/"]}]},{"@type":"BreadcrumbList","@id":"https:\/\/oliviagreencamping.com\/hr\/sto-ocekivati\/#breadcrumb","itemListElement":[{"@type":"ListItem","position":1,"name":"Home","item":"https:\/\/oliviagreencamping.com\/hr\/"},{"@type":"ListItem","position":2,"name":"\u0160to o\u010dekivati"}]},{"@type":"WebSite","@id":"https:\/\/oliviagreencamping.com\/hr\/#website","url":"https:\/\/oliviagreencamping.com\/hr\/","name":"Olivia Green Camping","description":"Luxury Camping in Croatia","publisher":{"@id":"https:\/\/oliviagreencamping.com\/hr\/#organization"},"potentialAction":[{"@type":"SearchAction","target":{"@type":"EntryPoint","urlTemplate":"https:\/\/oliviagreencamping.com\/hr\/?s={search_term_string}"},"query-input":"required name=search_term_string"}],"inLanguage":"hr"},{"@type":"Organization","@id":"https:\/\/oliviagreencamping.com\/hr\/#organization","name":"Zelena Luka d.o.o.","url":"https:\/\/oliviagreencamping.com\/hr\/","logo":{"@type":"ImageObject","inLanguage":"hr","@id":"https:\/\/oliviagreencamping.com\/hr\/#\/schema\/logo\/image\/","url":"https:\/\/oliviagreencamping.com\/wp-content\/uploads\/2019\/08\/olivia_logo-07.png","contentUrl":"https:\/\/oliviagreencamping.com\/wp-content\/uploads\/2019\/08\/olivia_logo-07.png","width":1318,"height":1125,"caption":"Zelena Luka d.o.o."},"image":{"@id":"https:\/\/oliviagreencamping.com\/hr\/#\/schema\/logo\/image\/"},"sameAs":["https:\/\/www.facebook.com\/OliviaGreenCamping\/","https:\/\/www.instagram.com\/oliviagreencamping\/"]}]}},"_links":{"self":[{"href":"https:\/\/oliviagreencamping.com\/hr\/wp-json\/wp\/v2\/pages\/9977"}],"collection":[{"href":"https:\/\/oliviagreencamping.com\/hr\/wp-json\/wp\/v2\/pages"}],"about":[{"href":"https:\/\/oliviagreencamping.com\/hr\/wp-json\/wp\/v2\/types\/page"}],"author":[{"embeddable":true,"href":"https:\/\/oliviagreencamping.com\/hr\/wp-json\/wp\/v2\/users\/3"}],"replies":[{"embeddable":true,"href":"https:\/\/oliviagreencamping.com\/hr\/wp-json\/wp\/v2\/comments?post=9977"}],"version-history":[{"count":0,"href":"https:\/\/oliviagreencamping.com\/hr\/wp-json\/wp\/v2\/pages\/9977\/revisions"}],"wp:featuredmedia":[{"embeddable":true,"href":"https:\/\/oliviagreencamping.com\/hr\/wp-json\/wp\/v2\/media\/9467"}],"wp:attachment":[{"href":"https:\/\/oliviagreencamping.com\/hr\/wp-json\/wp\/v2\/media?parent=9977"}],"curies":[{"name":"wp","href":"https:\/\/api.w.org\/{rel}","templated":true}]}}