{"id":13015,"date":"2022-04-14T08:15:17","date_gmt":"2022-04-14T08:15:17","guid":{"rendered":"https:\/\/oliviagreencamping.com\/glamping\/"},"modified":"2025-01-27T13:09:33","modified_gmt":"2025-01-27T13:09:33","slug":"glamping","status":"publish","type":"page","link":"https:\/\/oliviagreencamping.com\/it\/glamping\/","title":{"rendered":"Glamping Lodge"},"content":{"rendered":"<section class=\"wpb-content-wrapper\"><p>[vc_row css=&#8221;.vc_custom_1675360356237{padding-top: 50px !important;}&#8221;][vc_column width=&#8221;2\/3&#8243;][vc_gallery type=&#8221;flexslider_slide&#8221; interval=&#8221;10&#8243; images=&#8221;13193,13228,13233,13223,13208,13243,13238,13213,13198,13188&#8243; img_size=&#8221;full&#8221;][\/vc_column][vc_column width=&#8221;1\/3&#8243;][vc_column_text css=&#8221;.vc_custom_1583319934303{margin-bottom: 20px !important;}&#8221;]<\/p>\n<h5 class=\"section__title section__title--color-mantis section__title--size-m\">Prenotazioni &amp; informazioni<\/h5>\n<p>[\/vc_column_text][vc_column_text]<a href=\"tel:+385916056652\">+385 91 605 6652<\/a><\/p>\n<p><a href=\"mailto:contact@oliviagreencamping.com\">contact@oliviagreencamping.com<\/a>[\/vc_column_text][\/vc_column][\/vc_row][vc_row][vc_column][vc_column_text]<span style=\"font-weight: 400;\">Questo \u00e8 il vero glamping! Qui troverai tutte le comodit\u00e0 e il comfort della propria casa ma allo stesso tempo vivrai la divertente esperienza del campeggio. Le nostre glamping lodge sono immerse nell&#8217;oliveto, hanno ampie finestre e un terrazzo che offrono una splendida vista sulla tranquilla zona circostante. <\/span><\/p>\n<p><span style=\"font-weight: 400;\">Perfetta per famiglie di 4 persone, il lodge dispone di 2 camere da letto, 1 bagno, soggiorno e angolo cottura autonomo. La terrazza \u00e8 completamente attrezzata con mobili da esterno, tra cui sedie da giardino, tavolo e lettini. <\/span><\/p>\n<p><span style=\"font-weight: 400;\">Soggiornare nella nostra glamping lodge ti dar\u00e0 l&#8217;opportunit\u00e0 di entrare in contatto con la natura ma senza rinunciare al comfort ed al lusso tipico delle strutture pi\u00f9 rinomate.<\/span>[\/vc_column_text][vc_column_text css=&#8221;.vc_custom_1583320617710{margin-top: 50px !important;}&#8221;]<\/p>\n<h5>Informazioni relative all\u2019alloggio<\/h5>\n<p>[\/vc_column_text][vc_column_text css=&#8221;.vc_custom_1666691669882{margin-bottom: 50px !important;}&#8221;]<\/p>\n<ul>\n<li><span style=\"font-weight: 400;\">area di 38m\u00b2 (parte interna di 28m\u00b2 + terrazza di 10m\u00b2)<\/span><\/li>\n<li style=\"font-weight: 400;\" aria-level=\"1\"><span style=\"font-weight: 400;\">capacit\u00e0: 4\u00a0<\/span><\/li>\n<li style=\"font-weight: 400;\" aria-level=\"1\"><span style=\"font-weight: 400;\">terrazza semicoperta di 10 m2 con un tavolo, sedie e sedie a sdraio<\/span><\/li>\n<li style=\"font-weight: 400;\" aria-level=\"1\"><span style=\"font-weight: 400;\">cucinotto completamente attrezzato con cucina a gas, stoviglie, tazze, bicchieri e bollitore<\/span><\/li>\n<li style=\"font-weight: 400;\" aria-level=\"1\"><span style=\"font-weight: 400;\">frigorifero con congelatore <\/span><\/li>\n<li style=\"font-weight: 400;\" aria-level=\"1\"><span style=\"font-weight: 400;\">macchina da caff\u00e8 a cialde<\/span><\/li>\n<li style=\"font-weight: 400;\" aria-level=\"1\"><span style=\"font-weight: 400;\">distributore d&#8217;acqua per acqua fredda e calda<\/span><\/li>\n<li style=\"font-weight: 400;\" aria-level=\"1\"><span style=\"font-weight: 400;\">aria condizionata<\/span><\/li>\n<li style=\"font-weight: 400;\" aria-level=\"1\"><span style=\"font-weight: 400;\">le lenzuola e gli asciugamani sono inclusi nel prezzo<\/span><\/li>\n<li style=\"font-weight: 400;\" aria-level=\"1\"><span style=\"font-weight: 400;\">WiFi gratuito<\/span><\/li>\n<li style=\"font-weight: 400;\" aria-level=\"1\"><span style=\"font-weight: 400;\">parcheggio gratuito<\/span><\/li>\n<li style=\"font-weight: 400;\" aria-level=\"1\"><span style=\"font-weight: 400;\">sono ammessi gli animali domestici<\/span><\/li>\n<\/ul>\n<p>[\/vc_column_text][vc_video link=&#8221;https:\/\/www.youtube.com\/watch?v=vmCQ1xjJtQw&#8221;][\/vc_column][\/vc_row]<\/p>\n<\/section>","protected":false},"excerpt":{"rendered":"<p>[vc_row css=&#8221;.vc_custom_1675360356237{padding-top: 50px !important;}&#8221;][vc_column width=&#8221;2\/3&#8243;][vc_gallery type=&#8221;flexslider_slide&#8221; interval=&#8221;10&#8243; images=&#8221;13193,13228,13233,13223,13208,13243,13238,13213,13198,13188&#8243; img_size=&#8221;full&#8221;][\/vc_column][vc_column width=&#8221;1\/3&#8243;][vc_column_text css=&#8221;.vc_custom_1583319934303{margin-bottom: 20px !important;}&#8221;] Prenotazioni &amp;&#8230;<\/p>\n","protected":false},"author":3,"featured_media":0,"parent":0,"menu_order":0,"comment_status":"closed","ping_status":"closed","template":"","meta":[],"yoast_head":"<!-- This site is optimized with the Yoast SEO plugin v20.3 - https:\/\/yoast.com\/wordpress\/plugins\/seo\/ -->\n<title>Glamping Lodge &ndash; Olivia Green Camping<\/title>\n<meta name=\"description\" content=\"Olivia Green Camping Resort, Tisno, Dalmatia - Eco-friendly accommodation, mobile villas\" \/>\n<meta name=\"robots\" content=\"index, follow, max-snippet:-1, max-image-preview:large, max-video-preview:-1\" \/>\n<link rel=\"canonical\" href=\"https:\/\/oliviagreencamping.com\/it\/glamping\/\" \/>\n<meta property=\"og:locale\" content=\"it_IT\" \/>\n<meta property=\"og:type\" content=\"article\" \/>\n<meta property=\"og:title\" content=\"Glamping Lodge &ndash; Olivia Green Camping\" \/>\n<meta property=\"og:description\" content=\"Olivia Green Camping Resort, Tisno, Dalmatia - Eco-friendly accommodation, mobile villas\" \/>\n<meta property=\"og:url\" content=\"https:\/\/oliviagreencamping.com\/it\/glamping\/\" \/>\n<meta property=\"og:site_name\" content=\"Olivia Green Camping\" \/>\n<meta property=\"article:publisher\" content=\"https:\/\/www.facebook.com\/OliviaGreenCamping\/\" \/>\n<meta property=\"article:modified_time\" content=\"2025-01-27T13:09:33+00:00\" \/>\n<meta name=\"twitter:card\" content=\"summary_large_image\" \/>\n<meta name=\"twitter:label1\" content=\"Tempo di lettura stimato\" \/>\n\t<meta name=\"twitter:data1\" content=\"2 minuti\" \/>\n<script type=\"application\/ld+json\" class=\"yoast-schema-graph\">{\"@context\":\"https:\/\/schema.org\",\"@graph\":[{\"@type\":\"WebPage\",\"@id\":\"https:\/\/oliviagreencamping.com\/it\/glamping\/\",\"url\":\"https:\/\/oliviagreencamping.com\/it\/glamping\/\",\"name\":\"Glamping Lodge &ndash; Olivia Green Camping\",\"isPartOf\":{\"@id\":\"https:\/\/oliviagreencamping.com\/it\/#website\"},\"datePublished\":\"2022-04-14T08:15:17+00:00\",\"dateModified\":\"2025-01-27T13:09:33+00:00\",\"description\":\"Olivia Green Camping Resort, Tisno, Dalmatia - Eco-friendly accommodation, mobile villas\",\"breadcrumb\":{\"@id\":\"https:\/\/oliviagreencamping.com\/it\/glamping\/#breadcrumb\"},\"inLanguage\":\"it-IT\",\"potentialAction\":[{\"@type\":\"ReadAction\",\"target\":[\"https:\/\/oliviagreencamping.com\/it\/glamping\/\"]}]},{\"@type\":\"BreadcrumbList\",\"@id\":\"https:\/\/oliviagreencamping.com\/it\/glamping\/#breadcrumb\",\"itemListElement\":[{\"@type\":\"ListItem\",\"position\":1,\"name\":\"Home\",\"item\":\"https:\/\/oliviagreencamping.com\/it\/\"},{\"@type\":\"ListItem\",\"position\":2,\"name\":\"Glamping Lodge\"}]},{\"@type\":\"WebSite\",\"@id\":\"https:\/\/oliviagreencamping.com\/it\/#website\",\"url\":\"https:\/\/oliviagreencamping.com\/it\/\",\"name\":\"Olivia Green Camping\",\"description\":\"Luxury Camping in Croatia\",\"publisher\":{\"@id\":\"https:\/\/oliviagreencamping.com\/it\/#organization\"},\"potentialAction\":[{\"@type\":\"SearchAction\",\"target\":{\"@type\":\"EntryPoint\",\"urlTemplate\":\"https:\/\/oliviagreencamping.com\/it\/?s={search_term_string}\"},\"query-input\":\"required name=search_term_string\"}],\"inLanguage\":\"it-IT\"},{\"@type\":\"Organization\",\"@id\":\"https:\/\/oliviagreencamping.com\/it\/#organization\",\"name\":\"Zelena Luka d.o.o.\",\"url\":\"https:\/\/oliviagreencamping.com\/it\/\",\"logo\":{\"@type\":\"ImageObject\",\"inLanguage\":\"it-IT\",\"@id\":\"https:\/\/oliviagreencamping.com\/it\/#\/schema\/logo\/image\/\",\"url\":\"https:\/\/oliviagreencamping.com\/wp-content\/uploads\/2019\/08\/olivia_logo-07.png\",\"contentUrl\":\"https:\/\/oliviagreencamping.com\/wp-content\/uploads\/2019\/08\/olivia_logo-07.png\",\"width\":1318,\"height\":1125,\"caption\":\"Zelena Luka d.o.o.\"},\"image\":{\"@id\":\"https:\/\/oliviagreencamping.com\/it\/#\/schema\/logo\/image\/\"},\"sameAs\":[\"https:\/\/www.facebook.com\/OliviaGreenCamping\/\",\"https:\/\/www.instagram.com\/oliviagreencamping\/\"]}]}<\/script>\n<!-- \/ Yoast SEO plugin. -->","yoast_head_json":{"title":"Glamping Lodge &ndash; Olivia Green Camping","description":"Olivia Green Camping Resort, Tisno, Dalmatia - Eco-friendly accommodation, mobile villas","robots":{"index":"index","follow":"follow","max-snippet":"max-snippet:-1","max-image-preview":"max-image-preview:large","max-video-preview":"max-video-preview:-1"},"canonical":"https:\/\/oliviagreencamping.com\/it\/glamping\/","og_locale":"it_IT","og_type":"article","og_title":"Glamping Lodge &ndash; Olivia Green Camping","og_description":"Olivia Green Camping Resort, Tisno, Dalmatia - Eco-friendly accommodation, mobile villas","og_url":"https:\/\/oliviagreencamping.com\/it\/glamping\/","og_site_name":"Olivia Green Camping","article_publisher":"https:\/\/www.facebook.com\/OliviaGreenCamping\/","article_modified_time":"2025-01-27T13:09:33+00:00","twitter_card":"summary_large_image","twitter_misc":{"Tempo di lettura stimato":"2 minuti"},"schema":{"@context":"https:\/\/schema.org","@graph":[{"@type":"WebPage","@id":"https:\/\/oliviagreencamping.com\/it\/glamping\/","url":"https:\/\/oliviagreencamping.com\/it\/glamping\/","name":"Glamping Lodge &ndash; Olivia Green Camping","isPartOf":{"@id":"https:\/\/oliviagreencamping.com\/it\/#website"},"datePublished":"2022-04-14T08:15:17+00:00","dateModified":"2025-01-27T13:09:33+00:00","description":"Olivia Green Camping Resort, Tisno, Dalmatia - Eco-friendly accommodation, mobile villas","breadcrumb":{"@id":"https:\/\/oliviagreencamping.com\/it\/glamping\/#breadcrumb"},"inLanguage":"it-IT","potentialAction":[{"@type":"ReadAction","target":["https:\/\/oliviagreencamping.com\/it\/glamping\/"]}]},{"@type":"BreadcrumbList","@id":"https:\/\/oliviagreencamping.com\/it\/glamping\/#breadcrumb","itemListElement":[{"@type":"ListItem","position":1,"name":"Home","item":"https:\/\/oliviagreencamping.com\/it\/"},{"@type":"ListItem","position":2,"name":"Glamping Lodge"}]},{"@type":"WebSite","@id":"https:\/\/oliviagreencamping.com\/it\/#website","url":"https:\/\/oliviagreencamping.com\/it\/","name":"Olivia Green Camping","description":"Luxury Camping in Croatia","publisher":{"@id":"https:\/\/oliviagreencamping.com\/it\/#organization"},"potentialAction":[{"@type":"SearchAction","target":{"@type":"EntryPoint","urlTemplate":"https:\/\/oliviagreencamping.com\/it\/?s={search_term_string}"},"query-input":"required name=search_term_string"}],"inLanguage":"it-IT"},{"@type":"Organization","@id":"https:\/\/oliviagreencamping.com\/it\/#organization","name":"Zelena Luka d.o.o.","url":"https:\/\/oliviagreencamping.com\/it\/","logo":{"@type":"ImageObject","inLanguage":"it-IT","@id":"https:\/\/oliviagreencamping.com\/it\/#\/schema\/logo\/image\/","url":"https:\/\/oliviagreencamping.com\/wp-content\/uploads\/2019\/08\/olivia_logo-07.png","contentUrl":"https:\/\/oliviagreencamping.com\/wp-content\/uploads\/2019\/08\/olivia_logo-07.png","width":1318,"height":1125,"caption":"Zelena Luka d.o.o."},"image":{"@id":"https:\/\/oliviagreencamping.com\/it\/#\/schema\/logo\/image\/"},"sameAs":["https:\/\/www.facebook.com\/OliviaGreenCamping\/","https:\/\/www.instagram.com\/oliviagreencamping\/"]}]}},"_links":{"self":[{"href":"https:\/\/oliviagreencamping.com\/it\/wp-json\/wp\/v2\/pages\/13015"}],"collection":[{"href":"https:\/\/oliviagreencamping.com\/it\/wp-json\/wp\/v2\/pages"}],"about":[{"href":"https:\/\/oliviagreencamping.com\/it\/wp-json\/wp\/v2\/types\/page"}],"author":[{"embeddable":true,"href":"https:\/\/oliviagreencamping.com\/it\/wp-json\/wp\/v2\/users\/3"}],"replies":[{"embeddable":true,"href":"https:\/\/oliviagreencamping.com\/it\/wp-json\/wp\/v2\/comments?post=13015"}],"version-history":[{"count":3,"href":"https:\/\/oliviagreencamping.com\/it\/wp-json\/wp\/v2\/pages\/13015\/revisions"}],"predecessor-version":[{"id":18474,"href":"https:\/\/oliviagreencamping.com\/it\/wp-json\/wp\/v2\/pages\/13015\/revisions\/18474"}],"wp:attachment":[{"href":"https:\/\/oliviagreencamping.com\/it\/wp-json\/wp\/v2\/media?parent=13015"}],"curies":[{"name":"wp","href":"https:\/\/api.w.org\/{rel}","templated":true}]}}