{"id":8908,"date":"2021-05-12T11:44:06","date_gmt":"2021-05-12T11:44:06","guid":{"rendered":"https:\/\/oliviagreencamping.com\/cosa-aspettarsi\/"},"modified":"2021-05-13T10:49:38","modified_gmt":"2021-05-13T10:49:38","slug":"cosa-aspettarsi","status":"publish","type":"page","link":"https:\/\/oliviagreencamping.com\/it\/cosa-aspettarsi\/","title":{"rendered":"Cosa aspettarsi"},"content":{"rendered":"<section class=\"wpb-content-wrapper\"><p>[vc_row equal_height=&#8221;yes&#8221; css=&#8221;.vc_custom_1565609857095{margin-top: 0px !important;margin-bottom: 0px !important;padding-top: 5% !important;padding-bottom: 5% !important;}&#8221;][vc_column align=&#8221;text-center&#8221; offset=&#8221;vc_col-md-offset-2 vc_col-md-8&#8243;]<style>.ld_fancy_heading_69f0fe9f6e314 h3{font-size:25px;line-height:1.3em;color:rgb(23, 64, 66);}.ld_fancy_heading_69f0fe9f6e314 .lqd-highlight-inner{height:0.275em;bottom:0px;}<\/style><div class=\"ld-fancy-heading mask-text ld_fancy_heading_69f0fe9f6e314\">\n\t<h3 class=\"lqd-highlight-underline lqd-highlight-grow-left\" data-split-text=\"true\" data-custom-animations=\"true\" data-ca-options='{\"triggerHandler\":\"inview\",\"animationTarget\":\".lqd-lines .split-inner\",\"duration\":700,\"delay\":100,\"easing\":\"easeOutQuint\",\"direction\":\"forward\",\"initValues\":{\"scale\":1},\"animations\":{\"scale\":1}}' data-split-options='{\"type\":\"lines\"}'><span class=\"ld-fh-txt\"> Unisciti a noi per un soggiorno di vacanza autentico e appagante, ecologico, circondato da ulivi antichissimi e con la spiaggia a pochi passi.<\/span><\/h3><\/div><style>.ld_spacer_69f0fe9f6e840{height:50px;}<\/style>\n<div class=\"ld-empty-space ld_spacer_69f0fe9f6e840\"><span class=\"liquid_empty_space_inner\"><\/span><\/div>[\/vc_column][\/vc_row][vc_row content_placement=&#8221;middle&#8221; css=&#8221;.vc_custom_1565609878418{padding-top: 80px !important;padding-bottom: 80px !important;background-color: #f2efea !important;}&#8221;][vc_column parallax=&#8221;yes&#8221; scale_from_x=&#8221;1&#8243; scale_from_y=&#8221;1&#8243; scale_from_z=&#8221;1&#8243; from_opacity=&#8221;1&#8243; scale_to_x=&#8221;1&#8243; scale_to_y=&#8221;1&#8243; scale_to_z=&#8221;1&#8243; to_opacity=&#8221;1&#8243; enable_content_animation=&#8221;yes&#8221; ca_init_scale_x=&#8221;1&#8243; ca_init_scale_y=&#8221;1&#8243; ca_init_scale_z=&#8221;1&#8243; ca_init_opacity=&#8221;0&#8243; ca_an_scale_x=&#8221;1&#8243; ca_an_scale_y=&#8221;1&#8243; ca_an_scale_z=&#8221;1&#8243; ca_an_opacity=&#8221;1&#8243; offset=&#8221;vc_col-md-5&#8243; ca_init_translate_y=&#8221;42&#8243; translate_from_y=&#8221;73&#8243; translate_to_y=&#8221;-80&#8243;]<style>.ld_icon_box_69f0fe9f6eb8a .iconbox-icon-container{color:#174042;border-radius:px;}.ld_icon_box_69f0fe9f6eb8a h3{margin-bottom:px;}<\/style>\n<div class=\"iconbox iconbox-icon-image ld_icon_box_69f0fe9f6eb8a\" id=\"ld_icon_box_69f0fe9f6eb8a\"  data-plugin-options='{\"color\":\"#174042\"}'  >\n\t\n\t\t<div class=\"iconbox-icon-wrap\"><span class=\"iconbox-icon-container\"><img src=\"https:\/\/oliviagreencamping.com\/wp-content\/uploads\/2019\/07\/sustainability_ikone-03.png\" class=\"liquid-image-icon\" \/><\/span><\/div><!-- \/.iconbox-icon-wrap -->\t\n\t\t\n\t\t\n\t\t\t\t\n\t\t\n\t\n<\/div>\n[\/vc_column][vc_column offset=&#8221;vc_col-md-offset-1 vc_col-md-6&#8243;]<style>.ld_fancy_heading_69f0fe9f72a5f h4 {margin-bottom:0px !important;  } .ld_fancy_heading_69f0fe9f72a5f .lqd-highlight-inner{height:0.275em;bottom:0px;}.ld_fancy_heading_69f0fe9f72a5f h4 {margin-bottom:0px !important;  } <\/style><div class=\"ld-fancy-heading ld_fancy_heading_69f0fe9f72a5f\">\n\t<h4 class=\"lqd-highlight-underline lqd-highlight-grow-left\" data-fittext=\"true\" data-fittext-options='{\"compressor\":0.5,\"maxFontSize\":\"currentFontSize\",\"minFontSize\":\"\"}'><span class=\"ld-fh-txt\"> Alloggi ecologici e minimo impatto ambientale<br \/>\n<\/span><\/h4><\/div><style>.ld_spacer_69f0fe9f75362{height:28px;}<\/style>\n<div class=\"ld-empty-space ld_spacer_69f0fe9f75362\"><span class=\"liquid_empty_space_inner\"><\/span><\/div><style>.ld_fancy_heading_69f0fe9f75767 .lqd-highlight-inner{height:0.275em;bottom:0px;}<\/style><div class=\"ld-fancy-heading ld_fancy_heading_69f0fe9f75767\">\n\t<p class=\"lqd-highlight-underline lqd-highlight-grow-left\" ><span class=\"ld-fh-txt\"> La tua privacy \u00e8 sar\u00e0 in buone mani nelle nostre campeggio ville dal design contemporaneo con comodit\u00e0 a cinque stelle. I dintorni si fondono perfettamente con la natura incontaminata. Tutte le ville sono orientate al mare in modo da poterti svegliare con una splendida vista sul mare.<br \/>\n<\/span><\/p><\/div><style>.ld_spacer_69f0fe9f77b62{height:20px;}<\/style>\n<div class=\"ld-empty-space ld_spacer_69f0fe9f77b62\"><span class=\"liquid_empty_space_inner\"><\/span><\/div>[\/vc_column][\/vc_row][vc_row content_placement=&#8221;middle&#8221; css=&#8221;.vc_custom_1565609902087{padding-top: 80px !important;padding-bottom: 80px !important;background-color: #c4cec4 !important;}&#8221;][vc_column parallax=&#8221;yes&#8221; scale_from_x=&#8221;1&#8243; scale_from_y=&#8221;1&#8243; scale_from_z=&#8221;1&#8243; from_opacity=&#8221;1&#8243; scale_to_x=&#8221;1&#8243; scale_to_y=&#8221;1&#8243; scale_to_z=&#8221;1&#8243; to_opacity=&#8221;1&#8243; enable_content_animation=&#8221;yes&#8221; ca_init_scale_x=&#8221;1&#8243; ca_init_scale_y=&#8221;1&#8243; ca_init_scale_z=&#8221;1&#8243; ca_init_opacity=&#8221;0&#8243; ca_an_scale_x=&#8221;1&#8243; ca_an_scale_y=&#8221;1&#8243; ca_an_scale_z=&#8221;1&#8243; ca_an_opacity=&#8221;1&#8243; offset=&#8221;vc_col-md-5&#8243; ca_init_translate_y=&#8221;42&#8243; translate_from_y=&#8221;73&#8243; translate_to_y=&#8221;-80&#8243;]<style>.ld_icon_box_69f0fe9f77fe0 h3{margin-bottom:px;}.ld_icon_box_69f0fe9f77fe0 .iconbox-icon-container{border-radius:px;}<\/style>\n<div class=\"iconbox iconbox-icon-image ld_icon_box_69f0fe9f77fe0\" id=\"ld_icon_box_69f0fe9f77fe0\"   >\n\t\n\t\t<div class=\"iconbox-icon-wrap\"><span class=\"iconbox-icon-container\"><img src=\"https:\/\/oliviagreencamping.com\/wp-content\/uploads\/2019\/07\/sustainability_ikone-02.png\" class=\"liquid-image-icon\" \/><\/span><\/div><!-- \/.iconbox-icon-wrap -->\t\n\t\t\n\t\t\n\t\t\t\t\n\t\t\n\t\n<\/div>\n[\/vc_column][vc_column offset=&#8221;vc_col-md-offset-1 vc_col-md-6&#8243;]<style>.ld_fancy_heading_69f0fe9f7b67b h4 {margin-bottom:0px !important;  } .ld_fancy_heading_69f0fe9f7b67b .lqd-highlight-inner{height:0.275em;bottom:0px;}.ld_fancy_heading_69f0fe9f7b67b h4 {margin-bottom:0px !important;  } <\/style><div class=\"ld-fancy-heading ld_fancy_heading_69f0fe9f7b67b\">\n\t<h4 class=\"lqd-highlight-underline lqd-highlight-grow-left\" data-fittext=\"true\" data-fittext-options='{\"compressor\":0.5,\"maxFontSize\":\"currentFontSize\",\"minFontSize\":\"\"}'><span class=\"ld-fh-txt\"> Energia pulita ed intelligente <\/span><\/h4><\/div><style>.ld_spacer_69f0fe9f7d5d2{height:28px;}<\/style>\n<div class=\"ld-empty-space ld_spacer_69f0fe9f7d5d2\"><span class=\"liquid_empty_space_inner\"><\/span><\/div><style>.ld_fancy_heading_69f0fe9f7d84b .lqd-highlight-inner{height:0.275em;bottom:0px;}<\/style><div class=\"ld-fancy-heading ld_fancy_heading_69f0fe9f7d84b\">\n\t<p class=\"lqd-highlight-underline lqd-highlight-grow-left\" ><span class=\"ld-fh-txt\"> Utilizziamo energia pulita dai pannelli solari per alimentare il nostro campo e utilizziamo il sistema di purificazione dell\u2019acqua pi\u00f9 avanzato e sostenibile che fornisce l\u2019acqua necessaria per l\u2019irrigazione dell\u2019intero campeggio.<br \/>\n<\/span><\/p><\/div><style>.ld_spacer_69f0fe9f7f3a4{height:20px;}<\/style>\n<div class=\"ld-empty-space ld_spacer_69f0fe9f7f3a4\"><span class=\"liquid_empty_space_inner\"><\/span><\/div>[\/vc_column][\/vc_row][vc_row content_placement=&#8221;middle&#8221; css=&#8221;.vc_custom_1565610239646{padding-top: 80px !important;padding-bottom: 80px !important;background-color: #f2efea !important;}&#8221;][vc_column parallax=&#8221;yes&#8221; scale_from_x=&#8221;1&#8243; scale_from_y=&#8221;1&#8243; scale_from_z=&#8221;1&#8243; from_opacity=&#8221;1&#8243; scale_to_x=&#8221;1&#8243; scale_to_y=&#8221;1&#8243; scale_to_z=&#8221;1&#8243; to_opacity=&#8221;1&#8243; enable_content_animation=&#8221;yes&#8221; ca_init_scale_x=&#8221;1&#8243; ca_init_scale_y=&#8221;1&#8243; ca_init_scale_z=&#8221;1&#8243; ca_init_opacity=&#8221;0&#8243; ca_an_scale_x=&#8221;1&#8243; ca_an_scale_y=&#8221;1&#8243; ca_an_scale_z=&#8221;1&#8243; ca_an_opacity=&#8221;1&#8243; offset=&#8221;vc_col-md-5&#8243; ca_init_translate_y=&#8221;42&#8243; translate_from_y=&#8221;73&#8243; translate_to_y=&#8221;-80&#8243;]<style>.ld_icon_box_69f0fe9f7f64a h3{margin-bottom:px;}.ld_icon_box_69f0fe9f7f64a .iconbox-icon-container{border-radius:px;}<\/style>\n<div class=\"iconbox iconbox-icon-image ld_icon_box_69f0fe9f7f64a\" id=\"ld_icon_box_69f0fe9f7f64a\"   >\n\t\n\t\t<div class=\"iconbox-icon-wrap\"><span class=\"iconbox-icon-container\"><img src=\"https:\/\/oliviagreencamping.com\/wp-content\/uploads\/2019\/07\/sustainability_ikone-04.png\" class=\"liquid-image-icon\" \/><\/span><\/div><!-- \/.iconbox-icon-wrap -->\t\n\t\t\n\t\t\n\t\t\t\t\n\t\t\n\t\n<\/div>\n[\/vc_column][vc_column offset=&#8221;vc_col-md-offset-1 vc_col-md-6&#8243;]<style>.ld_fancy_heading_69f0fe9f81cce h4 {margin-bottom:0px !important;  } .ld_fancy_heading_69f0fe9f81cce .lqd-highlight-inner{height:0.275em;bottom:0px;}.ld_fancy_heading_69f0fe9f81cce h4 {margin-bottom:0px !important;  } <\/style><div class=\"ld-fancy-heading ld_fancy_heading_69f0fe9f81cce\">\n\t<h4 class=\"lqd-highlight-underline lqd-highlight-grow-left\" data-fittext=\"true\" data-fittext-options='{\"compressor\":0.5,\"maxFontSize\":\"currentFontSize\",\"minFontSize\":\"\"}'><span class=\"ld-fh-txt\"> Sostenere la comunit\u00e0 locale<br \/>\n<\/span><\/h4><\/div><style>.ld_spacer_69f0fe9f8382d{height:28px;}<\/style>\n<div class=\"ld-empty-space ld_spacer_69f0fe9f8382d\"><span class=\"liquid_empty_space_inner\"><\/span><\/div><style>.ld_fancy_heading_69f0fe9f83a8f .lqd-highlight-inner{height:0.275em;bottom:0px;}<\/style><div class=\"ld-fancy-heading ld_fancy_heading_69f0fe9f83a8f\">\n\t<p class=\"lqd-highlight-underline lqd-highlight-grow-left\" ><span class=\"ld-fh-txt\"> I prodotti e il cibo di provenienza locale compenseranno la tua impronta di carbonio e sosterranno le piccole imprese locali. Sia che tu voglia portare la tua famiglia ad esplorare l\u2019accattivante diversit\u00e0 della regione, partecipare ai workshop sulla natura e attivit\u00e0 all\u2019aperto, per esempio come riciclare e riutilizzare l\u2019arte, osservare i delfini, fare passeggiate nella fauna selvatica o far parte della cultura locale, la piccola citt\u00e0 di Tisno offre una variet\u00e0 di servizi, a pochi passi. Durante le vacanze in famiglia, gli animatori si prendono cura dei piccoli ospiti ed organizzano giochi eccitanti all\u2019aperto. Goditi una bella e tonificante vacanza nel cuore della Dalmazia.<\/p>\n<p><\/span><\/p><\/div><style>.ld_spacer_69f0fe9f85173{height:20px;}<\/style>\n<div class=\"ld-empty-space ld_spacer_69f0fe9f85173\"><span class=\"liquid_empty_space_inner\"><\/span><\/div>[\/vc_column][\/vc_row]<\/p>\n<\/section>","protected":false},"excerpt":{"rendered":"<p>[vc_row equal_height=&#8221;yes&#8221; css=&#8221;.vc_custom_1565609857095{margin-top: 0px !important;margin-bottom: 0px !important;padding-top: 5% !important;padding-bottom: 5% !important;}&#8221;][vc_column align=&#8221;text-center&#8221; offset=&#8221;vc_col-md-offset-2 vc_col-md-8&#8243;][\/vc_column][\/vc_row][vc_row content_placement=&#8221;middle&#8221;&#8230;<\/p>\n","protected":false},"author":3,"featured_media":8911,"parent":0,"menu_order":0,"comment_status":"closed","ping_status":"closed","template":"","meta":[],"yoast_head":"<!-- This site is optimized with the Yoast SEO plugin v20.3 - https:\/\/yoast.com\/wordpress\/plugins\/seo\/ -->\n<title>Cosa aspettarsi &ndash; Olivia Green Camping<\/title>\n<meta name=\"description\" content=\"Unisciti a noi per un soggiorno di vacanza autentico e appagante, ecologico, circondato da ulivi antichissimi e con la spiaggia a pochi passi.\" \/>\n<meta name=\"robots\" content=\"index, follow, max-snippet:-1, max-image-preview:large, max-video-preview:-1\" \/>\n<link rel=\"canonical\" href=\"https:\/\/oliviagreencamping.com\/it\/cosa-aspettarsi\/\" \/>\n<meta property=\"og:locale\" content=\"it_IT\" \/>\n<meta property=\"og:type\" content=\"article\" \/>\n<meta property=\"og:title\" content=\"Cosa aspettarsi &ndash; Olivia Green Camping\" \/>\n<meta property=\"og:description\" content=\"Unisciti a noi per un soggiorno di vacanza autentico e appagante, ecologico, circondato da ulivi antichissimi e con la spiaggia a pochi passi.\" \/>\n<meta property=\"og:url\" content=\"https:\/\/oliviagreencamping.com\/it\/cosa-aspettarsi\/\" \/>\n<meta property=\"og:site_name\" content=\"Olivia Green Camping\" \/>\n<meta property=\"article:publisher\" content=\"https:\/\/www.facebook.com\/OliviaGreenCamping\/\" \/>\n<meta property=\"article:modified_time\" content=\"2021-05-13T10:49:38+00:00\" \/>\n<meta property=\"og:image\" content=\"https:\/\/oliviagreencamping.com\/wp-content\/uploads\/2020\/05\/What-to-expect-main-2-1.jpg\" \/>\n\t<meta property=\"og:image:width\" content=\"1920\" \/>\n\t<meta property=\"og:image:height\" content=\"1285\" \/>\n\t<meta property=\"og:image:type\" content=\"image\/jpeg\" \/>\n<meta name=\"twitter:card\" content=\"summary_large_image\" \/>\n<meta name=\"twitter:label1\" content=\"Tempo di lettura stimato\" \/>\n\t<meta name=\"twitter:data1\" content=\"5 minuti\" \/>\n<script type=\"application\/ld+json\" class=\"yoast-schema-graph\">{\"@context\":\"https:\/\/schema.org\",\"@graph\":[{\"@type\":\"WebPage\",\"@id\":\"https:\/\/oliviagreencamping.com\/it\/cosa-aspettarsi\/\",\"url\":\"https:\/\/oliviagreencamping.com\/it\/cosa-aspettarsi\/\",\"name\":\"Cosa aspettarsi &ndash; Olivia Green Camping\",\"isPartOf\":{\"@id\":\"https:\/\/oliviagreencamping.com\/it\/#website\"},\"datePublished\":\"2021-05-12T11:44:06+00:00\",\"dateModified\":\"2021-05-13T10:49:38+00:00\",\"description\":\"Unisciti a noi per un soggiorno di vacanza autentico e appagante, ecologico, circondato da ulivi antichissimi e con la spiaggia a pochi passi.\",\"breadcrumb\":{\"@id\":\"https:\/\/oliviagreencamping.com\/it\/cosa-aspettarsi\/#breadcrumb\"},\"inLanguage\":\"it-IT\",\"potentialAction\":[{\"@type\":\"ReadAction\",\"target\":[\"https:\/\/oliviagreencamping.com\/it\/cosa-aspettarsi\/\"]}]},{\"@type\":\"BreadcrumbList\",\"@id\":\"https:\/\/oliviagreencamping.com\/it\/cosa-aspettarsi\/#breadcrumb\",\"itemListElement\":[{\"@type\":\"ListItem\",\"position\":1,\"name\":\"Home\",\"item\":\"https:\/\/oliviagreencamping.com\/it\/\"},{\"@type\":\"ListItem\",\"position\":2,\"name\":\"Cosa aspettarsi\"}]},{\"@type\":\"WebSite\",\"@id\":\"https:\/\/oliviagreencamping.com\/it\/#website\",\"url\":\"https:\/\/oliviagreencamping.com\/it\/\",\"name\":\"Olivia Green Camping\",\"description\":\"Luxury Camping in Croatia\",\"publisher\":{\"@id\":\"https:\/\/oliviagreencamping.com\/it\/#organization\"},\"potentialAction\":[{\"@type\":\"SearchAction\",\"target\":{\"@type\":\"EntryPoint\",\"urlTemplate\":\"https:\/\/oliviagreencamping.com\/it\/?s={search_term_string}\"},\"query-input\":\"required name=search_term_string\"}],\"inLanguage\":\"it-IT\"},{\"@type\":\"Organization\",\"@id\":\"https:\/\/oliviagreencamping.com\/it\/#organization\",\"name\":\"Zelena Luka d.o.o.\",\"url\":\"https:\/\/oliviagreencamping.com\/it\/\",\"logo\":{\"@type\":\"ImageObject\",\"inLanguage\":\"it-IT\",\"@id\":\"https:\/\/oliviagreencamping.com\/it\/#\/schema\/logo\/image\/\",\"url\":\"https:\/\/oliviagreencamping.com\/wp-content\/uploads\/2019\/08\/olivia_logo-07.png\",\"contentUrl\":\"https:\/\/oliviagreencamping.com\/wp-content\/uploads\/2019\/08\/olivia_logo-07.png\",\"width\":1318,\"height\":1125,\"caption\":\"Zelena Luka d.o.o.\"},\"image\":{\"@id\":\"https:\/\/oliviagreencamping.com\/it\/#\/schema\/logo\/image\/\"},\"sameAs\":[\"https:\/\/www.facebook.com\/OliviaGreenCamping\/\",\"https:\/\/www.instagram.com\/oliviagreencamping\/\"]}]}<\/script>\n<!-- \/ Yoast SEO plugin. -->","yoast_head_json":{"title":"Cosa aspettarsi &ndash; Olivia Green Camping","description":"Unisciti a noi per un soggiorno di vacanza autentico e appagante, ecologico, circondato da ulivi antichissimi e con la spiaggia a pochi passi.","robots":{"index":"index","follow":"follow","max-snippet":"max-snippet:-1","max-image-preview":"max-image-preview:large","max-video-preview":"max-video-preview:-1"},"canonical":"https:\/\/oliviagreencamping.com\/it\/cosa-aspettarsi\/","og_locale":"it_IT","og_type":"article","og_title":"Cosa aspettarsi &ndash; Olivia Green Camping","og_description":"Unisciti a noi per un soggiorno di vacanza autentico e appagante, ecologico, circondato da ulivi antichissimi e con la spiaggia a pochi passi.","og_url":"https:\/\/oliviagreencamping.com\/it\/cosa-aspettarsi\/","og_site_name":"Olivia Green Camping","article_publisher":"https:\/\/www.facebook.com\/OliviaGreenCamping\/","article_modified_time":"2021-05-13T10:49:38+00:00","og_image":[{"width":1920,"height":1285,"url":"https:\/\/oliviagreencamping.com\/wp-content\/uploads\/2020\/05\/What-to-expect-main-2-1.jpg","type":"image\/jpeg"}],"twitter_card":"summary_large_image","twitter_misc":{"Tempo di lettura stimato":"5 minuti"},"schema":{"@context":"https:\/\/schema.org","@graph":[{"@type":"WebPage","@id":"https:\/\/oliviagreencamping.com\/it\/cosa-aspettarsi\/","url":"https:\/\/oliviagreencamping.com\/it\/cosa-aspettarsi\/","name":"Cosa aspettarsi &ndash; Olivia Green Camping","isPartOf":{"@id":"https:\/\/oliviagreencamping.com\/it\/#website"},"datePublished":"2021-05-12T11:44:06+00:00","dateModified":"2021-05-13T10:49:38+00:00","description":"Unisciti a noi per un soggiorno di vacanza autentico e appagante, ecologico, circondato da ulivi antichissimi e con la spiaggia a pochi passi.","breadcrumb":{"@id":"https:\/\/oliviagreencamping.com\/it\/cosa-aspettarsi\/#breadcrumb"},"inLanguage":"it-IT","potentialAction":[{"@type":"ReadAction","target":["https:\/\/oliviagreencamping.com\/it\/cosa-aspettarsi\/"]}]},{"@type":"BreadcrumbList","@id":"https:\/\/oliviagreencamping.com\/it\/cosa-aspettarsi\/#breadcrumb","itemListElement":[{"@type":"ListItem","position":1,"name":"Home","item":"https:\/\/oliviagreencamping.com\/it\/"},{"@type":"ListItem","position":2,"name":"Cosa aspettarsi"}]},{"@type":"WebSite","@id":"https:\/\/oliviagreencamping.com\/it\/#website","url":"https:\/\/oliviagreencamping.com\/it\/","name":"Olivia Green Camping","description":"Luxury Camping in Croatia","publisher":{"@id":"https:\/\/oliviagreencamping.com\/it\/#organization"},"potentialAction":[{"@type":"SearchAction","target":{"@type":"EntryPoint","urlTemplate":"https:\/\/oliviagreencamping.com\/it\/?s={search_term_string}"},"query-input":"required name=search_term_string"}],"inLanguage":"it-IT"},{"@type":"Organization","@id":"https:\/\/oliviagreencamping.com\/it\/#organization","name":"Zelena Luka d.o.o.","url":"https:\/\/oliviagreencamping.com\/it\/","logo":{"@type":"ImageObject","inLanguage":"it-IT","@id":"https:\/\/oliviagreencamping.com\/it\/#\/schema\/logo\/image\/","url":"https:\/\/oliviagreencamping.com\/wp-content\/uploads\/2019\/08\/olivia_logo-07.png","contentUrl":"https:\/\/oliviagreencamping.com\/wp-content\/uploads\/2019\/08\/olivia_logo-07.png","width":1318,"height":1125,"caption":"Zelena Luka d.o.o."},"image":{"@id":"https:\/\/oliviagreencamping.com\/it\/#\/schema\/logo\/image\/"},"sameAs":["https:\/\/www.facebook.com\/OliviaGreenCamping\/","https:\/\/www.instagram.com\/oliviagreencamping\/"]}]}},"_links":{"self":[{"href":"https:\/\/oliviagreencamping.com\/it\/wp-json\/wp\/v2\/pages\/8908"}],"collection":[{"href":"https:\/\/oliviagreencamping.com\/it\/wp-json\/wp\/v2\/pages"}],"about":[{"href":"https:\/\/oliviagreencamping.com\/it\/wp-json\/wp\/v2\/types\/page"}],"author":[{"embeddable":true,"href":"https:\/\/oliviagreencamping.com\/it\/wp-json\/wp\/v2\/users\/3"}],"replies":[{"embeddable":true,"href":"https:\/\/oliviagreencamping.com\/it\/wp-json\/wp\/v2\/comments?post=8908"}],"version-history":[{"count":0,"href":"https:\/\/oliviagreencamping.com\/it\/wp-json\/wp\/v2\/pages\/8908\/revisions"}],"wp:featuredmedia":[{"embeddable":true,"href":"https:\/\/oliviagreencamping.com\/it\/wp-json\/wp\/v2\/media\/8911"}],"wp:attachment":[{"href":"https:\/\/oliviagreencamping.com\/it\/wp-json\/wp\/v2\/media?parent=8908"}],"curies":[{"name":"wp","href":"https:\/\/api.w.org\/{rel}","templated":true}]}}