{"id":9064,"date":"2021-05-12T12:16:27","date_gmt":"2021-05-12T12:16:27","guid":{"rendered":"https:\/\/oliviagreencamping.com\/paesaggi-naturali\/"},"modified":"2024-05-28T07:02:58","modified_gmt":"2024-05-28T07:02:58","slug":"paesaggi-naturali","status":"publish","type":"page","link":"https:\/\/oliviagreencamping.com\/it\/paesaggi-naturali\/","title":{"rendered":"Paesaggi naturali"},"content":{"rendered":"<section class=\"wpb-content-wrapper\"><p>[vc_row content_placement=&#8221;top&#8221; css=&#8221;.vc_custom_1577985789974{padding-top: 20px !important;padding-bottom: 40px !important;}&#8221; responsive_css=&#8221;padding_top_medium:40px&#8221;][vc_column enable_content_animation=&#8221;yes&#8221; ca_init_scale_x=&#8221;1&#8243; ca_init_scale_y=&#8221;1&#8243; ca_init_scale_z=&#8221;1&#8243; ca_init_opacity=&#8221;0&#8243; ca_an_scale_x=&#8221;1&#8243; ca_an_scale_y=&#8221;1&#8243; ca_an_scale_z=&#8221;1&#8243; ca_an_opacity=&#8221;1&#8243; offset=&#8221;vc_col-md-6&#8243; ca_duration=&#8221;1200&#8243; ca_init_translate_x=&#8221;0&#8243; ca_init_rotate_z=&#8221;1&#8243; ca_init_translate_y=&#8221;45&#8243;]<style>.ld_fancy_heading_69f1128b690a4 .lqd-highlight-inner{height:0.275em;bottom:0px;}<\/style><div class=\"ld-fancy-heading ld_fancy_heading_69f1128b690a4\">\n\t<h2 class=\"lqd-highlight-underline lqd-highlight-grow-left\" ><span class=\"ld-fh-txt\"> Parchi nazionali<\/span><\/h2><\/div>[vc_empty_space height=&#8221;24px&#8221;][vc_column_text]Nei nostri dintorni non troverete uno, non due, non tre, ma quattro parchi nazionali! Trascorri la giornata \u201cslalom\u201d navigando attraverso le 89 isole, isolotti e scogliere unici del paradiso nautico di Parco Nazionale di Kornati, a soli 10 minuti dal nostro campeggio.<\/p>\n<p>A poca distanza da qui troverei il Parco Nazionale di Krka con le sue magnifiche cascate, tra cui le famose cascate di Skradin (Skradinski Buk), che sono uno dei luoghi pi\u00f9 famosi della Croazia. Altri punti salienti includono la piccola isola di Visovac e le cascate di Rog (Ro\u0161ki slap). Una gita in barca attraverso il parco \u00e8 un ottimo modo per vedere gran parte del parco. Soprattutto, \u00e8 possibile nuotare in alcune localit\u00e0, quindi assicurati di portare il costume da bagno.<\/p>\n<p>Se sei un cercatore di avventure all\u2019aria aperta, apprezzerai il Parco Nazionale di Paklenica. Ce n\u2019\u00e8 qualcosa per tutti i gusti \u2013 dai sentieri facili a quelli difficili, e tutti offrono panorami mozzafiato e un\u2019esperienza unica. Oltre all\u2019escursionismo, \u00e8 anche un popolare punto di arrampicata su roccia.<\/p>\n<p>Il quarto e pi\u00f9 famoso parco nazionale croato, i Laghi di Plitvice, \u00e8 a solo un\u2019ora e mezza di distanza. \u00c8 il parco nazionale pi\u00f9 antico e pi\u00f9 grande. Con la sua eccezionale bellezza naturale attrae milioni di amanti della natura da tutto il mondo in tutte le stagioni.[\/vc_column_text][vc_empty_space height=&#8221;24px&#8221;]<style>.ld_fancy_heading_69f1128b69ace .lqd-highlight-inner{height:0.275em;bottom:0px;}<\/style><div class=\"ld-fancy-heading ld_fancy_heading_69f1128b69ace\">\n\t<h2 class=\"lqd-highlight-underline lqd-highlight-grow-left\" ><span class=\"ld-fh-txt\"> Parchi naturali<\/span><\/h2><\/div>[vc_empty_space height=&#8221;24px&#8221;][vc_column_text]Il Lago di Vrana \u00e8 il lago pi\u00f9 grande della Croazia e detiene lo status di parco naturale. Fornisce un ambiente naturale per gli uccelli acquatici e la sua enorme biodiversit\u00e0. Ci sono pi\u00f9 di 250 specie di uccelli e garantiamo che almeno una di esse attirer\u00e0 la tua attenzione! Puoi fare una pausa a \u201cVidikovac\u201d dove godrai della splendida vista panoramica! Puoi esplorare la zona in bicicletta e fare il giro del percorso lungo 75 chilometri intorno al lago o fare la nostra escursione in jeep e vedere la fauna selvatica al suo meglio.<\/p>\n<p>Il secondo parco naturale nelle vicinanze \u00e8 Tela\u0161\u0107ica, situato nella parte sud-orientale dell\u2019isola di Dugi otok. Tredici isole, isolotti e scogliere immersi nel blu del mare in 75 km2 di armonia naturale aspettano solo di essere scoperti.[\/vc_column_text][\/vc_column][vc_column offset=&#8221;vc_col-md-6&#8243;]<div id=\"ld_images_group_container_69f1128b6a367\" class=\"liquid-img-group-container ld_images_group_container_69f1128b6a367\"  >\n\t<div class=\"liquid-img-group-inner\">\n\t\t<div id=\"ld_images_group_element_69f1128b6a867\" class=\"liquid-img-group-single ld_images_group_element_69f1128b6a867\" data-reveal=\"true\" data-reveal-options='{\"direction\":\"lr\",\"bgcolor\":\"rgb(23, 64, 66)\",\"delay\":\"\"}'>\n\t\n\t\t\n\t<div class=\"liquid-img-group-img-container\">\n\t\t\n\t\t\n\t\t\t\t\n\t\t\t\t<div class=\"liquid-img-container-inner\" data-parallax=\"true\" data-parallax-from='{\"translateY\":32}' data-parallax-to='{\"translateY\":-33}' data-parallax-options='{\"overflowHidden\":false,\"easing\":\"linear\"}'>\n\t\t\t<figure ><img width=\"624\" height=\"416\" src=\"data:image\/svg+xml;charset=utf-8,&lt;svg xmlns%3D&#039;http%3A%2F%2Fwww.w3.org%2F2000%2Fsvg&#039; viewBox%3D&#039;0 0 960 640&#039;%2F&gt;\" srcset=\"\" class=\" ld-lazyload\" alt=\"\" data-src=\"https:\/\/oliviagreencamping.com\/wp-content\/uploads\/2020\/04\/Sights-of-nature-1.jpg\" data-srcset=\"https:\/\/oliviagreencamping.com\/wp-content\/uploads\/2020\/04\/Sights-of-nature-1-300x200.jpg 300w, https:\/\/oliviagreencamping.com\/wp-content\/uploads\/2020\/04\/Sights-of-nature-1.jpg 960w\" data-aspect=\"1.5\" \/><\/figure>\t\t\t\t\t<\/div><!-- \/.liquid-img-container-inner -->\n\t\t\n\t<\/div><!-- \/.liquid-img-group-content -->\n<\/div><!-- \/.liquid-img-group-single --><div id=\"ld_images_group_element_69f1128b77b7e\" class=\"liquid-img-group-single ld_images_group_element_69f1128b77b7e\" data-reveal=\"true\" data-reveal-options='{\"direction\":\"lr\",\"bgcolor\":\"rgb(23, 64, 66)\",\"delay\":\"\"}'>\n\t\n\t\t\n\t<div class=\"liquid-img-group-img-container\">\n\t\t\n\t\t\n\t\t\t\t\n\t\t\t\t<div class=\"liquid-img-container-inner\" data-parallax=\"true\" data-parallax-from='{\"translateY\":32}' data-parallax-to='{\"translateY\":-33}' data-parallax-options='{\"overflowHidden\":false,\"easing\":\"linear\"}'>\n\t\t\t<figure ><img width=\"624\" height=\"388\" src=\"data:image\/svg+xml;charset=utf-8,&lt;svg xmlns%3D&#039;http%3A%2F%2Fwww.w3.org%2F2000%2Fsvg&#039; viewBox%3D&#039;0 0 960 598&#039;%2F&gt;\" srcset=\"\" class=\" ld-lazyload\" alt=\"\" data-src=\"https:\/\/oliviagreencamping.com\/wp-content\/uploads\/2020\/05\/Sights-of-nature-2-2-1.jpg\" data-srcset=\"https:\/\/oliviagreencamping.com\/wp-content\/uploads\/2020\/05\/Sights-of-nature-2-2-1-300x187.jpg 300w, https:\/\/oliviagreencamping.com\/wp-content\/uploads\/2020\/05\/Sights-of-nature-2-2-1.jpg 960w\" data-aspect=\"1.6053511705686\" \/><\/figure>\t\t\t\t\t<\/div><!-- \/.liquid-img-container-inner -->\n\t\t\n\t<\/div><!-- \/.liquid-img-group-content -->\n<\/div><!-- \/.liquid-img-group-single --><div id=\"ld_images_group_element_69f1128b84945\" class=\"liquid-img-group-single ld_images_group_element_69f1128b84945\" data-reveal=\"true\" data-reveal-options='{\"direction\":\"lr\",\"bgcolor\":\"rgb(23, 64, 66)\",\"delay\":\"\"}'>\n\t\n\t\t\n\t<div class=\"liquid-img-group-img-container\">\n\t\t\n\t\t\n\t\t\t\t\n\t\t\t\t<div class=\"liquid-img-container-inner\" data-parallax=\"true\" data-parallax-from='{\"translateY\":32}' data-parallax-to='{\"translateY\":-33}' data-parallax-options='{\"overflowHidden\":false,\"easing\":\"linear\"}'>\n\t\t\t<figure ><img width=\"624\" height=\"416\" src=\"data:image\/svg+xml;charset=utf-8,&lt;svg xmlns%3D&#039;http%3A%2F%2Fwww.w3.org%2F2000%2Fsvg&#039; viewBox%3D&#039;0 0 960 640&#039;%2F&gt;\" srcset=\"\" class=\" ld-lazyload\" alt=\"\" data-src=\"https:\/\/oliviagreencamping.com\/wp-content\/uploads\/2020\/04\/Sights-of-nature.jpg\" data-srcset=\"https:\/\/oliviagreencamping.com\/wp-content\/uploads\/2020\/04\/Sights-of-nature-300x200.jpg 300w, https:\/\/oliviagreencamping.com\/wp-content\/uploads\/2020\/04\/Sights-of-nature.jpg 960w\" data-aspect=\"1.5\" \/><\/figure>\t\t\t\t\t<\/div><!-- \/.liquid-img-container-inner -->\n\t\t\n\t<\/div><!-- \/.liquid-img-group-content -->\n<\/div><!-- \/.liquid-img-group-single --><\/p>\n\t\n\t<\/div><!-- \/.liquid-img-group-inner -->\n<\/div><!-- \/.liquid-img-group-container --><style>.ld_spacer_69f1128b8e229{height:32px;}<\/style>\n<div class=\"ld-empty-space ld_spacer_69f1128b8e229\"><span class=\"liquid_empty_space_inner\"><\/span><\/div>[\/vc_column][\/vc_row][vc_row][vc_column][vc_empty_space][\/vc_column][\/vc_row]<\/p>\n<p>[vc_column]<header class=\"fancy-title text-center ld_section_title_69f1128b8e455\">\n\t<h2>Le nostre attivit\u00e0<\/h2>\t\t<\/header>[\/vc_column][vc_row css=&#8221;.vc_custom_1715946512754{margin-bottom: 40px !important;}&#8221;][vc_column width=&#8221;1\/4&#8243;][vc_hoverbox image=&#8221;16928&#8243; primary_title=&#8221;Pool Bar&#8221; primary_title_font_container=&#8221;font_size:30|color:%23ffffff&#8221; hover_title=&#8221;Pool Bar&#8221; hover_title_font_container=&#8221;font_size:30|color:%23f7f7f7&#8243; hover_background_color=&#8221;custom&#8221; hover_btn_title=&#8221;Per saperne di pi\u00f9&#8221; hover_btn_color=&#8221;white&#8221; use_custom_fonts_primary_title=&#8221;true&#8221; use_custom_fonts_hover_title=&#8221;true&#8221; hover_add_button=&#8221;true&#8221; hover_custom_background=&#8221;#69806a&#8221; primary_title_link=&#8221;url:https%3A%2F%2Foliviagreencamping.com%2Fit%2Fpool-bar%2F&#8221; hover_title_link=&#8221;url:https%3A%2F%2Foliviagreencamping.com%2Fit%2Fpool-bar%2F&#8221; hover_btn_link=&#8221;url:https%3A%2F%2Foliviagreencamping.com%2Fit%2Fpool-bar%2F&#8221;][\/vc_hoverbox][\/vc_column][vc_column width=&#8221;1\/4&#8243;][vc_hoverbox image=&#8221;16918&#8243; primary_title=&#8221;Escursioni e attivit\u00e0&#8221; primary_title_font_container=&#8221;font_size:30|color:%23ffffff&#8221; hover_title=&#8221;Escursioni e attivit\u00e0&#8221; hover_title_font_container=&#8221;font_size:30|color:%23f7f7f7&#8243; hover_background_color=&#8221;custom&#8221; hover_btn_title=&#8221;Per saperne di pi\u00f9&#8221; hover_btn_color=&#8221;white&#8221; use_custom_fonts_primary_title=&#8221;true&#8221; use_custom_fonts_hover_title=&#8221;true&#8221; hover_add_button=&#8221;true&#8221; hover_custom_background=&#8221;#69806a&#8221; primary_title_link=&#8221;url:https%3A%2F%2Foliviagreencamping.com%2Fit%2Fescursioni-e-attivita%2F&#8221; hover_title_link=&#8221;url:https%3A%2F%2Foliviagreencamping.com%2Fit%2Fescursioni-e-attivita%2F&#8221; hover_btn_link=&#8221;url:https%3A%2F%2Foliviagreencamping.com%2Fit%2Fescursioni-e-attivita%2F&#8221;][\/vc_hoverbox][\/vc_column][vc_column width=&#8221;1\/4&#8243;][vc_hoverbox image=&#8221;17585&#8243; primary_title=&#8221;Animazione&#8221; primary_title_font_container=&#8221;font_size:30|color:%23ffffff&#8221; hover_title=&#8221;Animazione&#8221; hover_title_font_container=&#8221;font_size:30|color:%23f7f7f7&#8243; hover_background_color=&#8221;custom&#8221; hover_btn_title=&#8221;Per saperne di pi\u00f9&#8221; hover_btn_color=&#8221;white&#8221; use_custom_fonts_primary_title=&#8221;true&#8221; use_custom_fonts_hover_title=&#8221;true&#8221; hover_add_button=&#8221;true&#8221; hover_custom_background=&#8221;#69806a&#8221; primary_title_link=&#8221;url:https%3A%2F%2Foliviagreencamping.com%2Fit%2Fanimazione%2F&#8221; hover_title_link=&#8221;url:https%3A%2F%2Foliviagreencamping.com%2Fit%2Fanimazione%2F&#8221; hover_btn_link=&#8221;url:https%3A%2F%2Foliviagreencamping.com%2Fit%2Fanimazione%2F&#8221;][\/vc_hoverbox][\/vc_column][vc_column width=&#8221;1\/4&#8243;][vc_hoverbox image=&#8221;17591&#8243; primary_title=&#8221;Spiagge&#8221; primary_title_font_container=&#8221;font_size:30|color:%23ffffff&#8221; hover_title=&#8221;Spiagge&#8221; hover_title_font_container=&#8221;font_size:30|color:%23f7f7f7&#8243; hover_background_color=&#8221;custom&#8221; hover_btn_title=&#8221;Per saperne di pi\u00f9&#8221; hover_btn_color=&#8221;white&#8221; use_custom_fonts_primary_title=&#8221;true&#8221; use_custom_fonts_hover_title=&#8221;true&#8221; hover_add_button=&#8221;true&#8221; hover_custom_background=&#8221;#69806a&#8221; primary_title_link=&#8221;url:https%3A%2F%2Foliviagreencamping.com%2Fit%2Fspiagge%2F&#8221; hover_title_link=&#8221;url:https%3A%2F%2Foliviagreencamping.com%2Fit%2Fspiagge%2F&#8221; hover_btn_link=&#8221;url:https%3A%2F%2Foliviagreencamping.com%2Fit%2Fspiagge%2F&#8221;][\/vc_hoverbox][\/vc_column][\/vc_row][vc_row css=&#8221;.vc_custom_1715946512754{margin-bottom: 40px !important;}&#8221;][vc_column width=&#8221;1\/4&#8243;][vc_hoverbox image=&#8221;16908&#8243; primary_title=&#8221;Paesaggi naturali&#8221; primary_title_font_container=&#8221;font_size:30|color:%23ffffff&#8221; hover_title=&#8221;Paesaggi naturali&#8221; hover_title_font_container=&#8221;font_size:30|color:%23f7f7f7&#8243; hover_background_color=&#8221;custom&#8221; hover_btn_title=&#8221;Per saperne di pi\u00f9&#8221; hover_btn_color=&#8221;white&#8221; use_custom_fonts_primary_title=&#8221;true&#8221; use_custom_fonts_hover_title=&#8221;true&#8221; hover_add_button=&#8221;true&#8221; hover_custom_background=&#8221;#69806a&#8221; primary_title_link=&#8221;url:https%3A%2F%2Foliviagreencamping.com%2Fit%2Fpaesaggi-naturali%2F&#8221; hover_title_link=&#8221;url:https%3A%2F%2Foliviagreencamping.com%2Fit%2Fpaesaggi-naturali%2F&#8221; hover_btn_link=&#8221;url:https%3A%2F%2Foliviagreencamping.com%2Fit%2Fpaesaggi-naturali%2F&#8221;][\/vc_hoverbox][\/vc_column][vc_column width=&#8221;1\/4&#8243;][vc_hoverbox image=&#8221;16913&#8243; primary_title=&#8221;Citt\u00e0 vicine&#8221; primary_title_font_container=&#8221;font_size:30|color:%23ffffff&#8221; hover_title=&#8221;Citt\u00e0 vicine&#8221; hover_title_font_container=&#8221;font_size:30|color:%23f7f7f7&#8243; hover_background_color=&#8221;custom&#8221; hover_btn_title=&#8221;Per saperne di pi\u00f9&#8221; hover_btn_color=&#8221;white&#8221; use_custom_fonts_primary_title=&#8221;true&#8221; use_custom_fonts_hover_title=&#8221;true&#8221; hover_add_button=&#8221;true&#8221; hover_custom_background=&#8221;#69806a&#8221; primary_title_link=&#8221;url:https%3A%2F%2Foliviagreencamping.com%2Fit%2Fcitta-vicine%2F&#8221; hover_title_link=&#8221;url:https%3A%2F%2Foliviagreencamping.com%2Fit%2Fcitta-vicine%2F&#8221; hover_btn_link=&#8221;url:https%3A%2F%2Foliviagreencamping.com%2Fit%2Fcitta-vicine%2F&#8221;][\/vc_hoverbox][\/vc_column][vc_column width=&#8221;1\/4&#8243;][vc_hoverbox image=&#8221;17596&#8243; primary_title=&#8221;Festival musicali&#8221; primary_title_font_container=&#8221;font_size:30|color:%23ffffff&#8221; hover_title=&#8221;Festival musicali&#8221; hover_title_font_container=&#8221;font_size:30|color:%23f7f7f7&#8243; hover_background_color=&#8221;custom&#8221; hover_btn_title=&#8221;Per saperne di pi\u00f9&#8221; hover_btn_color=&#8221;white&#8221; use_custom_fonts_primary_title=&#8221;true&#8221; use_custom_fonts_hover_title=&#8221;true&#8221; hover_add_button=&#8221;true&#8221; hover_custom_background=&#8221;#69806a&#8221; primary_title_link=&#8221;url:https%3A%2F%2Foliviagreencamping.com%2Fit%2Ffestival-musicali%2F&#8221; hover_title_link=&#8221;url:https%3A%2F%2Foliviagreencamping.com%2Fit%2Ffestival-musicali%2F&#8221; hover_btn_link=&#8221;url:https%3A%2F%2Foliviagreencamping.com%2Fit%2Ffestival-musicali%2F&#8221;][\/vc_hoverbox][\/vc_column][vc_column width=&#8221;1\/4&#8243;][\/vc_column][\/vc_row]<\/p>\n<\/section>","protected":false},"excerpt":{"rendered":"<p>[vc_row content_placement=&#8221;top&#8221; css=&#8221;.vc_custom_1577985789974{padding-top: 20px !important;padding-bottom: 40px !important;}&#8221; responsive_css=&#8221;padding_top_medium:40px&#8221;][vc_column enable_content_animation=&#8221;yes&#8221; ca_init_scale_x=&#8221;1&#8243; ca_init_scale_y=&#8221;1&#8243; ca_init_scale_z=&#8221;1&#8243; ca_init_opacity=&#8221;0&#8243; ca_an_scale_x=&#8221;1&#8243; ca_an_scale_y=&#8221;1&#8243;&#8230;<\/p>\n","protected":false},"author":3,"featured_media":9067,"parent":0,"menu_order":0,"comment_status":"closed","ping_status":"closed","template":"","meta":[],"yoast_head":"<!-- This site is optimized with the Yoast SEO plugin v20.3 - https:\/\/yoast.com\/wordpress\/plugins\/seo\/ -->\n<title>Paesaggi naturali &ndash; Olivia Green Camping<\/title>\n<meta name=\"description\" content=\"In our surroundings, you will find 4 National parks! Spend the day sailing through the 89 unique islands, islets and reefs of the National Park Kornati.\" \/>\n<meta name=\"robots\" content=\"index, follow, max-snippet:-1, max-image-preview:large, max-video-preview:-1\" \/>\n<link rel=\"canonical\" href=\"https:\/\/oliviagreencamping.com\/it\/paesaggi-naturali\/\" \/>\n<meta property=\"og:locale\" content=\"it_IT\" \/>\n<meta property=\"og:type\" content=\"article\" \/>\n<meta property=\"og:title\" content=\"Paesaggi naturali &ndash; Olivia Green Camping\" \/>\n<meta property=\"og:description\" content=\"In our surroundings, you will find 4 National parks! Spend the day sailing through the 89 unique islands, islets and reefs of the National Park Kornati.\" \/>\n<meta property=\"og:url\" content=\"https:\/\/oliviagreencamping.com\/it\/paesaggi-naturali\/\" \/>\n<meta property=\"og:site_name\" content=\"Olivia Green Camping\" \/>\n<meta property=\"article:publisher\" content=\"https:\/\/www.facebook.com\/OliviaGreenCamping\/\" \/>\n<meta property=\"article:modified_time\" content=\"2024-05-28T07:02:58+00:00\" \/>\n<meta property=\"og:image\" content=\"https:\/\/oliviagreencamping.com\/wp-content\/uploads\/2020\/05\/Sights-of-nature-main-2-1.jpg\" \/>\n\t<meta property=\"og:image:width\" content=\"1920\" \/>\n\t<meta property=\"og:image:height\" content=\"1280\" \/>\n\t<meta property=\"og:image:type\" content=\"image\/jpeg\" \/>\n<meta name=\"twitter:card\" content=\"summary_large_image\" \/>\n<meta name=\"twitter:label1\" content=\"Tempo di lettura stimato\" \/>\n\t<meta name=\"twitter:data1\" content=\"3 minuti\" \/>\n<script type=\"application\/ld+json\" class=\"yoast-schema-graph\">{\"@context\":\"https:\/\/schema.org\",\"@graph\":[{\"@type\":\"WebPage\",\"@id\":\"https:\/\/oliviagreencamping.com\/it\/paesaggi-naturali\/\",\"url\":\"https:\/\/oliviagreencamping.com\/it\/paesaggi-naturali\/\",\"name\":\"Paesaggi naturali &ndash; Olivia Green Camping\",\"isPartOf\":{\"@id\":\"https:\/\/oliviagreencamping.com\/it\/#website\"},\"datePublished\":\"2021-05-12T12:16:27+00:00\",\"dateModified\":\"2024-05-28T07:02:58+00:00\",\"description\":\"In our surroundings, you will find 4 National parks! Spend the day sailing through the 89 unique islands, islets and reefs of the National Park Kornati.\",\"breadcrumb\":{\"@id\":\"https:\/\/oliviagreencamping.com\/it\/paesaggi-naturali\/#breadcrumb\"},\"inLanguage\":\"it-IT\",\"potentialAction\":[{\"@type\":\"ReadAction\",\"target\":[\"https:\/\/oliviagreencamping.com\/it\/paesaggi-naturali\/\"]}]},{\"@type\":\"BreadcrumbList\",\"@id\":\"https:\/\/oliviagreencamping.com\/it\/paesaggi-naturali\/#breadcrumb\",\"itemListElement\":[{\"@type\":\"ListItem\",\"position\":1,\"name\":\"Home\",\"item\":\"https:\/\/oliviagreencamping.com\/it\/\"},{\"@type\":\"ListItem\",\"position\":2,\"name\":\"Paesaggi naturali\"}]},{\"@type\":\"WebSite\",\"@id\":\"https:\/\/oliviagreencamping.com\/it\/#website\",\"url\":\"https:\/\/oliviagreencamping.com\/it\/\",\"name\":\"Olivia Green Camping\",\"description\":\"Luxury Camping in Croatia\",\"publisher\":{\"@id\":\"https:\/\/oliviagreencamping.com\/it\/#organization\"},\"potentialAction\":[{\"@type\":\"SearchAction\",\"target\":{\"@type\":\"EntryPoint\",\"urlTemplate\":\"https:\/\/oliviagreencamping.com\/it\/?s={search_term_string}\"},\"query-input\":\"required name=search_term_string\"}],\"inLanguage\":\"it-IT\"},{\"@type\":\"Organization\",\"@id\":\"https:\/\/oliviagreencamping.com\/it\/#organization\",\"name\":\"Zelena Luka d.o.o.\",\"url\":\"https:\/\/oliviagreencamping.com\/it\/\",\"logo\":{\"@type\":\"ImageObject\",\"inLanguage\":\"it-IT\",\"@id\":\"https:\/\/oliviagreencamping.com\/it\/#\/schema\/logo\/image\/\",\"url\":\"https:\/\/oliviagreencamping.com\/wp-content\/uploads\/2019\/08\/olivia_logo-07.png\",\"contentUrl\":\"https:\/\/oliviagreencamping.com\/wp-content\/uploads\/2019\/08\/olivia_logo-07.png\",\"width\":1318,\"height\":1125,\"caption\":\"Zelena Luka d.o.o.\"},\"image\":{\"@id\":\"https:\/\/oliviagreencamping.com\/it\/#\/schema\/logo\/image\/\"},\"sameAs\":[\"https:\/\/www.facebook.com\/OliviaGreenCamping\/\",\"https:\/\/www.instagram.com\/oliviagreencamping\/\"]}]}<\/script>\n<!-- \/ Yoast SEO plugin. -->","yoast_head_json":{"title":"Paesaggi naturali &ndash; Olivia Green Camping","description":"In our surroundings, you will find 4 National parks! Spend the day sailing through the 89 unique islands, islets and reefs of the National Park Kornati.","robots":{"index":"index","follow":"follow","max-snippet":"max-snippet:-1","max-image-preview":"max-image-preview:large","max-video-preview":"max-video-preview:-1"},"canonical":"https:\/\/oliviagreencamping.com\/it\/paesaggi-naturali\/","og_locale":"it_IT","og_type":"article","og_title":"Paesaggi naturali &ndash; Olivia Green Camping","og_description":"In our surroundings, you will find 4 National parks! Spend the day sailing through the 89 unique islands, islets and reefs of the National Park Kornati.","og_url":"https:\/\/oliviagreencamping.com\/it\/paesaggi-naturali\/","og_site_name":"Olivia Green Camping","article_publisher":"https:\/\/www.facebook.com\/OliviaGreenCamping\/","article_modified_time":"2024-05-28T07:02:58+00:00","og_image":[{"width":1920,"height":1280,"url":"https:\/\/oliviagreencamping.com\/wp-content\/uploads\/2020\/05\/Sights-of-nature-main-2-1.jpg","type":"image\/jpeg"}],"twitter_card":"summary_large_image","twitter_misc":{"Tempo di lettura stimato":"3 minuti"},"schema":{"@context":"https:\/\/schema.org","@graph":[{"@type":"WebPage","@id":"https:\/\/oliviagreencamping.com\/it\/paesaggi-naturali\/","url":"https:\/\/oliviagreencamping.com\/it\/paesaggi-naturali\/","name":"Paesaggi naturali &ndash; Olivia Green Camping","isPartOf":{"@id":"https:\/\/oliviagreencamping.com\/it\/#website"},"datePublished":"2021-05-12T12:16:27+00:00","dateModified":"2024-05-28T07:02:58+00:00","description":"In our surroundings, you will find 4 National parks! Spend the day sailing through the 89 unique islands, islets and reefs of the National Park Kornati.","breadcrumb":{"@id":"https:\/\/oliviagreencamping.com\/it\/paesaggi-naturali\/#breadcrumb"},"inLanguage":"it-IT","potentialAction":[{"@type":"ReadAction","target":["https:\/\/oliviagreencamping.com\/it\/paesaggi-naturali\/"]}]},{"@type":"BreadcrumbList","@id":"https:\/\/oliviagreencamping.com\/it\/paesaggi-naturali\/#breadcrumb","itemListElement":[{"@type":"ListItem","position":1,"name":"Home","item":"https:\/\/oliviagreencamping.com\/it\/"},{"@type":"ListItem","position":2,"name":"Paesaggi naturali"}]},{"@type":"WebSite","@id":"https:\/\/oliviagreencamping.com\/it\/#website","url":"https:\/\/oliviagreencamping.com\/it\/","name":"Olivia Green Camping","description":"Luxury Camping in Croatia","publisher":{"@id":"https:\/\/oliviagreencamping.com\/it\/#organization"},"potentialAction":[{"@type":"SearchAction","target":{"@type":"EntryPoint","urlTemplate":"https:\/\/oliviagreencamping.com\/it\/?s={search_term_string}"},"query-input":"required name=search_term_string"}],"inLanguage":"it-IT"},{"@type":"Organization","@id":"https:\/\/oliviagreencamping.com\/it\/#organization","name":"Zelena Luka d.o.o.","url":"https:\/\/oliviagreencamping.com\/it\/","logo":{"@type":"ImageObject","inLanguage":"it-IT","@id":"https:\/\/oliviagreencamping.com\/it\/#\/schema\/logo\/image\/","url":"https:\/\/oliviagreencamping.com\/wp-content\/uploads\/2019\/08\/olivia_logo-07.png","contentUrl":"https:\/\/oliviagreencamping.com\/wp-content\/uploads\/2019\/08\/olivia_logo-07.png","width":1318,"height":1125,"caption":"Zelena Luka d.o.o."},"image":{"@id":"https:\/\/oliviagreencamping.com\/it\/#\/schema\/logo\/image\/"},"sameAs":["https:\/\/www.facebook.com\/OliviaGreenCamping\/","https:\/\/www.instagram.com\/oliviagreencamping\/"]}]}},"_links":{"self":[{"href":"https:\/\/oliviagreencamping.com\/it\/wp-json\/wp\/v2\/pages\/9064"}],"collection":[{"href":"https:\/\/oliviagreencamping.com\/it\/wp-json\/wp\/v2\/pages"}],"about":[{"href":"https:\/\/oliviagreencamping.com\/it\/wp-json\/wp\/v2\/types\/page"}],"author":[{"embeddable":true,"href":"https:\/\/oliviagreencamping.com\/it\/wp-json\/wp\/v2\/users\/3"}],"replies":[{"embeddable":true,"href":"https:\/\/oliviagreencamping.com\/it\/wp-json\/wp\/v2\/comments?post=9064"}],"version-history":[{"count":3,"href":"https:\/\/oliviagreencamping.com\/it\/wp-json\/wp\/v2\/pages\/9064\/revisions"}],"predecessor-version":[{"id":17687,"href":"https:\/\/oliviagreencamping.com\/it\/wp-json\/wp\/v2\/pages\/9064\/revisions\/17687"}],"wp:featuredmedia":[{"embeddable":true,"href":"https:\/\/oliviagreencamping.com\/it\/wp-json\/wp\/v2\/media\/9067"}],"wp:attachment":[{"href":"https:\/\/oliviagreencamping.com\/it\/wp-json\/wp\/v2\/media?parent=9064"}],"curies":[{"name":"wp","href":"https:\/\/api.w.org\/{rel}","templated":true}]}}