{"id":13019,"date":"2022-04-14T08:16:15","date_gmt":"2022-04-14T08:16:15","guid":{"rendered":"https:\/\/oliviagreencamping.com\/glamping\/"},"modified":"2025-01-27T13:07:09","modified_gmt":"2025-01-27T13:07:09","slug":"glamping","status":"publish","type":"page","link":"https:\/\/oliviagreencamping.com\/sl\/glamping\/","title":{"rendered":"Glamping Lodge"},"content":{"rendered":"<section class=\"wpb-content-wrapper\"><p>[vc_row css=&#8221;.vc_custom_1675360447657{padding-top: 50px !important;}&#8221;][vc_column width=&#8221;2\/3&#8243;][vc_gallery type=&#8221;flexslider_slide&#8221; interval=&#8221;10&#8243; images=&#8221;13194,13229,13234,13224,13209,13244,13239,13214,13199,13189&#8243; img_size=&#8221;full&#8221;][\/vc_column][vc_column width=&#8221;1\/3&#8243;][vc_column_text css=&#8221;.vc_custom_1583319934303{margin-bottom: 20px !important;}&#8221;]<\/p>\n<h5 class=\"section__title section__title--color-mantis section__title--size-m\">Rezervacije &amp; informacije<\/h5>\n<p>[\/vc_column_text][vc_column_text]<a href=\"tel:+385916056652\">+385 91 605 6652<\/a><\/p>\n<p><a href=\"mailto:contact@oliviagreencamping.com\">contact@oliviagreencamping.com<\/a>[\/vc_column_text][\/vc_column][\/vc_row][vc_row][vc_column][vc_column_text]<span style=\"font-weight: 400;\">To je pravi glamping! Imeli boste vse udobje doma, hkrati pa izkusili zabavo kampiranja. Nahaja se v olj\u010dnem vrtu, velika okna in terasa ponujajo \u010dudovit pogled na mirno okolico. <\/span><\/p>\n<p><span style=\"font-weight: 400;\">Popolna za 4-\u010dlanske dru\u017eine<\/span><span style=\"font-weight: 400;\">. Lodge ima 2 spalnici, 1 kopalnico, dnevno sobo in samostojno kuhinjo. Terasa je v celoti opremljena z zunanjim pohi\u0161tvom, vklju\u010dno z vrtnimi stoli, mizo in le\u017ealniki. <\/span><\/p>\n<p><span style=\"font-weight: 400;\">Bivanje v na\u0161em glamping lodgeu vam bo zagotovilo prilo\u017enost za dru\u017eenje z naravo in u\u017eivanje v \u010distem razko\u0161ju.<\/span>[\/vc_column_text][vc_column_text css=&#8221;.vc_custom_1583320617710{margin-top: 50px !important;}&#8221;]<\/p>\n<h5>Podrobnosti o namestitvi<\/h5>\n<p>[\/vc_column_text][vc_column_text css=&#8221;.vc_custom_1666691410097{margin-bottom: 50px !important;}&#8221;]<\/p>\n<ul>\n<li><span style=\"font-weight: 400;\">povr\u0161ina 38m\u00b2 (28m\u00b2 notranjost + 10m\u00b2 terasa)<\/span><\/li>\n<li style=\"font-weight: 400;\" aria-level=\"1\"><span style=\"font-weight: 400;\">kapaciteta: 4<\/span><\/li>\n<li style=\"font-weight: 400;\" aria-level=\"1\"><span style=\"font-weight: 400;\">pol pokrita terasa 10m\u00b2 z mizo, stoli in le\u017ealniki<\/span><\/li>\n<li style=\"font-weight: 400;\" aria-level=\"1\"><span style=\"font-weight: 400;\">popolnoma opremljena majhna kuhinja s kuhalno plo\u0161\u010do (plin), posodo, skodelicami, kozarci in grelnikom za vodo<\/span><\/li>\n<li style=\"font-weight: 400;\" aria-level=\"1\"><span style=\"font-weight: 400;\">hladilnik z zamrzovalnikom <\/span><\/li>\n<li style=\"font-weight: 400;\" aria-level=\"1\"><span style=\"font-weight: 400;\">Inspresso aparat za kavo<\/span><\/li>\n<li style=\"font-weight: 400;\" aria-level=\"1\"><span style=\"font-weight: 400;\">razdelilnik vode za hladno in toplo vodo<\/span><\/li>\n<li style=\"font-weight: 400;\" aria-level=\"1\"><span style=\"font-weight: 400;\">klima<\/span><\/li>\n<li style=\"font-weight: 400;\" aria-level=\"1\"><span style=\"font-weight: 400;\">posteljnina in brisa\u010de so vklju\u010dene v ceno<\/span><\/li>\n<li style=\"font-weight: 400;\" aria-level=\"1\"><span style=\"font-weight: 400;\">brezpla\u010den WiFi<\/span><\/li>\n<li style=\"font-weight: 400;\" aria-level=\"1\"><span style=\"font-weight: 400;\">brezpla\u010dno parkiri\u0161\u010de<\/span><\/li>\n<li style=\"font-weight: 400;\" aria-level=\"1\"><span style=\"font-weight: 400;\">hi\u0161ni ljubljen\u010dki so dovoljeni<\/span><\/li>\n<\/ul>\n<p>[\/vc_column_text][vc_video link=&#8221;https:\/\/www.youtube.com\/watch?v=vmCQ1xjJtQw&#8221;][\/vc_column][\/vc_row]<\/p>\n<\/section>","protected":false},"excerpt":{"rendered":"<p>[vc_row css=&#8221;.vc_custom_1675360447657{padding-top: 50px !important;}&#8221;][vc_column width=&#8221;2\/3&#8243;][vc_gallery type=&#8221;flexslider_slide&#8221; interval=&#8221;10&#8243; images=&#8221;13194,13229,13234,13224,13209,13244,13239,13214,13199,13189&#8243; img_size=&#8221;full&#8221;][\/vc_column][vc_column width=&#8221;1\/3&#8243;][vc_column_text css=&#8221;.vc_custom_1583319934303{margin-bottom: 20px !important;}&#8221;] Rezervacije &amp;&#8230;<\/p>\n","protected":false},"author":3,"featured_media":0,"parent":0,"menu_order":0,"comment_status":"closed","ping_status":"closed","template":"","meta":[],"yoast_head":"<!-- This site is optimized with the Yoast SEO plugin v20.3 - https:\/\/yoast.com\/wordpress\/plugins\/seo\/ -->\n<title>Glamping Lodge &ndash; Olivia Green Camping<\/title>\n<meta name=\"description\" content=\"Olivia Green Camping Resort, Tisno, Dalmatia - Eco-friendly accommodation, mobile villas\" \/>\n<meta name=\"robots\" content=\"index, follow, max-snippet:-1, max-image-preview:large, max-video-preview:-1\" \/>\n<link rel=\"canonical\" href=\"https:\/\/oliviagreencamping.com\/sl\/glamping\/\" \/>\n<meta property=\"og:locale\" content=\"sl_SI\" \/>\n<meta property=\"og:type\" content=\"article\" \/>\n<meta property=\"og:title\" content=\"Glamping Lodge &ndash; Olivia Green Camping\" \/>\n<meta property=\"og:description\" content=\"Olivia Green Camping Resort, Tisno, Dalmatia - Eco-friendly accommodation, mobile villas\" \/>\n<meta property=\"og:url\" content=\"https:\/\/oliviagreencamping.com\/sl\/glamping\/\" \/>\n<meta property=\"og:site_name\" content=\"Olivia Green Camping\" \/>\n<meta property=\"article:publisher\" content=\"https:\/\/www.facebook.com\/OliviaGreenCamping\/\" \/>\n<meta property=\"article:modified_time\" content=\"2025-01-27T13:07:09+00:00\" \/>\n<meta name=\"twitter:card\" content=\"summary_large_image\" \/>\n<meta name=\"twitter:label1\" content=\"Est. reading time\" \/>\n\t<meta name=\"twitter:data1\" content=\"1 minuta\" \/>\n<script type=\"application\/ld+json\" class=\"yoast-schema-graph\">{\"@context\":\"https:\/\/schema.org\",\"@graph\":[{\"@type\":\"WebPage\",\"@id\":\"https:\/\/oliviagreencamping.com\/sl\/glamping\/\",\"url\":\"https:\/\/oliviagreencamping.com\/sl\/glamping\/\",\"name\":\"Glamping Lodge &ndash; Olivia Green Camping\",\"isPartOf\":{\"@id\":\"https:\/\/oliviagreencamping.com\/sl\/#website\"},\"datePublished\":\"2022-04-14T08:16:15+00:00\",\"dateModified\":\"2025-01-27T13:07:09+00:00\",\"description\":\"Olivia Green Camping Resort, Tisno, Dalmatia - Eco-friendly accommodation, mobile villas\",\"breadcrumb\":{\"@id\":\"https:\/\/oliviagreencamping.com\/sl\/glamping\/#breadcrumb\"},\"inLanguage\":\"sl-SI\",\"potentialAction\":[{\"@type\":\"ReadAction\",\"target\":[\"https:\/\/oliviagreencamping.com\/sl\/glamping\/\"]}]},{\"@type\":\"BreadcrumbList\",\"@id\":\"https:\/\/oliviagreencamping.com\/sl\/glamping\/#breadcrumb\",\"itemListElement\":[{\"@type\":\"ListItem\",\"position\":1,\"name\":\"Home\",\"item\":\"https:\/\/oliviagreencamping.com\/sl\/\"},{\"@type\":\"ListItem\",\"position\":2,\"name\":\"Glamping Lodge\"}]},{\"@type\":\"WebSite\",\"@id\":\"https:\/\/oliviagreencamping.com\/sl\/#website\",\"url\":\"https:\/\/oliviagreencamping.com\/sl\/\",\"name\":\"Olivia Green Camping\",\"description\":\"Luxury Camping in Croatia\",\"publisher\":{\"@id\":\"https:\/\/oliviagreencamping.com\/sl\/#organization\"},\"potentialAction\":[{\"@type\":\"SearchAction\",\"target\":{\"@type\":\"EntryPoint\",\"urlTemplate\":\"https:\/\/oliviagreencamping.com\/sl\/?s={search_term_string}\"},\"query-input\":\"required name=search_term_string\"}],\"inLanguage\":\"sl-SI\"},{\"@type\":\"Organization\",\"@id\":\"https:\/\/oliviagreencamping.com\/sl\/#organization\",\"name\":\"Zelena Luka d.o.o.\",\"url\":\"https:\/\/oliviagreencamping.com\/sl\/\",\"logo\":{\"@type\":\"ImageObject\",\"inLanguage\":\"sl-SI\",\"@id\":\"https:\/\/oliviagreencamping.com\/sl\/#\/schema\/logo\/image\/\",\"url\":\"https:\/\/oliviagreencamping.com\/wp-content\/uploads\/2019\/08\/olivia_logo-07.png\",\"contentUrl\":\"https:\/\/oliviagreencamping.com\/wp-content\/uploads\/2019\/08\/olivia_logo-07.png\",\"width\":1318,\"height\":1125,\"caption\":\"Zelena Luka d.o.o.\"},\"image\":{\"@id\":\"https:\/\/oliviagreencamping.com\/sl\/#\/schema\/logo\/image\/\"},\"sameAs\":[\"https:\/\/www.facebook.com\/OliviaGreenCamping\/\",\"https:\/\/www.instagram.com\/oliviagreencamping\/\"]}]}<\/script>\n<!-- \/ Yoast SEO plugin. -->","yoast_head_json":{"title":"Glamping Lodge &ndash; Olivia Green Camping","description":"Olivia Green Camping Resort, Tisno, Dalmatia - Eco-friendly accommodation, mobile villas","robots":{"index":"index","follow":"follow","max-snippet":"max-snippet:-1","max-image-preview":"max-image-preview:large","max-video-preview":"max-video-preview:-1"},"canonical":"https:\/\/oliviagreencamping.com\/sl\/glamping\/","og_locale":"sl_SI","og_type":"article","og_title":"Glamping Lodge &ndash; Olivia Green Camping","og_description":"Olivia Green Camping Resort, Tisno, Dalmatia - Eco-friendly accommodation, mobile villas","og_url":"https:\/\/oliviagreencamping.com\/sl\/glamping\/","og_site_name":"Olivia Green Camping","article_publisher":"https:\/\/www.facebook.com\/OliviaGreenCamping\/","article_modified_time":"2025-01-27T13:07:09+00:00","twitter_card":"summary_large_image","twitter_misc":{"Est. reading time":"1 minuta"},"schema":{"@context":"https:\/\/schema.org","@graph":[{"@type":"WebPage","@id":"https:\/\/oliviagreencamping.com\/sl\/glamping\/","url":"https:\/\/oliviagreencamping.com\/sl\/glamping\/","name":"Glamping Lodge &ndash; Olivia Green Camping","isPartOf":{"@id":"https:\/\/oliviagreencamping.com\/sl\/#website"},"datePublished":"2022-04-14T08:16:15+00:00","dateModified":"2025-01-27T13:07:09+00:00","description":"Olivia Green Camping Resort, Tisno, Dalmatia - Eco-friendly accommodation, mobile villas","breadcrumb":{"@id":"https:\/\/oliviagreencamping.com\/sl\/glamping\/#breadcrumb"},"inLanguage":"sl-SI","potentialAction":[{"@type":"ReadAction","target":["https:\/\/oliviagreencamping.com\/sl\/glamping\/"]}]},{"@type":"BreadcrumbList","@id":"https:\/\/oliviagreencamping.com\/sl\/glamping\/#breadcrumb","itemListElement":[{"@type":"ListItem","position":1,"name":"Home","item":"https:\/\/oliviagreencamping.com\/sl\/"},{"@type":"ListItem","position":2,"name":"Glamping Lodge"}]},{"@type":"WebSite","@id":"https:\/\/oliviagreencamping.com\/sl\/#website","url":"https:\/\/oliviagreencamping.com\/sl\/","name":"Olivia Green Camping","description":"Luxury Camping in Croatia","publisher":{"@id":"https:\/\/oliviagreencamping.com\/sl\/#organization"},"potentialAction":[{"@type":"SearchAction","target":{"@type":"EntryPoint","urlTemplate":"https:\/\/oliviagreencamping.com\/sl\/?s={search_term_string}"},"query-input":"required name=search_term_string"}],"inLanguage":"sl-SI"},{"@type":"Organization","@id":"https:\/\/oliviagreencamping.com\/sl\/#organization","name":"Zelena Luka d.o.o.","url":"https:\/\/oliviagreencamping.com\/sl\/","logo":{"@type":"ImageObject","inLanguage":"sl-SI","@id":"https:\/\/oliviagreencamping.com\/sl\/#\/schema\/logo\/image\/","url":"https:\/\/oliviagreencamping.com\/wp-content\/uploads\/2019\/08\/olivia_logo-07.png","contentUrl":"https:\/\/oliviagreencamping.com\/wp-content\/uploads\/2019\/08\/olivia_logo-07.png","width":1318,"height":1125,"caption":"Zelena Luka d.o.o."},"image":{"@id":"https:\/\/oliviagreencamping.com\/sl\/#\/schema\/logo\/image\/"},"sameAs":["https:\/\/www.facebook.com\/OliviaGreenCamping\/","https:\/\/www.instagram.com\/oliviagreencamping\/"]}]}},"_links":{"self":[{"href":"https:\/\/oliviagreencamping.com\/sl\/wp-json\/wp\/v2\/pages\/13019"}],"collection":[{"href":"https:\/\/oliviagreencamping.com\/sl\/wp-json\/wp\/v2\/pages"}],"about":[{"href":"https:\/\/oliviagreencamping.com\/sl\/wp-json\/wp\/v2\/types\/page"}],"author":[{"embeddable":true,"href":"https:\/\/oliviagreencamping.com\/sl\/wp-json\/wp\/v2\/users\/3"}],"replies":[{"embeddable":true,"href":"https:\/\/oliviagreencamping.com\/sl\/wp-json\/wp\/v2\/comments?post=13019"}],"version-history":[{"count":3,"href":"https:\/\/oliviagreencamping.com\/sl\/wp-json\/wp\/v2\/pages\/13019\/revisions"}],"predecessor-version":[{"id":18469,"href":"https:\/\/oliviagreencamping.com\/sl\/wp-json\/wp\/v2\/pages\/13019\/revisions\/18469"}],"wp:attachment":[{"href":"https:\/\/oliviagreencamping.com\/sl\/wp-json\/wp\/v2\/media?parent=13019"}],"curies":[{"name":"wp","href":"https:\/\/api.w.org\/{rel}","templated":true}]}}