{"id":13428,"date":"2022-06-10T10:14:25","date_gmt":"2022-06-10T10:14:25","guid":{"rendered":"https:\/\/oliviagreencamping.com\/animacija\/"},"modified":"2024-05-28T07:08:52","modified_gmt":"2024-05-28T07:08:52","slug":"pool-bar","status":"publish","type":"page","link":"https:\/\/oliviagreencamping.com\/sl\/pool-bar\/","title":{"rendered":"Pool Bar"},"content":{"rendered":"<section class=\"wpb-content-wrapper\"><p>[vc_row content_placement=&#8221;top&#8221; css=&#8221;.vc_custom_1577985789974{padding-top: 20px !important;padding-bottom: 40px !important;}&#8221; responsive_css=&#8221;padding_top_medium:40px&#8221;][vc_column enable_content_animation=&#8221;yes&#8221; ca_init_scale_x=&#8221;1&#8243; ca_init_scale_y=&#8221;1&#8243; ca_init_scale_z=&#8221;1&#8243; ca_init_opacity=&#8221;0&#8243; ca_an_scale_x=&#8221;1&#8243; ca_an_scale_y=&#8221;1&#8243; ca_an_scale_z=&#8221;1&#8243; ca_an_opacity=&#8221;1&#8243; offset=&#8221;vc_col-md-6&#8243; ca_duration=&#8221;1200&#8243; ca_init_translate_x=&#8221;0&#8243; ca_init_rotate_z=&#8221;1&#8243; ca_init_translate_y=&#8221;45&#8243;]<style>.ld_fancy_heading_69ee4a53bbedd .lqd-highlight-inner{height:0.275em;bottom:0px;}<\/style><div class=\"ld-fancy-heading ld_fancy_heading_69ee4a53bbedd\">\n\t<h2 class=\"lqd-highlight-underline lqd-highlight-grow-left\" ><span class=\"ld-fh-txt\"> Sprostite se &amp; u\u017eivajte<\/span><\/h2><\/div>[vc_empty_space height=&#8221;24px&#8221;][vc_column_text]<span style=\"font-weight: 400;\">Na\u0161 bar ob bazenu je \u010dez dan najbolj spro\u0161\u010dujo\u010d del kampa. S koktajlom v eni roki in knjigo v drugi lahko preprosto le\u017eite na le\u017ealniku ob vodi in vpijete sonce.<\/span><\/p>\n<p><span style=\"font-weight: 400;\">Ne hitite nazaj na svojo parcelo ali v vilo, ko za\u010dne sonce zahajati. Eden najbolj \u010darobnih trenutkov dneva je ve\u010derni pogled in son\u010dni zahod &#8211; vse skupaj vpijte ob pija\u010di na zgornji terasi na\u0161ega lounge bara, ki se nahaja na vrhu na\u0161e restavracije Olivia na pla\u017ei.<\/span>[\/vc_column_text][vc_empty_space]<a href=\"https:\/\/tourmkr.com\/F1yK1F4x1E\/38226715p&#038;194.93h&#038;88.92t\" target=\"_blank\" class=\"btn btn-solid btn-lg btn-bordered border-thin ld_button_69ee4a53bc6e3\">\n\t<span>\n\t\t\n\t\t\t\t\t<span class=\"btn-txt\">Virtualni ogled<\/span>\n\t\t\t\n\t\t\t\t<\/span>\n<\/a>\n[vc_empty_space][\/vc_column][vc_column offset=&#8221;vc_col-md-6&#8243;][vc_gallery type=&#8221;flexslider_slide&#8221; interval=&#8221;10&#8243; images=&#8221;13575,13525,13530,13535,13540,13545,13550,13555,13560,13565,13570,13580,13585&#8243; img_size=&#8221;full&#8221;]<style>.ld_spacer_69ee4a53bfe56{height:32px;}<\/style>\n<div class=\"ld-empty-space ld_spacer_69ee4a53bfe56\"><span class=\"liquid_empty_space_inner\"><\/span><\/div>[\/vc_column][\/vc_row][vc_column]<header class=\"fancy-title text-center ld_section_title_69ee4a53c0134\">\n\t<h2>Na\u0161e dejavnosti<\/h2>\t\t<\/header>[\/vc_column][vc_row css=&#8221;.vc_custom_1715946512754{margin-bottom: 40px !important;}&#8221;][vc_column width=&#8221;1\/4&#8243;][vc_hoverbox image=&#8221;16929&#8243; primary_title=&#8221;Pool Bar&#8221; primary_title_font_container=&#8221;font_size:30|color:%23ffffff&#8221; hover_title=&#8221;Pool Bar&#8221; hover_title_font_container=&#8221;font_size:30|color:%23f7f7f7&#8243; hover_background_color=&#8221;custom&#8221; hover_btn_title=&#8221;Preberi ve\u010d&#8221; hover_btn_color=&#8221;white&#8221; use_custom_fonts_primary_title=&#8221;true&#8221; use_custom_fonts_hover_title=&#8221;true&#8221; hover_add_button=&#8221;true&#8221; hover_custom_background=&#8221;#69806a&#8221; primary_title_link=&#8221;url:https%3A%2F%2Foliviagreencamping.com%2Fsl%2Fpool-bar%2F&#8221; hover_title_link=&#8221;url:https%3A%2F%2Foliviagreencamping.com%2Fsl%2Fpool-bar%2F&#8221; hover_btn_link=&#8221;url:https%3A%2F%2Foliviagreencamping.com%2Fsl%2Fpool-bar%2F&#8221;][\/vc_hoverbox][\/vc_column][vc_column width=&#8221;1\/4&#8243;][vc_hoverbox image=&#8221;16919&#8243; primary_title=&#8221;Izleti in aktivnosti&#8221; primary_title_font_container=&#8221;font_size:30|color:%23ffffff&#8221; hover_title=&#8221;Izleti in aktivnosti&#8221; hover_title_font_container=&#8221;font_size:30|color:%23f7f7f7&#8243; hover_background_color=&#8221;custom&#8221; hover_btn_title=&#8221;Preberi ve\u010d&#8221; hover_btn_color=&#8221;white&#8221; use_custom_fonts_primary_title=&#8221;true&#8221; use_custom_fonts_hover_title=&#8221;true&#8221; hover_add_button=&#8221;true&#8221; hover_custom_background=&#8221;#69806a&#8221; primary_title_link=&#8221;url:https%3A%2F%2Foliviagreencamping.com%2Fsl%2Fizleti-in-aktivnosti%2F&#8221; hover_title_link=&#8221;url:https%3A%2F%2Foliviagreencamping.com%2Fsl%2Fizleti-in-aktivnosti%2F&#8221; hover_btn_link=&#8221;url:https%3A%2F%2Foliviagreencamping.com%2Fsl%2Fizleti-in-aktivnosti%2F&#8221;][\/vc_hoverbox][\/vc_column][vc_column width=&#8221;1\/4&#8243;][vc_hoverbox image=&#8221;17586&#8243; primary_title=&#8221;Animacija&#8221; primary_title_font_container=&#8221;font_size:30|color:%23ffffff&#8221; hover_title=&#8221;Animacija&#8221; hover_title_font_container=&#8221;font_size:30|color:%23f7f7f7&#8243; hover_background_color=&#8221;custom&#8221; hover_btn_title=&#8221;Preberi ve\u010d&#8221; hover_btn_color=&#8221;white&#8221; use_custom_fonts_primary_title=&#8221;true&#8221; use_custom_fonts_hover_title=&#8221;true&#8221; hover_add_button=&#8221;true&#8221; hover_custom_background=&#8221;#69806a&#8221; primary_title_link=&#8221;url:https%3A%2F%2Foliviagreencamping.com%2Fsl%2Fanimacija%2F&#8221; hover_title_link=&#8221;url:https%3A%2F%2Foliviagreencamping.com%2Fsl%2Fanimacija%2F&#8221; hover_btn_link=&#8221;url:https%3A%2F%2Foliviagreencamping.com%2Fsl%2Fanimacija%2F&#8221;][\/vc_hoverbox][\/vc_column][vc_column width=&#8221;1\/4&#8243;][vc_hoverbox image=&#8221;17592&#8243; primary_title=&#8221;Pla\u017ee&#8221; primary_title_font_container=&#8221;font_size:30|color:%23ffffff&#8221; hover_title=&#8221;Pla\u017ee&#8221; hover_title_font_container=&#8221;font_size:30|color:%23f7f7f7&#8243; hover_background_color=&#8221;custom&#8221; hover_btn_title=&#8221;Preberi ve\u010d&#8221; hover_btn_color=&#8221;white&#8221; use_custom_fonts_primary_title=&#8221;true&#8221; use_custom_fonts_hover_title=&#8221;true&#8221; hover_add_button=&#8221;true&#8221; hover_custom_background=&#8221;#69806a&#8221; primary_title_link=&#8221;url:https%3A%2F%2Foliviagreencamping.com%2Fhr%2Fplaze%2F&#8221; hover_title_link=&#8221;url:https%3A%2F%2Foliviagreencamping.com%2Fhr%2Fplaze%2F&#8221; hover_btn_link=&#8221;url:https%3A%2F%2Foliviagreencamping.com%2Fhr%2Fplaze%2F&#8221;][\/vc_hoverbox][\/vc_column][\/vc_row][vc_row css=&#8221;.vc_custom_1715946512754{margin-bottom: 40px !important;}&#8221;][vc_column width=&#8221;1\/4&#8243;][vc_hoverbox image=&#8221;16909&#8243; primary_title=&#8221;Naravne znamenitosti&#8221; primary_title_font_container=&#8221;font_size:30|color:%23ffffff&#8221; hover_title=&#8221;Naravne znamenitosti&#8221; hover_title_font_container=&#8221;font_size:30|color:%23f7f7f7&#8243; hover_background_color=&#8221;custom&#8221; hover_btn_title=&#8221;Preberi ve\u010d&#8221; hover_btn_color=&#8221;white&#8221; use_custom_fonts_primary_title=&#8221;true&#8221; use_custom_fonts_hover_title=&#8221;true&#8221; hover_add_button=&#8221;true&#8221; hover_custom_background=&#8221;#69806a&#8221; primary_title_link=&#8221;url:https%3A%2F%2Foliviagreencamping.com%2Fsl%2Fnaravne-znamenitosti%2F&#8221; hover_title_link=&#8221;url:https%3A%2F%2Foliviagreencamping.com%2Fsl%2Fnaravne-znamenitosti%2F&#8221; hover_btn_link=&#8221;url:https%3A%2F%2Foliviagreencamping.com%2Fsl%2Fnaravne-znamenitosti%2F&#8221;][\/vc_hoverbox][\/vc_column][vc_column width=&#8221;1\/4&#8243;][vc_hoverbox image=&#8221;16914&#8243; primary_title=&#8221;Bli\u017enja mesta&#8221; primary_title_font_container=&#8221;font_size:30|color:%23ffffff&#8221; hover_title=&#8221;Bli\u017enja mesta&#8221; hover_title_font_container=&#8221;font_size:30|color:%23f7f7f7&#8243; hover_background_color=&#8221;custom&#8221; hover_btn_title=&#8221;Preberi ve\u010d&#8221; hover_btn_color=&#8221;white&#8221; use_custom_fonts_primary_title=&#8221;true&#8221; use_custom_fonts_hover_title=&#8221;true&#8221; hover_add_button=&#8221;true&#8221; hover_custom_background=&#8221;#69806a&#8221; primary_title_link=&#8221;url:https%3A%2F%2Foliviagreencamping.com%2Fsl%2Fbliznja-mesta%2F&#8221; hover_title_link=&#8221;url:https%3A%2F%2Foliviagreencamping.com%2Fsl%2Fbliznja-mesta%2F&#8221; hover_btn_link=&#8221;url:https%3A%2F%2Foliviagreencamping.com%2Fsl%2Fbliznja-mesta%2F&#8221;][\/vc_hoverbox][\/vc_column][vc_column width=&#8221;1\/4&#8243;][vc_hoverbox image=&#8221;17597&#8243; primary_title=&#8221;Glasbeni festivali&#8221; primary_title_font_container=&#8221;font_size:30|color:%23ffffff&#8221; hover_title=&#8221;Glasbeni festivali&#8221; hover_title_font_container=&#8221;font_size:30|color:%23f7f7f7&#8243; hover_background_color=&#8221;custom&#8221; hover_btn_title=&#8221;Preberi ve\u010d&#8221; hover_btn_color=&#8221;white&#8221; use_custom_fonts_primary_title=&#8221;true&#8221; use_custom_fonts_hover_title=&#8221;true&#8221; hover_add_button=&#8221;true&#8221; hover_custom_background=&#8221;#69806a&#8221; primary_title_link=&#8221;url:https%3A%2F%2Foliviagreencamping.com%2Fsl%2Fglasbeni-festivali%2F&#8221; hover_title_link=&#8221;url:https%3A%2F%2Foliviagreencamping.com%2Fsl%2Fglasbeni-festivali%2F&#8221; hover_btn_link=&#8221;url:https%3A%2F%2Foliviagreencamping.com%2Fsl%2Fglasbeni-festivali%2F&#8221;][\/vc_hoverbox][\/vc_column][vc_column width=&#8221;1\/4&#8243;][\/vc_column][\/vc_row]<\/p>\n<\/section>","protected":false},"excerpt":{"rendered":"<p>[vc_row content_placement=&#8221;top&#8221; css=&#8221;.vc_custom_1577985789974{padding-top: 20px !important;padding-bottom: 40px !important;}&#8221; responsive_css=&#8221;padding_top_medium:40px&#8221;][vc_column enable_content_animation=&#8221;yes&#8221; ca_init_scale_x=&#8221;1&#8243; ca_init_scale_y=&#8221;1&#8243; ca_init_scale_z=&#8221;1&#8243; ca_init_opacity=&#8221;0&#8243; ca_an_scale_x=&#8221;1&#8243; ca_an_scale_y=&#8221;1&#8243;&#8230;<\/p>\n","protected":false},"author":3,"featured_media":13451,"parent":0,"menu_order":0,"comment_status":"closed","ping_status":"closed","template":"","meta":[],"yoast_head":"<!-- This site is optimized with the Yoast SEO plugin v20.3 - https:\/\/yoast.com\/wordpress\/plugins\/seo\/ -->\n<title>Pool Bar &ndash; Olivia Green Camping<\/title>\n<meta name=\"description\" content=\"Na\u0161 bar ob bazenu je \u010dez dan najbolj spro\u0161\u010dujo\u010d del kampa.\" \/>\n<meta name=\"robots\" content=\"index, follow, max-snippet:-1, max-image-preview:large, max-video-preview:-1\" \/>\n<link rel=\"canonical\" href=\"https:\/\/oliviagreencamping.com\/sl\/pool-bar\/\" \/>\n<meta property=\"og:locale\" content=\"sl_SI\" \/>\n<meta property=\"og:type\" content=\"article\" \/>\n<meta property=\"og:title\" content=\"Pool Bar &ndash; Olivia Green Camping\" \/>\n<meta property=\"og:description\" content=\"Na\u0161 bar ob bazenu je \u010dez dan najbolj spro\u0161\u010dujo\u010d del kampa.\" \/>\n<meta property=\"og:url\" content=\"https:\/\/oliviagreencamping.com\/sl\/pool-bar\/\" \/>\n<meta property=\"og:site_name\" content=\"Olivia Green Camping\" \/>\n<meta property=\"article:publisher\" content=\"https:\/\/www.facebook.com\/OliviaGreenCamping\/\" \/>\n<meta property=\"article:modified_time\" content=\"2024-05-28T07:08:52+00:00\" \/>\n<meta property=\"og:image\" content=\"https:\/\/oliviagreencamping.com\/wp-content\/uploads\/2022\/06\/Pool-bar.jpg\" \/>\n\t<meta property=\"og:image:width\" content=\"1000\" \/>\n\t<meta property=\"og:image:height\" content=\"694\" \/>\n\t<meta property=\"og:image:type\" content=\"image\/jpeg\" \/>\n<meta name=\"twitter:card\" content=\"summary_large_image\" \/>\n<meta name=\"twitter:label1\" content=\"Est. reading time\" \/>\n\t<meta name=\"twitter:data1\" content=\"2 minuti\" \/>\n<script type=\"application\/ld+json\" class=\"yoast-schema-graph\">{\"@context\":\"https:\/\/schema.org\",\"@graph\":[{\"@type\":\"WebPage\",\"@id\":\"https:\/\/oliviagreencamping.com\/sl\/pool-bar\/\",\"url\":\"https:\/\/oliviagreencamping.com\/sl\/pool-bar\/\",\"name\":\"Pool Bar &ndash; Olivia Green Camping\",\"isPartOf\":{\"@id\":\"https:\/\/oliviagreencamping.com\/sl\/#website\"},\"datePublished\":\"2022-06-10T10:14:25+00:00\",\"dateModified\":\"2024-05-28T07:08:52+00:00\",\"description\":\"Na\u0161 bar ob bazenu je \u010dez dan najbolj spro\u0161\u010dujo\u010d del kampa.\",\"breadcrumb\":{\"@id\":\"https:\/\/oliviagreencamping.com\/sl\/pool-bar\/#breadcrumb\"},\"inLanguage\":\"sl-SI\",\"potentialAction\":[{\"@type\":\"ReadAction\",\"target\":[\"https:\/\/oliviagreencamping.com\/sl\/pool-bar\/\"]}]},{\"@type\":\"BreadcrumbList\",\"@id\":\"https:\/\/oliviagreencamping.com\/sl\/pool-bar\/#breadcrumb\",\"itemListElement\":[{\"@type\":\"ListItem\",\"position\":1,\"name\":\"Home\",\"item\":\"https:\/\/oliviagreencamping.com\/sl\/\"},{\"@type\":\"ListItem\",\"position\":2,\"name\":\"Pool Bar\"}]},{\"@type\":\"WebSite\",\"@id\":\"https:\/\/oliviagreencamping.com\/sl\/#website\",\"url\":\"https:\/\/oliviagreencamping.com\/sl\/\",\"name\":\"Olivia Green Camping\",\"description\":\"Luxury Camping in Croatia\",\"publisher\":{\"@id\":\"https:\/\/oliviagreencamping.com\/sl\/#organization\"},\"potentialAction\":[{\"@type\":\"SearchAction\",\"target\":{\"@type\":\"EntryPoint\",\"urlTemplate\":\"https:\/\/oliviagreencamping.com\/sl\/?s={search_term_string}\"},\"query-input\":\"required name=search_term_string\"}],\"inLanguage\":\"sl-SI\"},{\"@type\":\"Organization\",\"@id\":\"https:\/\/oliviagreencamping.com\/sl\/#organization\",\"name\":\"Zelena Luka d.o.o.\",\"url\":\"https:\/\/oliviagreencamping.com\/sl\/\",\"logo\":{\"@type\":\"ImageObject\",\"inLanguage\":\"sl-SI\",\"@id\":\"https:\/\/oliviagreencamping.com\/sl\/#\/schema\/logo\/image\/\",\"url\":\"https:\/\/oliviagreencamping.com\/wp-content\/uploads\/2019\/08\/olivia_logo-07.png\",\"contentUrl\":\"https:\/\/oliviagreencamping.com\/wp-content\/uploads\/2019\/08\/olivia_logo-07.png\",\"width\":1318,\"height\":1125,\"caption\":\"Zelena Luka d.o.o.\"},\"image\":{\"@id\":\"https:\/\/oliviagreencamping.com\/sl\/#\/schema\/logo\/image\/\"},\"sameAs\":[\"https:\/\/www.facebook.com\/OliviaGreenCamping\/\",\"https:\/\/www.instagram.com\/oliviagreencamping\/\"]}]}<\/script>\n<!-- \/ Yoast SEO plugin. -->","yoast_head_json":{"title":"Pool Bar &ndash; Olivia Green Camping","description":"Na\u0161 bar ob bazenu je \u010dez dan najbolj spro\u0161\u010dujo\u010d del kampa.","robots":{"index":"index","follow":"follow","max-snippet":"max-snippet:-1","max-image-preview":"max-image-preview:large","max-video-preview":"max-video-preview:-1"},"canonical":"https:\/\/oliviagreencamping.com\/sl\/pool-bar\/","og_locale":"sl_SI","og_type":"article","og_title":"Pool Bar &ndash; Olivia Green Camping","og_description":"Na\u0161 bar ob bazenu je \u010dez dan najbolj spro\u0161\u010dujo\u010d del kampa.","og_url":"https:\/\/oliviagreencamping.com\/sl\/pool-bar\/","og_site_name":"Olivia Green Camping","article_publisher":"https:\/\/www.facebook.com\/OliviaGreenCamping\/","article_modified_time":"2024-05-28T07:08:52+00:00","og_image":[{"width":1000,"height":694,"url":"https:\/\/oliviagreencamping.com\/wp-content\/uploads\/2022\/06\/Pool-bar.jpg","type":"image\/jpeg"}],"twitter_card":"summary_large_image","twitter_misc":{"Est. reading time":"2 minuti"},"schema":{"@context":"https:\/\/schema.org","@graph":[{"@type":"WebPage","@id":"https:\/\/oliviagreencamping.com\/sl\/pool-bar\/","url":"https:\/\/oliviagreencamping.com\/sl\/pool-bar\/","name":"Pool Bar &ndash; Olivia Green Camping","isPartOf":{"@id":"https:\/\/oliviagreencamping.com\/sl\/#website"},"datePublished":"2022-06-10T10:14:25+00:00","dateModified":"2024-05-28T07:08:52+00:00","description":"Na\u0161 bar ob bazenu je \u010dez dan najbolj spro\u0161\u010dujo\u010d del kampa.","breadcrumb":{"@id":"https:\/\/oliviagreencamping.com\/sl\/pool-bar\/#breadcrumb"},"inLanguage":"sl-SI","potentialAction":[{"@type":"ReadAction","target":["https:\/\/oliviagreencamping.com\/sl\/pool-bar\/"]}]},{"@type":"BreadcrumbList","@id":"https:\/\/oliviagreencamping.com\/sl\/pool-bar\/#breadcrumb","itemListElement":[{"@type":"ListItem","position":1,"name":"Home","item":"https:\/\/oliviagreencamping.com\/sl\/"},{"@type":"ListItem","position":2,"name":"Pool Bar"}]},{"@type":"WebSite","@id":"https:\/\/oliviagreencamping.com\/sl\/#website","url":"https:\/\/oliviagreencamping.com\/sl\/","name":"Olivia Green Camping","description":"Luxury Camping in Croatia","publisher":{"@id":"https:\/\/oliviagreencamping.com\/sl\/#organization"},"potentialAction":[{"@type":"SearchAction","target":{"@type":"EntryPoint","urlTemplate":"https:\/\/oliviagreencamping.com\/sl\/?s={search_term_string}"},"query-input":"required name=search_term_string"}],"inLanguage":"sl-SI"},{"@type":"Organization","@id":"https:\/\/oliviagreencamping.com\/sl\/#organization","name":"Zelena Luka d.o.o.","url":"https:\/\/oliviagreencamping.com\/sl\/","logo":{"@type":"ImageObject","inLanguage":"sl-SI","@id":"https:\/\/oliviagreencamping.com\/sl\/#\/schema\/logo\/image\/","url":"https:\/\/oliviagreencamping.com\/wp-content\/uploads\/2019\/08\/olivia_logo-07.png","contentUrl":"https:\/\/oliviagreencamping.com\/wp-content\/uploads\/2019\/08\/olivia_logo-07.png","width":1318,"height":1125,"caption":"Zelena Luka d.o.o."},"image":{"@id":"https:\/\/oliviagreencamping.com\/sl\/#\/schema\/logo\/image\/"},"sameAs":["https:\/\/www.facebook.com\/OliviaGreenCamping\/","https:\/\/www.instagram.com\/oliviagreencamping\/"]}]}},"_links":{"self":[{"href":"https:\/\/oliviagreencamping.com\/sl\/wp-json\/wp\/v2\/pages\/13428"}],"collection":[{"href":"https:\/\/oliviagreencamping.com\/sl\/wp-json\/wp\/v2\/pages"}],"about":[{"href":"https:\/\/oliviagreencamping.com\/sl\/wp-json\/wp\/v2\/types\/page"}],"author":[{"embeddable":true,"href":"https:\/\/oliviagreencamping.com\/sl\/wp-json\/wp\/v2\/users\/3"}],"replies":[{"embeddable":true,"href":"https:\/\/oliviagreencamping.com\/sl\/wp-json\/wp\/v2\/comments?post=13428"}],"version-history":[{"count":3,"href":"https:\/\/oliviagreencamping.com\/sl\/wp-json\/wp\/v2\/pages\/13428\/revisions"}],"predecessor-version":[{"id":17693,"href":"https:\/\/oliviagreencamping.com\/sl\/wp-json\/wp\/v2\/pages\/13428\/revisions\/17693"}],"wp:featuredmedia":[{"embeddable":true,"href":"https:\/\/oliviagreencamping.com\/sl\/wp-json\/wp\/v2\/media\/13451"}],"wp:attachment":[{"href":"https:\/\/oliviagreencamping.com\/sl\/wp-json\/wp\/v2\/media?parent=13428"}],"curies":[{"name":"wp","href":"https:\/\/api.w.org\/{rel}","templated":true}]}}