{"id":18235,"date":"2024-08-01T07:40:56","date_gmt":"2024-08-01T07:40:56","guid":{"rendered":"https:\/\/oliviagreencamping.com\/special-offers\/"},"modified":"2024-08-30T16:07:50","modified_gmt":"2024-08-30T16:07:50","slug":"posebne-ponudbe","status":"publish","type":"page","link":"https:\/\/oliviagreencamping.com\/sl\/posebne-ponudbe\/","title":{"rendered":"Posebne ponudbe"},"content":{"rendered":"<section class=\"wpb-content-wrapper\"><p>[vc_row][vc_column][vc_empty_space height=&#8221;30px&#8221;][vc_custom_heading text=&#8221;Poi\u0161\u010dite popolno ponudbo za va\u0161 naslednji dopust&#8221; font_container=&#8221;tag:h2|text_align:center&#8221;][vc_column_text]<\/p>\n<div class=\"wpb_text_column wpb_content_element vc_custom_1722409376273\">\n<div class=\"wpb_wrapper\">\n<div class=\"wpb_text_column wpb_content_element vc_custom_1722412437694\">\n<div class=\"wpb_wrapper\">\n<p style=\"text-align: center;\"><strong>Rezervirajte neposredno na na\u0161i spletni strani in izkusite dodatne ugodnosti z garancijo najbolj\u0161e cene!<\/strong><\/p>\n<\/div>\n<\/div>\n<\/div>\n<\/div>\n<p>[\/vc_column_text][vc_empty_space height=&#8221;50px&#8221;][\/vc_column][\/vc_row][vc_row gap=&#8221;0&#8243; el_class=&#8221;offers_row&#8221;][vc_column][vc_row_inner][vc_column_inner width=&#8221;1\/2&#8243;][vc_single_image image=&#8221;17984&#8243; img_size=&#8221;large&#8221;][\/vc_column_inner][vc_column_inner width=&#8221;1\/2&#8243;][vc_custom_heading text=&#8221;Poletna Ponudba&#8221; font_container=&#8221;tag:h3|text_align:left&#8221;][vc_column_text]<\/p>\n<div class=\"wpb_text_column wpb_content_element vc_custom_1722409376273\">\n<div class=\"wpb_wrapper\">\n<div class=\"wpb_text_column wpb_content_element vc_custom_1722412437694\">\n<div class=\"wpb_wrapper\">\n<p>Ne zamudite prilo\u017enosti, da u\u017eivate v naslednjem dopustu po najbolj\u0161i ceni!<\/p>\n<\/div>\n<\/div>\n<\/div>\n<\/div>\n<ul>\n<li aria-level=\"1\">10% popusta<\/li>\n<li aria-level=\"1\">Vse vrste vil in glamping lodge vklju\u010dene<\/li>\n<li aria-level=\"1\">Animacijski program za otroke in odrasle<\/li>\n<li aria-level=\"1\">Rezervirajte zdaj in pla\u010dajte pozneje. Predpla\u010dilo ni potrebno<\/li>\n<\/ul>\n<p>Ta ponudba velja za rezervacije v celotnem obdobju od 5. julija do 14. oktobra 2024. , bivanje 2 no\u010di.<\/p>\n<p>Rezervirajte danes in \u010de se va\u0161i na\u010drti spremenijo, lahko \u0161e vedno brezpla\u010dno prekli\u010dete svojo rezervacijo do 14 dni pred prihodom! Povrnili vam bomo pla\u010dilo rezervacije.[\/vc_column_text][vc_empty_space height=&#8221;30px&#8221;]<a href=\"https:\/\/book.oliviagreencamping.com\/book.php?page=availability&#038;companyid=1112&#038;hotelid=6092&#038;checkin=2024-09-12&#038;checkout=2024-09-14&#038;ibelang=si&#038;ibecurrency=EUR&#038;crcid=e690d872294e08b2047c3b74df789b3c&#038;_gl=1%2Av593qu%2A_gcl_au%2AMTYzNzc2NDUyMC4xNzIyMjY1Njc4%2A_ga%2AMTE2NTc3NTUxOS4xNjczMzQ2MTIz%2A_ga_FZZJ0T67BN%2AMTcyNTAyOTQ1NC43MjcuMS4xNzI1MDMwMTcxLjUzLjAuMA..\" target=\"_blank\" class=\"btn btn-solid btn-bordered border-thin ld_button_69d0458bbc80f\">\n\t<span>\n\t\t\n\t\t\t\t\t<span class=\"btn-txt\">REZERVIRAJ ZDA<\/span>\n\t\t\t\n\t\t\t\t<\/span>\n<\/a>\n[\/vc_column_inner][\/vc_row_inner][\/vc_column][\/vc_row][vc_row gap=&#8221;0&#8243; el_class=&#8221;offers_row&#8221;][vc_column][vc_row_inner][vc_column_inner width=&#8221;1\/2&#8243;][vc_single_image image=&#8221;18282&#8243; img_size=&#8221;large&#8221;][\/vc_column_inner][vc_column_inner width=&#8221;1\/2&#8243;][vc_custom_heading text=&#8221;Last minute ponudbe&#8221; font_container=&#8221;tag:h3|text_align:left&#8221;][vc_column_text]<\/p>\n<div class=\"wpb_text_column wpb_content_element vc_custom_1722409376273\">\n<div class=\"wpb_wrapper\">\n<div class=\"wpb_text_column wpb_content_element vc_custom_1722412437694\">\n<div class=\"wpb_wrapper\">\n<p>Ste se odlo\u010dili, da nas obi\u0161\u010dete v zadnjem trenutku? Potem vas \u010daka posebna poslastica!<\/p>\n<\/div>\n<\/div>\n<\/div>\n<\/div>\n<p>Ne zamudite prilo\u017enosti, da u\u017eivate v naslednjem dopustu po najbolj\u0161i ceni!<\/p>\n<ul>\n<li aria-level=\"1\">Do 20% popusta<\/li>\n<li aria-level=\"1\">Vklju\u010dene so izbrane vrste vil in glamping lodge<\/li>\n<li aria-level=\"1\">Animacijski program za otroke in odrasle<\/li>\n<li aria-level=\"1\">Vra\u010dljiva 30% akontacija<\/li>\n<\/ul>\n<p>Ta ponudba velja za rezervacije bivanje 2 no\u010di.<\/p>\n<p>Rezervirajte danes in \u010de se va\u0161i na\u010drti spremenijo, lahko \u0161e vedno brezpla\u010dno prekli\u010dete svojo rezervacijo do 14 dni pred prihodom! Povrnili vam bomo pla\u010dilo rezervacije.[\/vc_column_text][vc_empty_space height=&#8221;30px&#8221;]<a href=\"https:\/\/book.oliviagreencamping.com\/book.php?page=availability&#038;companyid=1112&#038;hotelid=6092&#038;checkin=2024-09-12&#038;checkout=2024-09-14&#038;ibelang=si&#038;ibecurrency=EUR&#038;crcid=e690d872294e08b2047c3b74df789b3c&#038;_gl=1%2Av593qu%2A_gcl_au%2AMTYzNzc2NDUyMC4xNzIyMjY1Njc4%2A_ga%2AMTE2NTc3NTUxOS4xNjczMzQ2MTIz%2A_ga_FZZJ0T67BN%2AMTcyNTAyOTQ1NC43MjcuMS4xNzI1MDMwMTcxLjUzLjAuMA..\" target=\"_blank\" class=\"btn btn-solid btn-bordered border-thin ld_button_69d0458bbd7a5\">\n\t<span>\n\t\t\n\t\t\t\t\t<span class=\"btn-txt\">REZERVIRAJ ZDA<\/span>\n\t\t\t\n\t\t\t\t<\/span>\n<\/a>\n[\/vc_column_inner][\/vc_row_inner][\/vc_column][\/vc_row]<\/p>\n<\/section>","protected":false},"excerpt":{"rendered":"<p>[vc_row][vc_column][vc_empty_space height=&#8221;30px&#8221;][vc_custom_heading text=&#8221;Poi\u0161\u010dite popolno ponudbo za va\u0161 naslednji dopust&#8221; font_container=&#8221;tag:h2|text_align:center&#8221;][vc_column_text] Rezervirajte neposredno na na\u0161i spletni&#8230;<\/p>\n","protected":false},"author":7,"featured_media":0,"parent":0,"menu_order":0,"comment_status":"closed","ping_status":"closed","template":"","meta":[],"yoast_head":"<!-- This site is optimized with the Yoast SEO plugin v20.3 - https:\/\/yoast.com\/wordpress\/plugins\/seo\/ -->\n<title>Posebne ponudbe &ndash; Olivia Green Camping<\/title>\n<meta name=\"description\" content=\"Olivia Green Camping Resort, Tisno, Dalmatia - Eco-friendly accommodation, mobile villas\" \/>\n<meta name=\"robots\" content=\"index, follow, max-snippet:-1, max-image-preview:large, max-video-preview:-1\" \/>\n<link rel=\"canonical\" href=\"https:\/\/oliviagreencamping.com\/sl\/posebne-ponudbe\/\" \/>\n<meta property=\"og:locale\" content=\"sl_SI\" \/>\n<meta property=\"og:type\" content=\"article\" \/>\n<meta property=\"og:title\" content=\"Posebne ponudbe &ndash; Olivia Green Camping\" \/>\n<meta property=\"og:description\" content=\"Olivia Green Camping Resort, Tisno, Dalmatia - Eco-friendly accommodation, mobile villas\" \/>\n<meta property=\"og:url\" content=\"https:\/\/oliviagreencamping.com\/sl\/posebne-ponudbe\/\" \/>\n<meta property=\"og:site_name\" content=\"Olivia Green Camping\" \/>\n<meta property=\"article:publisher\" content=\"https:\/\/www.facebook.com\/OliviaGreenCamping\/\" \/>\n<meta property=\"article:modified_time\" content=\"2024-08-30T16:07:50+00:00\" \/>\n<meta name=\"twitter:card\" content=\"summary_large_image\" \/>\n<meta name=\"twitter:label1\" content=\"Est. reading time\" \/>\n\t<meta name=\"twitter:data1\" content=\"1 minuta\" \/>\n<script type=\"application\/ld+json\" class=\"yoast-schema-graph\">{\"@context\":\"https:\/\/schema.org\",\"@graph\":[{\"@type\":\"WebPage\",\"@id\":\"https:\/\/oliviagreencamping.com\/sl\/posebne-ponudbe\/\",\"url\":\"https:\/\/oliviagreencamping.com\/sl\/posebne-ponudbe\/\",\"name\":\"Posebne ponudbe &ndash; Olivia Green Camping\",\"isPartOf\":{\"@id\":\"https:\/\/oliviagreencamping.com\/sl\/#website\"},\"datePublished\":\"2024-08-01T07:40:56+00:00\",\"dateModified\":\"2024-08-30T16:07:50+00:00\",\"description\":\"Olivia Green Camping Resort, Tisno, Dalmatia - Eco-friendly accommodation, mobile villas\",\"breadcrumb\":{\"@id\":\"https:\/\/oliviagreencamping.com\/sl\/posebne-ponudbe\/#breadcrumb\"},\"inLanguage\":\"sl-SI\",\"potentialAction\":[{\"@type\":\"ReadAction\",\"target\":[\"https:\/\/oliviagreencamping.com\/sl\/posebne-ponudbe\/\"]}]},{\"@type\":\"BreadcrumbList\",\"@id\":\"https:\/\/oliviagreencamping.com\/sl\/posebne-ponudbe\/#breadcrumb\",\"itemListElement\":[{\"@type\":\"ListItem\",\"position\":1,\"name\":\"Home\",\"item\":\"https:\/\/oliviagreencamping.com\/sl\/\"},{\"@type\":\"ListItem\",\"position\":2,\"name\":\"Posebne ponudbe\"}]},{\"@type\":\"WebSite\",\"@id\":\"https:\/\/oliviagreencamping.com\/sl\/#website\",\"url\":\"https:\/\/oliviagreencamping.com\/sl\/\",\"name\":\"Olivia Green Camping\",\"description\":\"Luxury Camping in Croatia\",\"publisher\":{\"@id\":\"https:\/\/oliviagreencamping.com\/sl\/#organization\"},\"potentialAction\":[{\"@type\":\"SearchAction\",\"target\":{\"@type\":\"EntryPoint\",\"urlTemplate\":\"https:\/\/oliviagreencamping.com\/sl\/?s={search_term_string}\"},\"query-input\":\"required name=search_term_string\"}],\"inLanguage\":\"sl-SI\"},{\"@type\":\"Organization\",\"@id\":\"https:\/\/oliviagreencamping.com\/sl\/#organization\",\"name\":\"Zelena Luka d.o.o.\",\"url\":\"https:\/\/oliviagreencamping.com\/sl\/\",\"logo\":{\"@type\":\"ImageObject\",\"inLanguage\":\"sl-SI\",\"@id\":\"https:\/\/oliviagreencamping.com\/sl\/#\/schema\/logo\/image\/\",\"url\":\"https:\/\/oliviagreencamping.com\/wp-content\/uploads\/2019\/08\/olivia_logo-07.png\",\"contentUrl\":\"https:\/\/oliviagreencamping.com\/wp-content\/uploads\/2019\/08\/olivia_logo-07.png\",\"width\":1318,\"height\":1125,\"caption\":\"Zelena Luka d.o.o.\"},\"image\":{\"@id\":\"https:\/\/oliviagreencamping.com\/sl\/#\/schema\/logo\/image\/\"},\"sameAs\":[\"https:\/\/www.facebook.com\/OliviaGreenCamping\/\",\"https:\/\/www.instagram.com\/oliviagreencamping\/\"]}]}<\/script>\n<!-- \/ Yoast SEO plugin. -->","yoast_head_json":{"title":"Posebne ponudbe &ndash; Olivia Green Camping","description":"Olivia Green Camping Resort, Tisno, Dalmatia - Eco-friendly accommodation, mobile villas","robots":{"index":"index","follow":"follow","max-snippet":"max-snippet:-1","max-image-preview":"max-image-preview:large","max-video-preview":"max-video-preview:-1"},"canonical":"https:\/\/oliviagreencamping.com\/sl\/posebne-ponudbe\/","og_locale":"sl_SI","og_type":"article","og_title":"Posebne ponudbe &ndash; Olivia Green Camping","og_description":"Olivia Green Camping Resort, Tisno, Dalmatia - Eco-friendly accommodation, mobile villas","og_url":"https:\/\/oliviagreencamping.com\/sl\/posebne-ponudbe\/","og_site_name":"Olivia Green Camping","article_publisher":"https:\/\/www.facebook.com\/OliviaGreenCamping\/","article_modified_time":"2024-08-30T16:07:50+00:00","twitter_card":"summary_large_image","twitter_misc":{"Est. reading time":"1 minuta"},"schema":{"@context":"https:\/\/schema.org","@graph":[{"@type":"WebPage","@id":"https:\/\/oliviagreencamping.com\/sl\/posebne-ponudbe\/","url":"https:\/\/oliviagreencamping.com\/sl\/posebne-ponudbe\/","name":"Posebne ponudbe &ndash; Olivia Green Camping","isPartOf":{"@id":"https:\/\/oliviagreencamping.com\/sl\/#website"},"datePublished":"2024-08-01T07:40:56+00:00","dateModified":"2024-08-30T16:07:50+00:00","description":"Olivia Green Camping Resort, Tisno, Dalmatia - Eco-friendly accommodation, mobile villas","breadcrumb":{"@id":"https:\/\/oliviagreencamping.com\/sl\/posebne-ponudbe\/#breadcrumb"},"inLanguage":"sl-SI","potentialAction":[{"@type":"ReadAction","target":["https:\/\/oliviagreencamping.com\/sl\/posebne-ponudbe\/"]}]},{"@type":"BreadcrumbList","@id":"https:\/\/oliviagreencamping.com\/sl\/posebne-ponudbe\/#breadcrumb","itemListElement":[{"@type":"ListItem","position":1,"name":"Home","item":"https:\/\/oliviagreencamping.com\/sl\/"},{"@type":"ListItem","position":2,"name":"Posebne ponudbe"}]},{"@type":"WebSite","@id":"https:\/\/oliviagreencamping.com\/sl\/#website","url":"https:\/\/oliviagreencamping.com\/sl\/","name":"Olivia Green Camping","description":"Luxury Camping in Croatia","publisher":{"@id":"https:\/\/oliviagreencamping.com\/sl\/#organization"},"potentialAction":[{"@type":"SearchAction","target":{"@type":"EntryPoint","urlTemplate":"https:\/\/oliviagreencamping.com\/sl\/?s={search_term_string}"},"query-input":"required name=search_term_string"}],"inLanguage":"sl-SI"},{"@type":"Organization","@id":"https:\/\/oliviagreencamping.com\/sl\/#organization","name":"Zelena Luka d.o.o.","url":"https:\/\/oliviagreencamping.com\/sl\/","logo":{"@type":"ImageObject","inLanguage":"sl-SI","@id":"https:\/\/oliviagreencamping.com\/sl\/#\/schema\/logo\/image\/","url":"https:\/\/oliviagreencamping.com\/wp-content\/uploads\/2019\/08\/olivia_logo-07.png","contentUrl":"https:\/\/oliviagreencamping.com\/wp-content\/uploads\/2019\/08\/olivia_logo-07.png","width":1318,"height":1125,"caption":"Zelena Luka d.o.o."},"image":{"@id":"https:\/\/oliviagreencamping.com\/sl\/#\/schema\/logo\/image\/"},"sameAs":["https:\/\/www.facebook.com\/OliviaGreenCamping\/","https:\/\/www.instagram.com\/oliviagreencamping\/"]}]}},"_links":{"self":[{"href":"https:\/\/oliviagreencamping.com\/sl\/wp-json\/wp\/v2\/pages\/18235"}],"collection":[{"href":"https:\/\/oliviagreencamping.com\/sl\/wp-json\/wp\/v2\/pages"}],"about":[{"href":"https:\/\/oliviagreencamping.com\/sl\/wp-json\/wp\/v2\/types\/page"}],"author":[{"embeddable":true,"href":"https:\/\/oliviagreencamping.com\/sl\/wp-json\/wp\/v2\/users\/7"}],"replies":[{"embeddable":true,"href":"https:\/\/oliviagreencamping.com\/sl\/wp-json\/wp\/v2\/comments?post=18235"}],"version-history":[{"count":4,"href":"https:\/\/oliviagreencamping.com\/sl\/wp-json\/wp\/v2\/pages\/18235\/revisions"}],"predecessor-version":[{"id":18421,"href":"https:\/\/oliviagreencamping.com\/sl\/wp-json\/wp\/v2\/pages\/18235\/revisions\/18421"}],"wp:attachment":[{"href":"https:\/\/oliviagreencamping.com\/sl\/wp-json\/wp\/v2\/media?parent=18235"}],"curies":[{"name":"wp","href":"https:\/\/api.w.org\/{rel}","templated":true}]}}