{"id":8497,"date":"2021-05-12T08:38:56","date_gmt":"2021-05-12T08:38:56","guid":{"rendered":"https:\/\/oliviagreencamping.com\/vile-za-kampiranje\/"},"modified":"2024-05-15T10:12:47","modified_gmt":"2024-05-15T10:12:47","slug":"vile-za-kampiranje","status":"publish","type":"page","link":"https:\/\/oliviagreencamping.com\/sl\/vile-za-kampiranje\/","title":{"rendered":"Vile za kampiranje"},"content":{"rendered":"<section class=\"wpb-content-wrapper\"><p>[vc_row responsive_css=&#8221;margin_top_medium:&#8221; css=&#8221;.vc_custom_1679494891855{padding-top: 60px !important;padding-bottom: 5% !important;background-color: #f2efea !important;}&#8221;][vc_column][vc_basic_grid post_type=&#8221;accommodation&#8221; max_items=&#8221;12&#8243; element_width=&#8221;12&#8243; order=&#8221;ASC&#8221; item=&#8221;9383&#8243; grid_id=&#8221;vc_gid:1715767937012-0e1f04e7-e5ac-9&#8243; taxonomies=&#8221;18&#8243;][\/vc_column][\/vc_row][vc_row css=&#8221;.vc_custom_1580135847993{padding-top: 10% !important;padding-bottom: 10% !important;}&#8221;][vc_column width=&#8221;1\/2&#8243;]<style>.ld_fancy_heading_69e8c8e244b6c .lqd-highlight-inner{height:0.275em;bottom:0px;}<\/style><div class=\"ld-fancy-heading ld_fancy_heading_69e8c8e244b6c\">\n\t<p class=\"lqd-highlight-underline lqd-highlight-grow-left\" ><span class=\"ld-fh-txt\"> V ponudbi imamo 9 razli\u010dnih vrst vil za kampiranje. Ne glede na to, ali prihajate kot par, dru\u017eina ali skupina prijateljev, boste med bivanjem v na\u0161ih luksuznih in sodobno zasnovanih vilah za kampiranje dele\u017eni ravnanja na ravni 5 zvezdic. Vse vile so usmerjene proti morju, kar zagotavlja vsakdanje prebujanje s \u010dudovitim pogledom na morje. Vsaka vila ima veliko sen\u010dno teraso s pogledom na morje, kjer lahko dneve pre\u017eivite spro\u0161\u010deni ob kozarcu hrva\u0161kega vina, ki se pona\u0161a z zgodovino vse do starogr\u0161kih naseljencev. Nekatere vile imajo polzasebni bazen, ki ga delita dve vili. Mo\u017enost rezervacije zasebne uporabe bazena je na voljo z dopla\u010dilom.<\/span><\/p><\/div><style>.ld_fancy_heading_69e8c8e244f9a .lqd-highlight-inner{height:0.275em;bottom:0px;}<\/style><div class=\"ld-fancy-heading ld_fancy_heading_69e8c8e244f9a\">\n\t<p class=\"lqd-highlight-underline lqd-highlight-grow-left\" ><span class=\"ld-fh-txt\"> Na\u0161e vile imajo tudi certifikat Bio Green in so narejene iz naravnih materialov in materialov, ki jih je mogo\u010de reciklirati, kar zagotavlja \u010disto, elegantno in prijetno nastanitev. Okolju prijazna kompatibilnost vile za kampiranje je izra\u017eena v razli\u010dnih oblikah in na razli\u010dnih podro\u010djih, od izbire materialov do \u017eivljenjskega cikla kon\u010dnega izdelka.<\/span><\/p><\/div><style>.ld_spacer_69e8c8e245278{height:32px;}<\/style>\n<div class=\"ld-empty-space ld_spacer_69e8c8e245278\"><span class=\"liquid_empty_space_inner\"><\/span><\/div>[\/vc_column][vc_column width=&#8221;1\/2&#8243;]<style>.ld_fancy_heading_69e8c8e2453b5 .lqd-highlight-inner{height:0.275em;bottom:0px;}<\/style><div class=\"ld-fancy-heading ld_fancy_heading_69e8c8e2453b5\">\n\t<p class=\"lqd-highlight-underline lqd-highlight-grow-left\" ><span class=\"ld-fh-txt\"> Standard, Bio Green in Bio Green+ elementi:<\/p>\n<ul>\n<li>Podporni okvir iz pocinkanega jekla, v celoti recikliran<\/li>\n<li>Tla iz recikliranega materiala<\/li>\n<li>Stratigrafija zunanje stene, ki izbolj\u0161a naravno udobje okolja<\/li>\n<li>Izolirana tla<\/li>\n<li>Zunanje stene z izolacijo iz plute<\/li>\n<li>Okolju prijazna prevleka iz lesa ali ekolo\u0161kih vlaken<\/li>\n<li>Naravne tkanine<\/li>\n<\/ul>\n<p><\/span><\/p><\/div><style>.ld_spacer_69e8c8e245689{height:32px;}<\/style>\n<div class=\"ld-empty-space ld_spacer_69e8c8e245689\"><span class=\"liquid_empty_space_inner\"><\/span><\/div><a href=\"https:\/\/tourmkr.com\/F1yK1F4x1E\/38226715p&#038;194.93h&#038;88.92t\" target=\"_blank\" class=\"btn btn-solid btn-lg btn-bordered border-thin ld_button_69e8c8e2457c1\">\n\t<span>\n\t\t\n\t\t\t\t\t<span class=\"btn-txt\">Virtualni ogled<\/span>\n\t\t\t\n\t\t\t\t<\/span>\n<\/a>\n<style>.ld_spacer_69e8c8e246a0a{height:32px;}<\/style>\n<div class=\"ld-empty-space ld_spacer_69e8c8e246a0a\"><span class=\"liquid_empty_space_inner\"><\/span><\/div>[\/vc_column][\/vc_row]<\/p>\n<\/section>","protected":false},"excerpt":{"rendered":"<p>[vc_row responsive_css=&#8221;margin_top_medium:&#8221; css=&#8221;.vc_custom_1679494891855{padding-top: 60px !important;padding-bottom: 5% !important;background-color: #f2efea !important;}&#8221;][vc_column][vc_basic_grid post_type=&#8221;accommodation&#8221; max_items=&#8221;12&#8243; element_width=&#8221;12&#8243; order=&#8221;ASC&#8221; item=&#8221;9383&#8243; grid_id=&#8221;vc_gid:1715767937012-0e1f04e7-e5ac-9&#8243;&#8230;<\/p>\n","protected":false},"author":3,"featured_media":8500,"parent":0,"menu_order":0,"comment_status":"closed","ping_status":"closed","template":"","meta":[],"yoast_head":"<!-- This site is optimized with the Yoast SEO plugin v20.3 - https:\/\/yoast.com\/wordpress\/plugins\/seo\/ -->\n<title>Vile za kampiranje &ndash; Olivia Green Camping<\/title>\n<meta name=\"description\" content=\"All of our Camping Villas have been created following the highest eco standards and have been granted the Bio Green and Bio Green + eco certificates.\" \/>\n<meta name=\"robots\" content=\"index, follow, max-snippet:-1, max-image-preview:large, max-video-preview:-1\" \/>\n<link rel=\"canonical\" href=\"https:\/\/oliviagreencamping.com\/sl\/vile-za-kampiranje\/\" \/>\n<meta property=\"og:locale\" content=\"sl_SI\" \/>\n<meta property=\"og:type\" content=\"article\" \/>\n<meta property=\"og:title\" content=\"Vile za kampiranje &ndash; Olivia Green Camping\" \/>\n<meta property=\"og:description\" content=\"All of our Camping Villas have been created following the highest eco standards and have been granted the Bio Green and Bio Green + eco certificates.\" \/>\n<meta property=\"og:url\" content=\"https:\/\/oliviagreencamping.com\/sl\/vile-za-kampiranje\/\" \/>\n<meta property=\"og:site_name\" content=\"Olivia Green Camping\" \/>\n<meta property=\"article:publisher\" content=\"https:\/\/www.facebook.com\/OliviaGreenCamping\/\" \/>\n<meta property=\"article:modified_time\" content=\"2024-05-15T10:12:47+00:00\" \/>\n<meta property=\"og:image\" content=\"https:\/\/oliviagreencamping.com\/wp-content\/uploads\/2019\/08\/accomodation_olivia.jpg\" \/>\n\t<meta property=\"og:image:width\" content=\"1920\" \/>\n\t<meta property=\"og:image:height\" content=\"1080\" \/>\n\t<meta property=\"og:image:type\" content=\"image\/jpeg\" \/>\n<meta name=\"twitter:card\" content=\"summary_large_image\" \/>\n<meta name=\"twitter:label1\" content=\"Est. reading time\" \/>\n\t<meta name=\"twitter:data1\" content=\"1 minuta\" \/>\n<script type=\"application\/ld+json\" class=\"yoast-schema-graph\">{\"@context\":\"https:\/\/schema.org\",\"@graph\":[{\"@type\":\"WebPage\",\"@id\":\"https:\/\/oliviagreencamping.com\/sl\/vile-za-kampiranje\/\",\"url\":\"https:\/\/oliviagreencamping.com\/sl\/vile-za-kampiranje\/\",\"name\":\"Vile za kampiranje &ndash; Olivia Green Camping\",\"isPartOf\":{\"@id\":\"https:\/\/oliviagreencamping.com\/sl\/#website\"},\"datePublished\":\"2021-05-12T08:38:56+00:00\",\"dateModified\":\"2024-05-15T10:12:47+00:00\",\"description\":\"All of our Camping Villas have been created following the highest eco standards and have been granted the Bio Green and Bio Green + eco certificates.\",\"breadcrumb\":{\"@id\":\"https:\/\/oliviagreencamping.com\/sl\/vile-za-kampiranje\/#breadcrumb\"},\"inLanguage\":\"sl-SI\",\"potentialAction\":[{\"@type\":\"ReadAction\",\"target\":[\"https:\/\/oliviagreencamping.com\/sl\/vile-za-kampiranje\/\"]}]},{\"@type\":\"BreadcrumbList\",\"@id\":\"https:\/\/oliviagreencamping.com\/sl\/vile-za-kampiranje\/#breadcrumb\",\"itemListElement\":[{\"@type\":\"ListItem\",\"position\":1,\"name\":\"Home\",\"item\":\"https:\/\/oliviagreencamping.com\/sl\/\"},{\"@type\":\"ListItem\",\"position\":2,\"name\":\"Vile za kampiranje\"}]},{\"@type\":\"WebSite\",\"@id\":\"https:\/\/oliviagreencamping.com\/sl\/#website\",\"url\":\"https:\/\/oliviagreencamping.com\/sl\/\",\"name\":\"Olivia Green Camping\",\"description\":\"Luxury Camping in Croatia\",\"publisher\":{\"@id\":\"https:\/\/oliviagreencamping.com\/sl\/#organization\"},\"potentialAction\":[{\"@type\":\"SearchAction\",\"target\":{\"@type\":\"EntryPoint\",\"urlTemplate\":\"https:\/\/oliviagreencamping.com\/sl\/?s={search_term_string}\"},\"query-input\":\"required name=search_term_string\"}],\"inLanguage\":\"sl-SI\"},{\"@type\":\"Organization\",\"@id\":\"https:\/\/oliviagreencamping.com\/sl\/#organization\",\"name\":\"Zelena Luka d.o.o.\",\"url\":\"https:\/\/oliviagreencamping.com\/sl\/\",\"logo\":{\"@type\":\"ImageObject\",\"inLanguage\":\"sl-SI\",\"@id\":\"https:\/\/oliviagreencamping.com\/sl\/#\/schema\/logo\/image\/\",\"url\":\"https:\/\/oliviagreencamping.com\/wp-content\/uploads\/2019\/08\/olivia_logo-07.png\",\"contentUrl\":\"https:\/\/oliviagreencamping.com\/wp-content\/uploads\/2019\/08\/olivia_logo-07.png\",\"width\":1318,\"height\":1125,\"caption\":\"Zelena Luka d.o.o.\"},\"image\":{\"@id\":\"https:\/\/oliviagreencamping.com\/sl\/#\/schema\/logo\/image\/\"},\"sameAs\":[\"https:\/\/www.facebook.com\/OliviaGreenCamping\/\",\"https:\/\/www.instagram.com\/oliviagreencamping\/\"]}]}<\/script>\n<!-- \/ Yoast SEO plugin. -->","yoast_head_json":{"title":"Vile za kampiranje &ndash; Olivia Green Camping","description":"All of our Camping Villas have been created following the highest eco standards and have been granted the Bio Green and Bio Green + eco certificates.","robots":{"index":"index","follow":"follow","max-snippet":"max-snippet:-1","max-image-preview":"max-image-preview:large","max-video-preview":"max-video-preview:-1"},"canonical":"https:\/\/oliviagreencamping.com\/sl\/vile-za-kampiranje\/","og_locale":"sl_SI","og_type":"article","og_title":"Vile za kampiranje &ndash; Olivia Green Camping","og_description":"All of our Camping Villas have been created following the highest eco standards and have been granted the Bio Green and Bio Green + eco certificates.","og_url":"https:\/\/oliviagreencamping.com\/sl\/vile-za-kampiranje\/","og_site_name":"Olivia Green Camping","article_publisher":"https:\/\/www.facebook.com\/OliviaGreenCamping\/","article_modified_time":"2024-05-15T10:12:47+00:00","og_image":[{"width":1920,"height":1080,"url":"https:\/\/oliviagreencamping.com\/wp-content\/uploads\/2019\/08\/accomodation_olivia.jpg","type":"image\/jpeg"}],"twitter_card":"summary_large_image","twitter_misc":{"Est. reading time":"1 minuta"},"schema":{"@context":"https:\/\/schema.org","@graph":[{"@type":"WebPage","@id":"https:\/\/oliviagreencamping.com\/sl\/vile-za-kampiranje\/","url":"https:\/\/oliviagreencamping.com\/sl\/vile-za-kampiranje\/","name":"Vile za kampiranje &ndash; Olivia Green Camping","isPartOf":{"@id":"https:\/\/oliviagreencamping.com\/sl\/#website"},"datePublished":"2021-05-12T08:38:56+00:00","dateModified":"2024-05-15T10:12:47+00:00","description":"All of our Camping Villas have been created following the highest eco standards and have been granted the Bio Green and Bio Green + eco certificates.","breadcrumb":{"@id":"https:\/\/oliviagreencamping.com\/sl\/vile-za-kampiranje\/#breadcrumb"},"inLanguage":"sl-SI","potentialAction":[{"@type":"ReadAction","target":["https:\/\/oliviagreencamping.com\/sl\/vile-za-kampiranje\/"]}]},{"@type":"BreadcrumbList","@id":"https:\/\/oliviagreencamping.com\/sl\/vile-za-kampiranje\/#breadcrumb","itemListElement":[{"@type":"ListItem","position":1,"name":"Home","item":"https:\/\/oliviagreencamping.com\/sl\/"},{"@type":"ListItem","position":2,"name":"Vile za kampiranje"}]},{"@type":"WebSite","@id":"https:\/\/oliviagreencamping.com\/sl\/#website","url":"https:\/\/oliviagreencamping.com\/sl\/","name":"Olivia Green Camping","description":"Luxury Camping in Croatia","publisher":{"@id":"https:\/\/oliviagreencamping.com\/sl\/#organization"},"potentialAction":[{"@type":"SearchAction","target":{"@type":"EntryPoint","urlTemplate":"https:\/\/oliviagreencamping.com\/sl\/?s={search_term_string}"},"query-input":"required name=search_term_string"}],"inLanguage":"sl-SI"},{"@type":"Organization","@id":"https:\/\/oliviagreencamping.com\/sl\/#organization","name":"Zelena Luka d.o.o.","url":"https:\/\/oliviagreencamping.com\/sl\/","logo":{"@type":"ImageObject","inLanguage":"sl-SI","@id":"https:\/\/oliviagreencamping.com\/sl\/#\/schema\/logo\/image\/","url":"https:\/\/oliviagreencamping.com\/wp-content\/uploads\/2019\/08\/olivia_logo-07.png","contentUrl":"https:\/\/oliviagreencamping.com\/wp-content\/uploads\/2019\/08\/olivia_logo-07.png","width":1318,"height":1125,"caption":"Zelena Luka d.o.o."},"image":{"@id":"https:\/\/oliviagreencamping.com\/sl\/#\/schema\/logo\/image\/"},"sameAs":["https:\/\/www.facebook.com\/OliviaGreenCamping\/","https:\/\/www.instagram.com\/oliviagreencamping\/"]}]}},"_links":{"self":[{"href":"https:\/\/oliviagreencamping.com\/sl\/wp-json\/wp\/v2\/pages\/8497"}],"collection":[{"href":"https:\/\/oliviagreencamping.com\/sl\/wp-json\/wp\/v2\/pages"}],"about":[{"href":"https:\/\/oliviagreencamping.com\/sl\/wp-json\/wp\/v2\/types\/page"}],"author":[{"embeddable":true,"href":"https:\/\/oliviagreencamping.com\/sl\/wp-json\/wp\/v2\/users\/3"}],"replies":[{"embeddable":true,"href":"https:\/\/oliviagreencamping.com\/sl\/wp-json\/wp\/v2\/comments?post=8497"}],"version-history":[{"count":3,"href":"https:\/\/oliviagreencamping.com\/sl\/wp-json\/wp\/v2\/pages\/8497\/revisions"}],"predecessor-version":[{"id":16865,"href":"https:\/\/oliviagreencamping.com\/sl\/wp-json\/wp\/v2\/pages\/8497\/revisions\/16865"}],"wp:featuredmedia":[{"embeddable":true,"href":"https:\/\/oliviagreencamping.com\/sl\/wp-json\/wp\/v2\/media\/8500"}],"wp:attachment":[{"href":"https:\/\/oliviagreencamping.com\/sl\/wp-json\/wp\/v2\/media?parent=8497"}],"curies":[{"name":"wp","href":"https:\/\/api.w.org\/{rel}","templated":true}]}}