{"id":8562,"date":"2021-05-12T08:49:37","date_gmt":"2021-05-12T08:49:37","guid":{"rendered":"https:\/\/oliviagreencamping.com\/okolju-prijazno\/"},"modified":"2021-05-13T12:10:29","modified_gmt":"2021-05-13T12:10:29","slug":"okolju-prijazno","status":"publish","type":"page","link":"https:\/\/oliviagreencamping.com\/sl\/okolju-prijazno\/","title":{"rendered":"Okolju prijazno"},"content":{"rendered":"<section class=\"wpb-content-wrapper\"><p>[vc_row content_placement=&#8221;top&#8221; css=&#8221;.vc_custom_1577985789974{padding-top: 20px !important;padding-bottom: 40px !important;}&#8221; responsive_css=&#8221;padding_top_medium:40px&#8221;][vc_column enable_content_animation=&#8221;yes&#8221; ca_init_scale_x=&#8221;1&#8243; ca_init_scale_y=&#8221;1&#8243; ca_init_scale_z=&#8221;1&#8243; ca_init_opacity=&#8221;0&#8243; ca_an_scale_x=&#8221;1&#8243; ca_an_scale_y=&#8221;1&#8243; ca_an_scale_z=&#8221;1&#8243; ca_an_opacity=&#8221;1&#8243; offset=&#8221;vc_col-md-6&#8243; ca_duration=&#8221;1200&#8243; ca_init_translate_x=&#8221;0&#8243; ca_init_rotate_z=&#8221;1&#8243; ca_init_translate_y=&#8221;45&#8243;]<style>.ld_fancy_heading_69eb2a1c19cba .lqd-highlight-inner{height:0.275em;bottom:0px;}<\/style><div class=\"ld-fancy-heading ld_fancy_heading_69eb2a1c19cba\">\n\t<h2 class=\"lqd-highlight-underline lqd-highlight-grow-left\" data-fittext=\"true\" data-fittext-options='{\"compressor\":0.65000000000000002220446049250313080847263336181640625,\"maxFontSize\":\"currentFontSize\",\"minFontSize\":\"48\"}' data-split-text=\"true\" data-custom-animations=\"true\" data-ca-options='{\"triggerHandler\":\"inview\",\"animationTarget\":\".lqd-lines .split-inner\",\"duration\":700,\"delay\":100,\"easing\":\"easeOutQuint\",\"direction\":\"forward\",\"initValues\":{\"scale\":1},\"animations\":{\"scale\":1}}' data-split-options='{\"type\":\"lines\"}'><span class=\"ld-fh-txt\"> Olivia Green Camping<\/span><\/h2><\/div>[vc_empty_space height=&#8221;24px&#8221;][vc_column_text]Biti resni\u010dno okolju prijazen pomeni celovit pristop. V podporo bolj trajnostnim re\u0161itvam v turizmu je Olivia Green Camping (prej znan kot Camp Dalmacija) v preteklem letu do\u017eivel nekaj obse\u017enih sprememb, \u0161e bolj razburljive posodobitve pa naj bi bile predvidene za leto 2021.<\/p>\n<p><strong>Na\u0161a strategija<\/strong><\/p>\n<p>Za\u010deli bomo z novo okolju prijazno razvojno strategijo, ki temelji na trajnosti in ekologiji. Nekatere spremembe in izbolj\u0161ave vklju\u010dujejo:<\/p>\n<p><strong>Son\u010dni kolektorji<\/strong><\/p>\n<p>Vgrajena naj bi bila nova fotovoltai\u010dna elektrarna, ki bo izbolj\u0161ala energetsko u\u010dinkovitost na\u0161ega kampa in nam zagotovila dovolj zmogljivosti za zadovoljevanje 25% na\u0161ih energetskih potreb.<\/p>\n<p><strong>\u010ci\u0161\u010denje vode<\/strong><\/p>\n<p>Z ustreznim \u010di\u0161\u010denjem lahko odpadno vodo dobro izkoristimo. V na\u0161em kampu smo uvedli zelo napreden sistem za \u010di\u0161\u010denje vode za vse vrste odpadnih voda. Pre\u010di\u0161\u010dena voda se nato uporablja za vzdr\u017eevanje vrtnarstva, vklju\u010dno z na\u0161im sredozemskim vrtom, in za uporabo v na\u0161i mre\u017ei gasilskih hidrantov in namakalnem sistemu, ki oskrbuje celoten na\u0161 kamp.<\/p>\n<p><strong>Vile za kampiranje<\/strong><\/p>\n<p>Vse na\u0161e vile za kampiranje so zgrajene po najvi\u0161jih ekolo\u0161kih standardih in imajo ekolo\u0161ke certifikate Bio Green in Bio Green +.<\/p>\n<p><strong>Hrana<\/strong><\/p>\n<p>V neposrednem prizadevanju, da bi pomagali podpirati lokalno skupnost in dobro po\u010dutje lokalnega prebivalstva, v na\u0161ih restavracijah uporabljamo hrano in sve\u017ee pridelke z regionalnim poreklom.<\/p>\n<p><strong>Infrastruktura<\/strong><\/p>\n<p>Vse parcele za kampiranje bodo imele dostop do osnovnih dobrin &#8211; elektrike, vode in brezpla\u010dnega hitrega WiFi-ja. V nadaljevanju na\u0161ega trdnega stali\u0161\u010da o trajnosti bodo vse vrhunske parcele imele dostop do odtokov odpadne vode.<\/p>\n<p>S temi spremembami in prihajajo\u010dimi izbolj\u0161avami upamo, da bomo lokalni regiji in na\u0161im obiskovalcem prinesli pozitivne dru\u017ebene in okoljske rezultate.[\/vc_column_text][\/vc_column][vc_column offset=&#8221;vc_col-md-6&#8243;]<style>.ld_spacer_69eb2a1c1a5e2{height:100px;}<\/style>\n<div class=\"ld-empty-space ld_spacer_69eb2a1c1a5e2\"><span class=\"liquid_empty_space_inner\"><\/span><\/div><div id=\"ld_images_group_container_69eb2a1c1a927\" class=\"liquid-img-group-container ld_images_group_container_69eb2a1c1a927\"  >\n\t<div class=\"liquid-img-group-inner\">\n\t\t<div id=\"ld_images_group_element_69eb2a1c1ad5b\" class=\"liquid-img-group-single ld_images_group_element_69eb2a1c1ad5b\" data-reveal=\"true\" data-reveal-options='{\"direction\":\"lr\",\"bgcolor\":\"rgb(23, 64, 66)\",\"delay\":\"\"}'>\n\t\n\t\t\n\t<div class=\"liquid-img-group-img-container\">\n\t\t\n\t\t\n\t\t\t\t\n\t\t\t\t<div class=\"liquid-img-container-inner\" data-parallax=\"true\" data-parallax-from='{\"translateY\":32}' data-parallax-to='{\"translateY\":-33}' data-parallax-options='{\"overflowHidden\":false,\"easing\":\"linear\"}'>\n\t\t\t<figure ><img width=\"960\" height=\"540\" src=\"data:image\/svg+xml;charset=utf-8,&lt;svg xmlns%3D&#039;http%3A%2F%2Fwww.w3.org%2F2000%2Fsvg&#039; viewBox%3D&#039;0 0 1920 1080&#039;%2F&gt;\" srcset=\"\" class=\" ld-lazyload\" alt=\"\" data-src=\"https:\/\/oliviagreencamping.com\/wp-content\/uploads\/2019\/08\/hiking_olivia.jpg\" data-srcset=\"https:\/\/oliviagreencamping.com\/wp-content\/uploads\/2019\/08\/hiking_olivia-300x169.jpg 300w, https:\/\/oliviagreencamping.com\/wp-content\/uploads\/2019\/08\/hiking_olivia-1024x576.jpg 1024w, https:\/\/oliviagreencamping.com\/wp-content\/uploads\/2019\/08\/hiking_olivia.jpg 1920w\" data-aspect=\"1.7777777777778\" \/><\/figure>\t\t\t\t\t<\/div><!-- \/.liquid-img-container-inner -->\n\t\t\n\t<\/div><!-- \/.liquid-img-group-content -->\n<\/div><!-- \/.liquid-img-group-single --><div id=\"ld_images_group_element_69eb2a1c33293\" class=\"liquid-img-group-single ld_images_group_element_69eb2a1c33293\" data-reveal=\"true\" data-reveal-options='{\"direction\":\"lr\",\"bgcolor\":\"rgb(23, 64, 66)\",\"delay\":\"\"}'>\n\t\n\t\t\n\t<div class=\"liquid-img-group-img-container\">\n\t\t\n\t\t\n\t\t\t\t\n\t\t\t\t<div class=\"liquid-img-container-inner\" data-parallax=\"true\" data-parallax-from='{\"translateY\":32}' data-parallax-to='{\"translateY\":-33}' data-parallax-options='{\"overflowHidden\":false,\"easing\":\"linear\"}'>\n\t\t\t<figure ><img width=\"720\" height=\"405\" src=\"data:image\/svg+xml;charset=utf-8,&lt;svg xmlns%3D&#039;http%3A%2F%2Fwww.w3.org%2F2000%2Fsvg&#039; viewBox%3D&#039;0 0 1440 810&#039;%2F&gt;\" srcset=\"\" class=\" ld-lazyload\" alt=\"\" data-src=\"https:\/\/oliviagreencamping.com\/wp-content\/uploads\/2019\/08\/family_portrait-copy-2.jpg\" data-srcset=\"https:\/\/oliviagreencamping.com\/wp-content\/uploads\/2019\/08\/family_portrait-copy-2-300x169.jpg 300w, https:\/\/oliviagreencamping.com\/wp-content\/uploads\/2019\/08\/family_portrait-copy-2-1024x576.jpg 1024w, https:\/\/oliviagreencamping.com\/wp-content\/uploads\/2019\/08\/family_portrait-copy-2.jpg 1440w\" data-aspect=\"1.7777777777778\" \/><\/figure>\t\t\t\t\t<\/div><!-- \/.liquid-img-container-inner -->\n\t\t\n\t<\/div><!-- \/.liquid-img-group-content -->\n<\/div><!-- \/.liquid-img-group-single --><div id=\"ld_images_group_element_69eb2a1c4b680\" class=\"liquid-img-group-single ld_images_group_element_69eb2a1c4b680\" data-reveal=\"true\" data-reveal-options='{\"direction\":\"lr\",\"bgcolor\":\"rgb(23, 64, 66)\",\"delay\":\"\"}'>\n\t\n\t\t\n\t<div class=\"liquid-img-group-img-container\">\n\t\t\n\t\t\n\t\t\t\t\n\t\t\t\t<div class=\"liquid-img-container-inner\" data-parallax=\"true\" data-parallax-from='{\"translateY\":32}' data-parallax-to='{\"translateY\":-33}' data-parallax-options='{\"overflowHidden\":false,\"easing\":\"linear\"}'>\n\t\t\t<figure ><img width=\"960\" height=\"540\" src=\"data:image\/svg+xml;charset=utf-8,&lt;svg xmlns%3D&#039;http%3A%2F%2Fwww.w3.org%2F2000%2Fsvg&#039; viewBox%3D&#039;0 0 1920 1080&#039;%2F&gt;\" srcset=\"\" class=\" ld-lazyload\" alt=\"\" data-src=\"https:\/\/oliviagreencamping.com\/wp-content\/uploads\/2019\/08\/olivia-green-camping-accomodation-001-4_olivia.jpg\" data-srcset=\"https:\/\/oliviagreencamping.com\/wp-content\/uploads\/2019\/08\/olivia-green-camping-accomodation-001-4_olivia-300x169.jpg 300w, https:\/\/oliviagreencamping.com\/wp-content\/uploads\/2019\/08\/olivia-green-camping-accomodation-001-4_olivia-1024x576.jpg 1024w, https:\/\/oliviagreencamping.com\/wp-content\/uploads\/2019\/08\/olivia-green-camping-accomodation-001-4_olivia.jpg 1920w\" data-aspect=\"1.7777777777778\" \/><\/figure>\t\t\t\t\t<\/div><!-- \/.liquid-img-container-inner -->\n\t\t\n\t<\/div><!-- \/.liquid-img-group-content -->\n<\/div><!-- \/.liquid-img-group-single --><\/p>\n\t\n\t<\/div><!-- \/.liquid-img-group-inner -->\n<\/div><!-- \/.liquid-img-group-container --><style>.ld_spacer_69eb2a1c5d89c{height:32px;}<\/style>\n<div class=\"ld-empty-space ld_spacer_69eb2a1c5d89c\"><span class=\"liquid_empty_space_inner\"><\/span><\/div>[\/vc_column][\/vc_row][vc_row][vc_column][vc_empty_space][\/vc_column][\/vc_row]<\/p>\n<\/section>","protected":false},"excerpt":{"rendered":"<p>[vc_row content_placement=&#8221;top&#8221; css=&#8221;.vc_custom_1577985789974{padding-top: 20px !important;padding-bottom: 40px !important;}&#8221; responsive_css=&#8221;padding_top_medium:40px&#8221;][vc_column enable_content_animation=&#8221;yes&#8221; ca_init_scale_x=&#8221;1&#8243; ca_init_scale_y=&#8221;1&#8243; ca_init_scale_z=&#8221;1&#8243; ca_init_opacity=&#8221;0&#8243; ca_an_scale_x=&#8221;1&#8243; ca_an_scale_y=&#8221;1&#8243;&#8230;<\/p>\n","protected":false},"author":3,"featured_media":8567,"parent":0,"menu_order":0,"comment_status":"closed","ping_status":"closed","template":"","meta":[],"yoast_head":"<!-- This site is optimized with the Yoast SEO plugin v20.3 - https:\/\/yoast.com\/wordpress\/plugins\/seo\/ -->\n<title>Okolju prijazno &ndash; Olivia Green Camping<\/title>\n<meta name=\"description\" content=\"Being truly eco-friendly means taking a holistic approach. To help support more sustainable solutions in tourism, we have undergone some extensive changes.\" \/>\n<meta name=\"robots\" content=\"index, follow, max-snippet:-1, max-image-preview:large, max-video-preview:-1\" \/>\n<link rel=\"canonical\" href=\"https:\/\/oliviagreencamping.com\/sl\/okolju-prijazno\/\" \/>\n<meta property=\"og:locale\" content=\"sl_SI\" \/>\n<meta property=\"og:type\" content=\"article\" \/>\n<meta property=\"og:title\" content=\"Okolju prijazno &ndash; Olivia Green Camping\" \/>\n<meta property=\"og:description\" content=\"Being truly eco-friendly means taking a holistic approach. To help support more sustainable solutions in tourism, we have undergone some extensive changes.\" \/>\n<meta property=\"og:url\" content=\"https:\/\/oliviagreencamping.com\/sl\/okolju-prijazno\/\" \/>\n<meta property=\"og:site_name\" content=\"Olivia Green Camping\" \/>\n<meta property=\"article:publisher\" content=\"https:\/\/www.facebook.com\/OliviaGreenCamping\/\" \/>\n<meta property=\"article:modified_time\" content=\"2021-05-13T12:10:29+00:00\" \/>\n<meta property=\"og:image\" content=\"https:\/\/oliviagreencamping.com\/wp-content\/uploads\/2020\/05\/Eco-friendly-main-3-1.jpg\" \/>\n\t<meta property=\"og:image:width\" content=\"1920\" \/>\n\t<meta property=\"og:image:height\" content=\"1281\" \/>\n\t<meta property=\"og:image:type\" content=\"image\/jpeg\" \/>\n<meta name=\"twitter:card\" content=\"summary_large_image\" \/>\n<meta name=\"twitter:label1\" content=\"Est. reading time\" \/>\n\t<meta name=\"twitter:data1\" content=\"3 minute\" \/>\n<script type=\"application\/ld+json\" class=\"yoast-schema-graph\">{\"@context\":\"https:\/\/schema.org\",\"@graph\":[{\"@type\":\"WebPage\",\"@id\":\"https:\/\/oliviagreencamping.com\/sl\/okolju-prijazno\/\",\"url\":\"https:\/\/oliviagreencamping.com\/sl\/okolju-prijazno\/\",\"name\":\"Okolju prijazno &ndash; Olivia Green Camping\",\"isPartOf\":{\"@id\":\"https:\/\/oliviagreencamping.com\/sl\/#website\"},\"datePublished\":\"2021-05-12T08:49:37+00:00\",\"dateModified\":\"2021-05-13T12:10:29+00:00\",\"description\":\"Being truly eco-friendly means taking a holistic approach. To help support more sustainable solutions in tourism, we have undergone some extensive changes.\",\"breadcrumb\":{\"@id\":\"https:\/\/oliviagreencamping.com\/sl\/okolju-prijazno\/#breadcrumb\"},\"inLanguage\":\"sl-SI\",\"potentialAction\":[{\"@type\":\"ReadAction\",\"target\":[\"https:\/\/oliviagreencamping.com\/sl\/okolju-prijazno\/\"]}]},{\"@type\":\"BreadcrumbList\",\"@id\":\"https:\/\/oliviagreencamping.com\/sl\/okolju-prijazno\/#breadcrumb\",\"itemListElement\":[{\"@type\":\"ListItem\",\"position\":1,\"name\":\"Home\",\"item\":\"https:\/\/oliviagreencamping.com\/sl\/\"},{\"@type\":\"ListItem\",\"position\":2,\"name\":\"Okolju prijazno\"}]},{\"@type\":\"WebSite\",\"@id\":\"https:\/\/oliviagreencamping.com\/sl\/#website\",\"url\":\"https:\/\/oliviagreencamping.com\/sl\/\",\"name\":\"Olivia Green Camping\",\"description\":\"Luxury Camping in Croatia\",\"publisher\":{\"@id\":\"https:\/\/oliviagreencamping.com\/sl\/#organization\"},\"potentialAction\":[{\"@type\":\"SearchAction\",\"target\":{\"@type\":\"EntryPoint\",\"urlTemplate\":\"https:\/\/oliviagreencamping.com\/sl\/?s={search_term_string}\"},\"query-input\":\"required name=search_term_string\"}],\"inLanguage\":\"sl-SI\"},{\"@type\":\"Organization\",\"@id\":\"https:\/\/oliviagreencamping.com\/sl\/#organization\",\"name\":\"Zelena Luka d.o.o.\",\"url\":\"https:\/\/oliviagreencamping.com\/sl\/\",\"logo\":{\"@type\":\"ImageObject\",\"inLanguage\":\"sl-SI\",\"@id\":\"https:\/\/oliviagreencamping.com\/sl\/#\/schema\/logo\/image\/\",\"url\":\"https:\/\/oliviagreencamping.com\/wp-content\/uploads\/2019\/08\/olivia_logo-07.png\",\"contentUrl\":\"https:\/\/oliviagreencamping.com\/wp-content\/uploads\/2019\/08\/olivia_logo-07.png\",\"width\":1318,\"height\":1125,\"caption\":\"Zelena Luka d.o.o.\"},\"image\":{\"@id\":\"https:\/\/oliviagreencamping.com\/sl\/#\/schema\/logo\/image\/\"},\"sameAs\":[\"https:\/\/www.facebook.com\/OliviaGreenCamping\/\",\"https:\/\/www.instagram.com\/oliviagreencamping\/\"]}]}<\/script>\n<!-- \/ Yoast SEO plugin. -->","yoast_head_json":{"title":"Okolju prijazno &ndash; Olivia Green Camping","description":"Being truly eco-friendly means taking a holistic approach. To help support more sustainable solutions in tourism, we have undergone some extensive changes.","robots":{"index":"index","follow":"follow","max-snippet":"max-snippet:-1","max-image-preview":"max-image-preview:large","max-video-preview":"max-video-preview:-1"},"canonical":"https:\/\/oliviagreencamping.com\/sl\/okolju-prijazno\/","og_locale":"sl_SI","og_type":"article","og_title":"Okolju prijazno &ndash; Olivia Green Camping","og_description":"Being truly eco-friendly means taking a holistic approach. To help support more sustainable solutions in tourism, we have undergone some extensive changes.","og_url":"https:\/\/oliviagreencamping.com\/sl\/okolju-prijazno\/","og_site_name":"Olivia Green Camping","article_publisher":"https:\/\/www.facebook.com\/OliviaGreenCamping\/","article_modified_time":"2021-05-13T12:10:29+00:00","og_image":[{"width":1920,"height":1281,"url":"https:\/\/oliviagreencamping.com\/wp-content\/uploads\/2020\/05\/Eco-friendly-main-3-1.jpg","type":"image\/jpeg"}],"twitter_card":"summary_large_image","twitter_misc":{"Est. reading time":"3 minute"},"schema":{"@context":"https:\/\/schema.org","@graph":[{"@type":"WebPage","@id":"https:\/\/oliviagreencamping.com\/sl\/okolju-prijazno\/","url":"https:\/\/oliviagreencamping.com\/sl\/okolju-prijazno\/","name":"Okolju prijazno &ndash; Olivia Green Camping","isPartOf":{"@id":"https:\/\/oliviagreencamping.com\/sl\/#website"},"datePublished":"2021-05-12T08:49:37+00:00","dateModified":"2021-05-13T12:10:29+00:00","description":"Being truly eco-friendly means taking a holistic approach. To help support more sustainable solutions in tourism, we have undergone some extensive changes.","breadcrumb":{"@id":"https:\/\/oliviagreencamping.com\/sl\/okolju-prijazno\/#breadcrumb"},"inLanguage":"sl-SI","potentialAction":[{"@type":"ReadAction","target":["https:\/\/oliviagreencamping.com\/sl\/okolju-prijazno\/"]}]},{"@type":"BreadcrumbList","@id":"https:\/\/oliviagreencamping.com\/sl\/okolju-prijazno\/#breadcrumb","itemListElement":[{"@type":"ListItem","position":1,"name":"Home","item":"https:\/\/oliviagreencamping.com\/sl\/"},{"@type":"ListItem","position":2,"name":"Okolju prijazno"}]},{"@type":"WebSite","@id":"https:\/\/oliviagreencamping.com\/sl\/#website","url":"https:\/\/oliviagreencamping.com\/sl\/","name":"Olivia Green Camping","description":"Luxury Camping in Croatia","publisher":{"@id":"https:\/\/oliviagreencamping.com\/sl\/#organization"},"potentialAction":[{"@type":"SearchAction","target":{"@type":"EntryPoint","urlTemplate":"https:\/\/oliviagreencamping.com\/sl\/?s={search_term_string}"},"query-input":"required name=search_term_string"}],"inLanguage":"sl-SI"},{"@type":"Organization","@id":"https:\/\/oliviagreencamping.com\/sl\/#organization","name":"Zelena Luka d.o.o.","url":"https:\/\/oliviagreencamping.com\/sl\/","logo":{"@type":"ImageObject","inLanguage":"sl-SI","@id":"https:\/\/oliviagreencamping.com\/sl\/#\/schema\/logo\/image\/","url":"https:\/\/oliviagreencamping.com\/wp-content\/uploads\/2019\/08\/olivia_logo-07.png","contentUrl":"https:\/\/oliviagreencamping.com\/wp-content\/uploads\/2019\/08\/olivia_logo-07.png","width":1318,"height":1125,"caption":"Zelena Luka d.o.o."},"image":{"@id":"https:\/\/oliviagreencamping.com\/sl\/#\/schema\/logo\/image\/"},"sameAs":["https:\/\/www.facebook.com\/OliviaGreenCamping\/","https:\/\/www.instagram.com\/oliviagreencamping\/"]}]}},"_links":{"self":[{"href":"https:\/\/oliviagreencamping.com\/sl\/wp-json\/wp\/v2\/pages\/8562"}],"collection":[{"href":"https:\/\/oliviagreencamping.com\/sl\/wp-json\/wp\/v2\/pages"}],"about":[{"href":"https:\/\/oliviagreencamping.com\/sl\/wp-json\/wp\/v2\/types\/page"}],"author":[{"embeddable":true,"href":"https:\/\/oliviagreencamping.com\/sl\/wp-json\/wp\/v2\/users\/3"}],"replies":[{"embeddable":true,"href":"https:\/\/oliviagreencamping.com\/sl\/wp-json\/wp\/v2\/comments?post=8562"}],"version-history":[{"count":0,"href":"https:\/\/oliviagreencamping.com\/sl\/wp-json\/wp\/v2\/pages\/8562\/revisions"}],"wp:featuredmedia":[{"embeddable":true,"href":"https:\/\/oliviagreencamping.com\/sl\/wp-json\/wp\/v2\/media\/8567"}],"wp:attachment":[{"href":"https:\/\/oliviagreencamping.com\/sl\/wp-json\/wp\/v2\/media?parent=8562"}],"curies":[{"name":"wp","href":"https:\/\/api.w.org\/{rel}","templated":true}]}}