{"id":8569,"date":"2021-05-12T08:51:28","date_gmt":"2021-05-12T08:51:28","guid":{"rendered":"https:\/\/oliviagreencamping.com\/kaj-pricakovati\/"},"modified":"2021-05-13T12:11:38","modified_gmt":"2021-05-13T12:11:38","slug":"kaj-pricakovati","status":"publish","type":"page","link":"https:\/\/oliviagreencamping.com\/sl\/kaj-pricakovati\/","title":{"rendered":"Kaj pri\u010dakovati"},"content":{"rendered":"<section class=\"wpb-content-wrapper\"><p>[vc_row equal_height=&#8221;yes&#8221; css=&#8221;.vc_custom_1565609857095{margin-top: 0px !important;margin-bottom: 0px !important;padding-top: 5% !important;padding-bottom: 5% !important;}&#8221;][vc_column align=&#8221;text-center&#8221; offset=&#8221;vc_col-md-offset-2 vc_col-md-8&#8243;]<style>.ld_fancy_heading_69e8de98668b7 h3{font-size:25px;line-height:1.3em;color:rgb(23, 64, 66);}.ld_fancy_heading_69e8de98668b7 .lqd-highlight-inner{height:0.275em;bottom:0px;}<\/style><div class=\"ld-fancy-heading mask-text ld_fancy_heading_69e8de98668b7\">\n\t<h3 class=\"lqd-highlight-underline lqd-highlight-grow-left\" data-split-text=\"true\" data-custom-animations=\"true\" data-ca-options='{\"triggerHandler\":\"inview\",\"animationTarget\":\".lqd-lines .split-inner\",\"duration\":700,\"delay\":100,\"easing\":\"easeOutQuint\",\"direction\":\"forward\",\"initValues\":{\"scale\":1},\"animations\":{\"scale\":1}}' data-split-options='{\"type\":\"lines\"}'><span class=\"ld-fh-txt\"> Pridru\u017eite se pristnemu in popolnemu, okolju prijaznemu po\u010ditni\u0161kemu bivanju, obdanem s starodavnimi oljkami in s pla\u017eo na va\u0161em pragu.<\/span><\/h3><\/div><style>.ld_spacer_69e8de9866d94{height:50px;}<\/style>\n<div class=\"ld-empty-space ld_spacer_69e8de9866d94\"><span class=\"liquid_empty_space_inner\"><\/span><\/div>[\/vc_column][\/vc_row][vc_row content_placement=&#8221;middle&#8221; css=&#8221;.vc_custom_1565609878418{padding-top: 80px !important;padding-bottom: 80px !important;background-color: #f2efea !important;}&#8221;][vc_column parallax=&#8221;yes&#8221; scale_from_x=&#8221;1&#8243; scale_from_y=&#8221;1&#8243; scale_from_z=&#8221;1&#8243; from_opacity=&#8221;1&#8243; scale_to_x=&#8221;1&#8243; scale_to_y=&#8221;1&#8243; scale_to_z=&#8221;1&#8243; to_opacity=&#8221;1&#8243; enable_content_animation=&#8221;yes&#8221; ca_init_scale_x=&#8221;1&#8243; ca_init_scale_y=&#8221;1&#8243; ca_init_scale_z=&#8221;1&#8243; ca_init_opacity=&#8221;0&#8243; ca_an_scale_x=&#8221;1&#8243; ca_an_scale_y=&#8221;1&#8243; ca_an_scale_z=&#8221;1&#8243; ca_an_opacity=&#8221;1&#8243; offset=&#8221;vc_col-md-5&#8243; ca_init_translate_y=&#8221;42&#8243; translate_from_y=&#8221;73&#8243; translate_to_y=&#8221;-80&#8243;]<style>.ld_icon_box_69e8de9866fab .iconbox-icon-container{color:#174042;border-radius:px;}.ld_icon_box_69e8de9866fab h3{margin-bottom:px;}<\/style>\n<div class=\"iconbox iconbox-icon-image ld_icon_box_69e8de9866fab\" id=\"ld_icon_box_69e8de9866fab\"  data-plugin-options='{\"color\":\"#174042\"}'  >\n\t\n\t\t<div class=\"iconbox-icon-wrap\"><span class=\"iconbox-icon-container\"><img src=\"https:\/\/oliviagreencamping.com\/wp-content\/uploads\/2019\/07\/sustainability_ikone-03.png\" class=\"liquid-image-icon\" \/><\/span><\/div><!-- \/.iconbox-icon-wrap -->\t\n\t\t\n\t\t\n\t\t\t\t\n\t\t\n\t\n<\/div>\n[\/vc_column][vc_column offset=&#8221;vc_col-md-offset-1 vc_col-md-6&#8243;]<style>.ld_fancy_heading_69e8de9868716 h4 {margin-bottom:0px !important;  } .ld_fancy_heading_69e8de9868716 .lqd-highlight-inner{height:0.275em;bottom:0px;}.ld_fancy_heading_69e8de9868716 h4 {margin-bottom:0px !important;  } <\/style><div class=\"ld-fancy-heading ld_fancy_heading_69e8de9868716\">\n\t<h4 class=\"lqd-highlight-underline lqd-highlight-grow-left\" data-fittext=\"true\" data-fittext-options='{\"compressor\":0.5,\"maxFontSize\":\"currentFontSize\",\"minFontSize\":\"\"}'><span class=\"ld-fh-txt\"> Okolju prijazna nastanitev in minimalni vpliv na okolje<br \/>\n<\/span><\/h4><\/div><style>.ld_spacer_69e8de9869267{height:28px;}<\/style>\n<div class=\"ld-empty-space ld_spacer_69e8de9869267\"><span class=\"liquid_empty_space_inner\"><\/span><\/div><style>.ld_fancy_heading_69e8de9869526 .lqd-highlight-inner{height:0.275em;bottom:0px;}<\/style><div class=\"ld-fancy-heading ld_fancy_heading_69e8de9869526\">\n\t<p class=\"lqd-highlight-underline lqd-highlight-grow-left\" ><span class=\"ld-fh-txt\"> Va\u0161a zasebnost je varno zavita v na\u0161e sodobno zasnovane vile za kampiranje s petimi zvezdicami. Okolica se popolnoma stopi z neokrnjeno naravo. Vse vile so orientirane proti morju, tako da se lahko zbudite s \u010dudovitim pogledom na morje.<br \/>\n<\/span><\/p><\/div><style>.ld_spacer_69e8de986a12b{height:20px;}<\/style>\n<div class=\"ld-empty-space ld_spacer_69e8de986a12b\"><span class=\"liquid_empty_space_inner\"><\/span><\/div>[\/vc_column][\/vc_row][vc_row content_placement=&#8221;middle&#8221; css=&#8221;.vc_custom_1565609902087{padding-top: 80px !important;padding-bottom: 80px !important;background-color: #c4cec4 !important;}&#8221;][vc_column parallax=&#8221;yes&#8221; scale_from_x=&#8221;1&#8243; scale_from_y=&#8221;1&#8243; scale_from_z=&#8221;1&#8243; from_opacity=&#8221;1&#8243; scale_to_x=&#8221;1&#8243; scale_to_y=&#8221;1&#8243; scale_to_z=&#8221;1&#8243; to_opacity=&#8221;1&#8243; enable_content_animation=&#8221;yes&#8221; ca_init_scale_x=&#8221;1&#8243; ca_init_scale_y=&#8221;1&#8243; ca_init_scale_z=&#8221;1&#8243; ca_init_opacity=&#8221;0&#8243; ca_an_scale_x=&#8221;1&#8243; ca_an_scale_y=&#8221;1&#8243; ca_an_scale_z=&#8221;1&#8243; ca_an_opacity=&#8221;1&#8243; offset=&#8221;vc_col-md-5&#8243; ca_init_translate_y=&#8221;42&#8243; translate_from_y=&#8221;73&#8243; translate_to_y=&#8221;-80&#8243;]<style>.ld_icon_box_69e8de986a376 h3{margin-bottom:px;}.ld_icon_box_69e8de986a376 .iconbox-icon-container{border-radius:px;}<\/style>\n<div class=\"iconbox iconbox-icon-image ld_icon_box_69e8de986a376\" id=\"ld_icon_box_69e8de986a376\"   >\n\t\n\t\t<div class=\"iconbox-icon-wrap\"><span class=\"iconbox-icon-container\"><img src=\"https:\/\/oliviagreencamping.com\/wp-content\/uploads\/2019\/07\/sustainability_ikone-02.png\" class=\"liquid-image-icon\" \/><\/span><\/div><!-- \/.iconbox-icon-wrap -->\t\n\t\t\n\t\t\n\t\t\t\t\n\t\t\n\t\n<\/div>\n[\/vc_column][vc_column offset=&#8221;vc_col-md-offset-1 vc_col-md-6&#8243;]<style>.ld_fancy_heading_69e8de986b455 h4 {margin-bottom:0px !important;  } .ld_fancy_heading_69e8de986b455 .lqd-highlight-inner{height:0.275em;bottom:0px;}.ld_fancy_heading_69e8de986b455 h4 {margin-bottom:0px !important;  } <\/style><div class=\"ld-fancy-heading ld_fancy_heading_69e8de986b455\">\n\t<h4 class=\"lqd-highlight-underline lqd-highlight-grow-left\" data-fittext=\"true\" data-fittext-options='{\"compressor\":0.5,\"maxFontSize\":\"currentFontSize\",\"minFontSize\":\"\"}'><span class=\"ld-fh-txt\"> \u010cista in pametna energija<\/span><\/h4><\/div><style>.ld_spacer_69e8de986bfee{height:28px;}<\/style>\n<div class=\"ld-empty-space ld_spacer_69e8de986bfee\"><span class=\"liquid_empty_space_inner\"><\/span><\/div><style>.ld_fancy_heading_69e8de986c21e .lqd-highlight-inner{height:0.275em;bottom:0px;}<\/style><div class=\"ld-fancy-heading ld_fancy_heading_69e8de986c21e\">\n\t<p class=\"lqd-highlight-underline lqd-highlight-grow-left\" ><span class=\"ld-fh-txt\"> Za oskrbo kampa uporabljamo \u010disto energijo son\u010dnih kolektorjev in uporabljamo najnaprednej\u0161i, trajnostni sistem za \u010di\u0161\u010denje vode, ki dovaja vodo, potrebno za namakanje, v celotnem kampu.<br \/>\n<\/span><\/p><\/div><style>.ld_spacer_69e8de986d283{height:20px;}<\/style>\n<div class=\"ld-empty-space ld_spacer_69e8de986d283\"><span class=\"liquid_empty_space_inner\"><\/span><\/div>[\/vc_column][\/vc_row][vc_row content_placement=&#8221;middle&#8221; css=&#8221;.vc_custom_1565610239646{padding-top: 80px !important;padding-bottom: 80px !important;background-color: #f2efea !important;}&#8221;][vc_column parallax=&#8221;yes&#8221; scale_from_x=&#8221;1&#8243; scale_from_y=&#8221;1&#8243; scale_from_z=&#8221;1&#8243; from_opacity=&#8221;1&#8243; scale_to_x=&#8221;1&#8243; scale_to_y=&#8221;1&#8243; scale_to_z=&#8221;1&#8243; to_opacity=&#8221;1&#8243; enable_content_animation=&#8221;yes&#8221; ca_init_scale_x=&#8221;1&#8243; ca_init_scale_y=&#8221;1&#8243; ca_init_scale_z=&#8221;1&#8243; ca_init_opacity=&#8221;0&#8243; ca_an_scale_x=&#8221;1&#8243; ca_an_scale_y=&#8221;1&#8243; ca_an_scale_z=&#8221;1&#8243; ca_an_opacity=&#8221;1&#8243; offset=&#8221;vc_col-md-5&#8243; ca_init_translate_y=&#8221;42&#8243; translate_from_y=&#8221;73&#8243; translate_to_y=&#8221;-80&#8243;]<style>.ld_icon_box_69e8de986d4c6 h3{margin-bottom:px;}.ld_icon_box_69e8de986d4c6 .iconbox-icon-container{border-radius:px;}<\/style>\n<div class=\"iconbox iconbox-icon-image ld_icon_box_69e8de986d4c6\" id=\"ld_icon_box_69e8de986d4c6\"   >\n\t\n\t\t<div class=\"iconbox-icon-wrap\"><span class=\"iconbox-icon-container\"><img src=\"https:\/\/oliviagreencamping.com\/wp-content\/uploads\/2019\/07\/sustainability_ikone-04.png\" class=\"liquid-image-icon\" \/><\/span><\/div><!-- \/.iconbox-icon-wrap -->\t\n\t\t\n\t\t\n\t\t\t\t\n\t\t\n\t\n<\/div>\n[\/vc_column][vc_column offset=&#8221;vc_col-md-offset-1 vc_col-md-6&#8243;]<style>.ld_fancy_heading_69e8de986eea7 h4 {margin-bottom:0px !important;  } .ld_fancy_heading_69e8de986eea7 .lqd-highlight-inner{height:0.275em;bottom:0px;}.ld_fancy_heading_69e8de986eea7 h4 {margin-bottom:0px !important;  } <\/style><div class=\"ld-fancy-heading ld_fancy_heading_69e8de986eea7\">\n\t<h4 class=\"lqd-highlight-underline lqd-highlight-grow-left\" data-fittext=\"true\" data-fittext-options='{\"compressor\":0.5,\"maxFontSize\":\"currentFontSize\",\"minFontSize\":\"\"}'><span class=\"ld-fh-txt\"> Podpora lokalni skupnosti<br \/>\n<\/span><\/h4><\/div><style>.ld_spacer_69e8de986fdd8{height:28px;}<\/style>\n<div class=\"ld-empty-space ld_spacer_69e8de986fdd8\"><span class=\"liquid_empty_space_inner\"><\/span><\/div><style>.ld_fancy_heading_69e8de9870064 .lqd-highlight-inner{height:0.275em;bottom:0px;}<\/style><div class=\"ld-fancy-heading ld_fancy_heading_69e8de9870064\">\n\t<p class=\"lqd-highlight-underline lqd-highlight-grow-left\" ><span class=\"ld-fh-txt\"> Blago in hrana iz lokalnega izvora bodo izravnali va\u0161 oglji\u010dni odtis in podprli mala lokalna podjetja. Ne glede na to, ali \u017eelite dru\u017eino odpeljati na raziskovanje o\u010darljive raznolikosti regije, se pridru\u017eiti naravoslovnim delavnicam in aktivnostim na prostem, kot so umetnost recikliranja in ponovne uporabe, opazovanje delfinov, sprehodi divjih \u017eivali ali se vklju\u010diti v lokalno kulturo, mestece Tisno ponuja razli\u010dne storitve, oddaljene le nekaj minut hoje. Med va\u0161imi dru\u017einskimi po\u010ditnicami animatorji ljube\u010de skrbijo za najmlaj\u0161e goste in poskrbijo za vznemirljive igre na prostem. U\u017eivajte v lepih, po\u017eivljajo\u010dih po\u010ditnicah v osr\u010dju Dalmacije.<\/p>\n<p><\/span><\/p><\/div><style>.ld_spacer_69e8de98712c7{height:20px;}<\/style>\n<div class=\"ld-empty-space ld_spacer_69e8de98712c7\"><span class=\"liquid_empty_space_inner\"><\/span><\/div>[\/vc_column][\/vc_row]<\/p>\n<\/section>","protected":false},"excerpt":{"rendered":"<p>[vc_row equal_height=&#8221;yes&#8221; css=&#8221;.vc_custom_1565609857095{margin-top: 0px !important;margin-bottom: 0px !important;padding-top: 5% !important;padding-bottom: 5% !important;}&#8221;][vc_column align=&#8221;text-center&#8221; offset=&#8221;vc_col-md-offset-2 vc_col-md-8&#8243;][\/vc_column][\/vc_row][vc_row content_placement=&#8221;middle&#8221;&#8230;<\/p>\n","protected":false},"author":3,"featured_media":8574,"parent":0,"menu_order":0,"comment_status":"closed","ping_status":"closed","template":"","meta":[],"yoast_head":"<!-- This site is optimized with the Yoast SEO plugin v20.3 - https:\/\/yoast.com\/wordpress\/plugins\/seo\/ -->\n<title>Kaj pri\u010dakovati &ndash; Olivia Green Camping<\/title>\n<meta name=\"description\" content=\"Pridru\u017eite se pristnemu in popolnemu, okolju prijaznemu po\u010ditni\u0161kemu bivanju, obdanem s starodavnimi oljkami in s pla\u017eo na va\u0161em pragu.\" \/>\n<meta name=\"robots\" content=\"index, follow, max-snippet:-1, max-image-preview:large, max-video-preview:-1\" \/>\n<link rel=\"canonical\" href=\"https:\/\/oliviagreencamping.com\/sl\/kaj-pricakovati\/\" \/>\n<meta property=\"og:locale\" content=\"sl_SI\" \/>\n<meta property=\"og:type\" content=\"article\" \/>\n<meta property=\"og:title\" content=\"Kaj pri\u010dakovati &ndash; Olivia Green Camping\" \/>\n<meta property=\"og:description\" content=\"Pridru\u017eite se pristnemu in popolnemu, okolju prijaznemu po\u010ditni\u0161kemu bivanju, obdanem s starodavnimi oljkami in s pla\u017eo na va\u0161em pragu.\" \/>\n<meta property=\"og:url\" content=\"https:\/\/oliviagreencamping.com\/sl\/kaj-pricakovati\/\" \/>\n<meta property=\"og:site_name\" content=\"Olivia Green Camping\" \/>\n<meta property=\"article:publisher\" content=\"https:\/\/www.facebook.com\/OliviaGreenCamping\/\" \/>\n<meta property=\"article:modified_time\" content=\"2021-05-13T12:11:38+00:00\" \/>\n<meta property=\"og:image\" content=\"https:\/\/oliviagreencamping.com\/wp-content\/uploads\/2020\/05\/What-to-expect-main-2-1.jpg\" \/>\n\t<meta property=\"og:image:width\" content=\"1920\" \/>\n\t<meta property=\"og:image:height\" content=\"1285\" \/>\n\t<meta property=\"og:image:type\" content=\"image\/jpeg\" \/>\n<meta name=\"twitter:card\" content=\"summary_large_image\" \/>\n<meta name=\"twitter:label1\" content=\"Est. reading time\" \/>\n\t<meta name=\"twitter:data1\" content=\"5 minut\" \/>\n<script type=\"application\/ld+json\" class=\"yoast-schema-graph\">{\"@context\":\"https:\/\/schema.org\",\"@graph\":[{\"@type\":\"WebPage\",\"@id\":\"https:\/\/oliviagreencamping.com\/sl\/kaj-pricakovati\/\",\"url\":\"https:\/\/oliviagreencamping.com\/sl\/kaj-pricakovati\/\",\"name\":\"Kaj pri\u010dakovati &ndash; Olivia Green Camping\",\"isPartOf\":{\"@id\":\"https:\/\/oliviagreencamping.com\/sl\/#website\"},\"datePublished\":\"2021-05-12T08:51:28+00:00\",\"dateModified\":\"2021-05-13T12:11:38+00:00\",\"description\":\"Pridru\u017eite se pristnemu in popolnemu, okolju prijaznemu po\u010ditni\u0161kemu bivanju, obdanem s starodavnimi oljkami in s pla\u017eo na va\u0161em pragu.\",\"breadcrumb\":{\"@id\":\"https:\/\/oliviagreencamping.com\/sl\/kaj-pricakovati\/#breadcrumb\"},\"inLanguage\":\"sl-SI\",\"potentialAction\":[{\"@type\":\"ReadAction\",\"target\":[\"https:\/\/oliviagreencamping.com\/sl\/kaj-pricakovati\/\"]}]},{\"@type\":\"BreadcrumbList\",\"@id\":\"https:\/\/oliviagreencamping.com\/sl\/kaj-pricakovati\/#breadcrumb\",\"itemListElement\":[{\"@type\":\"ListItem\",\"position\":1,\"name\":\"Home\",\"item\":\"https:\/\/oliviagreencamping.com\/sl\/\"},{\"@type\":\"ListItem\",\"position\":2,\"name\":\"Kaj pri\u010dakovati\"}]},{\"@type\":\"WebSite\",\"@id\":\"https:\/\/oliviagreencamping.com\/sl\/#website\",\"url\":\"https:\/\/oliviagreencamping.com\/sl\/\",\"name\":\"Olivia Green Camping\",\"description\":\"Luxury Camping in Croatia\",\"publisher\":{\"@id\":\"https:\/\/oliviagreencamping.com\/sl\/#organization\"},\"potentialAction\":[{\"@type\":\"SearchAction\",\"target\":{\"@type\":\"EntryPoint\",\"urlTemplate\":\"https:\/\/oliviagreencamping.com\/sl\/?s={search_term_string}\"},\"query-input\":\"required name=search_term_string\"}],\"inLanguage\":\"sl-SI\"},{\"@type\":\"Organization\",\"@id\":\"https:\/\/oliviagreencamping.com\/sl\/#organization\",\"name\":\"Zelena Luka d.o.o.\",\"url\":\"https:\/\/oliviagreencamping.com\/sl\/\",\"logo\":{\"@type\":\"ImageObject\",\"inLanguage\":\"sl-SI\",\"@id\":\"https:\/\/oliviagreencamping.com\/sl\/#\/schema\/logo\/image\/\",\"url\":\"https:\/\/oliviagreencamping.com\/wp-content\/uploads\/2019\/08\/olivia_logo-07.png\",\"contentUrl\":\"https:\/\/oliviagreencamping.com\/wp-content\/uploads\/2019\/08\/olivia_logo-07.png\",\"width\":1318,\"height\":1125,\"caption\":\"Zelena Luka d.o.o.\"},\"image\":{\"@id\":\"https:\/\/oliviagreencamping.com\/sl\/#\/schema\/logo\/image\/\"},\"sameAs\":[\"https:\/\/www.facebook.com\/OliviaGreenCamping\/\",\"https:\/\/www.instagram.com\/oliviagreencamping\/\"]}]}<\/script>\n<!-- \/ Yoast SEO plugin. -->","yoast_head_json":{"title":"Kaj pri\u010dakovati &ndash; Olivia Green Camping","description":"Pridru\u017eite se pristnemu in popolnemu, okolju prijaznemu po\u010ditni\u0161kemu bivanju, obdanem s starodavnimi oljkami in s pla\u017eo na va\u0161em pragu.","robots":{"index":"index","follow":"follow","max-snippet":"max-snippet:-1","max-image-preview":"max-image-preview:large","max-video-preview":"max-video-preview:-1"},"canonical":"https:\/\/oliviagreencamping.com\/sl\/kaj-pricakovati\/","og_locale":"sl_SI","og_type":"article","og_title":"Kaj pri\u010dakovati &ndash; Olivia Green Camping","og_description":"Pridru\u017eite se pristnemu in popolnemu, okolju prijaznemu po\u010ditni\u0161kemu bivanju, obdanem s starodavnimi oljkami in s pla\u017eo na va\u0161em pragu.","og_url":"https:\/\/oliviagreencamping.com\/sl\/kaj-pricakovati\/","og_site_name":"Olivia Green Camping","article_publisher":"https:\/\/www.facebook.com\/OliviaGreenCamping\/","article_modified_time":"2021-05-13T12:11:38+00:00","og_image":[{"width":1920,"height":1285,"url":"https:\/\/oliviagreencamping.com\/wp-content\/uploads\/2020\/05\/What-to-expect-main-2-1.jpg","type":"image\/jpeg"}],"twitter_card":"summary_large_image","twitter_misc":{"Est. reading time":"5 minut"},"schema":{"@context":"https:\/\/schema.org","@graph":[{"@type":"WebPage","@id":"https:\/\/oliviagreencamping.com\/sl\/kaj-pricakovati\/","url":"https:\/\/oliviagreencamping.com\/sl\/kaj-pricakovati\/","name":"Kaj pri\u010dakovati &ndash; Olivia Green Camping","isPartOf":{"@id":"https:\/\/oliviagreencamping.com\/sl\/#website"},"datePublished":"2021-05-12T08:51:28+00:00","dateModified":"2021-05-13T12:11:38+00:00","description":"Pridru\u017eite se pristnemu in popolnemu, okolju prijaznemu po\u010ditni\u0161kemu bivanju, obdanem s starodavnimi oljkami in s pla\u017eo na va\u0161em pragu.","breadcrumb":{"@id":"https:\/\/oliviagreencamping.com\/sl\/kaj-pricakovati\/#breadcrumb"},"inLanguage":"sl-SI","potentialAction":[{"@type":"ReadAction","target":["https:\/\/oliviagreencamping.com\/sl\/kaj-pricakovati\/"]}]},{"@type":"BreadcrumbList","@id":"https:\/\/oliviagreencamping.com\/sl\/kaj-pricakovati\/#breadcrumb","itemListElement":[{"@type":"ListItem","position":1,"name":"Home","item":"https:\/\/oliviagreencamping.com\/sl\/"},{"@type":"ListItem","position":2,"name":"Kaj pri\u010dakovati"}]},{"@type":"WebSite","@id":"https:\/\/oliviagreencamping.com\/sl\/#website","url":"https:\/\/oliviagreencamping.com\/sl\/","name":"Olivia Green Camping","description":"Luxury Camping in Croatia","publisher":{"@id":"https:\/\/oliviagreencamping.com\/sl\/#organization"},"potentialAction":[{"@type":"SearchAction","target":{"@type":"EntryPoint","urlTemplate":"https:\/\/oliviagreencamping.com\/sl\/?s={search_term_string}"},"query-input":"required name=search_term_string"}],"inLanguage":"sl-SI"},{"@type":"Organization","@id":"https:\/\/oliviagreencamping.com\/sl\/#organization","name":"Zelena Luka d.o.o.","url":"https:\/\/oliviagreencamping.com\/sl\/","logo":{"@type":"ImageObject","inLanguage":"sl-SI","@id":"https:\/\/oliviagreencamping.com\/sl\/#\/schema\/logo\/image\/","url":"https:\/\/oliviagreencamping.com\/wp-content\/uploads\/2019\/08\/olivia_logo-07.png","contentUrl":"https:\/\/oliviagreencamping.com\/wp-content\/uploads\/2019\/08\/olivia_logo-07.png","width":1318,"height":1125,"caption":"Zelena Luka d.o.o."},"image":{"@id":"https:\/\/oliviagreencamping.com\/sl\/#\/schema\/logo\/image\/"},"sameAs":["https:\/\/www.facebook.com\/OliviaGreenCamping\/","https:\/\/www.instagram.com\/oliviagreencamping\/"]}]}},"_links":{"self":[{"href":"https:\/\/oliviagreencamping.com\/sl\/wp-json\/wp\/v2\/pages\/8569"}],"collection":[{"href":"https:\/\/oliviagreencamping.com\/sl\/wp-json\/wp\/v2\/pages"}],"about":[{"href":"https:\/\/oliviagreencamping.com\/sl\/wp-json\/wp\/v2\/types\/page"}],"author":[{"embeddable":true,"href":"https:\/\/oliviagreencamping.com\/sl\/wp-json\/wp\/v2\/users\/3"}],"replies":[{"embeddable":true,"href":"https:\/\/oliviagreencamping.com\/sl\/wp-json\/wp\/v2\/comments?post=8569"}],"version-history":[{"count":0,"href":"https:\/\/oliviagreencamping.com\/sl\/wp-json\/wp\/v2\/pages\/8569\/revisions"}],"wp:featuredmedia":[{"embeddable":true,"href":"https:\/\/oliviagreencamping.com\/sl\/wp-json\/wp\/v2\/media\/8574"}],"wp:attachment":[{"href":"https:\/\/oliviagreencamping.com\/sl\/wp-json\/wp\/v2\/media?parent=8569"}],"curies":[{"name":"wp","href":"https:\/\/api.w.org\/{rel}","templated":true}]}}