{"id":8584,"date":"2021-05-12T08:53:31","date_gmt":"2021-05-12T08:53:31","guid":{"rendered":"https:\/\/oliviagreencamping.com\/posadite-drevo\/"},"modified":"2024-01-12T10:28:47","modified_gmt":"2024-01-12T10:28:47","slug":"posadite-drevo","status":"publish","type":"page","link":"https:\/\/oliviagreencamping.com\/sl\/posadite-drevo\/","title":{"rendered":"Posadite drevo"},"content":{"rendered":"<section class=\"wpb-content-wrapper\"><p>[vc_row content_placement=&#8221;top&#8221; css=&#8221;.vc_custom_1577985789974{padding-top: 20px !important;padding-bottom: 40px !important;}&#8221; responsive_css=&#8221;padding_top_medium:40px&#8221;][vc_column enable_content_animation=&#8221;yes&#8221; ca_init_scale_x=&#8221;1&#8243; ca_init_scale_y=&#8221;1&#8243; ca_init_scale_z=&#8221;1&#8243; ca_init_opacity=&#8221;0&#8243; ca_an_scale_x=&#8221;1&#8243; ca_an_scale_y=&#8221;1&#8243; ca_an_scale_z=&#8221;1&#8243; ca_an_opacity=&#8221;1&#8243; offset=&#8221;vc_col-md-6&#8243; ca_duration=&#8221;1200&#8243; ca_init_translate_x=&#8221;0&#8243; ca_init_rotate_z=&#8221;1&#8243; ca_init_translate_y=&#8221;45&#8243;]<style>.ld_fancy_heading_69ee494e19863 .lqd-highlight-inner{height:0.275em;bottom:0px;}<\/style><div class=\"ld-fancy-heading ld_fancy_heading_69ee494e19863\">\n\t<h2 class=\"lqd-highlight-underline lqd-highlight-grow-left\" data-fittext=\"true\" data-fittext-options='{\"compressor\":0.65000000000000002220446049250313080847263336181640625,\"maxFontSize\":\"currentFontSize\",\"minFontSize\":\"48\"}' data-split-text=\"true\" data-custom-animations=\"true\" data-ca-options='{\"triggerHandler\":\"inview\",\"animationTarget\":\".lqd-lines .split-inner\",\"duration\":700,\"delay\":100,\"easing\":\"easeOutQuint\",\"direction\":\"forward\",\"initValues\":{\"scale\":1},\"animations\":{\"scale\":1}}' data-split-options='{\"type\":\"lines\"}'><span class=\"ld-fh-txt\"> Vrniti in narediti razliko<\/span><\/h2><\/div>[vc_empty_space height=&#8221;24px&#8221;][vc_column_text]Tudi na dopustu lahko pozitivno vplivate na okolje. Verjamemo v mo\u010d potovanja, da spremenimo \u017eivljenje in planet na bolje, in razumemo in cenimo pomen trajnosti. <strong>Zato smo se odlo\u010dili, da bomo v va\u0161em imenu<\/strong><strong> posadili eno drevo za vsakega gosta v kampu Olivia Green Camping v sodelovanju s Eden Reforestation Projects.<\/strong><\/p>\n<p>Neprofitna organizacija pomaga va\u0161\u010danom v manj razvitih in nerazvitih dr\u017eavah, ki se soo\u010dajo s skrajno rev\u0161\u010dino, tako da jim zagotavlja pla\u010dana delovna mesta za gojenje, sajenje in nego gozdnih rastlin v boju proti kr\u010denju gozdov. Do oktobra 2023 so po vsem svetu posadili \u017ee ve\u010d kot 830 milijonov dreves.<\/p>\n<p>Rezervirajte svojo nastanitev pri nas in skupaj bomo naredili razliko.<\/p>\n<p>[\/vc_column_text][vc_single_image image=&#8221;7764&#8243; img_size=&#8221;medium&#8221; alignment=&#8221;center&#8221; onclick=&#8221;custom_link&#8221; img_link_target=&#8221;_blank&#8221; link=&#8221;https:\/\/edenprojects.org\/user\/oliviagreencamping\/&#8221;][\/vc_column][vc_column offset=&#8221;vc_col-md-6&#8243;]<div id=\"ld_images_group_container_69ee494e1a0dc\" class=\"liquid-img-group-container ld_images_group_container_69ee494e1a0dc\"  >\n\t<div class=\"liquid-img-group-inner\">\n\t\t<div id=\"ld_images_group_element_69ee494e1a4e9\" class=\"liquid-img-group-single ld_images_group_element_69ee494e1a4e9\" data-reveal=\"true\" data-reveal-options='{\"direction\":\"lr\",\"bgcolor\":\"rgb(23, 64, 66)\",\"delay\":\"\"}'>\n\t\n\t\t\n\t<div class=\"liquid-img-group-img-container\">\n\t\t\n\t\t\n\t\t\t\t\n\t\t\t\t<div class=\"liquid-img-container-inner\" data-parallax=\"true\" data-parallax-from='{\"translateY\":32}' data-parallax-to='{\"translateY\":-33}' data-parallax-options='{\"overflowHidden\":false,\"easing\":\"linear\"}'>\n\t\t\t<figure ><img width=\"480\" height=\"320\" src=\"data:image\/svg+xml;charset=utf-8,&lt;svg xmlns%3D&#039;http%3A%2F%2Fwww.w3.org%2F2000%2Fsvg&#039; viewBox%3D&#039;0 0 960 640&#039;%2F&gt;\" srcset=\"\" class=\" ld-lazyload\" alt=\"\" data-src=\"https:\/\/oliviagreencamping.com\/wp-content\/uploads\/2020\/04\/20190822_Mozambique_0399.jpg\" data-srcset=\"https:\/\/oliviagreencamping.com\/wp-content\/uploads\/2020\/04\/20190822_Mozambique_0399-300x200.jpg 300w, https:\/\/oliviagreencamping.com\/wp-content\/uploads\/2020\/04\/20190822_Mozambique_0399.jpg 960w\" data-aspect=\"1.5\" \/><\/figure>\t\t\t\t\t<\/div><!-- \/.liquid-img-container-inner -->\n\t\t\n\t<\/div><!-- \/.liquid-img-group-content -->\n<\/div><!-- \/.liquid-img-group-single --><div id=\"ld_images_group_element_69ee494e26e9d\" class=\"liquid-img-group-single ld_images_group_element_69ee494e26e9d\" data-reveal=\"true\" data-reveal-options='{\"direction\":\"lr\",\"bgcolor\":\"rgb(23, 64, 66)\",\"delay\":\"\"}'>\n\t\n\t\t\n\t<div class=\"liquid-img-group-img-container\">\n\t\t\n\t\t\n\t\t\t\t\n\t\t\t\t<div class=\"liquid-img-container-inner\" data-parallax=\"true\" data-parallax-from='{\"translateY\":32}' data-parallax-to='{\"translateY\":-33}' data-parallax-options='{\"overflowHidden\":false,\"easing\":\"linear\"}'>\n\t\t\t<figure ><img width=\"480\" height=\"320\" src=\"data:image\/svg+xml;charset=utf-8,&lt;svg xmlns%3D&#039;http%3A%2F%2Fwww.w3.org%2F2000%2Fsvg&#039; viewBox%3D&#039;0 0 960 640&#039;%2F&gt;\" srcset=\"\" class=\" ld-lazyload\" alt=\"\" data-src=\"https:\/\/oliviagreencamping.com\/wp-content\/uploads\/2020\/04\/Eden-20190822_Mozambique_0325.jpg\" data-srcset=\"https:\/\/oliviagreencamping.com\/wp-content\/uploads\/2020\/04\/Eden-20190822_Mozambique_0325-300x200.jpg 300w, https:\/\/oliviagreencamping.com\/wp-content\/uploads\/2020\/04\/Eden-20190822_Mozambique_0325.jpg 960w\" data-aspect=\"1.5\" \/><\/figure>\t\t\t\t\t<\/div><!-- \/.liquid-img-container-inner -->\n\t\t\n\t<\/div><!-- \/.liquid-img-group-content -->\n<\/div><!-- \/.liquid-img-group-single --><div id=\"ld_images_group_element_69ee494e301f2\" class=\"liquid-img-group-single ld_images_group_element_69ee494e301f2\" data-reveal=\"true\" data-reveal-options='{\"direction\":\"lr\",\"bgcolor\":\"rgb(23, 64, 66)\",\"delay\":\"\"}'>\n\t\n\t\t\n\t<div class=\"liquid-img-group-img-container\">\n\t\t\n\t\t\n\t\t\t\t\n\t\t\t\t<div class=\"liquid-img-container-inner\" data-parallax=\"true\" data-parallax-from='{\"translateY\":32}' data-parallax-to='{\"translateY\":-33}' data-parallax-options='{\"overflowHidden\":false,\"easing\":\"linear\"}'>\n\t\t\t<figure ><img width=\"480\" height=\"320\" src=\"data:image\/svg+xml;charset=utf-8,&lt;svg xmlns%3D&#039;http%3A%2F%2Fwww.w3.org%2F2000%2Fsvg&#039; viewBox%3D&#039;0 0 960 640&#039;%2F&gt;\" srcset=\"\" class=\" ld-lazyload\" alt=\"\" data-src=\"https:\/\/oliviagreencamping.com\/wp-content\/uploads\/2020\/04\/Eden-reforestation_Mozambique_0067-1.jpg\" data-srcset=\"https:\/\/oliviagreencamping.com\/wp-content\/uploads\/2020\/04\/Eden-reforestation_Mozambique_0067-1-300x200.jpg 300w, https:\/\/oliviagreencamping.com\/wp-content\/uploads\/2020\/04\/Eden-reforestation_Mozambique_0067-1.jpg 960w\" data-aspect=\"1.5\" \/><\/figure>\t\t\t\t\t<\/div><!-- \/.liquid-img-container-inner -->\n\t\t\n\t<\/div><!-- \/.liquid-img-group-content -->\n<\/div><!-- \/.liquid-img-group-single --><\/p>\n\t\n\t<\/div><!-- \/.liquid-img-group-inner -->\n<\/div><!-- \/.liquid-img-group-container --><style>.ld_spacer_69ee494e3b2f6{height:32px;}<\/style>\n<div class=\"ld-empty-space ld_spacer_69ee494e3b2f6\"><span class=\"liquid_empty_space_inner\"><\/span><\/div>[\/vc_column][\/vc_row][vc_row][vc_column][vc_empty_space][\/vc_column][\/vc_row]<\/p>\n<\/section>","protected":false},"excerpt":{"rendered":"<p>[vc_row content_placement=&#8221;top&#8221; css=&#8221;.vc_custom_1577985789974{padding-top: 20px !important;padding-bottom: 40px !important;}&#8221; responsive_css=&#8221;padding_top_medium:40px&#8221;][vc_column enable_content_animation=&#8221;yes&#8221; ca_init_scale_x=&#8221;1&#8243; ca_init_scale_y=&#8221;1&#8243; ca_init_scale_z=&#8221;1&#8243; ca_init_opacity=&#8221;0&#8243; ca_an_scale_x=&#8221;1&#8243; ca_an_scale_y=&#8221;1&#8243;&#8230;<\/p>\n","protected":false},"author":3,"featured_media":7752,"parent":0,"menu_order":0,"comment_status":"closed","ping_status":"closed","template":"","meta":[],"yoast_head":"<!-- This site is optimized with the Yoast SEO plugin v20.3 - https:\/\/yoast.com\/wordpress\/plugins\/seo\/ -->\n<title>Posadite drevo &ndash; Olivia Green Camping<\/title>\n<meta name=\"description\" content=\"We decided to plant one tree in your name for every reservation made at Olivia Green Camping, in partnership with the Eden Reforestation Projects.\" \/>\n<meta name=\"robots\" content=\"index, follow, max-snippet:-1, max-image-preview:large, max-video-preview:-1\" \/>\n<link rel=\"canonical\" href=\"https:\/\/oliviagreencamping.com\/sl\/posadite-drevo\/\" \/>\n<meta property=\"og:locale\" content=\"sl_SI\" \/>\n<meta property=\"og:type\" content=\"article\" \/>\n<meta property=\"og:title\" content=\"Posadite drevo &ndash; Olivia Green Camping\" \/>\n<meta property=\"og:description\" content=\"We decided to plant one tree in your name for every reservation made at Olivia Green Camping, in partnership with the Eden Reforestation Projects.\" \/>\n<meta property=\"og:url\" content=\"https:\/\/oliviagreencamping.com\/sl\/posadite-drevo\/\" \/>\n<meta property=\"og:site_name\" content=\"Olivia Green Camping\" \/>\n<meta property=\"article:publisher\" content=\"https:\/\/www.facebook.com\/OliviaGreenCamping\/\" \/>\n<meta property=\"article:modified_time\" content=\"2024-01-12T10:28:47+00:00\" \/>\n<meta property=\"og:image\" content=\"https:\/\/oliviagreencamping.com\/wp-content\/uploads\/2020\/04\/Plant-a-tree-main-1.jpg\" \/>\n\t<meta property=\"og:image:width\" content=\"1920\" \/>\n\t<meta property=\"og:image:height\" content=\"1280\" \/>\n\t<meta property=\"og:image:type\" content=\"image\/jpeg\" \/>\n<meta name=\"twitter:card\" content=\"summary_large_image\" \/>\n<meta name=\"twitter:label1\" content=\"Est. reading time\" \/>\n\t<meta name=\"twitter:data1\" content=\"1 minuta\" \/>\n<script type=\"application\/ld+json\" class=\"yoast-schema-graph\">{\"@context\":\"https:\/\/schema.org\",\"@graph\":[{\"@type\":\"WebPage\",\"@id\":\"https:\/\/oliviagreencamping.com\/sl\/posadite-drevo\/\",\"url\":\"https:\/\/oliviagreencamping.com\/sl\/posadite-drevo\/\",\"name\":\"Posadite drevo &ndash; Olivia Green Camping\",\"isPartOf\":{\"@id\":\"https:\/\/oliviagreencamping.com\/sl\/#website\"},\"datePublished\":\"2021-05-12T08:53:31+00:00\",\"dateModified\":\"2024-01-12T10:28:47+00:00\",\"description\":\"We decided to plant one tree in your name for every reservation made at Olivia Green Camping, in partnership with the Eden Reforestation Projects.\",\"breadcrumb\":{\"@id\":\"https:\/\/oliviagreencamping.com\/sl\/posadite-drevo\/#breadcrumb\"},\"inLanguage\":\"sl-SI\",\"potentialAction\":[{\"@type\":\"ReadAction\",\"target\":[\"https:\/\/oliviagreencamping.com\/sl\/posadite-drevo\/\"]}]},{\"@type\":\"BreadcrumbList\",\"@id\":\"https:\/\/oliviagreencamping.com\/sl\/posadite-drevo\/#breadcrumb\",\"itemListElement\":[{\"@type\":\"ListItem\",\"position\":1,\"name\":\"Home\",\"item\":\"https:\/\/oliviagreencamping.com\/sl\/\"},{\"@type\":\"ListItem\",\"position\":2,\"name\":\"Posadite drevo\"}]},{\"@type\":\"WebSite\",\"@id\":\"https:\/\/oliviagreencamping.com\/sl\/#website\",\"url\":\"https:\/\/oliviagreencamping.com\/sl\/\",\"name\":\"Olivia Green Camping\",\"description\":\"Luxury Camping in Croatia\",\"publisher\":{\"@id\":\"https:\/\/oliviagreencamping.com\/sl\/#organization\"},\"potentialAction\":[{\"@type\":\"SearchAction\",\"target\":{\"@type\":\"EntryPoint\",\"urlTemplate\":\"https:\/\/oliviagreencamping.com\/sl\/?s={search_term_string}\"},\"query-input\":\"required name=search_term_string\"}],\"inLanguage\":\"sl-SI\"},{\"@type\":\"Organization\",\"@id\":\"https:\/\/oliviagreencamping.com\/sl\/#organization\",\"name\":\"Zelena Luka d.o.o.\",\"url\":\"https:\/\/oliviagreencamping.com\/sl\/\",\"logo\":{\"@type\":\"ImageObject\",\"inLanguage\":\"sl-SI\",\"@id\":\"https:\/\/oliviagreencamping.com\/sl\/#\/schema\/logo\/image\/\",\"url\":\"https:\/\/oliviagreencamping.com\/wp-content\/uploads\/2019\/08\/olivia_logo-07.png\",\"contentUrl\":\"https:\/\/oliviagreencamping.com\/wp-content\/uploads\/2019\/08\/olivia_logo-07.png\",\"width\":1318,\"height\":1125,\"caption\":\"Zelena Luka d.o.o.\"},\"image\":{\"@id\":\"https:\/\/oliviagreencamping.com\/sl\/#\/schema\/logo\/image\/\"},\"sameAs\":[\"https:\/\/www.facebook.com\/OliviaGreenCamping\/\",\"https:\/\/www.instagram.com\/oliviagreencamping\/\"]}]}<\/script>\n<!-- \/ Yoast SEO plugin. -->","yoast_head_json":{"title":"Posadite drevo &ndash; Olivia Green Camping","description":"We decided to plant one tree in your name for every reservation made at Olivia Green Camping, in partnership with the Eden Reforestation Projects.","robots":{"index":"index","follow":"follow","max-snippet":"max-snippet:-1","max-image-preview":"max-image-preview:large","max-video-preview":"max-video-preview:-1"},"canonical":"https:\/\/oliviagreencamping.com\/sl\/posadite-drevo\/","og_locale":"sl_SI","og_type":"article","og_title":"Posadite drevo &ndash; Olivia Green Camping","og_description":"We decided to plant one tree in your name for every reservation made at Olivia Green Camping, in partnership with the Eden Reforestation Projects.","og_url":"https:\/\/oliviagreencamping.com\/sl\/posadite-drevo\/","og_site_name":"Olivia Green Camping","article_publisher":"https:\/\/www.facebook.com\/OliviaGreenCamping\/","article_modified_time":"2024-01-12T10:28:47+00:00","og_image":[{"width":1920,"height":1280,"url":"https:\/\/oliviagreencamping.com\/wp-content\/uploads\/2020\/04\/Plant-a-tree-main-1.jpg","type":"image\/jpeg"}],"twitter_card":"summary_large_image","twitter_misc":{"Est. reading time":"1 minuta"},"schema":{"@context":"https:\/\/schema.org","@graph":[{"@type":"WebPage","@id":"https:\/\/oliviagreencamping.com\/sl\/posadite-drevo\/","url":"https:\/\/oliviagreencamping.com\/sl\/posadite-drevo\/","name":"Posadite drevo &ndash; Olivia Green Camping","isPartOf":{"@id":"https:\/\/oliviagreencamping.com\/sl\/#website"},"datePublished":"2021-05-12T08:53:31+00:00","dateModified":"2024-01-12T10:28:47+00:00","description":"We decided to plant one tree in your name for every reservation made at Olivia Green Camping, in partnership with the Eden Reforestation Projects.","breadcrumb":{"@id":"https:\/\/oliviagreencamping.com\/sl\/posadite-drevo\/#breadcrumb"},"inLanguage":"sl-SI","potentialAction":[{"@type":"ReadAction","target":["https:\/\/oliviagreencamping.com\/sl\/posadite-drevo\/"]}]},{"@type":"BreadcrumbList","@id":"https:\/\/oliviagreencamping.com\/sl\/posadite-drevo\/#breadcrumb","itemListElement":[{"@type":"ListItem","position":1,"name":"Home","item":"https:\/\/oliviagreencamping.com\/sl\/"},{"@type":"ListItem","position":2,"name":"Posadite drevo"}]},{"@type":"WebSite","@id":"https:\/\/oliviagreencamping.com\/sl\/#website","url":"https:\/\/oliviagreencamping.com\/sl\/","name":"Olivia Green Camping","description":"Luxury Camping in Croatia","publisher":{"@id":"https:\/\/oliviagreencamping.com\/sl\/#organization"},"potentialAction":[{"@type":"SearchAction","target":{"@type":"EntryPoint","urlTemplate":"https:\/\/oliviagreencamping.com\/sl\/?s={search_term_string}"},"query-input":"required name=search_term_string"}],"inLanguage":"sl-SI"},{"@type":"Organization","@id":"https:\/\/oliviagreencamping.com\/sl\/#organization","name":"Zelena Luka d.o.o.","url":"https:\/\/oliviagreencamping.com\/sl\/","logo":{"@type":"ImageObject","inLanguage":"sl-SI","@id":"https:\/\/oliviagreencamping.com\/sl\/#\/schema\/logo\/image\/","url":"https:\/\/oliviagreencamping.com\/wp-content\/uploads\/2019\/08\/olivia_logo-07.png","contentUrl":"https:\/\/oliviagreencamping.com\/wp-content\/uploads\/2019\/08\/olivia_logo-07.png","width":1318,"height":1125,"caption":"Zelena Luka d.o.o."},"image":{"@id":"https:\/\/oliviagreencamping.com\/sl\/#\/schema\/logo\/image\/"},"sameAs":["https:\/\/www.facebook.com\/OliviaGreenCamping\/","https:\/\/www.instagram.com\/oliviagreencamping\/"]}]}},"_links":{"self":[{"href":"https:\/\/oliviagreencamping.com\/sl\/wp-json\/wp\/v2\/pages\/8584"}],"collection":[{"href":"https:\/\/oliviagreencamping.com\/sl\/wp-json\/wp\/v2\/pages"}],"about":[{"href":"https:\/\/oliviagreencamping.com\/sl\/wp-json\/wp\/v2\/types\/page"}],"author":[{"embeddable":true,"href":"https:\/\/oliviagreencamping.com\/sl\/wp-json\/wp\/v2\/users\/3"}],"replies":[{"embeddable":true,"href":"https:\/\/oliviagreencamping.com\/sl\/wp-json\/wp\/v2\/comments?post=8584"}],"version-history":[{"count":1,"href":"https:\/\/oliviagreencamping.com\/sl\/wp-json\/wp\/v2\/pages\/8584\/revisions"}],"predecessor-version":[{"id":15808,"href":"https:\/\/oliviagreencamping.com\/sl\/wp-json\/wp\/v2\/pages\/8584\/revisions\/15808"}],"wp:featuredmedia":[{"embeddable":true,"href":"https:\/\/oliviagreencamping.com\/sl\/wp-json\/wp\/v2\/media\/7752"}],"wp:attachment":[{"href":"https:\/\/oliviagreencamping.com\/sl\/wp-json\/wp\/v2\/media?parent=8584"}],"curies":[{"name":"wp","href":"https:\/\/api.w.org\/{rel}","templated":true}]}}