{"id":8606,"date":"2021-05-12T09:12:14","date_gmt":"2021-05-12T09:12:14","guid":{"rendered":"https:\/\/oliviagreencamping.com\/plaze\/"},"modified":"2024-05-28T07:11:04","modified_gmt":"2024-05-28T07:11:04","slug":"plaze","status":"publish","type":"page","link":"https:\/\/oliviagreencamping.com\/sl\/plaze\/","title":{"rendered":"Pla\u017ee"},"content":{"rendered":"<section class=\"wpb-content-wrapper\"><p>[vc_row content_placement=&#8221;top&#8221; css=&#8221;.vc_custom_1577985789974{padding-top: 20px !important;padding-bottom: 40px !important;}&#8221; responsive_css=&#8221;padding_top_medium:40px&#8221;][vc_column enable_content_animation=&#8221;yes&#8221; ca_init_scale_x=&#8221;1&#8243; ca_init_scale_y=&#8221;1&#8243; ca_init_scale_z=&#8221;1&#8243; ca_init_opacity=&#8221;0&#8243; ca_an_scale_x=&#8221;1&#8243; ca_an_scale_y=&#8221;1&#8243; ca_an_scale_z=&#8221;1&#8243; ca_an_opacity=&#8221;1&#8243; offset=&#8221;vc_col-md-6&#8243; ca_duration=&#8221;1200&#8243; ca_init_translate_x=&#8221;0&#8243; ca_init_rotate_z=&#8221;1&#8243; ca_init_translate_y=&#8221;45&#8243;]<style>.ld_fancy_heading_6a039bb00e772 .lqd-highlight-inner{height:0.275em;bottom:0px;}<\/style><div class=\"ld-fancy-heading ld_fancy_heading_6a039bb00e772\">\n\t<h2 class=\"lqd-highlight-underline lqd-highlight-grow-left\" data-fittext=\"true\" data-fittext-options='{\"compressor\":0.65000000000000002220446049250313080847263336181640625,\"maxFontSize\":\"currentFontSize\",\"minFontSize\":\"48\"}' data-split-text=\"true\" data-custom-animations=\"true\" data-ca-options='{\"triggerHandler\":\"inview\",\"animationTarget\":\".lqd-lines .split-inner\",\"duration\":700,\"delay\":100,\"easing\":\"easeOutQuint\",\"direction\":\"forward\",\"initValues\":{\"scale\":1},\"animations\":{\"scale\":1}}' data-split-options='{\"type\":\"lines\"}'><span class=\"ld-fh-txt\"> U\u017eivajte v soncu<\/span><\/h2><\/div>[vc_empty_space height=&#8221;24px&#8221;][vc_column_text]Na\u0161a pla\u017ea je na odli\u010dni lokaciji, ves dan na soncu, zlasti v popoldanskih urah. En del pla\u017ee je tlakovan s kamnom, drugi del pa je prodnata pla\u017ea, tako da lahko izberete, katera od teh je va\u0161e idealno mesto za (odgovorno) porjavelost.<\/p>\n<p>Navdu\u0161eni obiskovalci pla\u017ee bodo z veseljem spoznali, da je tu morsko dno pe\u0161\u010deno, kot nala\u0161\u010d za igre z \u017eogo v vodi. Doma\u010dini vas lahko nau\u010dijo, kako igrati Picigin, najljub\u0161o dalmatinsko igro z \u017eogo na pla\u017ei, ki se igra v plitvi vodi.<\/p>\n<p><strong>Psom prijazna pla\u017ea<\/strong><\/p>\n<p>Smo hi\u0161nim ljubljen\u010dkom prijazen kraj in verjamemo, da je va\u0161 pes enakovreden \u010dlan dru\u017eine. Kot tak si zaslu\u017ei, da z vami u\u017eiva v po\u010ditnicah. Lo\u010dili smo del pla\u017ee, kjer lahko va\u0161i psi nemoteno u\u017eivajo.<\/p>\n<p>Prosimo, upo\u0161tevajte, da morate svojega psa spremljati ves \u010das, saj bodo na pla\u017ei tudi drugi psi &#8211; poskrbite, da se bodo vsi razumeli.<\/p>\n<p>Va\u0161 ljubljen\u010dek si lahko privo\u0161\u010di osve\u017eilno umivanje in odstranjevanje slane vode pod tu\u0161em na pla\u017ei.<\/p>\n<p>Zaradi varnosti otrok, ki ne poznajo pravil obna\u0161anja s psi, je treba pse dr\u017eati na povodcu in jim ni dovoljeno hoditi na otro\u0161ko igri\u0161\u010de. Za ve\u010d informacij o hi\u0161nih ljubljen\u010dkih glejte hi\u0161ni red.<\/p>\n<p><strong>Pla\u017ea Tisno<\/strong><\/p>\n<p>Dru\u017eini prijazna pla\u017ea Tisno je prekrita s prodom in ponuja tudi \u0161portno igri\u0161\u010de za otroke.<\/p>\n<p><strong>Pla\u017ea Slanica<\/strong><\/p>\n<p>Na Murterju je Slanico vsekakor vredno obiskati. Turkizna voda in pe\u0161\u010dena pla\u017ea, obdana z borovci, so sestavni deli za lahkotno in zabavno bivanje na pla\u017ei za vso dru\u017eino. Vodni tobogan in igri\u0161\u010de bodo zabavali va\u0161e otroke, medtem ko se boste lahko sprostili in osve\u017eili v enem od barov na pla\u017ei.<\/p>\n<p><strong>Pla\u017ea Lovi\u0161\u0107a<\/strong><\/p>\n<p>Lovi\u0161\u0107a, Jezera se nahaja tudi na Murterju. Na voljo je veliko sence z betonskimi tlemi in prodnato pla\u017eo. Otro\u0161ko igri\u0161\u010de in \u0161portno igri\u0161\u010de ponujata zabavo in rekreacijo za mlaj\u0161e.[\/vc_column_text][\/vc_column][vc_column offset=&#8221;vc_col-md-6&#8243;][vc_empty_space height=&#8221;120px&#8221;]<div id=\"ld_images_group_container_6a039bb00ed5a\" class=\"liquid-img-group-container ld_images_group_container_6a039bb00ed5a\"  >\n\t<div class=\"liquid-img-group-inner\">\n\t\t<div id=\"ld_images_group_element_6a039bb00efa3\" class=\"liquid-img-group-single ld_images_group_element_6a039bb00efa3\" data-reveal=\"true\" data-reveal-options='{\"direction\":\"lr\",\"bgcolor\":\"rgb(23, 64, 66)\",\"delay\":\"\"}'>\n\t\n\t\t\n\t<div class=\"liquid-img-group-img-container\">\n\t\t\n\t\t\n\t\t\t\t\n\t\t\t\t<div class=\"liquid-img-container-inner\" data-parallax=\"true\" data-parallax-from='{\"translateY\":32}' data-parallax-to='{\"translateY\":-33}' data-parallax-options='{\"overflowHidden\":false,\"easing\":\"linear\"}'>\n\t\t\t<figure ><img width=\"1920\" height=\"1079\" src=\"data:image\/svg+xml;charset=utf-8,&lt;svg xmlns%3D&#039;http%3A%2F%2Fwww.w3.org%2F2000%2Fsvg&#039; viewBox%3D&#039;0 0 1920 1079&#039;%2F&gt;\" srcset=\"\" class=\" ld-lazyload\" alt=\"\" data-src=\"https:\/\/oliviagreencamping.com\/wp-content\/uploads\/2022\/01\/Beach-1.jpg\" data-srcset=\"https:\/\/oliviagreencamping.com\/wp-content\/uploads\/2022\/01\/Beach-1-300x169.jpg 300w, https:\/\/oliviagreencamping.com\/wp-content\/uploads\/2022\/01\/Beach-1-1024x575.jpg 1024w, https:\/\/oliviagreencamping.com\/wp-content\/uploads\/2022\/01\/Beach-1.jpg 1920w\" data-aspect=\"1.7794253938832\" \/><\/figure>\t\t\t\t\t<\/div><!-- \/.liquid-img-container-inner -->\n\t\t\n\t<\/div><!-- \/.liquid-img-group-content -->\n<\/div><!-- \/.liquid-img-group-single --><div id=\"ld_images_group_element_6a039bb0180b7\" class=\"liquid-img-group-single ld_images_group_element_6a039bb0180b7\" data-reveal=\"true\" data-reveal-options='{\"direction\":\"lr\",\"bgcolor\":\"rgb(23, 64, 66)\",\"delay\":\"\"}'>\n\t\n\t\t\n\t<div class=\"liquid-img-group-img-container\">\n\t\t\n\t\t\n\t\t\t\t\n\t\t\t\t<div class=\"liquid-img-container-inner\" data-parallax=\"true\" data-parallax-from='{\"translateY\":32}' data-parallax-to='{\"translateY\":-33}' data-parallax-options='{\"overflowHidden\":false,\"easing\":\"linear\"}'>\n\t\t\t<figure ><img width=\"960\" height=\"641\" src=\"data:image\/svg+xml;charset=utf-8,&lt;svg xmlns%3D&#039;http%3A%2F%2Fwww.w3.org%2F2000%2Fsvg&#039; viewBox%3D&#039;0 0 960 641&#039;%2F&gt;\" srcset=\"\" class=\" ld-lazyload\" alt=\"\" data-src=\"https:\/\/oliviagreencamping.com\/wp-content\/uploads\/2020\/11\/Beaches-umjesto-sada\u0161nje-srednje-fotke-na-Beaches-stranici-1-1.jpg\" data-srcset=\"https:\/\/oliviagreencamping.com\/wp-content\/uploads\/2020\/11\/Beaches-umjesto-sada\u0161nje-srednje-fotke-na-Beaches-stranici-1-1-300x200.jpg 300w, https:\/\/oliviagreencamping.com\/wp-content\/uploads\/2020\/11\/Beaches-umjesto-sada\u0161nje-srednje-fotke-na-Beaches-stranici-1-1.jpg 960w\" data-aspect=\"1.4976599063963\" \/><\/figure>\t\t\t\t\t<\/div><!-- \/.liquid-img-container-inner -->\n\t\t\n\t<\/div><!-- \/.liquid-img-group-content -->\n<\/div><!-- \/.liquid-img-group-single --><div id=\"ld_images_group_element_6a039bb01fc02\" class=\"liquid-img-group-single ld_images_group_element_6a039bb01fc02\" data-reveal=\"true\" data-reveal-options='{\"direction\":\"lr\",\"bgcolor\":\"rgb(23, 64, 66)\",\"delay\":\"\"}'>\n\t\n\t\t\n\t<div class=\"liquid-img-group-img-container\">\n\t\t\n\t\t\n\t\t\t\t\n\t\t\t\t<div class=\"liquid-img-container-inner\" data-parallax=\"true\" data-parallax-from='{\"translateY\":32}' data-parallax-to='{\"translateY\":-33}' data-parallax-options='{\"overflowHidden\":false,\"easing\":\"linear\"}'>\n\t\t\t<figure ><img width=\"960\" height=\"540\" src=\"data:image\/svg+xml;charset=utf-8,&lt;svg xmlns%3D&#039;http%3A%2F%2Fwww.w3.org%2F2000%2Fsvg&#039; viewBox%3D&#039;0 0 960 540&#039;%2F&gt;\" srcset=\"\" class=\" ld-lazyload\" alt=\"\" data-src=\"https:\/\/oliviagreencamping.com\/wp-content\/uploads\/2020\/05\/Beaches-dog-friendly-beach-2-1.jpg\" data-srcset=\"https:\/\/oliviagreencamping.com\/wp-content\/uploads\/2020\/05\/Beaches-dog-friendly-beach-2-1-300x169.jpg 300w, https:\/\/oliviagreencamping.com\/wp-content\/uploads\/2020\/05\/Beaches-dog-friendly-beach-2-1.jpg 960w\" data-aspect=\"1.7777777777778\" \/><\/figure>\t\t\t\t\t<\/div><!-- \/.liquid-img-container-inner -->\n\t\t\n\t<\/div><!-- \/.liquid-img-group-content -->\n<\/div><!-- \/.liquid-img-group-single --><\/p>\n\t\n\t<\/div><!-- \/.liquid-img-group-inner -->\n<\/div><!-- \/.liquid-img-group-container --><style>.ld_spacer_6a039bb029378{height:32px;}<\/style>\n<div class=\"ld-empty-space ld_spacer_6a039bb029378\"><span class=\"liquid_empty_space_inner\"><\/span><\/div>[\/vc_column][\/vc_row][vc_row][vc_column align=&#8221;text-center&#8221;][vc_empty_space]<a href=\"https:\/\/tourmkr.com\/F1yK1F4x1E\/38226715p&#038;194.93h&#038;88.92t\" target=\"_blank\" class=\"btn btn-solid btn-lg btn-bordered border-thin ld_button_6a039bb029674\">\n\t<span>\n\t\t\n\t\t\t\t\t<span class=\"btn-txt\">Virtualni ogled<\/span>\n\t\t\t\n\t\t\t\t<\/span>\n<\/a>\n[vc_empty_space][\/vc_column][\/vc_row]<\/p>\n<p>[vc_column]<header class=\"fancy-title text-center ld_section_title_6a039bb02a74d\">\n\t<h2>Na\u0161e dejavnosti<\/h2>\t\t<\/header>[\/vc_column][vc_row css=&#8221;.vc_custom_1715946512754{margin-bottom: 40px !important;}&#8221;][vc_column width=&#8221;1\/4&#8243;][vc_hoverbox image=&#8221;16929&#8243; primary_title=&#8221;Pool Bar&#8221; primary_title_font_container=&#8221;font_size:30|color:%23ffffff&#8221; hover_title=&#8221;Pool Bar&#8221; hover_title_font_container=&#8221;font_size:30|color:%23f7f7f7&#8243; hover_background_color=&#8221;custom&#8221; hover_btn_title=&#8221;Preberi ve\u010d&#8221; hover_btn_color=&#8221;white&#8221; use_custom_fonts_primary_title=&#8221;true&#8221; use_custom_fonts_hover_title=&#8221;true&#8221; hover_add_button=&#8221;true&#8221; hover_custom_background=&#8221;#69806a&#8221; primary_title_link=&#8221;url:https%3A%2F%2Foliviagreencamping.com%2Fsl%2Fpool-bar%2F&#8221; hover_title_link=&#8221;url:https%3A%2F%2Foliviagreencamping.com%2Fsl%2Fpool-bar%2F&#8221; hover_btn_link=&#8221;url:https%3A%2F%2Foliviagreencamping.com%2Fsl%2Fpool-bar%2F&#8221;][\/vc_hoverbox][\/vc_column][vc_column width=&#8221;1\/4&#8243;][vc_hoverbox image=&#8221;16919&#8243; primary_title=&#8221;Izleti in aktivnosti&#8221; primary_title_font_container=&#8221;font_size:30|color:%23ffffff&#8221; hover_title=&#8221;Izleti in aktivnosti&#8221; hover_title_font_container=&#8221;font_size:30|color:%23f7f7f7&#8243; hover_background_color=&#8221;custom&#8221; hover_btn_title=&#8221;Preberi ve\u010d&#8221; hover_btn_color=&#8221;white&#8221; use_custom_fonts_primary_title=&#8221;true&#8221; use_custom_fonts_hover_title=&#8221;true&#8221; hover_add_button=&#8221;true&#8221; hover_custom_background=&#8221;#69806a&#8221; primary_title_link=&#8221;url:https%3A%2F%2Foliviagreencamping.com%2Fsl%2Fizleti-in-aktivnosti%2F&#8221; hover_title_link=&#8221;url:https%3A%2F%2Foliviagreencamping.com%2Fsl%2Fizleti-in-aktivnosti%2F&#8221; hover_btn_link=&#8221;url:https%3A%2F%2Foliviagreencamping.com%2Fsl%2Fizleti-in-aktivnosti%2F&#8221;][\/vc_hoverbox][\/vc_column][vc_column width=&#8221;1\/4&#8243;][vc_hoverbox image=&#8221;17586&#8243; primary_title=&#8221;Animacija&#8221; primary_title_font_container=&#8221;font_size:30|color:%23ffffff&#8221; hover_title=&#8221;Animacija&#8221; hover_title_font_container=&#8221;font_size:30|color:%23f7f7f7&#8243; hover_background_color=&#8221;custom&#8221; hover_btn_title=&#8221;Preberi ve\u010d&#8221; hover_btn_color=&#8221;white&#8221; use_custom_fonts_primary_title=&#8221;true&#8221; use_custom_fonts_hover_title=&#8221;true&#8221; hover_add_button=&#8221;true&#8221; hover_custom_background=&#8221;#69806a&#8221; primary_title_link=&#8221;url:https%3A%2F%2Foliviagreencamping.com%2Fsl%2Fanimacija%2F&#8221; hover_title_link=&#8221;url:https%3A%2F%2Foliviagreencamping.com%2Fsl%2Fanimacija%2F&#8221; hover_btn_link=&#8221;url:https%3A%2F%2Foliviagreencamping.com%2Fsl%2Fanimacija%2F&#8221;][\/vc_hoverbox][\/vc_column][vc_column width=&#8221;1\/4&#8243;][vc_hoverbox image=&#8221;17592&#8243; primary_title=&#8221;Pla\u017ee&#8221; primary_title_font_container=&#8221;font_size:30|color:%23ffffff&#8221; hover_title=&#8221;Pla\u017ee&#8221; hover_title_font_container=&#8221;font_size:30|color:%23f7f7f7&#8243; hover_background_color=&#8221;custom&#8221; hover_btn_title=&#8221;Preberi ve\u010d&#8221; hover_btn_color=&#8221;white&#8221; use_custom_fonts_primary_title=&#8221;true&#8221; use_custom_fonts_hover_title=&#8221;true&#8221; hover_add_button=&#8221;true&#8221; hover_custom_background=&#8221;#69806a&#8221; primary_title_link=&#8221;url:https%3A%2F%2Foliviagreencamping.com%2Fhr%2Fplaze%2F&#8221; hover_title_link=&#8221;url:https%3A%2F%2Foliviagreencamping.com%2Fhr%2Fplaze%2F&#8221; hover_btn_link=&#8221;url:https%3A%2F%2Foliviagreencamping.com%2Fhr%2Fplaze%2F&#8221;][\/vc_hoverbox][\/vc_column][\/vc_row][vc_row css=&#8221;.vc_custom_1715946512754{margin-bottom: 40px !important;}&#8221;][vc_column width=&#8221;1\/4&#8243;][vc_hoverbox image=&#8221;16909&#8243; primary_title=&#8221;Naravne znamenitosti&#8221; primary_title_font_container=&#8221;font_size:30|color:%23ffffff&#8221; hover_title=&#8221;Naravne znamenitosti&#8221; hover_title_font_container=&#8221;font_size:30|color:%23f7f7f7&#8243; hover_background_color=&#8221;custom&#8221; hover_btn_title=&#8221;Preberi ve\u010d&#8221; hover_btn_color=&#8221;white&#8221; use_custom_fonts_primary_title=&#8221;true&#8221; use_custom_fonts_hover_title=&#8221;true&#8221; hover_add_button=&#8221;true&#8221; hover_custom_background=&#8221;#69806a&#8221; primary_title_link=&#8221;url:https%3A%2F%2Foliviagreencamping.com%2Fsl%2Fnaravne-znamenitosti%2F&#8221; hover_title_link=&#8221;url:https%3A%2F%2Foliviagreencamping.com%2Fsl%2Fnaravne-znamenitosti%2F&#8221; hover_btn_link=&#8221;url:https%3A%2F%2Foliviagreencamping.com%2Fsl%2Fnaravne-znamenitosti%2F&#8221;][\/vc_hoverbox][\/vc_column][vc_column width=&#8221;1\/4&#8243;][vc_hoverbox image=&#8221;16914&#8243; primary_title=&#8221;Bli\u017enja mesta&#8221; primary_title_font_container=&#8221;font_size:30|color:%23ffffff&#8221; hover_title=&#8221;Bli\u017enja mesta&#8221; hover_title_font_container=&#8221;font_size:30|color:%23f7f7f7&#8243; hover_background_color=&#8221;custom&#8221; hover_btn_title=&#8221;Preberi ve\u010d&#8221; hover_btn_color=&#8221;white&#8221; use_custom_fonts_primary_title=&#8221;true&#8221; use_custom_fonts_hover_title=&#8221;true&#8221; hover_add_button=&#8221;true&#8221; hover_custom_background=&#8221;#69806a&#8221; primary_title_link=&#8221;url:https%3A%2F%2Foliviagreencamping.com%2Fsl%2Fbliznja-mesta%2F&#8221; hover_title_link=&#8221;url:https%3A%2F%2Foliviagreencamping.com%2Fsl%2Fbliznja-mesta%2F&#8221; hover_btn_link=&#8221;url:https%3A%2F%2Foliviagreencamping.com%2Fsl%2Fbliznja-mesta%2F&#8221;][\/vc_hoverbox][\/vc_column][vc_column width=&#8221;1\/4&#8243;][vc_hoverbox image=&#8221;17597&#8243; primary_title=&#8221;Glasbeni festivali&#8221; primary_title_font_container=&#8221;font_size:30|color:%23ffffff&#8221; hover_title=&#8221;Glasbeni festivali&#8221; hover_title_font_container=&#8221;font_size:30|color:%23f7f7f7&#8243; hover_background_color=&#8221;custom&#8221; hover_btn_title=&#8221;Preberi ve\u010d&#8221; hover_btn_color=&#8221;white&#8221; use_custom_fonts_primary_title=&#8221;true&#8221; use_custom_fonts_hover_title=&#8221;true&#8221; hover_add_button=&#8221;true&#8221; hover_custom_background=&#8221;#69806a&#8221; primary_title_link=&#8221;url:https%3A%2F%2Foliviagreencamping.com%2Fsl%2Fglasbeni-festivali%2F&#8221; hover_title_link=&#8221;url:https%3A%2F%2Foliviagreencamping.com%2Fsl%2Fglasbeni-festivali%2F&#8221; hover_btn_link=&#8221;url:https%3A%2F%2Foliviagreencamping.com%2Fsl%2Fglasbeni-festivali%2F&#8221;][\/vc_hoverbox][\/vc_column][vc_column width=&#8221;1\/4&#8243;][\/vc_column][\/vc_row]<\/p>\n<\/section>","protected":false},"excerpt":{"rendered":"<p>[vc_row content_placement=&#8221;top&#8221; css=&#8221;.vc_custom_1577985789974{padding-top: 20px !important;padding-bottom: 40px !important;}&#8221; responsive_css=&#8221;padding_top_medium:40px&#8221;][vc_column enable_content_animation=&#8221;yes&#8221; ca_init_scale_x=&#8221;1&#8243; ca_init_scale_y=&#8221;1&#8243; ca_init_scale_z=&#8221;1&#8243; ca_init_opacity=&#8221;0&#8243; ca_an_scale_x=&#8221;1&#8243; ca_an_scale_y=&#8221;1&#8243;&#8230;<\/p>\n","protected":false},"author":3,"featured_media":8609,"parent":0,"menu_order":0,"comment_status":"closed","ping_status":"closed","template":"","meta":[],"yoast_head":"<!-- This site is optimized with the Yoast SEO plugin v20.3 - https:\/\/yoast.com\/wordpress\/plugins\/seo\/ -->\n<title>Pla\u017ee &ndash; Olivia Green Camping<\/title>\n<meta name=\"description\" content=\"Our beach is in a prime location that enjoys sun all day long, particularly in the afternoon hours. We have a dog-friendly section of the beach.\" \/>\n<meta name=\"robots\" content=\"index, follow, max-snippet:-1, max-image-preview:large, max-video-preview:-1\" \/>\n<link rel=\"canonical\" href=\"https:\/\/oliviagreencamping.com\/sl\/plaze\/\" \/>\n<meta property=\"og:locale\" content=\"sl_SI\" \/>\n<meta property=\"og:type\" content=\"article\" \/>\n<meta property=\"og:title\" content=\"Pla\u017ee &ndash; Olivia Green Camping\" \/>\n<meta property=\"og:description\" content=\"Our beach is in a prime location that enjoys sun all day long, particularly in the afternoon hours. We have a dog-friendly section of the beach.\" \/>\n<meta property=\"og:url\" content=\"https:\/\/oliviagreencamping.com\/sl\/plaze\/\" \/>\n<meta property=\"og:site_name\" content=\"Olivia Green Camping\" \/>\n<meta property=\"article:publisher\" content=\"https:\/\/www.facebook.com\/OliviaGreenCamping\/\" \/>\n<meta property=\"article:modified_time\" content=\"2024-05-28T07:11:04+00:00\" \/>\n<meta property=\"og:image\" content=\"https:\/\/oliviagreencamping.com\/wp-content\/uploads\/2020\/04\/Beaches-main.jpg\" \/>\n\t<meta property=\"og:image:width\" content=\"1920\" \/>\n\t<meta property=\"og:image:height\" content=\"1080\" \/>\n\t<meta property=\"og:image:type\" content=\"image\/jpeg\" \/>\n<meta name=\"twitter:card\" content=\"summary_large_image\" \/>\n<meta name=\"twitter:label1\" content=\"Est. reading time\" \/>\n\t<meta name=\"twitter:data1\" content=\"3 minute\" \/>\n<script type=\"application\/ld+json\" class=\"yoast-schema-graph\">{\"@context\":\"https:\/\/schema.org\",\"@graph\":[{\"@type\":\"WebPage\",\"@id\":\"https:\/\/oliviagreencamping.com\/sl\/plaze\/\",\"url\":\"https:\/\/oliviagreencamping.com\/sl\/plaze\/\",\"name\":\"Pla\u017ee &ndash; Olivia Green Camping\",\"isPartOf\":{\"@id\":\"https:\/\/oliviagreencamping.com\/sl\/#website\"},\"datePublished\":\"2021-05-12T09:12:14+00:00\",\"dateModified\":\"2024-05-28T07:11:04+00:00\",\"description\":\"Our beach is in a prime location that enjoys sun all day long, particularly in the afternoon hours. We have a dog-friendly section of the beach.\",\"breadcrumb\":{\"@id\":\"https:\/\/oliviagreencamping.com\/sl\/plaze\/#breadcrumb\"},\"inLanguage\":\"sl-SI\",\"potentialAction\":[{\"@type\":\"ReadAction\",\"target\":[\"https:\/\/oliviagreencamping.com\/sl\/plaze\/\"]}]},{\"@type\":\"BreadcrumbList\",\"@id\":\"https:\/\/oliviagreencamping.com\/sl\/plaze\/#breadcrumb\",\"itemListElement\":[{\"@type\":\"ListItem\",\"position\":1,\"name\":\"Home\",\"item\":\"https:\/\/oliviagreencamping.com\/sl\/\"},{\"@type\":\"ListItem\",\"position\":2,\"name\":\"Pla\u017ee\"}]},{\"@type\":\"WebSite\",\"@id\":\"https:\/\/oliviagreencamping.com\/sl\/#website\",\"url\":\"https:\/\/oliviagreencamping.com\/sl\/\",\"name\":\"Olivia Green Camping\",\"description\":\"Luxury Camping in Croatia\",\"publisher\":{\"@id\":\"https:\/\/oliviagreencamping.com\/sl\/#organization\"},\"potentialAction\":[{\"@type\":\"SearchAction\",\"target\":{\"@type\":\"EntryPoint\",\"urlTemplate\":\"https:\/\/oliviagreencamping.com\/sl\/?s={search_term_string}\"},\"query-input\":\"required name=search_term_string\"}],\"inLanguage\":\"sl-SI\"},{\"@type\":\"Organization\",\"@id\":\"https:\/\/oliviagreencamping.com\/sl\/#organization\",\"name\":\"Zelena Luka d.o.o.\",\"url\":\"https:\/\/oliviagreencamping.com\/sl\/\",\"logo\":{\"@type\":\"ImageObject\",\"inLanguage\":\"sl-SI\",\"@id\":\"https:\/\/oliviagreencamping.com\/sl\/#\/schema\/logo\/image\/\",\"url\":\"https:\/\/oliviagreencamping.com\/wp-content\/uploads\/2019\/08\/olivia_logo-07.png\",\"contentUrl\":\"https:\/\/oliviagreencamping.com\/wp-content\/uploads\/2019\/08\/olivia_logo-07.png\",\"width\":1318,\"height\":1125,\"caption\":\"Zelena Luka d.o.o.\"},\"image\":{\"@id\":\"https:\/\/oliviagreencamping.com\/sl\/#\/schema\/logo\/image\/\"},\"sameAs\":[\"https:\/\/www.facebook.com\/OliviaGreenCamping\/\",\"https:\/\/www.instagram.com\/oliviagreencamping\/\"]}]}<\/script>\n<!-- \/ Yoast SEO plugin. -->","yoast_head_json":{"title":"Pla\u017ee &ndash; Olivia Green Camping","description":"Our beach is in a prime location that enjoys sun all day long, particularly in the afternoon hours. We have a dog-friendly section of the beach.","robots":{"index":"index","follow":"follow","max-snippet":"max-snippet:-1","max-image-preview":"max-image-preview:large","max-video-preview":"max-video-preview:-1"},"canonical":"https:\/\/oliviagreencamping.com\/sl\/plaze\/","og_locale":"sl_SI","og_type":"article","og_title":"Pla\u017ee &ndash; Olivia Green Camping","og_description":"Our beach is in a prime location that enjoys sun all day long, particularly in the afternoon hours. We have a dog-friendly section of the beach.","og_url":"https:\/\/oliviagreencamping.com\/sl\/plaze\/","og_site_name":"Olivia Green Camping","article_publisher":"https:\/\/www.facebook.com\/OliviaGreenCamping\/","article_modified_time":"2024-05-28T07:11:04+00:00","og_image":[{"width":1920,"height":1080,"url":"https:\/\/oliviagreencamping.com\/wp-content\/uploads\/2020\/04\/Beaches-main.jpg","type":"image\/jpeg"}],"twitter_card":"summary_large_image","twitter_misc":{"Est. reading time":"3 minute"},"schema":{"@context":"https:\/\/schema.org","@graph":[{"@type":"WebPage","@id":"https:\/\/oliviagreencamping.com\/sl\/plaze\/","url":"https:\/\/oliviagreencamping.com\/sl\/plaze\/","name":"Pla\u017ee &ndash; Olivia Green Camping","isPartOf":{"@id":"https:\/\/oliviagreencamping.com\/sl\/#website"},"datePublished":"2021-05-12T09:12:14+00:00","dateModified":"2024-05-28T07:11:04+00:00","description":"Our beach is in a prime location that enjoys sun all day long, particularly in the afternoon hours. We have a dog-friendly section of the beach.","breadcrumb":{"@id":"https:\/\/oliviagreencamping.com\/sl\/plaze\/#breadcrumb"},"inLanguage":"sl-SI","potentialAction":[{"@type":"ReadAction","target":["https:\/\/oliviagreencamping.com\/sl\/plaze\/"]}]},{"@type":"BreadcrumbList","@id":"https:\/\/oliviagreencamping.com\/sl\/plaze\/#breadcrumb","itemListElement":[{"@type":"ListItem","position":1,"name":"Home","item":"https:\/\/oliviagreencamping.com\/sl\/"},{"@type":"ListItem","position":2,"name":"Pla\u017ee"}]},{"@type":"WebSite","@id":"https:\/\/oliviagreencamping.com\/sl\/#website","url":"https:\/\/oliviagreencamping.com\/sl\/","name":"Olivia Green Camping","description":"Luxury Camping in Croatia","publisher":{"@id":"https:\/\/oliviagreencamping.com\/sl\/#organization"},"potentialAction":[{"@type":"SearchAction","target":{"@type":"EntryPoint","urlTemplate":"https:\/\/oliviagreencamping.com\/sl\/?s={search_term_string}"},"query-input":"required name=search_term_string"}],"inLanguage":"sl-SI"},{"@type":"Organization","@id":"https:\/\/oliviagreencamping.com\/sl\/#organization","name":"Zelena Luka d.o.o.","url":"https:\/\/oliviagreencamping.com\/sl\/","logo":{"@type":"ImageObject","inLanguage":"sl-SI","@id":"https:\/\/oliviagreencamping.com\/sl\/#\/schema\/logo\/image\/","url":"https:\/\/oliviagreencamping.com\/wp-content\/uploads\/2019\/08\/olivia_logo-07.png","contentUrl":"https:\/\/oliviagreencamping.com\/wp-content\/uploads\/2019\/08\/olivia_logo-07.png","width":1318,"height":1125,"caption":"Zelena Luka d.o.o."},"image":{"@id":"https:\/\/oliviagreencamping.com\/sl\/#\/schema\/logo\/image\/"},"sameAs":["https:\/\/www.facebook.com\/OliviaGreenCamping\/","https:\/\/www.instagram.com\/oliviagreencamping\/"]}]}},"_links":{"self":[{"href":"https:\/\/oliviagreencamping.com\/sl\/wp-json\/wp\/v2\/pages\/8606"}],"collection":[{"href":"https:\/\/oliviagreencamping.com\/sl\/wp-json\/wp\/v2\/pages"}],"about":[{"href":"https:\/\/oliviagreencamping.com\/sl\/wp-json\/wp\/v2\/types\/page"}],"author":[{"embeddable":true,"href":"https:\/\/oliviagreencamping.com\/sl\/wp-json\/wp\/v2\/users\/3"}],"replies":[{"embeddable":true,"href":"https:\/\/oliviagreencamping.com\/sl\/wp-json\/wp\/v2\/comments?post=8606"}],"version-history":[{"count":3,"href":"https:\/\/oliviagreencamping.com\/sl\/wp-json\/wp\/v2\/pages\/8606\/revisions"}],"predecessor-version":[{"id":17696,"href":"https:\/\/oliviagreencamping.com\/sl\/wp-json\/wp\/v2\/pages\/8606\/revisions\/17696"}],"wp:featuredmedia":[{"embeddable":true,"href":"https:\/\/oliviagreencamping.com\/sl\/wp-json\/wp\/v2\/media\/8609"}],"wp:attachment":[{"href":"https:\/\/oliviagreencamping.com\/sl\/wp-json\/wp\/v2\/media?parent=8606"}],"curies":[{"name":"wp","href":"https:\/\/api.w.org\/{rel}","templated":true}]}}