{"id":8720,"date":"2021-05-12T09:26:18","date_gmt":"2021-05-12T09:26:18","guid":{"rendered":"https:\/\/oliviagreencamping.com\/pogosta-vprasanja\/"},"modified":"2023-11-29T06:26:09","modified_gmt":"2023-11-29T06:26:09","slug":"pogosta-vprasanja","status":"publish","type":"page","link":"https:\/\/oliviagreencamping.com\/sl\/pogosta-vprasanja\/","title":{"rendered":"FAQ"},"content":{"rendered":"<section class=\"wpb-content-wrapper\"><p>[vc_row enable_content_animation=&#8221;yes&#8221; ca_init_scale_x=&#8221;1&#8243; ca_init_scale_y=&#8221;1&#8243; ca_init_scale_z=&#8221;1&#8243; ca_init_opacity=&#8221;1&#8243; ca_an_scale_x=&#8221;1&#8243; ca_an_scale_y=&#8221;1&#8243; ca_an_scale_z=&#8221;1&#8243; ca_an_opacity=&#8221;1&#8243; css=&#8221;.vc_custom_1565554166688{padding-top: 80px !important;padding-bottom: 80px !important;}&#8221; ca_duration=&#8221;1200&#8243; ca_init_translate_y=&#8221;40&#8243;][vc_column offset=&#8221;vc_col-md-offset-2 vc_col-md-8&#8243;]<style>.vc_accordion_69f12720706e8 .accordion-title{font-size:19px;line-height:1.5em;}.vc_accordion_69f12720706e8 .accordion-title a{color:rgb(50, 54, 67);}.vc_accordion_69f12720706e8 .active .accordion-title a{color:rgb(39, 171, 141);}.vc_accordion_69f12720706e8 .accordion-expander{color:rgb(159, 159, 159);}.vc_accordion_69f12720706e8 .active .accordion-expander{color:rgb(39, 171, 141);}<\/style><div class=\"accordion accordion-tall accordion-body-underlined accordion-expander-lg vc_accordion_69f12720706e8\" id=\"vc_accordion_69f12720706e8\" role=\"tablist\" aria-multiselectable=\"true\">\n\n\t<div class=\"accordion-item panel  active \">\n\n\t\t<div class=\"accordion-heading\" role=\"tab\" id=\"heading_1533203501815-363a0150-b64d\">\n\t\t\t<h4 class=\"accordion-title\">\n\t\t\t\t<a class=\"\" data-toggle=\"collapse\" data-parent=\"#vc_accordion_69f12720706e8\" href=\"#1533203501815-363a0150-b64d\" aria-expanded=\"true\" aria-controls=\"1533203501815-363a0150-b64d\">\n\t\t\t\t\t\n\t\t\t\t\t\n\t\t\t\t\tV: Kdaj so uradne ure za prijavo ali odjavo?\n\t\t\t\t\t\t\t\t\t\t<span class=\"accordion-expander\">\n\t\t\t\t\t\t<i class=\"icon-arrows_circle_plus\"><\/i>\n\t\t\t\t\t\t<i class=\"icon-arrows_circle_minus\"><\/i>\n\t\t\t\t\t<\/span>\n\t\t\t\t\t\n\t\t\t\t<\/a>\n\t\t\t\t\n\t\t\t<\/h4>\n\t\t<\/div>\n\n\t\t<div id=\"1533203501815-363a0150-b64d\" class=\"accordion-collapse collapse in\" role=\"tabpanel\" aria-labelledby=\"heading_1533203501815-363a0150-b64d\">\n\t\t\t<div class=\"accordion-content\">\n\t\t\t<p>[vc_column_text]Prijava za goste, ki bivajo na parcelah za kampiranje in na \u0161otori\u0161\u010dih, je od 12.00 do 24.00, za goste, ki bivajo v na\u0161ih vilah za kampiranje pa od 15.00 do 24.00.<\/p>\n<p>Odjava za goste, ki bivajo na parcelah za kampiranje ali \u0161otori\u0161\u010dih, je pred 11.00, za goste, ki bivajo v na\u0161ih vilah za kampiranje, pa do 10.00.[\/vc_column_text]<\/p>\n\t\t\t<\/div>\n\t\t<\/div>\n\t<\/div>\n\t<div class=\"accordion-item panel  \">\n\n\t\t<div class=\"accordion-heading\" role=\"tab\" id=\"heading_ld-1533203937631-e9ac264b-512a\">\n\t\t\t<h4 class=\"accordion-title\">\n\t\t\t\t<a class=\"collapsed\" data-toggle=\"collapse\" data-parent=\"#vc_accordion_69f12720706e8\" href=\"#ld-1533203937631-e9ac264b-512a\" aria-expanded=\"false\" aria-controls=\"ld-1533203937631-e9ac264b-512a\">\n\t\t\t\t\t\n\t\t\t\t\t\n\t\t\t\t\tV: Ali obstaja mo\u017enost pozne odjave?\n\t\t\t\t\t\t\t\t\t\t<span class=\"accordion-expander\">\n\t\t\t\t\t\t<i class=\"icon-arrows_circle_plus\"><\/i>\n\t\t\t\t\t\t<i class=\"icon-arrows_circle_minus\"><\/i>\n\t\t\t\t\t<\/span>\n\t\t\t\t\t\n\t\t\t\t<\/a>\n\t\t\t\t\n\t\t\t<\/h4>\n\t\t<\/div>\n\n\t\t<div id=\"ld-1533203937631-e9ac264b-512a\" class=\"accordion-collapse collapse\" role=\"tabpanel\" aria-labelledby=\"heading_ld-1533203937631-e9ac264b-512a\">\n\t\t\t<div class=\"accordion-content\">\n\t\t\t<p>[vc_column_text]Ja, z dopla\u010dilom 30% cene dnevnega bivanja do 12:30h in 50% cene dnevnega bivanja do 16:00h. \u010ce je odjava poznej\u0161a od 16:00, se zara\u010duna polna dnevna cena bivanja, \u010deprav nastanitvene enote ne boste mogli uporabljati.[\/vc_column_text]<\/p>\n\t\t\t<\/div>\n\t\t<\/div>\n\t<\/div>\n\t<div class=\"accordion-item panel  \">\n\n\t\t<div class=\"accordion-heading\" role=\"tab\" id=\"heading_1565361850154-33cd69af-b29b\">\n\t\t\t<h4 class=\"accordion-title\">\n\t\t\t\t<a class=\"collapsed\" data-toggle=\"collapse\" data-parent=\"#vc_accordion_69f12720706e8\" href=\"#1565361850154-33cd69af-b29b\" aria-expanded=\"false\" aria-controls=\"1565361850154-33cd69af-b29b\">\n\t\t\t\t\t\n\t\t\t\t\t\n\t\t\t\t\tV: Kje stre\u017eejo obroke?\n\t\t\t\t\t\t\t\t\t\t<span class=\"accordion-expander\">\n\t\t\t\t\t\t<i class=\"icon-arrows_circle_plus\"><\/i>\n\t\t\t\t\t\t<i class=\"icon-arrows_circle_minus\"><\/i>\n\t\t\t\t\t<\/span>\n\t\t\t\t\t\n\t\t\t\t<\/a>\n\t\t\t\t\n\t\t\t<\/h4>\n\t\t<\/div>\n\n\t\t<div id=\"1565361850154-33cd69af-b29b\" class=\"accordion-collapse collapse\" role=\"tabpanel\" aria-labelledby=\"heading_1565361850154-33cd69af-b29b\">\n\t\t\t<div class=\"accordion-content\">\n\t\t\t<p>[vc_column_text]V restavraciji Olivia na pla\u017ei postre\u017eemo zajtrk, kosilo in ve\u010derjo. Na zahtevo je na voljo tudi sobna postre\u017eba.<br \/>\n[\/vc_column_text]<\/p>\n\t\t\t<\/div>\n\t\t<\/div>\n\t<\/div>\n\t<div class=\"accordion-item panel  \">\n\n\t\t<div class=\"accordion-heading\" role=\"tab\" id=\"heading_1565361870569-c4b3d34f-8a83\">\n\t\t\t<h4 class=\"accordion-title\">\n\t\t\t\t<a class=\"collapsed\" data-toggle=\"collapse\" data-parent=\"#vc_accordion_69f12720706e8\" href=\"#1565361870569-c4b3d34f-8a83\" aria-expanded=\"false\" aria-controls=\"1565361870569-c4b3d34f-8a83\">\n\t\t\t\t\t\n\t\t\t\t\t\n\t\t\t\t\tV: Ali me lahko obi\u0161\u010dejo prijatelji ali dru\u017eina?\n\t\t\t\t\t\t\t\t\t\t<span class=\"accordion-expander\">\n\t\t\t\t\t\t<i class=\"icon-arrows_circle_plus\"><\/i>\n\t\t\t\t\t\t<i class=\"icon-arrows_circle_minus\"><\/i>\n\t\t\t\t\t<\/span>\n\t\t\t\t\t\n\t\t\t\t<\/a>\n\t\t\t\t\n\t\t\t<\/h4>\n\t\t<\/div>\n\n\t\t<div id=\"1565361870569-c4b3d34f-8a83\" class=\"accordion-collapse collapse\" role=\"tabpanel\" aria-labelledby=\"heading_1565361870569-c4b3d34f-8a83\">\n\t\t\t<div class=\"accordion-content\">\n\t\t\t<p>[vc_column_text]V prostore kampa lahko vstopijo samo gostje, ki so se prijavili na recepciji. Recepcija si pridr\u017euje pravico do zavrnitve vstopa v prostore kampa vsem gostom, ki so ali bi lahko motili mir drugih gostov. Obiskovalci lahko bivajo brezpla\u010dno najve\u010d 2 uri. \u010ce \u017eelijo obiskovalci podalj\u0161ati bivanje v prostorih kampa, bodo morali pla\u010dati 150 kun (20 \u20ac) vstopnine v kamp. \u010cas obiska je med 08:00 in 22:00 uro.<br \/>\n[\/vc_column_text]<\/p>\n\t\t\t<\/div>\n\t\t<\/div>\n\t<\/div>\n\t<div class=\"accordion-item panel  \">\n\n\t\t<div class=\"accordion-heading\" role=\"tab\" id=\"heading_1565361969901-81668032-994c\">\n\t\t\t<h4 class=\"accordion-title\">\n\t\t\t\t<a class=\"collapsed\" data-toggle=\"collapse\" data-parent=\"#vc_accordion_69f12720706e8\" href=\"#1565361969901-81668032-994c\" aria-expanded=\"false\" aria-controls=\"1565361969901-81668032-994c\">\n\t\t\t\t\t\n\t\t\t\t\t\n\t\t\t\t\tV: Ali so hi\u0161ni ljubljen\u010dki dobrodo\u0161li?\n\t\t\t\t\t\t\t\t\t\t<span class=\"accordion-expander\">\n\t\t\t\t\t\t<i class=\"icon-arrows_circle_plus\"><\/i>\n\t\t\t\t\t\t<i class=\"icon-arrows_circle_minus\"><\/i>\n\t\t\t\t\t<\/span>\n\t\t\t\t\t\n\t\t\t\t<\/a>\n\t\t\t\t\n\t\t\t<\/h4>\n\t\t<\/div>\n\n\t\t<div id=\"1565361969901-81668032-994c\" class=\"accordion-collapse collapse\" role=\"tabpanel\" aria-labelledby=\"heading_1565361969901-81668032-994c\">\n\t\t\t<div class=\"accordion-content\">\n\t\t\t<p>[vc_column_text]Vsi ljubljen\u010dki so dobrodo\u0161li v kampu Olivia Green z dopla\u010dilom.[\/vc_column_text]<\/p>\n\t\t\t<\/div>\n\t\t<\/div>\n\t<\/div>\n\t<div class=\"accordion-item panel  \">\n\n\t\t<div class=\"accordion-heading\" role=\"tab\" id=\"heading_1565361994497-0382abef-2f38\">\n\t\t\t<h4 class=\"accordion-title\">\n\t\t\t\t<a class=\"collapsed\" data-toggle=\"collapse\" data-parent=\"#vc_accordion_69f12720706e8\" href=\"#1565361994497-0382abef-2f38\" aria-expanded=\"false\" aria-controls=\"1565361994497-0382abef-2f38\">\n\t\t\t\t\t\n\t\t\t\t\t\n\t\t\t\t\tV: Kaj so \u010dasi miru in ti\u0161ine?\n\t\t\t\t\t\t\t\t\t\t<span class=\"accordion-expander\">\n\t\t\t\t\t\t<i class=\"icon-arrows_circle_plus\"><\/i>\n\t\t\t\t\t\t<i class=\"icon-arrows_circle_minus\"><\/i>\n\t\t\t\t\t<\/span>\n\t\t\t\t\t\n\t\t\t\t<\/a>\n\t\t\t\t\n\t\t\t<\/h4>\n\t\t<\/div>\n\n\t\t<div id=\"1565361994497-0382abef-2f38\" class=\"accordion-collapse collapse\" role=\"tabpanel\" aria-labelledby=\"heading_1565361994497-0382abef-2f38\">\n\t\t\t<div class=\"accordion-content\">\n\t\t\t<p>[vc_column_text]Vljudno vas prosimo, da ste so\u010dutni do drugih gostov, kadar gre za vsako vrsto hrupa. To vklju\u010duje radijski hrup, TV hrup in glasbila. Popolni mir in ti\u0161ina sta potrebna od 23:00h do 07:00h.[\/vc_column_text]<\/p>\n\t\t\t<\/div>\n\t\t<\/div>\n\t<\/div>\n\t<div class=\"accordion-item panel  \">\n\n\t\t<div class=\"accordion-heading\" role=\"tab\" id=\"heading_1565362083448-a30aff44-aae8\">\n\t\t\t<h4 class=\"accordion-title\">\n\t\t\t\t<a class=\"collapsed\" data-toggle=\"collapse\" data-parent=\"#vc_accordion_69f12720706e8\" href=\"#1565362083448-a30aff44-aae8\" aria-expanded=\"false\" aria-controls=\"1565362083448-a30aff44-aae8\">\n\t\t\t\t\t\n\t\t\t\t\t\n\t\t\t\t\tV: Ali obstaja organiziran animacijski program za goste?\n\t\t\t\t\t\t\t\t\t\t<span class=\"accordion-expander\">\n\t\t\t\t\t\t<i class=\"icon-arrows_circle_plus\"><\/i>\n\t\t\t\t\t\t<i class=\"icon-arrows_circle_minus\"><\/i>\n\t\t\t\t\t<\/span>\n\t\t\t\t\t\n\t\t\t\t<\/a>\n\t\t\t\t\n\t\t\t<\/h4>\n\t\t<\/div>\n\n\t\t<div id=\"1565362083448-a30aff44-aae8\" class=\"accordion-collapse collapse\" role=\"tabpanel\" aria-labelledby=\"heading_1565362083448-a30aff44-aae8\">\n\t\t\t<div class=\"accordion-content\">\n\t\t\t<p>[vc_column_text]Organizirana animacija gostov je na voljo vsem gostom kampa brez dopla\u010dila. Informacije o vsakodnevnem dnevnem in ve\u010dernem animacijskem programu lahko dobite na oglasni deski v bli\u017eini bazena v kampu in na recepciji.[\/vc_column_text]<\/p>\n\t\t\t<\/div>\n\t\t<\/div>\n\t<\/div>\n\t<div class=\"accordion-item panel  \">\n\n\t\t<div class=\"accordion-heading\" role=\"tab\" id=\"heading_1565362112807-05b9471a-800c\">\n\t\t\t<h4 class=\"accordion-title\">\n\t\t\t\t<a class=\"collapsed\" data-toggle=\"collapse\" data-parent=\"#vc_accordion_69f12720706e8\" href=\"#1565362112807-05b9471a-800c\" aria-expanded=\"false\" aria-controls=\"1565362112807-05b9471a-800c\">\n\t\t\t\t\t\n\t\t\t\t\t\n\t\t\t\t\tV: Ali je v prostorih kampa na voljo parkiri\u0161\u010de?\n\t\t\t\t\t\t\t\t\t\t<span class=\"accordion-expander\">\n\t\t\t\t\t\t<i class=\"icon-arrows_circle_plus\"><\/i>\n\t\t\t\t\t\t<i class=\"icon-arrows_circle_minus\"><\/i>\n\t\t\t\t\t<\/span>\n\t\t\t\t\t\n\t\t\t\t<\/a>\n\t\t\t\t\n\t\t\t<\/h4>\n\t\t<\/div>\n\n\t\t<div id=\"1565362112807-05b9471a-800c\" class=\"accordion-collapse collapse\" role=\"tabpanel\" aria-labelledby=\"heading_1565362112807-05b9471a-800c\">\n\t\t\t<div class=\"accordion-content\">\n\t\t\t<p>[vc_column_text]Parkiri\u0161\u010de je brezpla\u010dno in na voljo brez predhodne prijave.<br \/>\n[\/vc_column_text]<\/p>\n\t\t\t<\/div>\n\t\t<\/div>\n\t<\/div>\n\t<div class=\"accordion-item panel  \">\n\n\t\t<div class=\"accordion-heading\" role=\"tab\" id=\"heading_ld-1565362145138-55d6f555-60a8\">\n\t\t\t<h4 class=\"accordion-title\">\n\t\t\t\t<a class=\"collapsed\" data-toggle=\"collapse\" data-parent=\"#vc_accordion_69f12720706e8\" href=\"#ld-1565362145138-55d6f555-60a8\" aria-expanded=\"false\" aria-controls=\"ld-1565362145138-55d6f555-60a8\">\n\t\t\t\t\t\n\t\t\t\t\t\n\t\t\t\t\tV: Ali je Wifi na voljo v celotnem kampu?\n\t\t\t\t\t\t\t\t\t\t<span class=\"accordion-expander\">\n\t\t\t\t\t\t<i class=\"icon-arrows_circle_plus\"><\/i>\n\t\t\t\t\t\t<i class=\"icon-arrows_circle_minus\"><\/i>\n\t\t\t\t\t<\/span>\n\t\t\t\t\t\n\t\t\t\t<\/a>\n\t\t\t\t\n\t\t\t<\/h4>\n\t\t<\/div>\n\n\t\t<div id=\"ld-1565362145138-55d6f555-60a8\" class=\"accordion-collapse collapse\" role=\"tabpanel\" aria-labelledby=\"heading_ld-1565362145138-55d6f555-60a8\">\n\t\t\t<div class=\"accordion-content\">\n\t\t\t<p>[vc_column_text]Wifi je na voljo v vseh delih kampa.<br \/>\n[\/vc_column_text]<\/p>\n\t\t\t<\/div>\n\t\t<\/div>\n\t<\/div>\n\t<div class=\"accordion-item panel  \">\n\n\t\t<div class=\"accordion-heading\" role=\"tab\" id=\"heading_ld-1565362187742-a4ef03bb-abe6\">\n\t\t\t<h4 class=\"accordion-title\">\n\t\t\t\t<a class=\"collapsed\" data-toggle=\"collapse\" data-parent=\"#vc_accordion_69f12720706e8\" href=\"#ld-1565362187742-a4ef03bb-abe6\" aria-expanded=\"false\" aria-controls=\"ld-1565362187742-a4ef03bb-abe6\">\n\t\t\t\t\t\n\t\t\t\t\t\n\t\t\t\t\tV: Katere kreditne kartice sprejemate?\n\t\t\t\t\t\t\t\t\t\t<span class=\"accordion-expander\">\n\t\t\t\t\t\t<i class=\"icon-arrows_circle_plus\"><\/i>\n\t\t\t\t\t\t<i class=\"icon-arrows_circle_minus\"><\/i>\n\t\t\t\t\t<\/span>\n\t\t\t\t\t\n\t\t\t\t<\/a>\n\t\t\t\t\n\t\t\t<\/h4>\n\t\t<\/div>\n\n\t\t<div id=\"ld-1565362187742-a4ef03bb-abe6\" class=\"accordion-collapse collapse\" role=\"tabpanel\" aria-labelledby=\"heading_ld-1565362187742-a4ef03bb-abe6\">\n\t\t\t<div class=\"accordion-content\">\n\t\t\t<p>[vc_column_text]<\/p>\n<div>\n<p>Kot na\u010din pla\u010dila sprejemamo naslednje kreditne kartice: MasterCard, Diners, Visa in Maestro.<\/p>\n<\/div>\n<div><\/div>\n<p>[\/vc_column_text]<\/p>\n\t\t\t<\/div>\n\t\t<\/div>\n\t<\/div>\n\t<div class=\"accordion-item panel  \">\n\n\t\t<div class=\"accordion-heading\" role=\"tab\" id=\"heading_ld-1565362385605-4f55d9ca-70f0\">\n\t\t\t<h4 class=\"accordion-title\">\n\t\t\t\t<a class=\"collapsed\" data-toggle=\"collapse\" data-parent=\"#vc_accordion_69f12720706e8\" href=\"#ld-1565362385605-4f55d9ca-70f0\" aria-expanded=\"false\" aria-controls=\"ld-1565362385605-4f55d9ca-70f0\">\n\t\t\t\t\t\n\t\t\t\t\t\n\t\t\t\t\tV: S \u010dim so opremljene parcele?\n\t\t\t\t\t\t\t\t\t\t<span class=\"accordion-expander\">\n\t\t\t\t\t\t<i class=\"icon-arrows_circle_plus\"><\/i>\n\t\t\t\t\t\t<i class=\"icon-arrows_circle_minus\"><\/i>\n\t\t\t\t\t<\/span>\n\t\t\t\t\t\n\t\t\t\t<\/a>\n\t\t\t\t\n\t\t\t<\/h4>\n\t\t<\/div>\n\n\t\t<div id=\"ld-1565362385605-4f55d9ca-70f0\" class=\"accordion-collapse collapse\" role=\"tabpanel\" aria-labelledby=\"heading_ld-1565362385605-4f55d9ca-70f0\">\n\t\t\t<div class=\"accordion-content\">\n\t\t\t<p>[vc_column_text]Gostje, ki potujejo z lastno opremo za kampiranje, lahko izbirajo med razli\u010dnimi parcelami, z ali brez elektrike in naprav za odvajanje vode ali odpadkov. Cena parcel je odvisna od stopnje opremljenosti in lokacije.[\/vc_column_text]<\/p>\n\t\t\t<\/div>\n\t\t<\/div>\n\t<\/div>\n\t<div class=\"accordion-item panel  \">\n\n\t\t<div class=\"accordion-heading\" role=\"tab\" id=\"heading_ld-1565362402691-c4671e14-eb65\">\n\t\t\t<h4 class=\"accordion-title\">\n\t\t\t\t<a class=\"collapsed\" data-toggle=\"collapse\" data-parent=\"#vc_accordion_69f12720706e8\" href=\"#ld-1565362402691-c4671e14-eb65\" aria-expanded=\"false\" aria-controls=\"ld-1565362402691-c4671e14-eb65\">\n\t\t\t\t\t\n\t\t\t\t\t\n\t\t\t\t\tV: Kolik\u0161na je elektri\u010dna napetost na Hrva\u0161kem?\n\t\t\t\t\t\t\t\t\t\t<span class=\"accordion-expander\">\n\t\t\t\t\t\t<i class=\"icon-arrows_circle_plus\"><\/i>\n\t\t\t\t\t\t<i class=\"icon-arrows_circle_minus\"><\/i>\n\t\t\t\t\t<\/span>\n\t\t\t\t\t\n\t\t\t\t<\/a>\n\t\t\t\t\n\t\t\t<\/h4>\n\t\t<\/div>\n\n\t\t<div id=\"ld-1565362402691-c4671e14-eb65\" class=\"accordion-collapse collapse\" role=\"tabpanel\" aria-labelledby=\"heading_ld-1565362402691-c4671e14-eb65\">\n\t\t\t<div class=\"accordion-content\">\n\t\t\t<p>[vc_column_text]Na Hrva\u0161kem je napetost 220 V, frekvenca 50 Hz. Vti\u010di imajo dva okrogla roglja.<br \/>\n[\/vc_column_text]<\/p>\n\t\t\t<\/div>\n\t\t<\/div>\n\t<\/div>\n\t<div class=\"accordion-item panel  \">\n\n\t\t<div class=\"accordion-heading\" role=\"tab\" id=\"heading_ld-1565362427564-45dc9132-dd4c\">\n\t\t\t<h4 class=\"accordion-title\">\n\t\t\t\t<a class=\"collapsed\" data-toggle=\"collapse\" data-parent=\"#vc_accordion_69f12720706e8\" href=\"#ld-1565362427564-45dc9132-dd4c\" aria-expanded=\"false\" aria-controls=\"ld-1565362427564-45dc9132-dd4c\">\n\t\t\t\t\t\n\t\t\t\t\t\n\t\t\t\t\tV: Katere so pomembne hrva\u0161ke telefonske \u0161tevilke?\n\t\t\t\t\t\t\t\t\t\t<span class=\"accordion-expander\">\n\t\t\t\t\t\t<i class=\"icon-arrows_circle_plus\"><\/i>\n\t\t\t\t\t\t<i class=\"icon-arrows_circle_minus\"><\/i>\n\t\t\t\t\t<\/span>\n\t\t\t\t\t\n\t\t\t\t<\/a>\n\t\t\t\t\n\t\t\t<\/h4>\n\t\t<\/div>\n\n\t\t<div id=\"ld-1565362427564-45dc9132-dd4c\" class=\"accordion-collapse collapse\" role=\"tabpanel\" aria-labelledby=\"heading_ld-1565362427564-45dc9132-dd4c\">\n\t\t\t<div class=\"accordion-content\">\n\t\t\t<p>[vc_column_text]<\/p>\n<ul>\n<li>Mednarodna klicna koda za Hrva\u0161ko: +385<\/li>\n<li>Enotna \u0161tevilka po vsej dr\u017eavi za vse izredne razmere: 112<\/li>\n<li>Policija: 192<\/li>\n<li>Gasilci: 193<\/li>\n<li>Nujna medicinska pomo\u010d: 194<\/li>\n<li>Pomo\u010d na cesti (Hrva\u0161ki avtomobilski klub \u2013 HAK): 1987\n<ul>\n<li>(\u010de kli\u010dete iz tujine ali prek mobilnega telefona, pokli\u010dite: +385 1 1987)<\/li>\n<\/ul>\n<\/li>\n<li>Dr\u017eavni center za iskanje in re\u0161evanje: 195<\/li>\n<li>Splo\u0161ne informacije: 18981<\/li>\n<li>Informacije o krajevnih in medkrajevnih \u0161tevilkah: 11888<\/li>\n<li>Informacije o mednarodnih \u0161tevilkah: 11802<\/li>\n<li><a href=\"https:\/\/www.camping.hr\/croatia-travel\/weather\">Vremenska<\/a> napoved in <a href=\"https:\/\/www.hak.hr\/en#traffic-flow-and-road-conditions\">razmere<\/a> na cestah: 072 777 777\n<ul>\n<li>(\u010de kli\u010dete iz tujine ali prek mobilnega telefona, pokli\u010dite: +385 1 464 0800)<\/li>\n<\/ul>\n<\/li>\n<\/ul>\n<p>[\/vc_column_text]<\/p>\n\t\t\t<\/div>\n\t\t<\/div>\n\t<\/div>\n<\/div><style>.ld_spacer_69f1272070b1a{height:32px;}<\/style>\n<div class=\"ld-empty-space ld_spacer_69f1272070b1a\"><span class=\"liquid_empty_space_inner\"><\/span><\/div>[\/vc_column][\/vc_row]<\/p>\n<\/section>","protected":false},"excerpt":{"rendered":"<p>[vc_row enable_content_animation=&#8221;yes&#8221; ca_init_scale_x=&#8221;1&#8243; ca_init_scale_y=&#8221;1&#8243; ca_init_scale_z=&#8221;1&#8243; ca_init_opacity=&#8221;1&#8243; ca_an_scale_x=&#8221;1&#8243; ca_an_scale_y=&#8221;1&#8243; ca_an_scale_z=&#8221;1&#8243; ca_an_opacity=&#8221;1&#8243; css=&#8221;.vc_custom_1565554166688{padding-top: 80px !important;padding-bottom: 80px !important;}&#8221;&#8230;<\/p>\n","protected":false},"author":3,"featured_media":9435,"parent":0,"menu_order":0,"comment_status":"closed","ping_status":"closed","template":"","meta":[],"yoast_head":"<!-- This site is optimized with the Yoast SEO plugin v20.3 - https:\/\/yoast.com\/wordpress\/plugins\/seo\/ -->\n<title>FAQ &ndash; Olivia Green Camping<\/title>\n<meta name=\"description\" content=\"Wir servieren Fr\u00fchst\u00fcck, Mittag- und Abendessen in unserem Strandrestaurant Olivia. Auf Anfrage ist auch ein Zimmerservice verf\u00fcgbar.\" \/>\n<meta name=\"robots\" content=\"index, follow, max-snippet:-1, max-image-preview:large, max-video-preview:-1\" \/>\n<link rel=\"canonical\" href=\"https:\/\/oliviagreencamping.com\/sl\/pogosta-vprasanja\/\" \/>\n<meta property=\"og:locale\" content=\"sl_SI\" \/>\n<meta property=\"og:type\" content=\"article\" \/>\n<meta property=\"og:title\" content=\"FAQ &ndash; Olivia Green Camping\" \/>\n<meta property=\"og:description\" content=\"Wir servieren Fr\u00fchst\u00fcck, Mittag- und Abendessen in unserem Strandrestaurant Olivia. Auf Anfrage ist auch ein Zimmerservice verf\u00fcgbar.\" \/>\n<meta property=\"og:url\" content=\"https:\/\/oliviagreencamping.com\/sl\/pogosta-vprasanja\/\" \/>\n<meta property=\"og:site_name\" content=\"Olivia Green Camping\" \/>\n<meta property=\"article:publisher\" content=\"https:\/\/www.facebook.com\/OliviaGreenCamping\/\" \/>\n<meta property=\"article:modified_time\" content=\"2023-11-29T06:26:09+00:00\" \/>\n<meta property=\"og:image\" content=\"https:\/\/oliviagreencamping.com\/wp-content\/uploads\/2020\/04\/FAQ-main-1.jpg\" \/>\n\t<meta property=\"og:image:width\" content=\"1920\" \/>\n\t<meta property=\"og:image:height\" content=\"1439\" \/>\n\t<meta property=\"og:image:type\" content=\"image\/jpeg\" \/>\n<meta name=\"twitter:card\" content=\"summary_large_image\" \/>\n<meta name=\"twitter:label1\" content=\"Est. reading time\" \/>\n\t<meta name=\"twitter:data1\" content=\"3 minute\" \/>\n<script type=\"application\/ld+json\" class=\"yoast-schema-graph\">{\"@context\":\"https:\/\/schema.org\",\"@graph\":[{\"@type\":\"WebPage\",\"@id\":\"https:\/\/oliviagreencamping.com\/sl\/pogosta-vprasanja\/\",\"url\":\"https:\/\/oliviagreencamping.com\/sl\/pogosta-vprasanja\/\",\"name\":\"FAQ &ndash; Olivia Green Camping\",\"isPartOf\":{\"@id\":\"https:\/\/oliviagreencamping.com\/sl\/#website\"},\"datePublished\":\"2021-05-12T09:26:18+00:00\",\"dateModified\":\"2023-11-29T06:26:09+00:00\",\"description\":\"Wir servieren Fr\u00fchst\u00fcck, Mittag- und Abendessen in unserem Strandrestaurant Olivia. Auf Anfrage ist auch ein Zimmerservice verf\u00fcgbar.\",\"breadcrumb\":{\"@id\":\"https:\/\/oliviagreencamping.com\/sl\/pogosta-vprasanja\/#breadcrumb\"},\"inLanguage\":\"sl-SI\",\"potentialAction\":[{\"@type\":\"ReadAction\",\"target\":[\"https:\/\/oliviagreencamping.com\/sl\/pogosta-vprasanja\/\"]}]},{\"@type\":\"BreadcrumbList\",\"@id\":\"https:\/\/oliviagreencamping.com\/sl\/pogosta-vprasanja\/#breadcrumb\",\"itemListElement\":[{\"@type\":\"ListItem\",\"position\":1,\"name\":\"Home\",\"item\":\"https:\/\/oliviagreencamping.com\/sl\/\"},{\"@type\":\"ListItem\",\"position\":2,\"name\":\"FAQ\"}]},{\"@type\":\"WebSite\",\"@id\":\"https:\/\/oliviagreencamping.com\/sl\/#website\",\"url\":\"https:\/\/oliviagreencamping.com\/sl\/\",\"name\":\"Olivia Green Camping\",\"description\":\"Luxury Camping in Croatia\",\"publisher\":{\"@id\":\"https:\/\/oliviagreencamping.com\/sl\/#organization\"},\"potentialAction\":[{\"@type\":\"SearchAction\",\"target\":{\"@type\":\"EntryPoint\",\"urlTemplate\":\"https:\/\/oliviagreencamping.com\/sl\/?s={search_term_string}\"},\"query-input\":\"required name=search_term_string\"}],\"inLanguage\":\"sl-SI\"},{\"@type\":\"Organization\",\"@id\":\"https:\/\/oliviagreencamping.com\/sl\/#organization\",\"name\":\"Zelena Luka d.o.o.\",\"url\":\"https:\/\/oliviagreencamping.com\/sl\/\",\"logo\":{\"@type\":\"ImageObject\",\"inLanguage\":\"sl-SI\",\"@id\":\"https:\/\/oliviagreencamping.com\/sl\/#\/schema\/logo\/image\/\",\"url\":\"https:\/\/oliviagreencamping.com\/wp-content\/uploads\/2019\/08\/olivia_logo-07.png\",\"contentUrl\":\"https:\/\/oliviagreencamping.com\/wp-content\/uploads\/2019\/08\/olivia_logo-07.png\",\"width\":1318,\"height\":1125,\"caption\":\"Zelena Luka d.o.o.\"},\"image\":{\"@id\":\"https:\/\/oliviagreencamping.com\/sl\/#\/schema\/logo\/image\/\"},\"sameAs\":[\"https:\/\/www.facebook.com\/OliviaGreenCamping\/\",\"https:\/\/www.instagram.com\/oliviagreencamping\/\"]}]}<\/script>\n<!-- \/ Yoast SEO plugin. -->","yoast_head_json":{"title":"FAQ &ndash; Olivia Green Camping","description":"Wir servieren Fr\u00fchst\u00fcck, Mittag- und Abendessen in unserem Strandrestaurant Olivia. Auf Anfrage ist auch ein Zimmerservice verf\u00fcgbar.","robots":{"index":"index","follow":"follow","max-snippet":"max-snippet:-1","max-image-preview":"max-image-preview:large","max-video-preview":"max-video-preview:-1"},"canonical":"https:\/\/oliviagreencamping.com\/sl\/pogosta-vprasanja\/","og_locale":"sl_SI","og_type":"article","og_title":"FAQ &ndash; Olivia Green Camping","og_description":"Wir servieren Fr\u00fchst\u00fcck, Mittag- und Abendessen in unserem Strandrestaurant Olivia. Auf Anfrage ist auch ein Zimmerservice verf\u00fcgbar.","og_url":"https:\/\/oliviagreencamping.com\/sl\/pogosta-vprasanja\/","og_site_name":"Olivia Green Camping","article_publisher":"https:\/\/www.facebook.com\/OliviaGreenCamping\/","article_modified_time":"2023-11-29T06:26:09+00:00","og_image":[{"width":1920,"height":1439,"url":"https:\/\/oliviagreencamping.com\/wp-content\/uploads\/2020\/04\/FAQ-main-1.jpg","type":"image\/jpeg"}],"twitter_card":"summary_large_image","twitter_misc":{"Est. reading time":"3 minute"},"schema":{"@context":"https:\/\/schema.org","@graph":[{"@type":"WebPage","@id":"https:\/\/oliviagreencamping.com\/sl\/pogosta-vprasanja\/","url":"https:\/\/oliviagreencamping.com\/sl\/pogosta-vprasanja\/","name":"FAQ &ndash; Olivia Green Camping","isPartOf":{"@id":"https:\/\/oliviagreencamping.com\/sl\/#website"},"datePublished":"2021-05-12T09:26:18+00:00","dateModified":"2023-11-29T06:26:09+00:00","description":"Wir servieren Fr\u00fchst\u00fcck, Mittag- und Abendessen in unserem Strandrestaurant Olivia. Auf Anfrage ist auch ein Zimmerservice verf\u00fcgbar.","breadcrumb":{"@id":"https:\/\/oliviagreencamping.com\/sl\/pogosta-vprasanja\/#breadcrumb"},"inLanguage":"sl-SI","potentialAction":[{"@type":"ReadAction","target":["https:\/\/oliviagreencamping.com\/sl\/pogosta-vprasanja\/"]}]},{"@type":"BreadcrumbList","@id":"https:\/\/oliviagreencamping.com\/sl\/pogosta-vprasanja\/#breadcrumb","itemListElement":[{"@type":"ListItem","position":1,"name":"Home","item":"https:\/\/oliviagreencamping.com\/sl\/"},{"@type":"ListItem","position":2,"name":"FAQ"}]},{"@type":"WebSite","@id":"https:\/\/oliviagreencamping.com\/sl\/#website","url":"https:\/\/oliviagreencamping.com\/sl\/","name":"Olivia Green Camping","description":"Luxury Camping in Croatia","publisher":{"@id":"https:\/\/oliviagreencamping.com\/sl\/#organization"},"potentialAction":[{"@type":"SearchAction","target":{"@type":"EntryPoint","urlTemplate":"https:\/\/oliviagreencamping.com\/sl\/?s={search_term_string}"},"query-input":"required name=search_term_string"}],"inLanguage":"sl-SI"},{"@type":"Organization","@id":"https:\/\/oliviagreencamping.com\/sl\/#organization","name":"Zelena Luka d.o.o.","url":"https:\/\/oliviagreencamping.com\/sl\/","logo":{"@type":"ImageObject","inLanguage":"sl-SI","@id":"https:\/\/oliviagreencamping.com\/sl\/#\/schema\/logo\/image\/","url":"https:\/\/oliviagreencamping.com\/wp-content\/uploads\/2019\/08\/olivia_logo-07.png","contentUrl":"https:\/\/oliviagreencamping.com\/wp-content\/uploads\/2019\/08\/olivia_logo-07.png","width":1318,"height":1125,"caption":"Zelena Luka d.o.o."},"image":{"@id":"https:\/\/oliviagreencamping.com\/sl\/#\/schema\/logo\/image\/"},"sameAs":["https:\/\/www.facebook.com\/OliviaGreenCamping\/","https:\/\/www.instagram.com\/oliviagreencamping\/"]}]}},"_links":{"self":[{"href":"https:\/\/oliviagreencamping.com\/sl\/wp-json\/wp\/v2\/pages\/8720"}],"collection":[{"href":"https:\/\/oliviagreencamping.com\/sl\/wp-json\/wp\/v2\/pages"}],"about":[{"href":"https:\/\/oliviagreencamping.com\/sl\/wp-json\/wp\/v2\/types\/page"}],"author":[{"embeddable":true,"href":"https:\/\/oliviagreencamping.com\/sl\/wp-json\/wp\/v2\/users\/3"}],"replies":[{"embeddable":true,"href":"https:\/\/oliviagreencamping.com\/sl\/wp-json\/wp\/v2\/comments?post=8720"}],"version-history":[{"count":1,"href":"https:\/\/oliviagreencamping.com\/sl\/wp-json\/wp\/v2\/pages\/8720\/revisions"}],"predecessor-version":[{"id":15703,"href":"https:\/\/oliviagreencamping.com\/sl\/wp-json\/wp\/v2\/pages\/8720\/revisions\/15703"}],"wp:featuredmedia":[{"embeddable":true,"href":"https:\/\/oliviagreencamping.com\/sl\/wp-json\/wp\/v2\/media\/9435"}],"wp:attachment":[{"href":"https:\/\/oliviagreencamping.com\/sl\/wp-json\/wp\/v2\/media?parent=8720"}],"curies":[{"name":"wp","href":"https:\/\/api.w.org\/{rel}","templated":true}]}}